{"id":8894,"date":"2024-03-18T12:22:33","date_gmt":"2024-03-18T11:22:33","guid":{"rendered":"https:\/\/rider-tyres.eu\/gizlilik-politikasi\/"},"modified":"2025-01-08T09:28:27","modified_gmt":"2025-01-08T08:28:27","slug":"gizlilik-politikasi","status":"publish","type":"page","link":"https:\/\/rider-tyres.eu\/tr\/gizlilik-politikasi\/","title":{"rendered":"Gizlilik Politikas\u0131"},"content":{"rendered":"\t\t<div data-elementor-type=\"wp-page\" data-elementor-id=\"8894\" class=\"elementor elementor-8894 elementor-599\" data-elementor-post-type=\"page\">\n\t\t\t\t<div class=\"elementor-element elementor-element-dab1aea e-flex e-con-boxed e-con e-parent\" data-id=\"dab1aea\" data-element_type=\"container\" data-e-type=\"container\" data-settings=\"{&quot;background_background&quot;:&quot;classic&quot;,&quot;jet_parallax_layout_list&quot;:[]}\">\n\t\t\t\t\t<div class=\"e-con-inner\">\n\t\t\t\t<div class=\"elementor-element elementor-element-40274cf elementor-widget elementor-widget-breadcrumbs\" data-id=\"40274cf\" data-element_type=\"widget\" data-e-type=\"widget\" data-widget_type=\"breadcrumbs.default\">\n\t\t\t\t<div class=\"elementor-widget-container\">\n\t\t\t\t\t<p id=\"breadcrumbs\"><span><span><a href=\"https:\/\/rider-tyres.eu\/tr\/\">Strona g\u0142\u00f3wna<\/a><\/span><\/span><\/p>\t\t\t\t<\/div>\n\t\t\t\t<\/div>\n\t\t\t\t<div class=\"elementor-element elementor-element-634eedf elementor-widget elementor-widget-heading\" data-id=\"634eedf\" data-element_type=\"widget\" data-e-type=\"widget\" data-widget_type=\"heading.default\">\n\t\t\t\t<div class=\"elementor-widget-container\">\n\t\t\t\t\t<h2 class=\"elementor-heading-title elementor-size-default\">Gizlilik Politikas\u0131<\/h2>\t\t\t\t<\/div>\n\t\t\t\t<\/div>\n\t\t\t\t\t<\/div>\n\t\t\t\t<\/div>\n\t\t<div class=\"elementor-element elementor-element-07ec720 e-flex e-con-boxed e-con e-parent\" data-id=\"07ec720\" data-element_type=\"container\" data-e-type=\"container\" data-settings=\"{&quot;jet_parallax_layout_list&quot;:[]}\">\n\t\t\t\t\t<div class=\"e-con-inner\">\n\t\t\t\t<div class=\"elementor-element elementor-element-7eb301f elementor-widget elementor-widget-html\" data-id=\"7eb301f\" data-element_type=\"widget\" data-e-type=\"widget\" data-widget_type=\"html.default\">\n\t\t\t\t<div class=\"elementor-widget-container\">\n\t\t\t\t\t<h1>Gizlilik Politikas\u0131<\/h1>\n    <p><br>S<strong>on g\u00fcncelleme:<\/strong> 24-Haz-2024<strong>Y\u00fcr\u00fcrl\u00fck tarihi:<\/strong> 24-Haz-2024<\/p>\n\n    <p>Bu Gizlilik Politikas\u0131, Gerex s.c., Adolfa Mitery 11, Malopolska 32-700, Polonya, e-posta politikas\u0131n\u0131 a\u00e7\u0131klamaktad\u0131r: contact@rider-tyres.eu, telefon: 14 615 90 14 web sitemizi ( <a href=\"https:\/\/rider-tyres.eu\/tr\/\">https:\/\/rider-tyres.eu<\/a> ) (bundan b\u00f6yle \"Hizmet\" olarak an\u0131lacakt\u0131r) kulland\u0131\u011f\u0131n\u0131zda toplad\u0131\u011f\u0131m\u0131z bilgilerin toplanmas\u0131, kullan\u0131lmas\u0131 ve if\u015fa edilmesine ili\u015fkin politikas\u0131n\u0131 a\u00e7\u0131klamaktad\u0131r. Hizmeti kullanarak, bilgilerinizin bu Gizlilik Politikas\u0131na uygun olarak toplanmas\u0131na, kullan\u0131lmas\u0131na ve if\u015fa edilmesine izin vermi\u015f olursunuz. Kabul etmiyorsan\u0131z, l\u00fctfen Hizmeti kullanmay\u0131n.  <\/p>\n\n    <p>Bu Gizlilik Politikas\u0131n\u0131 \u00f6nceden haber vermeksizin istedi\u011fimiz zaman de\u011fi\u015ftirebiliriz ve revize edilmi\u015f Gizlilik Politikas\u0131n\u0131 Hizmette yay\u0131nlayaca\u011f\u0131z.  <strong>Revize edilen Politika, Hizmette yay\u0131nland\u0131ktan 180 g\u00fcn sonra y\u00fcr\u00fcrl\u00fc\u011fe girecek ve bu s\u00fcreden sonra Hizmeti kullanmaya devam etmeniz, revize edilen Gizlilik Politikas\u0131n\u0131 kabul etti\u011finiz anlam\u0131na gelecektir.<\/strong>  Bu sayfay\u0131 periyodik olarak g\u00f6zden ge\u00e7irmenizi \u00f6neririz.<\/p>\n\n    <h2>Bilgilerinizi nas\u0131l kullan\u0131yoruz?<\/h2>\n    <p>Sizin hakk\u0131n\u0131zda toplad\u0131\u011f\u0131m\u0131z bilgileri a\u015fa\u011f\u0131daki ama\u00e7lar i\u00e7in kullanaca\u011f\u0131z:<\/p>\n    <ul>\n        <li>Pazarlama\/Tan\u0131t\u0131m<\/li>\n        <li>Hedefli reklamc\u0131l\u0131k<\/li>\n    <\/ul>\n    <p>Bilgilerinizi ba\u015fka herhangi bir ama\u00e7la kullanmak istersek, izninizi isteyece\u011fiz ve bilgilerinizi yaln\u0131zca izninizi ald\u0131ktan sonra ve yasalar taraf\u0131ndan ba\u015fka t\u00fcrl\u00fc yapmam\u0131z gerekmedik\u00e7e yaln\u0131zca izin verdi\u011finiz ama\u00e7 i\u00e7in kullanaca\u011f\u0131z.<\/p>\n\n    <h2>Bilgilerinizi nas\u0131l payla\u015f\u0131yoruz?<\/h2>\n    <p><strong>Ki\u015fisel verilerinizi, a\u015fa\u011f\u0131da a\u00e7\u0131klanan s\u0131n\u0131rl\u0131 durumlar d\u0131\u015f\u0131nda, izninizi almadan herhangi bir \u00fc\u00e7\u00fcnc\u00fc tarafa aktarmayaca\u011f\u0131z:<\/strong><\/p>\n    <ul>\n        <li>Reklam hizmetleri<\/li>\n        <li>Analizler<\/li>\n    <\/ul>\n    <p>Bu t\u00fcr \u00fc\u00e7\u00fcnc\u00fc taraflar\u0131n kendilerine sa\u011flanan ki\u015fisel verileri yaln\u0131zca sa\u011fland\u0131klar\u0131 ama\u00e7 i\u00e7in kullanmalar\u0131n\u0131 ve bu amac\u0131 yerine getirmek i\u00e7in gerekenden daha uzun s\u00fcre saklamamalar\u0131n\u0131 \u015fart ko\u015fuyoruz.\nKi\u015fisel verilerinizi a\u015fa\u011f\u0131daki durumlarda da if\u015fa edebiliriz: (1) y\u00fcr\u00fcrl\u00fckteki yasa, y\u00f6netmelik, mahkeme emri veya di\u011fer yasal s\u00fcre\u00e7lere uymak; (2) bu Gizlilik Politikas\u0131 da dahil olmak \u00fczere sizinle olan s\u00f6zle\u015fmelerimizi uygulamak; veya (3) Hizmeti kullan\u0131m\u0131n\u0131z\u0131n \u00fc\u00e7\u00fcnc\u00fc taraflar\u0131n haklar\u0131n\u0131 ihlal etti\u011fi iddialar\u0131na yan\u0131t vermek.\nHizmet veya \u015firketimiz sat\u0131n al\u0131n\u0131rsa veya ba\u015fka bir \u015firketle birle\u015firse, bilgileriniz yeni sahibine devredilen varl\u0131klardan biri olacakt\u0131r.  <\/p>\n\n    <h2>Sizin haklar\u0131n\u0131z:<\/h2>\n    <p>Y\u00fcr\u00fcrl\u00fckteki yasalara ba\u011fl\u0131 olarak, ki\u015fisel verilerinize eri\u015fme, bunlar\u0131 d\u00fczeltme veya silme, ki\u015fisel verilerinizin bir kopyas\u0131n\u0131 alma, verilerinizin aktif olarak i\u015flenmesini k\u0131s\u0131tlama veya buna itiraz etme, ki\u015fisel verilerinizi ba\u015fka bir kurulu\u015fa aktarmam\u0131z\u0131 isteme, verilerinizin i\u015flenmesine verdi\u011finiz izni geri \u00e7ekme ve bir denetim makam\u0131na \u015fikayette bulunma hakk\u0131na sahip olabilirsiniz.\nBu haklar\u0131n\u0131z\u0131 kullanmak i\u00e7in bize <a href=\"\">contact@rider-tyres.eu<\/a> adresinden yazabilirsiniz.\nTalebinize y\u00fcr\u00fcrl\u00fckteki yasalara uygun olarak yan\u0131t verece\u011fiz.\nTalep etti\u011finiz ki\u015fisel verileri toplamam\u0131za veya i\u015flememize izin vermezseniz veya talep edilen ama\u00e7lar i\u00e7in i\u015fleme izninizi geri \u00e7ekerseniz, Hizmete eri\u015femeyebilece\u011finizi veya Hizmeti kullanamayabilece\u011finizi l\u00fctfen unutmay\u0131n.   <\/p>\n\n    <h2>\u00c7erezler vb.<\/h2>\n    <p>Bu teknolojileri nas\u0131l kulland\u0131\u011f\u0131m\u0131z ve bu izleme teknolojileriyle ilgili se\u00e7imleriniz hakk\u0131nda daha fazla bilgi edinmek i\u00e7in l\u00fctfen <a href=\"#cookie-policy\">\u00c7erez Politikam\u0131za<\/a> bak\u0131n.<\/p>\n\n    <h2>G\u00fcvenlik:<\/h2>\n    <p><strong>Bilgilerinizin g\u00fcvenli\u011fi bizim i\u00e7in \u00f6nemlidir ve kontrol\u00fcm\u00fcz alt\u0131ndaki bilgilerinizin kaybolmas\u0131n\u0131, k\u00f6t\u00fcye kullan\u0131lmas\u0131n\u0131 veya yetkisiz olarak de\u011fi\u015ftirilmesini \u00f6nlemek i\u00e7in makul g\u00fcvenlik \u00f6nlemlerini kullanaca\u011f\u0131z.<\/strong>  Ancak, do\u011fas\u0131nda var olan riskler nedeniyle, mutlak g\u00fcvenli\u011fi garanti edemeyiz ve sonu\u00e7 olarak bize sa\u011flad\u0131\u011f\u0131n\u0131z herhangi bir bilginin g\u00fcvenli\u011fini sa\u011flayamaz veya garanti edemeyiz ve bunu kendi sorumlulu\u011funuzda yapars\u0131n\u0131z.<\/p>\n\n    <h2>\u00dc\u00e7\u00fcnc\u00fc taraflara ba\u011flant\u0131lar ve bilgilerinizin kullan\u0131m\u0131:<\/h2>\n    <p>Hizmetimiz, taraf\u0131m\u0131zca i\u015fletilmeyen di\u011fer web sitelerine ba\u011flant\u0131lar i\u00e7erebilir.\nBu Gizlilik Politikas\u0131, Hizmetteki bir ba\u011flant\u0131 arac\u0131l\u0131\u011f\u0131yla eri\u015filebilen herhangi bir web sitesini veya hizmeti i\u015fleten herhangi bir \u00fc\u00e7\u00fcnc\u00fc taraf da dahil olmak \u00fczere, herhangi bir \u00fc\u00e7\u00fcnc\u00fc taraf\u0131n gizlilik politikalar\u0131n\u0131 veya di\u011fer uygulamalar\u0131n\u0131 ele almaz.\nZiyaret etti\u011finiz her sitenin gizlilik politikas\u0131n\u0131 incelemenizi \u00f6nemle tavsiye ederiz.\nHerhangi bir \u00fc\u00e7\u00fcnc\u00fc taraf sitesinin veya hizmetinin i\u00e7eri\u011fi, gizlilik politikalar\u0131 veya uygulamalar\u0131 \u00fczerinde hi\u00e7bir kontrol\u00fcm\u00fcz yoktur ve bunlardan sorumlu de\u011filiz.   <\/p>\n\n    <h2>Veri Koruma G\u00f6revlisi.\n\u015fi\u0307kayetler\/veri\u0307 koruma: <\/h2>\n    <p>Bilgilerinizin bizimle i\u015flenmesi hakk\u0131nda herhangi bir sorunuz veya endi\u015feniz varsa, Gerex s.c., 32-700 Bochnia, Adolfa Mitery 11 adresindeki \u015eikayetler Sorumlumuza e-posta g\u00f6nderebilirsiniz, e-posta: <a href=\"\">contact@rider-tyres.eu.<\/a> Endi\u015felerinize y\u00fcr\u00fcrl\u00fckteki yasalara uygun olarak yan\u0131t verece\u011fiz.  <\/p>\n\t\t\t\t<\/div>\n\t\t\t\t<\/div>\n\t\t\t\t\t<\/div>\n\t\t\t\t<\/div>\n\t\t<div class=\"elementor-element elementor-element-0f5ac2a e-flex e-con-boxed e-con e-parent\" data-id=\"0f5ac2a\" data-element_type=\"container\" data-e-type=\"container\" data-settings=\"{&quot;jet_parallax_layout_list&quot;:[]}\">\n\t\t\t\t\t<div class=\"e-con-inner\">\n\t\t\t\t\t<\/div>\n\t\t\t\t<\/div>\n\t\t\t\t<\/div>\n\t\t","protected":false},"excerpt":{"rendered":"<p>Gizlilik Politikas\u0131 Son g\u00fcncelleme: 24-Haz-2024Y\u00fcr\u00fcrl\u00fck tarihi: 24-Haz-2024 Bu Gizlilik Politikas\u0131, Gerex s.c., Adolfa Mitery 11, Malopolska 32-700, Polonya, e-posta politikas\u0131n\u0131 a\u00e7\u0131klamaktad\u0131r: contact@rider-tyres.eu, telefon: 14 615 90 14 web sitemizi ( https:\/\/rider-tyres.eu ) (bundan b\u00f6yle &#8220;Hizmet&#8221; olarak an\u0131lacakt\u0131r) kulland\u0131\u011f\u0131n\u0131zda toplad\u0131\u011f\u0131m\u0131z bilgilerin toplanmas\u0131, kullan\u0131lmas\u0131 ve if\u015fa edilmesine ili\u015fkin politikas\u0131n\u0131 a\u00e7\u0131klamaktad\u0131r. Hizmeti kullanarak, bilgilerinizin bu Gizlilik Politikas\u0131na uygun [&hellip;]<\/p>\n","protected":false},"author":1,"featured_media":0,"parent":0,"menu_order":0,"comment_status":"closed","ping_status":"closed","template":"elementor_header_footer","meta":{"footnotes":""},"class_list":["post-8894","page","type-page","status-publish","hentry"],"yoast_head":"<!-- This site is optimized with the Yoast SEO plugin v27.3 - https:\/\/yoast.com\/product\/yoast-seo-wordpress\/ -->\n<title>Gizlilik Politikas\u0131 - Rider Tyres<\/title>\n<meta name=\"robots\" content=\"index, follow, max-snippet:-1, max-image-preview:large, max-video-preview:-1\" \/>\n<link rel=\"canonical\" href=\"https:\/\/rider-tyres.eu\/tr\/gizlilik-politikasi\/\" \/>\n<meta property=\"og:locale\" content=\"tr_TR\" \/>\n<meta property=\"og:type\" content=\"article\" \/>\n<meta property=\"og:title\" content=\"Gizlilik Politikas\u0131 - Rider Tyres\" \/>\n<meta property=\"og:description\" content=\"Gizlilik Politikas\u0131 Son g\u00fcncelleme: 24-Haz-2024Y\u00fcr\u00fcrl\u00fck tarihi: 24-Haz-2024 Bu Gizlilik Politikas\u0131, Gerex s.c., Adolfa Mitery 11, Malopolska 32-700, Polonya, e-posta politikas\u0131n\u0131 a\u00e7\u0131klamaktad\u0131r: contact@rider-tyres.eu, telefon: 14 615 90 14 web sitemizi ( https:\/\/rider-tyres.eu ) (bundan b\u00f6yle &#8220;Hizmet&#8221; olarak an\u0131lacakt\u0131r) kulland\u0131\u011f\u0131n\u0131zda toplad\u0131\u011f\u0131m\u0131z bilgilerin toplanmas\u0131, kullan\u0131lmas\u0131 ve if\u015fa edilmesine ili\u015fkin politikas\u0131n\u0131 a\u00e7\u0131klamaktad\u0131r. Hizmeti kullanarak, bilgilerinizin bu Gizlilik Politikas\u0131na uygun [&hellip;]\" \/>\n<meta property=\"og:url\" content=\"https:\/\/rider-tyres.eu\/tr\/gizlilik-politikasi\/\" \/>\n<meta property=\"og:site_name\" content=\"Rider Tyres\" \/>\n<meta property=\"article:modified_time\" content=\"2025-01-08T08:28:27+00:00\" \/>\n<meta name=\"twitter:card\" content=\"summary_large_image\" \/>\n<meta name=\"twitter:label1\" content=\"Tahmini okuma s\u00fcresi\" \/>\n\t<meta name=\"twitter:data1\" content=\"4 dakika\" \/>\n<script type=\"application\/ld+json\" class=\"yoast-schema-graph\">{\"@context\":\"https:\\\/\\\/schema.org\",\"@graph\":[{\"@type\":\"WebPage\",\"@id\":\"https:\\\/\\\/rider-tyres.eu\\\/tr\\\/gizlilik-politikasi\\\/\",\"url\":\"https:\\\/\\\/rider-tyres.eu\\\/tr\\\/gizlilik-politikasi\\\/\",\"name\":\"Gizlilik Politikas\u0131 - Rider Tyres\",\"isPartOf\":{\"@id\":\"https:\\\/\\\/rider-tyres.eu\\\/tr\\\/#website\"},\"datePublished\":\"2024-03-18T11:22:33+00:00\",\"dateModified\":\"2025-01-08T08:28:27+00:00\",\"breadcrumb\":{\"@id\":\"https:\\\/\\\/rider-tyres.eu\\\/tr\\\/gizlilik-politikasi\\\/#breadcrumb\"},\"inLanguage\":\"tr\",\"potentialAction\":[{\"@type\":\"ReadAction\",\"target\":[\"https:\\\/\\\/rider-tyres.eu\\\/tr\\\/gizlilik-politikasi\\\/\"]}]},{\"@type\":\"BreadcrumbList\",\"@id\":\"https:\\\/\\\/rider-tyres.eu\\\/tr\\\/gizlilik-politikasi\\\/#breadcrumb\",\"itemListElement\":[{\"@type\":\"ListItem\",\"position\":1,\"name\":\"Strona g\u0142\u00f3wna\",\"item\":\"https:\\\/\\\/rider-tyres.eu\\\/tr\\\/\"},{\"@type\":\"ListItem\",\"position\":2,\"name\":\"Gizlilik Politikas\u0131\"}]},{\"@type\":\"WebSite\",\"@id\":\"https:\\\/\\\/rider-tyres.eu\\\/tr\\\/#website\",\"url\":\"https:\\\/\\\/rider-tyres.eu\\\/tr\\\/\",\"name\":\"Rider Tyres\",\"description\":\"Opony na ka\u017cdy teren\",\"publisher\":{\"@id\":\"https:\\\/\\\/rider-tyres.eu\\\/tr\\\/#organization\"},\"potentialAction\":[{\"@type\":\"SearchAction\",\"target\":{\"@type\":\"EntryPoint\",\"urlTemplate\":\"https:\\\/\\\/rider-tyres.eu\\\/tr\\\/?s={search_term_string}\"},\"query-input\":{\"@type\":\"PropertyValueSpecification\",\"valueRequired\":true,\"valueName\":\"search_term_string\"}}],\"inLanguage\":\"tr\"},{\"@type\":\"Organization\",\"@id\":\"https:\\\/\\\/rider-tyres.eu\\\/tr\\\/#organization\",\"name\":\"Rider Tyres\",\"url\":\"https:\\\/\\\/rider-tyres.eu\\\/tr\\\/\",\"logo\":{\"@type\":\"ImageObject\",\"inLanguage\":\"tr\",\"@id\":\"https:\\\/\\\/rider-tyres.eu\\\/tr\\\/#\\\/schema\\\/logo\\\/image\\\/\",\"url\":\"https:\\\/\\\/rider-tyres.eu\\\/wp-content\\\/uploads\\\/2024\\\/02\\\/White-logo-no-background-01.svg\",\"contentUrl\":\"https:\\\/\\\/rider-tyres.eu\\\/wp-content\\\/uploads\\\/2024\\\/02\\\/White-logo-no-background-01.svg\",\"caption\":\"Rider Tyres\"},\"image\":{\"@id\":\"https:\\\/\\\/rider-tyres.eu\\\/tr\\\/#\\\/schema\\\/logo\\\/image\\\/\"}}]}<\/script>\n<!-- \/ Yoast SEO plugin. -->","yoast_head_json":{"title":"Gizlilik Politikas\u0131 - Rider Tyres","robots":{"index":"index","follow":"follow","max-snippet":"max-snippet:-1","max-image-preview":"max-image-preview:large","max-video-preview":"max-video-preview:-1"},"canonical":"https:\/\/rider-tyres.eu\/tr\/gizlilik-politikasi\/","og_locale":"tr_TR","og_type":"article","og_title":"Gizlilik Politikas\u0131 - Rider Tyres","og_description":"Gizlilik Politikas\u0131 Son g\u00fcncelleme: 24-Haz-2024Y\u00fcr\u00fcrl\u00fck tarihi: 24-Haz-2024 Bu Gizlilik Politikas\u0131, Gerex s.c., Adolfa Mitery 11, Malopolska 32-700, Polonya, e-posta politikas\u0131n\u0131 a\u00e7\u0131klamaktad\u0131r: contact@rider-tyres.eu, telefon: 14 615 90 14 web sitemizi ( https:\/\/rider-tyres.eu ) (bundan b\u00f6yle &#8220;Hizmet&#8221; olarak an\u0131lacakt\u0131r) kulland\u0131\u011f\u0131n\u0131zda toplad\u0131\u011f\u0131m\u0131z bilgilerin toplanmas\u0131, kullan\u0131lmas\u0131 ve if\u015fa edilmesine ili\u015fkin politikas\u0131n\u0131 a\u00e7\u0131klamaktad\u0131r. Hizmeti kullanarak, bilgilerinizin bu Gizlilik Politikas\u0131na uygun [&hellip;]","og_url":"https:\/\/rider-tyres.eu\/tr\/gizlilik-politikasi\/","og_site_name":"Rider Tyres","article_modified_time":"2025-01-08T08:28:27+00:00","twitter_card":"summary_large_image","twitter_misc":{"Tahmini okuma s\u00fcresi":"4 dakika"},"schema":{"@context":"https:\/\/schema.org","@graph":[{"@type":"WebPage","@id":"https:\/\/rider-tyres.eu\/tr\/gizlilik-politikasi\/","url":"https:\/\/rider-tyres.eu\/tr\/gizlilik-politikasi\/","name":"Gizlilik Politikas\u0131 - Rider Tyres","isPartOf":{"@id":"https:\/\/rider-tyres.eu\/tr\/#website"},"datePublished":"2024-03-18T11:22:33+00:00","dateModified":"2025-01-08T08:28:27+00:00","breadcrumb":{"@id":"https:\/\/rider-tyres.eu\/tr\/gizlilik-politikasi\/#breadcrumb"},"inLanguage":"tr","potentialAction":[{"@type":"ReadAction","target":["https:\/\/rider-tyres.eu\/tr\/gizlilik-politikasi\/"]}]},{"@type":"BreadcrumbList","@id":"https:\/\/rider-tyres.eu\/tr\/gizlilik-politikasi\/#breadcrumb","itemListElement":[{"@type":"ListItem","position":1,"name":"Strona g\u0142\u00f3wna","item":"https:\/\/rider-tyres.eu\/tr\/"},{"@type":"ListItem","position":2,"name":"Gizlilik Politikas\u0131"}]},{"@type":"WebSite","@id":"https:\/\/rider-tyres.eu\/tr\/#website","url":"https:\/\/rider-tyres.eu\/tr\/","name":"Rider Tyres","description":"Opony na ka\u017cdy teren","publisher":{"@id":"https:\/\/rider-tyres.eu\/tr\/#organization"},"potentialAction":[{"@type":"SearchAction","target":{"@type":"EntryPoint","urlTemplate":"https:\/\/rider-tyres.eu\/tr\/?s={search_term_string}"},"query-input":{"@type":"PropertyValueSpecification","valueRequired":true,"valueName":"search_term_string"}}],"inLanguage":"tr"},{"@type":"Organization","@id":"https:\/\/rider-tyres.eu\/tr\/#organization","name":"Rider Tyres","url":"https:\/\/rider-tyres.eu\/tr\/","logo":{"@type":"ImageObject","inLanguage":"tr","@id":"https:\/\/rider-tyres.eu\/tr\/#\/schema\/logo\/image\/","url":"https:\/\/rider-tyres.eu\/wp-content\/uploads\/2024\/02\/White-logo-no-background-01.svg","contentUrl":"https:\/\/rider-tyres.eu\/wp-content\/uploads\/2024\/02\/White-logo-no-background-01.svg","caption":"Rider Tyres"},"image":{"@id":"https:\/\/rider-tyres.eu\/tr\/#\/schema\/logo\/image\/"}}]}},"_links":{"self":[{"href":"https:\/\/rider-tyres.eu\/tr\/wp-json\/wp\/v2\/pages\/8894","targetHints":{"allow":["GET"]}}],"collection":[{"href":"https:\/\/rider-tyres.eu\/tr\/wp-json\/wp\/v2\/pages"}],"about":[{"href":"https:\/\/rider-tyres.eu\/tr\/wp-json\/wp\/v2\/types\/page"}],"author":[{"embeddable":true,"href":"https:\/\/rider-tyres.eu\/tr\/wp-json\/wp\/v2\/users\/1"}],"replies":[{"embeddable":true,"href":"https:\/\/rider-tyres.eu\/tr\/wp-json\/wp\/v2\/comments?post=8894"}],"version-history":[{"count":1,"href":"https:\/\/rider-tyres.eu\/tr\/wp-json\/wp\/v2\/pages\/8894\/revisions"}],"predecessor-version":[{"id":8896,"href":"https:\/\/rider-tyres.eu\/tr\/wp-json\/wp\/v2\/pages\/8894\/revisions\/8896"}],"wp:attachment":[{"href":"https:\/\/rider-tyres.eu\/tr\/wp-json\/wp\/v2\/media?parent=8894"}],"curies":[{"name":"wp","href":"https:\/\/api.w.org\/{rel}","templated":true}]}}