{"id":8873,"date":"2024-04-22T21:00:59","date_gmt":"2024-04-22T20:00:59","guid":{"rendered":"https:\/\/rider-tyres.eu\/nereden-satin-alacaginizi-kontrol-edin\/"},"modified":"2024-11-20T13:20:55","modified_gmt":"2024-11-20T12:20:55","slug":"nereden-satin-alacaginizi-kontrol-edin","status":"publish","type":"page","link":"https:\/\/rider-tyres.eu\/tr\/nereden-satin-alacaginizi-kontrol-edin\/","title":{"rendered":"Nereden sat\u0131n alaca\u011f\u0131n\u0131z\u0131 kontrol edin"},"content":{"rendered":"\t\t<div data-elementor-type=\"wp-page\" data-elementor-id=\"8873\" class=\"elementor elementor-8873 elementor-2173\" data-elementor-post-type=\"page\">\n\t\t\t\t<div class=\"elementor-element elementor-element-50a6455 e-flex e-con-boxed e-con e-parent\" data-id=\"50a6455\" data-element_type=\"container\" data-e-type=\"container\" data-settings=\"{&quot;background_background&quot;:&quot;classic&quot;,&quot;jet_parallax_layout_list&quot;:[]}\">\n\t\t\t\t\t<div class=\"e-con-inner\">\n\t\t\t\t<div class=\"elementor-element elementor-element-ad2d0aa elementor-widget elementor-widget-breadcrumbs\" data-id=\"ad2d0aa\" data-element_type=\"widget\" data-e-type=\"widget\" data-widget_type=\"breadcrumbs.default\">\n\t\t\t\t<div class=\"elementor-widget-container\">\n\t\t\t\t\t<p id=\"breadcrumbs\"><span><span><a href=\"https:\/\/rider-tyres.eu\/tr\/\">Strona g\u0142\u00f3wna<\/a><\/span><\/span><\/p>\t\t\t\t<\/div>\n\t\t\t\t<\/div>\n\t\t\t\t<div class=\"elementor-element elementor-element-3dea818 elementor-widget elementor-widget-heading\" data-id=\"3dea818\" data-element_type=\"widget\" data-e-type=\"widget\" data-widget_type=\"heading.default\">\n\t\t\t\t<div class=\"elementor-widget-container\">\n\t\t\t\t\t<h2 class=\"elementor-heading-title elementor-size-default\">Resmi ortaklar<\/h2>\t\t\t\t<\/div>\n\t\t\t\t<\/div>\n\t\t\t\t\t<\/div>\n\t\t\t\t<\/div>\n\t\t<div class=\"elementor-element elementor-element-b17fc98 e-flex e-con-boxed e-con e-parent\" data-id=\"b17fc98\" data-element_type=\"container\" data-e-type=\"container\" data-settings=\"{&quot;jet_parallax_layout_list&quot;:[]}\">\n\t\t\t\t\t<div class=\"e-con-inner\">\n\t\t\t\t<div class=\"elementor-element elementor-element-c2b38f6 elementor-widget elementor-widget-heading\" data-id=\"c2b38f6\" data-element_type=\"widget\" data-e-type=\"widget\" data-widget_type=\"heading.default\">\n\t\t\t\t<div class=\"elementor-widget-container\">\n\t\t\t\t\t<h2 class=\"elementor-heading-title elementor-size-default\">\u00c7evrimi\u00e7i ma\u011fazalar<\/h2>\t\t\t\t<\/div>\n\t\t\t\t<\/div>\n\t\t<div class=\"elementor-element elementor-element-7c4aaa9 e-grid e-con-boxed e-con e-child\" data-id=\"7c4aaa9\" data-element_type=\"container\" data-e-type=\"container\" data-settings=\"{&quot;jet_parallax_layout_list&quot;:[]}\">\n\t\t\t\t\t<div class=\"e-con-inner\">\n\t\t\t\t<div class=\"elementor-element elementor-element-84ba93c elementor-widget elementor-widget-image\" data-id=\"84ba93c\" data-element_type=\"widget\" data-e-type=\"widget\" data-widget_type=\"image.default\">\n\t\t\t\t<div class=\"elementor-widget-container\">\n\t\t\t\t\t\t\t\t\t\t\t\t<figure class=\"wp-caption\">\n\t\t\t\t\t\t\t\t\t\t\t<a href=\"https:\/\/oponafelga.pl\" target=\"_blank\">\n\t\t\t\t\t\t\t<img decoding=\"async\" width=\"300\" height=\"100\" src=\"https:\/\/rider-tyres.eu\/wp-content\/uploads\/2024\/05\/oponafelga.webp\" class=\"attachment-large size-large wp-image-8878\" alt=\"\" \/>\t\t\t\t\t\t\t\t<\/a>\n\t\t\t\t\t\t\t\t\t\t\t<figcaption class=\"widget-image-caption wp-caption-text\">oponafelga.co.uk<\/figcaption>\n\t\t\t\t\t\t\t\t\t\t<\/figure>\n\t\t\t\t\t\t\t\t\t<\/div>\n\t\t\t\t<\/div>\n\t\t\t\t<div class=\"elementor-element elementor-element-fa23bc5 elementor-widget elementor-widget-image\" data-id=\"fa23bc5\" data-element_type=\"widget\" data-e-type=\"widget\" data-widget_type=\"image.default\">\n\t\t\t\t<div class=\"elementor-widget-container\">\n\t\t\t\t\t\t\t\t\t\t\t\t<figure class=\"wp-caption\">\n\t\t\t\t\t\t\t\t\t\t\t<a href=\"https:\/\/ppgtyres.com\/\" target=\"_blank\">\n\t\t\t\t\t\t\t<img decoding=\"async\" width=\"300\" height=\"98\" src=\"https:\/\/rider-tyres.eu\/wp-content\/uploads\/2024\/09\/ppgtyres-300PX.png\" class=\"attachment-large size-large wp-image-8880\" alt=\"\" \/>\t\t\t\t\t\t\t\t<\/a>\n\t\t\t\t\t\t\t\t\t\t\t<figcaption class=\"widget-image-caption wp-caption-text\">ppgtyres.com<\/figcaption>\n\t\t\t\t\t\t\t\t\t\t<\/figure>\n\t\t\t\t\t\t\t\t\t<\/div>\n\t\t\t\t<\/div>\n\t\t\t\t\t<\/div>\n\t\t\t\t<\/div>\n\t\t\t\t\t<\/div>\n\t\t\t\t<\/div>\n\t\t<div class=\"elementor-element elementor-element-988e353 e-flex e-con-boxed e-con e-parent\" data-id=\"988e353\" data-element_type=\"container\" data-e-type=\"container\" data-settings=\"{&quot;jet_parallax_layout_list&quot;:[]}\">\n\t\t\t\t\t<div class=\"e-con-inner\">\n\t\t\t\t<div class=\"elementor-element elementor-element-edc0f88 elementor-widget elementor-widget-heading\" data-id=\"edc0f88\" data-element_type=\"widget\" data-e-type=\"widget\" data-widget_type=\"heading.default\">\n\t\t\t\t<div class=\"elementor-widget-container\">\n\t\t\t\t\t<h2 class=\"elementor-heading-title elementor-size-default\">K\u0131rtasiye d\u00fckkanlar\u0131<\/h2>\t\t\t\t<\/div>\n\t\t\t\t<\/div>\n\t\t\t\t<div class=\"elementor-element elementor-element-613054b elementor-widget elementor-widget-shortcode\" data-id=\"613054b\" data-element_type=\"widget\" data-e-type=\"widget\" data-widget_type=\"shortcode.default\">\n\t\t\t\t<div class=\"elementor-widget-container\">\n\t\t\t\t\t\t\t<div class=\"elementor-shortcode\"><div id=\"locatoraid-form-container\"><div class=\"hc-mb3\"><form class=\"hcj2-observe hc-mb2 hclc_search_form_class\" id=\"hclc_search_form_158\" action=\"https:\/\/rider-tyres.eu\/index.php?hcs=locatoraid&amp;hcrand=8811&amp;hca=search%3Asearch%2F_SEARCH_%2Fproduct%2F_PRODUCT_%2Flat%2F_LAT_%2Flng%2F_LNG_%2Flimit%2F2000\" data-action=\"https:\/\/rider-tyres.eu\/index.php?hcs=locatoraid&amp;hcrand=8811&amp;hca=search%3Asearch%2F_SEARCH_%2Fproduct%2F_PRODUCT_%2Flat%2F_LAT_%2Flng%2F_LNG_%2Flimit%2F2000\" data-radius-link=\"https:\/\/rider-tyres.eu\/index.php?hcs=locatoraid&amp;hcrand=8811&amp;hca=search%2Fradius%3Asearch%2F_SEARCH_%2Fproduct%2F_PRODUCT_%2Flat%2F_LAT_%2Flng%2F_LNG_%2Flimit%2F2000%2Fradius%2F10_25_50_100_200_500\" data-start=\"\" data-locate=\"1\" onsubmit=\"return false;\" method=\"post\" accept-charset=\"utf-8\"><input type=\"hidden\" name=\"hc_nonce\" value=\"3377e86b5a\"\/><div style=\"display:none\"><input type=\"hidden\" name=\"hc-hc_csrf_token\" value=\"035eb3ed28f9678ea0f4de5191ded878\"\/><\/div><div><div class=\"hc-block\"><div id=\"locatoraid-search-form-inputs-button\"><div class=\"hc-clearfix hc-mxn2\"><div class=\"hc-col hc-col-8 hc-mb2 hc-px2\"><div id=\"locatoraid-search-form-inputs\"><div><div class=\"hc-block\"><div id=\"locatoraid-search-form-search\"><input type=\"text\" name=\"hc-search\" class=\"hc-field hc-xs-block hc-block\" style=\"margin:0;\" placeholder=\"Wpisz adres lub kod pocztowy\"\/><\/div><\/div><div class=\"hc-block hc-mt2\"><div id=\"locatoraid-search-form-locate\"><a href=\"#\" class=\"hcj2-locate-me\" id=\"locatoraid-search-form-locate-me\">Pobierz moj\u0105 lokalizacj\u0119<\/a><\/div><\/div><div class=\"hc-block hc-mt2\"><div id=\"locatoraid-search-form-locate2\"><div class=\"hcj2-my-location\" id=\"locatoraid-search-form-my-location\" style=\"display: none;\">Moja lokalizacja<\/div><\/div><\/div><\/div><input type=\"hidden\" name=\"hc-locatelat\" id=\"locatoraid-search-form-lat\"\/><input type=\"hidden\" name=\"hc-locatelng\" id=\"locatoraid-search-form-lng\"\/><\/div><\/div><div class=\"hc-col hc-col-4 hc-mb2 hc-px2\"><div><input type=\"submit\" title=\"Wyszukaj\" value=\"Wyszukaj\" class=\"hc-block\" id=\"locatoraid-search-form-button\"\/><input type=\"button\" title=\"Reset\" value=\"Reset\" class=\"hc-block hcj2-reset-my-location\" id=\"locatoraid-search-form-reset-location\" style=\"display: none;\"\/><\/div><\/div><\/div><\/div><\/div><div class=\"hc-block hc-mt2\"><a class=\"hcj2-more-results\" id=\"locatoraid-search-more-results\" style=\"display: none; cursor: pointer;\">Wi\u0119cej wynik\u00f3w<\/a><\/div><\/div><\/form><\/div><\/div><div id=\"locatoraid-map-list-container\"><div id=\"hclc_grid\"><div class=\"hc-clearfix hc-mxn2\"><div class=\"hc-col hc-col-4 hc-mb2 hc-px2\"><div id=\"hclc_list_421\" class=\"hclc_list_class hc-mb3-xs hc-relative\" style=\"height: 400px; overflow-y: scroll; display: none;\" data-group-jump=\"0\" data-list-style=\"height: 400px; overflow-y: scroll;\"><\/div><div id=\"hclc_list_421_template\" style=\"display: none;\">{{priority}}&lt;div class=&quot;hc-p2 hc-border hc-rounded hc-mb1 hc-border-green lpr-location lpr-location-inlist lpr-location-featured&quot;&gt;{{:priority}}&lt;div class=&quot;hc-p2 hc-border hc-rounded hc-mb1 lpr-location lpr-location-inlist&quot;&gt;{{\/priority}}&lt;div class=&quot;hc-bold lpr-location-name&quot;&gt;{{=name}}&lt;\/div&gt;&lt;div class=&quot;hc-italic lpr-location-address&quot;&gt;{{=address}}&lt;\/div&gt;{{distance}}&lt;div class=&quot;hc-bold lpr-location-distance&quot;&gt;{{=distance}}&lt;\/div&gt;{{\/distance}}{{directions}}&lt;div class=&quot;lpr-location-directions&quot;&gt;{{=directions}}&lt;\/div&gt;{{\/directions}}{{priority}}&lt;\/div&gt;{{:priority}}&lt;\/div&gt;{{\/priority}}<\/div><div style=\"display: none;\" id=\"hclc_list_421_template_no_results\">&lt;div class=&quot;hc-p2 hc-border hc-rounded&quot;&gt;Brak wynik\u00f3w&lt;\/div&gt;<\/div><\/div><div class=\"hc-col hc-col-8 hc-mb2 hc-px2\"><div id=\"hclc_map_935\" class=\"hclc_map_class hc-mb3-xs hc-border\" style=\"height: 400px; width: 100%;\" data-linktolist-label=\"\"><\/div><div id=\"hclc_map_935_template\" style=\"display: none;\">&lt;div class=&quot;hc-black hc-bg-lightsilver hc-p2 hc-rounded lpr-location lpr-location-inmap&quot;&gt;&lt;div class=&quot;hc-bold lpr-location-name&quot;&gt;{{=name}}&lt;\/div&gt;&lt;div class=&quot;hc-italic lpr-location-address&quot;&gt;{{=address}}&lt;\/div&gt;{{distance}}&lt;div class=&quot;hc-bold lpr-location-distance&quot;&gt;{{=distance}}&lt;\/div&gt;{{\/distance}}{{directions}}&lt;div class=&quot;lpr-location-directions&quot;&gt;{{=directions}}&lt;\/div&gt;{{\/directions}}&lt;\/div&gt;<\/div><\/div><\/div><\/div><\/div><\/div>\n\t\t\t\t\t\t<\/div>\n\t\t\t\t<\/div>\n\t\t\t\t\t<\/div>\n\t\t\t\t<\/div>\n\t\t\t\t<\/div>\n\t\t","protected":false},"excerpt":{"rendered":"<p>Resmi ortaklar \u00c7evrimi\u00e7i ma\u011fazalar oponafelga.co.uk ppgtyres.com K\u0131rtasiye d\u00fckkanlar\u0131<\/p>\n","protected":false},"author":1,"featured_media":0,"parent":0,"menu_order":0,"comment_status":"closed","ping_status":"closed","template":"elementor_header_footer","meta":{"footnotes":""},"class_list":["post-8873","page","type-page","status-publish","hentry"],"yoast_head":"<!-- This site is optimized with the Yoast SEO plugin v27.3 - https:\/\/yoast.com\/product\/yoast-seo-wordpress\/ -->\n<title>Nereden sat\u0131n alaca\u011f\u0131n\u0131z\u0131 kontrol edin - Rider Tyres<\/title>\n<meta name=\"robots\" content=\"index, follow, max-snippet:-1, max-image-preview:large, max-video-preview:-1\" \/>\n<link rel=\"canonical\" href=\"https:\/\/rider-tyres.eu\/tr\/nereden-satin-alacaginizi-kontrol-edin\/\" \/>\n<meta property=\"og:locale\" content=\"tr_TR\" \/>\n<meta property=\"og:type\" content=\"article\" \/>\n<meta property=\"og:title\" content=\"Nereden sat\u0131n alaca\u011f\u0131n\u0131z\u0131 kontrol edin - Rider Tyres\" \/>\n<meta property=\"og:description\" content=\"Resmi ortaklar \u00c7evrimi\u00e7i ma\u011fazalar oponafelga.co.uk ppgtyres.com K\u0131rtasiye d\u00fckkanlar\u0131\" \/>\n<meta property=\"og:url\" content=\"https:\/\/rider-tyres.eu\/tr\/nereden-satin-alacaginizi-kontrol-edin\/\" \/>\n<meta property=\"og:site_name\" content=\"Rider Tyres\" \/>\n<meta property=\"article:modified_time\" content=\"2024-11-20T12:20:55+00:00\" \/>\n<meta property=\"og:image\" content=\"https:\/\/rider-tyres.eu\/wp-content\/uploads\/2024\/05\/oponafelga.webp\" \/>\n\t<meta property=\"og:image:width\" content=\"300\" \/>\n\t<meta property=\"og:image:height\" content=\"100\" \/>\n\t<meta property=\"og:image:type\" content=\"image\/webp\" \/>\n<meta name=\"twitter:card\" content=\"summary_large_image\" \/>\n<script type=\"application\/ld+json\" class=\"yoast-schema-graph\">{\"@context\":\"https:\\\/\\\/schema.org\",\"@graph\":[{\"@type\":\"WebPage\",\"@id\":\"https:\\\/\\\/rider-tyres.eu\\\/tr\\\/nereden-satin-alacaginizi-kontrol-edin\\\/\",\"url\":\"https:\\\/\\\/rider-tyres.eu\\\/tr\\\/nereden-satin-alacaginizi-kontrol-edin\\\/\",\"name\":\"Nereden sat\u0131n alaca\u011f\u0131n\u0131z\u0131 kontrol edin - Rider Tyres\",\"isPartOf\":{\"@id\":\"https:\\\/\\\/rider-tyres.eu\\\/tr\\\/#website\"},\"primaryImageOfPage\":{\"@id\":\"https:\\\/\\\/rider-tyres.eu\\\/tr\\\/nereden-satin-alacaginizi-kontrol-edin\\\/#primaryimage\"},\"image\":{\"@id\":\"https:\\\/\\\/rider-tyres.eu\\\/tr\\\/nereden-satin-alacaginizi-kontrol-edin\\\/#primaryimage\"},\"thumbnailUrl\":\"https:\\\/\\\/rider-tyres.eu\\\/wp-content\\\/uploads\\\/2024\\\/05\\\/oponafelga.webp\",\"datePublished\":\"2024-04-22T20:00:59+00:00\",\"dateModified\":\"2024-11-20T12:20:55+00:00\",\"breadcrumb\":{\"@id\":\"https:\\\/\\\/rider-tyres.eu\\\/tr\\\/nereden-satin-alacaginizi-kontrol-edin\\\/#breadcrumb\"},\"inLanguage\":\"tr\",\"potentialAction\":[{\"@type\":\"ReadAction\",\"target\":[\"https:\\\/\\\/rider-tyres.eu\\\/tr\\\/nereden-satin-alacaginizi-kontrol-edin\\\/\"]}]},{\"@type\":\"ImageObject\",\"inLanguage\":\"tr\",\"@id\":\"https:\\\/\\\/rider-tyres.eu\\\/tr\\\/nereden-satin-alacaginizi-kontrol-edin\\\/#primaryimage\",\"url\":\"https:\\\/\\\/rider-tyres.eu\\\/wp-content\\\/uploads\\\/2024\\\/05\\\/oponafelga.webp\",\"contentUrl\":\"https:\\\/\\\/rider-tyres.eu\\\/wp-content\\\/uploads\\\/2024\\\/05\\\/oponafelga.webp\"},{\"@type\":\"BreadcrumbList\",\"@id\":\"https:\\\/\\\/rider-tyres.eu\\\/tr\\\/nereden-satin-alacaginizi-kontrol-edin\\\/#breadcrumb\",\"itemListElement\":[{\"@type\":\"ListItem\",\"position\":1,\"name\":\"Strona g\u0142\u00f3wna\",\"item\":\"https:\\\/\\\/rider-tyres.eu\\\/tr\\\/\"},{\"@type\":\"ListItem\",\"position\":2,\"name\":\"Nereden sat\u0131n alaca\u011f\u0131n\u0131z\u0131 kontrol edin\"}]},{\"@type\":\"WebSite\",\"@id\":\"https:\\\/\\\/rider-tyres.eu\\\/tr\\\/#website\",\"url\":\"https:\\\/\\\/rider-tyres.eu\\\/tr\\\/\",\"name\":\"Rider Tyres\",\"description\":\"Opony na ka\u017cdy teren\",\"publisher\":{\"@id\":\"https:\\\/\\\/rider-tyres.eu\\\/tr\\\/#organization\"},\"potentialAction\":[{\"@type\":\"SearchAction\",\"target\":{\"@type\":\"EntryPoint\",\"urlTemplate\":\"https:\\\/\\\/rider-tyres.eu\\\/tr\\\/?s={search_term_string}\"},\"query-input\":{\"@type\":\"PropertyValueSpecification\",\"valueRequired\":true,\"valueName\":\"search_term_string\"}}],\"inLanguage\":\"tr\"},{\"@type\":\"Organization\",\"@id\":\"https:\\\/\\\/rider-tyres.eu\\\/tr\\\/#organization\",\"name\":\"Rider Tyres\",\"url\":\"https:\\\/\\\/rider-tyres.eu\\\/tr\\\/\",\"logo\":{\"@type\":\"ImageObject\",\"inLanguage\":\"tr\",\"@id\":\"https:\\\/\\\/rider-tyres.eu\\\/tr\\\/#\\\/schema\\\/logo\\\/image\\\/\",\"url\":\"https:\\\/\\\/rider-tyres.eu\\\/wp-content\\\/uploads\\\/2024\\\/02\\\/White-logo-no-background-01.svg\",\"contentUrl\":\"https:\\\/\\\/rider-tyres.eu\\\/wp-content\\\/uploads\\\/2024\\\/02\\\/White-logo-no-background-01.svg\",\"caption\":\"Rider Tyres\"},\"image\":{\"@id\":\"https:\\\/\\\/rider-tyres.eu\\\/tr\\\/#\\\/schema\\\/logo\\\/image\\\/\"}}]}<\/script>\n<!-- \/ Yoast SEO plugin. -->","yoast_head_json":{"title":"Nereden sat\u0131n alaca\u011f\u0131n\u0131z\u0131 kontrol edin - Rider Tyres","robots":{"index":"index","follow":"follow","max-snippet":"max-snippet:-1","max-image-preview":"max-image-preview:large","max-video-preview":"max-video-preview:-1"},"canonical":"https:\/\/rider-tyres.eu\/tr\/nereden-satin-alacaginizi-kontrol-edin\/","og_locale":"tr_TR","og_type":"article","og_title":"Nereden sat\u0131n alaca\u011f\u0131n\u0131z\u0131 kontrol edin - Rider Tyres","og_description":"Resmi ortaklar \u00c7evrimi\u00e7i ma\u011fazalar oponafelga.co.uk ppgtyres.com K\u0131rtasiye d\u00fckkanlar\u0131","og_url":"https:\/\/rider-tyres.eu\/tr\/nereden-satin-alacaginizi-kontrol-edin\/","og_site_name":"Rider Tyres","article_modified_time":"2024-11-20T12:20:55+00:00","og_image":[{"width":300,"height":100,"url":"https:\/\/rider-tyres.eu\/wp-content\/uploads\/2024\/05\/oponafelga.webp","type":"image\/webp"}],"twitter_card":"summary_large_image","schema":{"@context":"https:\/\/schema.org","@graph":[{"@type":"WebPage","@id":"https:\/\/rider-tyres.eu\/tr\/nereden-satin-alacaginizi-kontrol-edin\/","url":"https:\/\/rider-tyres.eu\/tr\/nereden-satin-alacaginizi-kontrol-edin\/","name":"Nereden sat\u0131n alaca\u011f\u0131n\u0131z\u0131 kontrol edin - Rider Tyres","isPartOf":{"@id":"https:\/\/rider-tyres.eu\/tr\/#website"},"primaryImageOfPage":{"@id":"https:\/\/rider-tyres.eu\/tr\/nereden-satin-alacaginizi-kontrol-edin\/#primaryimage"},"image":{"@id":"https:\/\/rider-tyres.eu\/tr\/nereden-satin-alacaginizi-kontrol-edin\/#primaryimage"},"thumbnailUrl":"https:\/\/rider-tyres.eu\/wp-content\/uploads\/2024\/05\/oponafelga.webp","datePublished":"2024-04-22T20:00:59+00:00","dateModified":"2024-11-20T12:20:55+00:00","breadcrumb":{"@id":"https:\/\/rider-tyres.eu\/tr\/nereden-satin-alacaginizi-kontrol-edin\/#breadcrumb"},"inLanguage":"tr","potentialAction":[{"@type":"ReadAction","target":["https:\/\/rider-tyres.eu\/tr\/nereden-satin-alacaginizi-kontrol-edin\/"]}]},{"@type":"ImageObject","inLanguage":"tr","@id":"https:\/\/rider-tyres.eu\/tr\/nereden-satin-alacaginizi-kontrol-edin\/#primaryimage","url":"https:\/\/rider-tyres.eu\/wp-content\/uploads\/2024\/05\/oponafelga.webp","contentUrl":"https:\/\/rider-tyres.eu\/wp-content\/uploads\/2024\/05\/oponafelga.webp"},{"@type":"BreadcrumbList","@id":"https:\/\/rider-tyres.eu\/tr\/nereden-satin-alacaginizi-kontrol-edin\/#breadcrumb","itemListElement":[{"@type":"ListItem","position":1,"name":"Strona g\u0142\u00f3wna","item":"https:\/\/rider-tyres.eu\/tr\/"},{"@type":"ListItem","position":2,"name":"Nereden sat\u0131n alaca\u011f\u0131n\u0131z\u0131 kontrol edin"}]},{"@type":"WebSite","@id":"https:\/\/rider-tyres.eu\/tr\/#website","url":"https:\/\/rider-tyres.eu\/tr\/","name":"Rider Tyres","description":"Opony na ka\u017cdy teren","publisher":{"@id":"https:\/\/rider-tyres.eu\/tr\/#organization"},"potentialAction":[{"@type":"SearchAction","target":{"@type":"EntryPoint","urlTemplate":"https:\/\/rider-tyres.eu\/tr\/?s={search_term_string}"},"query-input":{"@type":"PropertyValueSpecification","valueRequired":true,"valueName":"search_term_string"}}],"inLanguage":"tr"},{"@type":"Organization","@id":"https:\/\/rider-tyres.eu\/tr\/#organization","name":"Rider Tyres","url":"https:\/\/rider-tyres.eu\/tr\/","logo":{"@type":"ImageObject","inLanguage":"tr","@id":"https:\/\/rider-tyres.eu\/tr\/#\/schema\/logo\/image\/","url":"https:\/\/rider-tyres.eu\/wp-content\/uploads\/2024\/02\/White-logo-no-background-01.svg","contentUrl":"https:\/\/rider-tyres.eu\/wp-content\/uploads\/2024\/02\/White-logo-no-background-01.svg","caption":"Rider Tyres"},"image":{"@id":"https:\/\/rider-tyres.eu\/tr\/#\/schema\/logo\/image\/"}}]}},"_links":{"self":[{"href":"https:\/\/rider-tyres.eu\/tr\/wp-json\/wp\/v2\/pages\/8873","targetHints":{"allow":["GET"]}}],"collection":[{"href":"https:\/\/rider-tyres.eu\/tr\/wp-json\/wp\/v2\/pages"}],"about":[{"href":"https:\/\/rider-tyres.eu\/tr\/wp-json\/wp\/v2\/types\/page"}],"author":[{"embeddable":true,"href":"https:\/\/rider-tyres.eu\/tr\/wp-json\/wp\/v2\/users\/1"}],"replies":[{"embeddable":true,"href":"https:\/\/rider-tyres.eu\/tr\/wp-json\/wp\/v2\/comments?post=8873"}],"version-history":[{"count":1,"href":"https:\/\/rider-tyres.eu\/tr\/wp-json\/wp\/v2\/pages\/8873\/revisions"}],"predecessor-version":[{"id":8884,"href":"https:\/\/rider-tyres.eu\/tr\/wp-json\/wp\/v2\/pages\/8873\/revisions\/8884"}],"wp:attachment":[{"href":"https:\/\/rider-tyres.eu\/tr\/wp-json\/wp\/v2\/media?parent=8873"}],"curies":[{"name":"wp","href":"https:\/\/api.w.org\/{rel}","templated":true}]}}