{"id":8863,"date":"2024-03-17T19:09:04","date_gmt":"2024-03-17T18:09:04","guid":{"rendered":"https:\/\/rider-tyres.eu\/hakkimizda\/"},"modified":"2024-11-20T13:20:47","modified_gmt":"2024-11-20T12:20:47","slug":"hakkimizda","status":"publish","type":"page","link":"https:\/\/rider-tyres.eu\/tr\/hakkimizda\/","title":{"rendered":"Hakk\u0131m\u0131zda"},"content":{"rendered":"\t\t<div data-elementor-type=\"wp-page\" data-elementor-id=\"8863\" class=\"elementor elementor-8863 elementor-439\" data-elementor-post-type=\"page\">\n\t\t\t\t<div class=\"elementor-element elementor-element-eee23da e-flex e-con-boxed e-con e-parent\" data-id=\"eee23da\" data-element_type=\"container\" data-e-type=\"container\" data-settings=\"{&quot;background_background&quot;:&quot;classic&quot;,&quot;jet_parallax_layout_list&quot;:[]}\">\n\t\t\t\t\t<div class=\"e-con-inner\">\n\t\t\t\t<div class=\"elementor-element elementor-element-f2e7701 elementor-widget elementor-widget-breadcrumbs\" data-id=\"f2e7701\" data-element_type=\"widget\" data-e-type=\"widget\" data-widget_type=\"breadcrumbs.default\">\n\t\t\t\t<div class=\"elementor-widget-container\">\n\t\t\t\t\t<p id=\"breadcrumbs\"><span><span><a href=\"https:\/\/rider-tyres.eu\/tr\/\">Strona g\u0142\u00f3wna<\/a><\/span><\/span><\/p>\t\t\t\t<\/div>\n\t\t\t\t<\/div>\n\t\t\t\t<div class=\"elementor-element elementor-element-6fcedaa elementor-widget elementor-widget-heading\" data-id=\"6fcedaa\" data-element_type=\"widget\" data-e-type=\"widget\" data-widget_type=\"heading.default\">\n\t\t\t\t<div class=\"elementor-widget-container\">\n\t\t\t\t\t<h2 class=\"elementor-heading-title elementor-size-default\">Hakk\u0131m\u0131zda<\/h2>\t\t\t\t<\/div>\n\t\t\t\t<\/div>\n\t\t\t\t<div class=\"elementor-element elementor-element-2882f15 elementor-widget__width-initial elementor-widget elementor-widget-heading\" data-id=\"2882f15\" data-element_type=\"widget\" data-e-type=\"widget\" data-widget_type=\"heading.default\">\n\t\t\t\t<div class=\"elementor-widget-container\">\n\t\t\t\t\t<h1 class=\"elementor-heading-title elementor-size-default\">S\u00fcr\u00fcc\u00fc Lastikleri: Yolda G\u00fcvenli\u011finiz ve Ekolojiniz<\/h1>\t\t\t\t<\/div>\n\t\t\t\t<\/div>\n\t\t\t\t\t<\/div>\n\t\t\t\t<\/div>\n\t\t<div class=\"elementor-element elementor-element-6b0e893 e-flex e-con-boxed e-con e-parent\" data-id=\"6b0e893\" data-element_type=\"container\" data-e-type=\"container\" data-settings=\"{&quot;jet_parallax_layout_list&quot;:[]}\">\n\t\t\t\t\t<div class=\"e-con-inner\">\n\t\t<div class=\"elementor-element elementor-element-c40374e e-con-full e-flex e-con e-child\" data-id=\"c40374e\" data-element_type=\"container\" data-e-type=\"container\" data-settings=\"{&quot;jet_parallax_layout_list&quot;:[]}\">\n\t\t\t\t<div class=\"elementor-element elementor-element-4555f7b elementor-widget elementor-widget-heading\" data-id=\"4555f7b\" data-element_type=\"widget\" data-e-type=\"widget\" data-widget_type=\"heading.default\">\n\t\t\t\t<div class=\"elementor-widget-container\">\n\t\t\t\t\t<h2 class=\"elementor-heading-title elementor-size-default\">Misyon ve Vizyon<\/h2>\t\t\t\t<\/div>\n\t\t\t\t<\/div>\n\t\t\t\t<div class=\"elementor-element elementor-element-91b3bec elementor-widget-divider--view-line elementor-widget elementor-widget-divider\" data-id=\"91b3bec\" data-element_type=\"widget\" data-e-type=\"widget\" data-widget_type=\"divider.default\">\n\t\t\t\t<div class=\"elementor-widget-container\">\n\t\t\t\t\t\t\t<div class=\"elementor-divider\">\n\t\t\t<span class=\"elementor-divider-separator\">\n\t\t\t\t\t\t<\/span>\n\t\t<\/div>\n\t\t\t\t\t\t<\/div>\n\t\t\t\t<\/div>\n\t\t\t\t<\/div>\n\t\t<div class=\"elementor-element elementor-element-fbc0edd e-con-full e-flex e-con e-child\" data-id=\"fbc0edd\" data-element_type=\"container\" data-e-type=\"container\" data-settings=\"{&quot;jet_parallax_layout_list&quot;:[]}\">\n\t\t\t\t<div class=\"elementor-element elementor-element-54402fd elementor-widget elementor-widget-text-editor\" data-id=\"54402fd\" data-element_type=\"widget\" data-e-type=\"widget\" data-widget_type=\"text-editor.default\">\n\t\t\t\t<div class=\"elementor-widget-container\">\n\t\t\t\t\t\t\t\t\t<p>Nihai hedefimiz SUV ve off-road s\u00fcr\u00fcc\u00fclerine g\u00fcvenlik, g\u00fcvenilirlik ve performans\u0131 garanti eden en y\u00fcksek kalitede kaplanm\u0131\u015f lastikler sunmakt\u0131r. Yol lastiklerinden All Terrain, Mud Terrain ve Extreme gibi zorlu arazi ko\u015fullar\u0131 i\u00e7in tasarlanm\u0131\u015f modellere kadar geni\u015f bir lastik yelpazesi sunuyoruz. Rider Tyres olarak, g\u00fcvenlik ve \u00e7evrenin korunmas\u0131 i\u00e7in inovasyona \u00f6nem veriyoruz.  <\/p>\n\t\t\t\t\t\t\t\t<\/div>\n\t\t\t\t<\/div>\n\t\t\t\t<\/div>\n\t\t\t\t\t<\/div>\n\t\t\t\t<\/div>\n\t\t<div class=\"elementor-element elementor-element-449ece6 e-flex e-con-boxed e-con e-parent\" data-id=\"449ece6\" data-element_type=\"container\" data-e-type=\"container\" data-settings=\"{&quot;jet_parallax_layout_list&quot;:[]}\">\n\t\t\t\t\t<div class=\"e-con-inner\">\n\t\t<div class=\"elementor-element elementor-element-8efb19e e-con-full e-flex e-con e-child\" data-id=\"8efb19e\" data-element_type=\"container\" data-e-type=\"container\" data-settings=\"{&quot;jet_parallax_layout_list&quot;:[]}\">\n\t\t\t\t<div class=\"elementor-element elementor-element-982ba5b elementor-widget elementor-widget-heading\" data-id=\"982ba5b\" data-element_type=\"widget\" data-e-type=\"widget\" data-widget_type=\"heading.default\">\n\t\t\t\t<div class=\"elementor-widget-container\">\n\t\t\t\t\t<h2 class=\"elementor-heading-title elementor-size-default\">De\u011ferlerimiz<\/h2>\t\t\t\t<\/div>\n\t\t\t\t<\/div>\n\t\t\t\t<div class=\"elementor-element elementor-element-254a2a6 elementor-widget-divider--view-line elementor-widget elementor-widget-divider\" data-id=\"254a2a6\" data-element_type=\"widget\" data-e-type=\"widget\" data-widget_type=\"divider.default\">\n\t\t\t\t<div class=\"elementor-widget-container\">\n\t\t\t\t\t\t\t<div class=\"elementor-divider\">\n\t\t\t<span class=\"elementor-divider-separator\">\n\t\t\t\t\t\t<\/span>\n\t\t<\/div>\n\t\t\t\t\t\t<\/div>\n\t\t\t\t<\/div>\n\t\t\t\t<\/div>\n\t\t<div class=\"elementor-element elementor-element-976b02b e-con-full e-flex e-con e-child\" data-id=\"976b02b\" data-element_type=\"container\" data-e-type=\"container\" data-settings=\"{&quot;jet_parallax_layout_list&quot;:[]}\">\n\t\t\t\t<div class=\"elementor-element elementor-element-835dc71 elementor-widget elementor-widget-text-editor\" data-id=\"835dc71\" data-element_type=\"widget\" data-e-type=\"widget\" data-widget_type=\"text-editor.default\">\n\t\t\t\t<div class=\"elementor-widget-container\">\n\t\t\t\t\t\t\t\t\t<p>G\u00fcvenlik, ekoloji ve en y\u00fcksek kalite, i\u015fimizin dayand\u0131\u011f\u0131 temellerdir. \u00c7evresel sorumlulu\u011fun ve \u00fcr\u00fcnlerimizin teknik ayr\u0131nt\u0131lar\u0131na g\u00f6sterilen \u00f6zenin, kaplanm\u0131\u015f lastiklerimizin kullan\u0131c\u0131lar\u0131 i\u00e7in maksimum g\u00fcvenlik sa\u011flamakla el ele gitti\u011fine inan\u0131yoruz. <\/p>\n\t\t\t\t\t\t\t\t<\/div>\n\t\t\t\t<\/div>\n\t\t\t\t<\/div>\n\t\t\t\t\t<\/div>\n\t\t\t\t<\/div>\n\t\t<div class=\"elementor-element elementor-element-65274c2 e-flex e-con-boxed e-con e-parent\" data-id=\"65274c2\" data-element_type=\"container\" data-e-type=\"container\" data-settings=\"{&quot;jet_parallax_layout_list&quot;:[]}\">\n\t\t\t\t\t<div class=\"e-con-inner\">\n\t\t<div class=\"elementor-element elementor-element-95e7985 e-con-full e-flex e-con e-child\" data-id=\"95e7985\" data-element_type=\"container\" data-e-type=\"container\" data-settings=\"{&quot;jet_parallax_layout_list&quot;:[]}\">\n\t\t\t\t<div class=\"elementor-element elementor-element-de9e098 elementor-widget elementor-widget-heading\" data-id=\"de9e098\" data-element_type=\"widget\" data-e-type=\"widget\" data-widget_type=\"heading.default\">\n\t\t\t\t<div class=\"elementor-widget-container\">\n\t\t\t\t\t<h2 class=\"elementor-heading-title elementor-size-default\">Bizi di\u011ferlerinden ay\u0131ran \u015fey<\/h2>\t\t\t\t<\/div>\n\t\t\t\t<\/div>\n\t\t\t\t<div class=\"elementor-element elementor-element-a4e0347 elementor-widget-divider--view-line elementor-widget elementor-widget-divider\" data-id=\"a4e0347\" data-element_type=\"widget\" data-e-type=\"widget\" data-widget_type=\"divider.default\">\n\t\t\t\t<div class=\"elementor-widget-container\">\n\t\t\t\t\t\t\t<div class=\"elementor-divider\">\n\t\t\t<span class=\"elementor-divider-separator\">\n\t\t\t\t\t\t<\/span>\n\t\t<\/div>\n\t\t\t\t\t\t<\/div>\n\t\t\t\t<\/div>\n\t\t\t\t<\/div>\n\t\t<div class=\"elementor-element elementor-element-37837f8 e-con-full e-flex e-con e-child\" data-id=\"37837f8\" data-element_type=\"container\" data-e-type=\"container\" data-settings=\"{&quot;jet_parallax_layout_list&quot;:[]}\">\n\t\t\t\t<div class=\"elementor-element elementor-element-31a8c97 elementor-widget elementor-widget-text-editor\" data-id=\"31a8c97\" data-element_type=\"widget\" data-e-type=\"widget\" data-widget_type=\"text-editor.default\">\n\t\t\t\t<div class=\"elementor-widget-container\">\n\t\t\t\t\t\t\t\t\t<p>Rider Tyres, lastik end\u00fcstrisindeki uzun y\u0131llara dayanan deneyimi ve ekolojik \u00fcretime olan ba\u011fl\u0131l\u0131\u011f\u0131yla \u00f6ne \u00e7\u0131kmaktad\u0131r. \u00dcr\u00fcnlerimiz, titiz testlerin ve s\u00fcrekli m\u00fckemmellik \u00e7abas\u0131n\u0131n sonucudur. \u00dcr\u00fcn yelpazemizi daha da geni\u015f bir m\u00fc\u015fteri kitlesinin beklentilerini kar\u015f\u0131layacak \u015fekilde geni\u015fletmek i\u00e7in s\u00fcrekli \u00e7al\u0131\u015f\u0131yor ve \u00e7evresel konulara giderek daha fazla \u00f6nem veriyoruz.  <\/p>\n\t\t\t\t\t\t\t\t<\/div>\n\t\t\t\t<\/div>\n\t\t\t\t<\/div>\n\t\t\t\t\t<\/div>\n\t\t\t\t<\/div>\n\t\t<div class=\"elementor-element elementor-element-0ba5ef2 e-flex e-con-boxed e-con e-parent\" data-id=\"0ba5ef2\" data-element_type=\"container\" data-e-type=\"container\" data-settings=\"{&quot;jet_parallax_layout_list&quot;:[]}\">\n\t\t\t\t\t<div class=\"e-con-inner\">\n\t\t<div class=\"elementor-element elementor-element-9b3786d e-con-full e-flex e-con e-child\" data-id=\"9b3786d\" data-element_type=\"container\" data-e-type=\"container\" data-settings=\"{&quot;jet_parallax_layout_list&quot;:[]}\">\n\t\t\t\t<div class=\"elementor-element elementor-element-60ddcd7 elementor-widget elementor-widget-heading\" data-id=\"60ddcd7\" data-element_type=\"widget\" data-e-type=\"widget\" data-widget_type=\"heading.default\">\n\t\t\t\t<div class=\"elementor-widget-container\">\n\t\t\t\t\t<h2 class=\"elementor-heading-title elementor-size-default\">Bizim Gelece\u011fimiz<\/h2>\t\t\t\t<\/div>\n\t\t\t\t<\/div>\n\t\t\t\t<div class=\"elementor-element elementor-element-36b8ed8 elementor-widget-divider--view-line elementor-widget elementor-widget-divider\" data-id=\"36b8ed8\" data-element_type=\"widget\" data-e-type=\"widget\" data-widget_type=\"divider.default\">\n\t\t\t\t<div class=\"elementor-widget-container\">\n\t\t\t\t\t\t\t<div class=\"elementor-divider\">\n\t\t\t<span class=\"elementor-divider-separator\">\n\t\t\t\t\t\t<\/span>\n\t\t<\/div>\n\t\t\t\t\t\t<\/div>\n\t\t\t\t<\/div>\n\t\t\t\t<\/div>\n\t\t<div class=\"elementor-element elementor-element-b3ad66b e-con-full e-flex e-con e-child\" data-id=\"b3ad66b\" data-element_type=\"container\" data-e-type=\"container\" data-settings=\"{&quot;jet_parallax_layout_list&quot;:[]}\">\n\t\t\t\t<div class=\"elementor-element elementor-element-61e25da elementor-widget elementor-widget-text-editor\" data-id=\"61e25da\" data-element_type=\"widget\" data-e-type=\"widget\" data-widget_type=\"text-editor.default\">\n\t\t\t\t<div class=\"elementor-widget-container\">\n\t\t\t\t\t\t\t\t\t<p>Lastiklerimizi yenilik ve s\u00fcrd\u00fcr\u00fclebilirlikle e\u015f anlaml\u0131 hale getirmeyi hedefliyoruz. Gelece\u011fe y\u00f6nelik planlar\u0131m\u0131z, her s\u00fcr\u00fcc\u00fcn\u00fcn kendi ihtiya\u00e7lar\u0131 ve s\u00fcr\u00fc\u015f tarz\u0131 i\u00e7in m\u00fckemmel lasti\u011fi bulabilmesi i\u00e7in ebat ve model yelpazemizi geni\u015fletmeye odaklan\u0131yor. <\/p>\n\t\t\t\t\t\t\t\t<\/div>\n\t\t\t\t<\/div>\n\t\t\t\t<\/div>\n\t\t\t\t\t<\/div>\n\t\t\t\t<\/div>\n\t\t<div class=\"elementor-element elementor-element-effe6bb e-flex e-con-boxed e-con e-parent\" data-id=\"effe6bb\" data-element_type=\"container\" data-e-type=\"container\" data-settings=\"{&quot;background_background&quot;:&quot;classic&quot;,&quot;jet_parallax_layout_list&quot;:[]}\">\n\t\t\t\t\t<div class=\"e-con-inner\">\n\t\t<div class=\"elementor-element elementor-element-ad5cfa1 e-con-full e-flex e-con e-child\" data-id=\"ad5cfa1\" data-element_type=\"container\" data-e-type=\"container\" data-settings=\"{&quot;jet_parallax_layout_list&quot;:[]}\">\n\t\t\t\t<div class=\"elementor-element elementor-element-d1fe032 elementor-widget elementor-widget-heading\" data-id=\"d1fe032\" data-element_type=\"widget\" data-e-type=\"widget\" data-widget_type=\"heading.default\">\n\t\t\t\t<div class=\"elementor-widget-container\">\n\t\t\t\t\t<h2 class=\"elementor-heading-title elementor-size-default\">Sosyal ve \u00c7evresel Taahh\u00fcd\u00fcm\u00fcz<\/h2>\t\t\t\t<\/div>\n\t\t\t\t<\/div>\n\t\t\t\t<div class=\"elementor-element elementor-element-5d7c864 elementor-widget-divider--view-line elementor-widget elementor-widget-divider\" data-id=\"5d7c864\" data-element_type=\"widget\" data-e-type=\"widget\" data-widget_type=\"divider.default\">\n\t\t\t\t<div class=\"elementor-widget-container\">\n\t\t\t\t\t\t\t<div class=\"elementor-divider\">\n\t\t\t<span class=\"elementor-divider-separator\">\n\t\t\t\t\t\t<\/span>\n\t\t<\/div>\n\t\t\t\t\t\t<\/div>\n\t\t\t\t<\/div>\n\t\t\t\t<div class=\"elementor-element elementor-element-63a02dd elementor-widget elementor-widget-text-editor\" data-id=\"63a02dd\" data-element_type=\"widget\" data-e-type=\"widget\" data-widget_type=\"text-editor.default\">\n\t\t\t\t<div class=\"elementor-widget-container\">\n\t\t\t\t\t\t\t\t\t<p>Derin aile k\u00f6klerine sahip bir \u015firket olarak Rider Tyres, \u00e7evreye derinden ba\u011fl\u0131d\u0131r. Kaplama i\u015flemimiz sadece lastiklerin \u00f6mr\u00fcn\u00fc uzatmakla kalmaz, ayn\u0131 zamanda at\u0131k ve hammadde t\u00fcketimini de azalt\u0131r. En y\u00fcksek kalite ve performanstan \u00f6d\u00fcn vermeden \u00e7evre dostu \u00fcr\u00fcnler sunmaktan gurur duyuyoruz.  <\/p>\n\t\t\t\t\t\t\t\t<\/div>\n\t\t\t\t<\/div>\n\t\t\t\t<\/div>\n\t\t<div class=\"elementor-element elementor-element-0468247 e-con-full e-flex e-con e-child\" data-id=\"0468247\" data-element_type=\"container\" data-e-type=\"container\" data-settings=\"{&quot;jet_parallax_layout_list&quot;:[]}\">\n\t\t\t\t<\/div>\n\t\t\t\t\t<\/div>\n\t\t\t\t<\/div>\n\t\t<div class=\"elementor-element elementor-element-c5a31cb e-flex e-con-boxed e-con e-parent\" data-id=\"c5a31cb\" data-element_type=\"container\" data-e-type=\"container\" data-settings=\"{&quot;jet_parallax_layout_list&quot;:[]}\">\n\t\t\t\t\t<div class=\"e-con-inner\">\n\t\t\t\t<div class=\"elementor-element elementor-element-babb211 elementor-widget elementor-widget-heading\" data-id=\"babb211\" data-element_type=\"widget\" data-e-type=\"widget\" data-widget_type=\"heading.default\">\n\t\t\t\t<div class=\"elementor-widget-container\">\n\t\t\t\t\t<h2 class=\"elementor-heading-title elementor-size-default\">Yolculu\u011fumuza kat\u0131l\u0131n<\/h2>\t\t\t\t<\/div>\n\t\t\t\t<\/div>\n\t\t\t\t<div class=\"elementor-element elementor-element-8481e5f elementor-widget-divider--view-line elementor-widget elementor-widget-divider\" data-id=\"8481e5f\" data-element_type=\"widget\" data-e-type=\"widget\" data-widget_type=\"divider.default\">\n\t\t\t\t<div class=\"elementor-widget-container\">\n\t\t\t\t\t\t\t<div class=\"elementor-divider\">\n\t\t\t<span class=\"elementor-divider-separator\">\n\t\t\t\t\t\t<\/span>\n\t\t<\/div>\n\t\t\t\t\t\t<\/div>\n\t\t\t\t<\/div>\n\t\t\t\t<div class=\"elementor-element elementor-element-ee4f0d4 elementor-widget__width-initial elementor-widget-mobile__width-inherit elementor-widget elementor-widget-text-editor\" data-id=\"ee4f0d4\" data-element_type=\"widget\" data-e-type=\"widget\" data-widget_type=\"text-editor.default\">\n\t\t\t\t<div class=\"elementor-widget-container\">\n\t\t\t\t\t\t\t\t\t<p>Rider Tyres&#8217;\u0131 se\u00e7ti\u011finizde kaliteye, yenili\u011fe ve sorumlulu\u011fa de\u011fer veren bir toplulu\u011fa kat\u0131lm\u0131\u015f olursunuz. Sizi g\u00fcvenlik, ekoloji ve g\u00fcvenilirli\u011fin gidilen her yolun temel ta\u015flar\u0131 oldu\u011fu bir yolculukta bize kat\u0131lmaya davet ediyoruz. Rider Tyres ile s\u0131n\u0131rlar\u0131 zorlay\u0131n, yeni yollar ke\u015ffedin ve benzersiz bir s\u00fcr\u00fc\u015f\u00fcn tad\u0131n\u0131 \u00e7\u0131kar\u0131n.  <\/p>\n\t\t\t\t\t\t\t\t<\/div>\n\t\t\t\t<\/div>\n\t\t\t\t<div class=\"elementor-element elementor-element-af9b7e8 elementor-widget elementor-widget-button\" data-id=\"af9b7e8\" data-element_type=\"widget\" data-e-type=\"widget\" data-widget_type=\"button.default\">\n\t\t\t\t<div class=\"elementor-widget-container\">\n\t\t\t\t\t\t\t\t\t<div class=\"elementor-button-wrapper\">\n\t\t\t\t\t<a class=\"elementor-button elementor-button-link elementor-size-sm\" href=\"#oferta\">\n\t\t\t\t\t\t<span class=\"elementor-button-content-wrapper\">\n\t\t\t\t\t\t\t\t\t<span class=\"elementor-button-text\">Teklifimizi kontrol edin<\/span>\n\t\t\t\t\t<\/span>\n\t\t\t\t\t<\/a>\n\t\t\t\t<\/div>\n\t\t\t\t\t\t\t\t<\/div>\n\t\t\t\t<\/div>\n\t\t\t\t\t<\/div>\n\t\t\t\t<\/div>\n\t\t<div class=\"elementor-element elementor-element-d6f49ad e-flex e-con-boxed e-con e-parent\" data-id=\"d6f49ad\" data-element_type=\"container\" data-e-type=\"container\" data-settings=\"{&quot;background_background&quot;:&quot;classic&quot;,&quot;jet_parallax_layout_list&quot;:[]}\">\n\t\t\t\t\t<div class=\"e-con-inner\">\n\t\t\t\t<div class=\"elementor-element elementor-element-cda92ba elementor-widget__width-initial elementor-widget-mobile__width-inherit elementor-widget elementor-widget-heading\" data-id=\"cda92ba\" data-element_type=\"widget\" data-e-type=\"widget\" data-widget_type=\"heading.default\">\n\t\t\t\t<div class=\"elementor-widget-container\">\n\t\t\t\t\t<h2 class=\"elementor-heading-title elementor-size-default\">Rider - S\u0131n\u0131rlar\u0131 zorlay\u0131n, yeni yollar ke\u015ffedin, benzersiz bir s\u00fcr\u00fc\u015f\u00fcn tad\u0131n\u0131 \u00e7\u0131kar\u0131n.<\/h2>\t\t\t\t<\/div>\n\t\t\t\t<\/div>\n\t\t\t\t\t<\/div>\n\t\t\t\t<\/div>\n\t\t\t\t<\/div>\n\t\t","protected":false},"excerpt":{"rendered":"<p>S\u00fcr\u00fcc\u00fc Lastikleri: Yolda G\u00fcvenli\u011finiz ve Ekolojiniz Misyon ve Vizyon Nihai hedefimiz SUV ve off-road s\u00fcr\u00fcc\u00fclerine g\u00fcvenlik, g\u00fcvenilirlik ve performans\u0131 garanti eden en y\u00fcksek kalitede kaplanm\u0131\u015f lastikler sunmakt\u0131r. Yol lastiklerinden All Terrain, Mud Terrain ve Extreme gibi zorlu arazi ko\u015fullar\u0131 i\u00e7in tasarlanm\u0131\u015f modellere kadar geni\u015f bir lastik yelpazesi sunuyoruz. Rider Tyres olarak, g\u00fcvenlik ve \u00e7evrenin korunmas\u0131 [&hellip;]<\/p>\n","protected":false},"author":1,"featured_media":0,"parent":0,"menu_order":0,"comment_status":"closed","ping_status":"closed","template":"elementor_header_footer","meta":{"footnotes":""},"class_list":["post-8863","page","type-page","status-publish","hentry"],"yoast_head":"<!-- This site is optimized with the Yoast SEO plugin v27.3 - https:\/\/yoast.com\/product\/yoast-seo-wordpress\/ -->\n<title>Hakk\u0131m\u0131zda - Rider Tyres<\/title>\n<meta name=\"robots\" content=\"index, follow, max-snippet:-1, max-image-preview:large, max-video-preview:-1\" \/>\n<link rel=\"canonical\" href=\"https:\/\/rider-tyres.eu\/tr\/hakkimizda\/\" \/>\n<meta property=\"og:locale\" content=\"tr_TR\" \/>\n<meta property=\"og:type\" content=\"article\" \/>\n<meta property=\"og:title\" content=\"Hakk\u0131m\u0131zda - Rider Tyres\" \/>\n<meta property=\"og:description\" content=\"S\u00fcr\u00fcc\u00fc Lastikleri: Yolda G\u00fcvenli\u011finiz ve Ekolojiniz Misyon ve Vizyon Nihai hedefimiz SUV ve off-road s\u00fcr\u00fcc\u00fclerine g\u00fcvenlik, g\u00fcvenilirlik ve performans\u0131 garanti eden en y\u00fcksek kalitede kaplanm\u0131\u015f lastikler sunmakt\u0131r. Yol lastiklerinden All Terrain, Mud Terrain ve Extreme gibi zorlu arazi ko\u015fullar\u0131 i\u00e7in tasarlanm\u0131\u015f modellere kadar geni\u015f bir lastik yelpazesi sunuyoruz. Rider Tyres olarak, g\u00fcvenlik ve \u00e7evrenin korunmas\u0131 [&hellip;]\" \/>\n<meta property=\"og:url\" content=\"https:\/\/rider-tyres.eu\/tr\/hakkimizda\/\" \/>\n<meta property=\"og:site_name\" content=\"Rider Tyres\" \/>\n<meta property=\"article:modified_time\" content=\"2024-11-20T12:20:47+00:00\" \/>\n<meta name=\"twitter:card\" content=\"summary_large_image\" \/>\n<meta name=\"twitter:label1\" content=\"Tahmini okuma s\u00fcresi\" \/>\n\t<meta name=\"twitter:data1\" content=\"2 dakika\" \/>\n<script type=\"application\/ld+json\" class=\"yoast-schema-graph\">{\"@context\":\"https:\\\/\\\/schema.org\",\"@graph\":[{\"@type\":\"WebPage\",\"@id\":\"https:\\\/\\\/rider-tyres.eu\\\/tr\\\/hakkimizda\\\/\",\"url\":\"https:\\\/\\\/rider-tyres.eu\\\/tr\\\/hakkimizda\\\/\",\"name\":\"Hakk\u0131m\u0131zda - Rider Tyres\",\"isPartOf\":{\"@id\":\"https:\\\/\\\/rider-tyres.eu\\\/tr\\\/#website\"},\"datePublished\":\"2024-03-17T18:09:04+00:00\",\"dateModified\":\"2024-11-20T12:20:47+00:00\",\"breadcrumb\":{\"@id\":\"https:\\\/\\\/rider-tyres.eu\\\/tr\\\/hakkimizda\\\/#breadcrumb\"},\"inLanguage\":\"tr\",\"potentialAction\":[{\"@type\":\"ReadAction\",\"target\":[\"https:\\\/\\\/rider-tyres.eu\\\/tr\\\/hakkimizda\\\/\"]}]},{\"@type\":\"BreadcrumbList\",\"@id\":\"https:\\\/\\\/rider-tyres.eu\\\/tr\\\/hakkimizda\\\/#breadcrumb\",\"itemListElement\":[{\"@type\":\"ListItem\",\"position\":1,\"name\":\"Strona g\u0142\u00f3wna\",\"item\":\"https:\\\/\\\/rider-tyres.eu\\\/tr\\\/\"},{\"@type\":\"ListItem\",\"position\":2,\"name\":\"Hakk\u0131m\u0131zda\"}]},{\"@type\":\"WebSite\",\"@id\":\"https:\\\/\\\/rider-tyres.eu\\\/tr\\\/#website\",\"url\":\"https:\\\/\\\/rider-tyres.eu\\\/tr\\\/\",\"name\":\"Rider Tyres\",\"description\":\"Opony na ka\u017cdy teren\",\"publisher\":{\"@id\":\"https:\\\/\\\/rider-tyres.eu\\\/tr\\\/#organization\"},\"potentialAction\":[{\"@type\":\"SearchAction\",\"target\":{\"@type\":\"EntryPoint\",\"urlTemplate\":\"https:\\\/\\\/rider-tyres.eu\\\/tr\\\/?s={search_term_string}\"},\"query-input\":{\"@type\":\"PropertyValueSpecification\",\"valueRequired\":true,\"valueName\":\"search_term_string\"}}],\"inLanguage\":\"tr\"},{\"@type\":\"Organization\",\"@id\":\"https:\\\/\\\/rider-tyres.eu\\\/tr\\\/#organization\",\"name\":\"Rider Tyres\",\"url\":\"https:\\\/\\\/rider-tyres.eu\\\/tr\\\/\",\"logo\":{\"@type\":\"ImageObject\",\"inLanguage\":\"tr\",\"@id\":\"https:\\\/\\\/rider-tyres.eu\\\/tr\\\/#\\\/schema\\\/logo\\\/image\\\/\",\"url\":\"https:\\\/\\\/rider-tyres.eu\\\/wp-content\\\/uploads\\\/2024\\\/02\\\/White-logo-no-background-01.svg\",\"contentUrl\":\"https:\\\/\\\/rider-tyres.eu\\\/wp-content\\\/uploads\\\/2024\\\/02\\\/White-logo-no-background-01.svg\",\"caption\":\"Rider Tyres\"},\"image\":{\"@id\":\"https:\\\/\\\/rider-tyres.eu\\\/tr\\\/#\\\/schema\\\/logo\\\/image\\\/\"}}]}<\/script>\n<!-- \/ Yoast SEO plugin. -->","yoast_head_json":{"title":"Hakk\u0131m\u0131zda - Rider Tyres","robots":{"index":"index","follow":"follow","max-snippet":"max-snippet:-1","max-image-preview":"max-image-preview:large","max-video-preview":"max-video-preview:-1"},"canonical":"https:\/\/rider-tyres.eu\/tr\/hakkimizda\/","og_locale":"tr_TR","og_type":"article","og_title":"Hakk\u0131m\u0131zda - Rider Tyres","og_description":"S\u00fcr\u00fcc\u00fc Lastikleri: Yolda G\u00fcvenli\u011finiz ve Ekolojiniz Misyon ve Vizyon Nihai hedefimiz SUV ve off-road s\u00fcr\u00fcc\u00fclerine g\u00fcvenlik, g\u00fcvenilirlik ve performans\u0131 garanti eden en y\u00fcksek kalitede kaplanm\u0131\u015f lastikler sunmakt\u0131r. Yol lastiklerinden All Terrain, Mud Terrain ve Extreme gibi zorlu arazi ko\u015fullar\u0131 i\u00e7in tasarlanm\u0131\u015f modellere kadar geni\u015f bir lastik yelpazesi sunuyoruz. Rider Tyres olarak, g\u00fcvenlik ve \u00e7evrenin korunmas\u0131 [&hellip;]","og_url":"https:\/\/rider-tyres.eu\/tr\/hakkimizda\/","og_site_name":"Rider Tyres","article_modified_time":"2024-11-20T12:20:47+00:00","twitter_card":"summary_large_image","twitter_misc":{"Tahmini okuma s\u00fcresi":"2 dakika"},"schema":{"@context":"https:\/\/schema.org","@graph":[{"@type":"WebPage","@id":"https:\/\/rider-tyres.eu\/tr\/hakkimizda\/","url":"https:\/\/rider-tyres.eu\/tr\/hakkimizda\/","name":"Hakk\u0131m\u0131zda - Rider Tyres","isPartOf":{"@id":"https:\/\/rider-tyres.eu\/tr\/#website"},"datePublished":"2024-03-17T18:09:04+00:00","dateModified":"2024-11-20T12:20:47+00:00","breadcrumb":{"@id":"https:\/\/rider-tyres.eu\/tr\/hakkimizda\/#breadcrumb"},"inLanguage":"tr","potentialAction":[{"@type":"ReadAction","target":["https:\/\/rider-tyres.eu\/tr\/hakkimizda\/"]}]},{"@type":"BreadcrumbList","@id":"https:\/\/rider-tyres.eu\/tr\/hakkimizda\/#breadcrumb","itemListElement":[{"@type":"ListItem","position":1,"name":"Strona g\u0142\u00f3wna","item":"https:\/\/rider-tyres.eu\/tr\/"},{"@type":"ListItem","position":2,"name":"Hakk\u0131m\u0131zda"}]},{"@type":"WebSite","@id":"https:\/\/rider-tyres.eu\/tr\/#website","url":"https:\/\/rider-tyres.eu\/tr\/","name":"Rider Tyres","description":"Opony na ka\u017cdy teren","publisher":{"@id":"https:\/\/rider-tyres.eu\/tr\/#organization"},"potentialAction":[{"@type":"SearchAction","target":{"@type":"EntryPoint","urlTemplate":"https:\/\/rider-tyres.eu\/tr\/?s={search_term_string}"},"query-input":{"@type":"PropertyValueSpecification","valueRequired":true,"valueName":"search_term_string"}}],"inLanguage":"tr"},{"@type":"Organization","@id":"https:\/\/rider-tyres.eu\/tr\/#organization","name":"Rider Tyres","url":"https:\/\/rider-tyres.eu\/tr\/","logo":{"@type":"ImageObject","inLanguage":"tr","@id":"https:\/\/rider-tyres.eu\/tr\/#\/schema\/logo\/image\/","url":"https:\/\/rider-tyres.eu\/wp-content\/uploads\/2024\/02\/White-logo-no-background-01.svg","contentUrl":"https:\/\/rider-tyres.eu\/wp-content\/uploads\/2024\/02\/White-logo-no-background-01.svg","caption":"Rider Tyres"},"image":{"@id":"https:\/\/rider-tyres.eu\/tr\/#\/schema\/logo\/image\/"}}]}},"_links":{"self":[{"href":"https:\/\/rider-tyres.eu\/tr\/wp-json\/wp\/v2\/pages\/8863","targetHints":{"allow":["GET"]}}],"collection":[{"href":"https:\/\/rider-tyres.eu\/tr\/wp-json\/wp\/v2\/pages"}],"about":[{"href":"https:\/\/rider-tyres.eu\/tr\/wp-json\/wp\/v2\/types\/page"}],"author":[{"embeddable":true,"href":"https:\/\/rider-tyres.eu\/tr\/wp-json\/wp\/v2\/users\/1"}],"replies":[{"embeddable":true,"href":"https:\/\/rider-tyres.eu\/tr\/wp-json\/wp\/v2\/comments?post=8863"}],"version-history":[{"count":1,"href":"https:\/\/rider-tyres.eu\/tr\/wp-json\/wp\/v2\/pages\/8863\/revisions"}],"predecessor-version":[{"id":8865,"href":"https:\/\/rider-tyres.eu\/tr\/wp-json\/wp\/v2\/pages\/8863\/revisions\/8865"}],"wp:attachment":[{"href":"https:\/\/rider-tyres.eu\/tr\/wp-json\/wp\/v2\/media?parent=8863"}],"curies":[{"name":"wp","href":"https:\/\/api.w.org\/{rel}","templated":true}]}}