{"id":1210,"date":"2024-03-17T19:09:04","date_gmt":"2024-03-17T18:09:04","guid":{"rendered":"https:\/\/rider-tyres.eu\/o-nas\/"},"modified":"2024-04-22T21:17:22","modified_gmt":"2024-04-22T20:17:22","slug":"o-nas","status":"publish","type":"page","link":"https:\/\/rider-tyres.eu\/sk\/o-nas\/","title":{"rendered":"O n\u00e1s"},"content":{"rendered":"\t\t<div data-elementor-type=\"wp-page\" data-elementor-id=\"1210\" class=\"elementor elementor-1210 elementor-439\" data-elementor-post-type=\"page\">\n\t\t\t\t<div class=\"elementor-element elementor-element-eee23da e-flex e-con-boxed e-con e-parent\" data-id=\"eee23da\" data-element_type=\"container\" data-e-type=\"container\" data-settings=\"{&quot;background_background&quot;:&quot;classic&quot;,&quot;jet_parallax_layout_list&quot;:[]}\">\n\t\t\t\t\t<div class=\"e-con-inner\">\n\t\t\t\t<div class=\"elementor-element elementor-element-f2e7701 elementor-widget elementor-widget-breadcrumbs\" data-id=\"f2e7701\" data-element_type=\"widget\" data-e-type=\"widget\" data-widget_type=\"breadcrumbs.default\">\n\t\t\t\t<div class=\"elementor-widget-container\">\n\t\t\t\t\t<p id=\"breadcrumbs\"><span><span><a href=\"https:\/\/rider-tyres.eu\/sk\/\">Strona g\u0142\u00f3wna<\/a><\/span><\/span><\/p>\t\t\t\t<\/div>\n\t\t\t\t<\/div>\n\t\t\t\t<div class=\"elementor-element elementor-element-6fcedaa elementor-widget elementor-widget-heading\" data-id=\"6fcedaa\" data-element_type=\"widget\" data-e-type=\"widget\" data-widget_type=\"heading.default\">\n\t\t\t\t<div class=\"elementor-widget-container\">\n\t\t\t\t\t<h2 class=\"elementor-heading-title elementor-size-default\">O n\u00e1s<\/h2>\t\t\t\t<\/div>\n\t\t\t\t<\/div>\n\t\t\t\t<div class=\"elementor-element elementor-element-2882f15 elementor-widget__width-initial elementor-widget elementor-widget-heading\" data-id=\"2882f15\" data-element_type=\"widget\" data-e-type=\"widget\" data-widget_type=\"heading.default\">\n\t\t\t\t<div class=\"elementor-widget-container\">\n\t\t\t\t\t<h1 class=\"elementor-heading-title elementor-size-default\">Pneumatiky pre jazdcov: Va\u0161a bezpe\u010dnos\u0165 a ekol\u00f3gia na ceste<\/h1>\t\t\t\t<\/div>\n\t\t\t\t<\/div>\n\t\t\t\t\t<\/div>\n\t\t\t\t<\/div>\n\t\t<div class=\"elementor-element elementor-element-6b0e893 e-flex e-con-boxed e-con e-parent\" data-id=\"6b0e893\" data-element_type=\"container\" data-e-type=\"container\" data-settings=\"{&quot;jet_parallax_layout_list&quot;:[]}\">\n\t\t\t\t\t<div class=\"e-con-inner\">\n\t\t<div class=\"elementor-element elementor-element-c40374e e-con-full e-flex e-con e-child\" data-id=\"c40374e\" data-element_type=\"container\" data-e-type=\"container\" data-settings=\"{&quot;jet_parallax_layout_list&quot;:[]}\">\n\t\t\t\t<div class=\"elementor-element elementor-element-4555f7b elementor-widget elementor-widget-heading\" data-id=\"4555f7b\" data-element_type=\"widget\" data-e-type=\"widget\" data-widget_type=\"heading.default\">\n\t\t\t\t<div class=\"elementor-widget-container\">\n\t\t\t\t\t<h2 class=\"elementor-heading-title elementor-size-default\">Poslanie a v\u00edzia<\/h2>\t\t\t\t<\/div>\n\t\t\t\t<\/div>\n\t\t\t\t<div class=\"elementor-element elementor-element-91b3bec elementor-widget-divider--view-line elementor-widget elementor-widget-divider\" data-id=\"91b3bec\" data-element_type=\"widget\" data-e-type=\"widget\" data-widget_type=\"divider.default\">\n\t\t\t\t<div class=\"elementor-widget-container\">\n\t\t\t\t\t\t\t<div class=\"elementor-divider\">\n\t\t\t<span class=\"elementor-divider-separator\">\n\t\t\t\t\t\t<\/span>\n\t\t<\/div>\n\t\t\t\t\t\t<\/div>\n\t\t\t\t<\/div>\n\t\t\t\t<\/div>\n\t\t<div class=\"elementor-element elementor-element-fbc0edd e-con-full e-flex e-con e-child\" data-id=\"fbc0edd\" data-element_type=\"container\" data-e-type=\"container\" data-settings=\"{&quot;jet_parallax_layout_list&quot;:[]}\">\n\t\t\t\t<div class=\"elementor-element elementor-element-54402fd elementor-widget elementor-widget-text-editor\" data-id=\"54402fd\" data-element_type=\"widget\" data-e-type=\"widget\" data-widget_type=\"text-editor.default\">\n\t\t\t\t<div class=\"elementor-widget-container\">\n\t\t\t\t\t\t\t\t\t<p>Na\u0161\u00edm prvorad\u00fdm cie\u013eom je poskytova\u0165 vodi\u010dom vozidiel SUV a ter\u00e9nnych vozidiel \u0161pi\u010dkov\u00e9 protektorovan\u00e9 pneumatiky, ktor\u00e9 zaru\u010duj\u00fa bezpe\u010dnos\u0165, spo\u013eahlivos\u0165 a v\u00fdkon. Pon\u00fakame \u0161irok\u00fd sortiment pneumat\u00edk, od cestn\u00fdch a\u017e po modely ur\u010den\u00e9 do extr\u00e9mnych ter\u00e9nnych podmienok, ako s\u00fa All Terrain, Mud Terrain a Extreme. V spolo\u010dnosti Rider Tyres sa venujeme inov\u00e1ci\u00e1m, ktor\u00e9 sl\u00fa\u017eia bezpe\u010dnosti a ochrane \u017eivotn\u00e9ho prostredia.<\/p>\n\t\t\t\t\t\t\t\t<\/div>\n\t\t\t\t<\/div>\n\t\t\t\t<\/div>\n\t\t\t\t\t<\/div>\n\t\t\t\t<\/div>\n\t\t<div class=\"elementor-element elementor-element-449ece6 e-flex e-con-boxed e-con e-parent\" data-id=\"449ece6\" data-element_type=\"container\" data-e-type=\"container\" data-settings=\"{&quot;jet_parallax_layout_list&quot;:[]}\">\n\t\t\t\t\t<div class=\"e-con-inner\">\n\t\t<div class=\"elementor-element elementor-element-8efb19e e-con-full e-flex e-con e-child\" data-id=\"8efb19e\" data-element_type=\"container\" data-e-type=\"container\" data-settings=\"{&quot;jet_parallax_layout_list&quot;:[]}\">\n\t\t\t\t<div class=\"elementor-element elementor-element-982ba5b elementor-widget elementor-widget-heading\" data-id=\"982ba5b\" data-element_type=\"widget\" data-e-type=\"widget\" data-widget_type=\"heading.default\">\n\t\t\t\t<div class=\"elementor-widget-container\">\n\t\t\t\t\t<h2 class=\"elementor-heading-title elementor-size-default\">Na\u0161e hodnoty<\/h2>\t\t\t\t<\/div>\n\t\t\t\t<\/div>\n\t\t\t\t<div class=\"elementor-element elementor-element-254a2a6 elementor-widget-divider--view-line elementor-widget elementor-widget-divider\" data-id=\"254a2a6\" data-element_type=\"widget\" data-e-type=\"widget\" data-widget_type=\"divider.default\">\n\t\t\t\t<div class=\"elementor-widget-container\">\n\t\t\t\t\t\t\t<div class=\"elementor-divider\">\n\t\t\t<span class=\"elementor-divider-separator\">\n\t\t\t\t\t\t<\/span>\n\t\t<\/div>\n\t\t\t\t\t\t<\/div>\n\t\t\t\t<\/div>\n\t\t\t\t<\/div>\n\t\t<div class=\"elementor-element elementor-element-976b02b e-con-full e-flex e-con e-child\" data-id=\"976b02b\" data-element_type=\"container\" data-e-type=\"container\" data-settings=\"{&quot;jet_parallax_layout_list&quot;:[]}\">\n\t\t\t\t<div class=\"elementor-element elementor-element-835dc71 elementor-widget elementor-widget-text-editor\" data-id=\"835dc71\" data-element_type=\"widget\" data-e-type=\"widget\" data-widget_type=\"text-editor.default\">\n\t\t\t\t<div class=\"elementor-widget-container\">\n\t\t\t\t\t\t\t\t\t<p>Bezpe\u010dnos\u0165, ekol\u00f3gia a najvy\u0161\u0161ia kvalita s\u00fa piliere, na ktor\u00fdch je zalo\u017een\u00e9 na\u0161e podnikanie. Sme presved\u010den\u00ed, \u017ee zodpovednos\u0165 za \u017eivotn\u00e9 prostredie a pozornos\u0165 venovan\u00e1 technick\u00fdm detailom na\u0161ich v\u00fdrobkov id\u00fa ruka v ruke so zaisten\u00edm maxim\u00e1lnej bezpe\u010dnosti pou\u017e\u00edvate\u013eov na\u0161ich protektorovan\u00fdch pneumat\u00edk.<\/p>\n\t\t\t\t\t\t\t\t<\/div>\n\t\t\t\t<\/div>\n\t\t\t\t<\/div>\n\t\t\t\t\t<\/div>\n\t\t\t\t<\/div>\n\t\t<div class=\"elementor-element elementor-element-65274c2 e-flex e-con-boxed e-con e-parent\" data-id=\"65274c2\" data-element_type=\"container\" data-e-type=\"container\" data-settings=\"{&quot;jet_parallax_layout_list&quot;:[]}\">\n\t\t\t\t\t<div class=\"e-con-inner\">\n\t\t<div class=\"elementor-element elementor-element-95e7985 e-con-full e-flex e-con e-child\" data-id=\"95e7985\" data-element_type=\"container\" data-e-type=\"container\" data-settings=\"{&quot;jet_parallax_layout_list&quot;:[]}\">\n\t\t\t\t<div class=\"elementor-element elementor-element-de9e098 elementor-widget elementor-widget-heading\" data-id=\"de9e098\" data-element_type=\"widget\" data-e-type=\"widget\" data-widget_type=\"heading.default\">\n\t\t\t\t<div class=\"elementor-widget-container\">\n\t\t\t\t\t<h2 class=\"elementor-heading-title elementor-size-default\">\u010co n\u00e1s odli\u0161uje<\/h2>\t\t\t\t<\/div>\n\t\t\t\t<\/div>\n\t\t\t\t<div class=\"elementor-element elementor-element-a4e0347 elementor-widget-divider--view-line elementor-widget elementor-widget-divider\" data-id=\"a4e0347\" data-element_type=\"widget\" data-e-type=\"widget\" data-widget_type=\"divider.default\">\n\t\t\t\t<div class=\"elementor-widget-container\">\n\t\t\t\t\t\t\t<div class=\"elementor-divider\">\n\t\t\t<span class=\"elementor-divider-separator\">\n\t\t\t\t\t\t<\/span>\n\t\t<\/div>\n\t\t\t\t\t\t<\/div>\n\t\t\t\t<\/div>\n\t\t\t\t<\/div>\n\t\t<div class=\"elementor-element elementor-element-37837f8 e-con-full e-flex e-con e-child\" data-id=\"37837f8\" data-element_type=\"container\" data-e-type=\"container\" data-settings=\"{&quot;jet_parallax_layout_list&quot;:[]}\">\n\t\t\t\t<div class=\"elementor-element elementor-element-31a8c97 elementor-widget elementor-widget-text-editor\" data-id=\"31a8c97\" data-element_type=\"widget\" data-e-type=\"widget\" data-widget_type=\"text-editor.default\">\n\t\t\t\t<div class=\"elementor-widget-container\">\n\t\t\t\t\t\t\t\t\t<p>Spolo\u010dnos\u0165 Rider Tyres sa vyzna\u010duje dlhoro\u010dn\u00fdmi sk\u00fasenos\u0165ami v oblasti v\u00fdroby pneumat\u00edk a svoj\u00edm z\u00e1v\u00e4zkom k ekologickej v\u00fdrobe. Na\u0161e v\u00fdrobky s\u00fa v\u00fdsledkom pr\u00edsneho testovania a neust\u00e1leho \u00fasilia o dokonalos\u0165. Neust\u00e1le sa sna\u017e\u00edme roz\u0161irova\u0165 sortiment na\u0161ich v\u00fdrobkov, aby sme splnili o\u010dak\u00e1vania e\u0161te \u0161ir\u0161ieho okruhu z\u00e1kazn\u00edkov a z\u00e1rove\u0148 kl\u00e1dli \u010doraz v\u00e4\u010d\u0161\u00ed d\u00f4raz na environment\u00e1lne aspekty.<\/p>\n\t\t\t\t\t\t\t\t<\/div>\n\t\t\t\t<\/div>\n\t\t\t\t<\/div>\n\t\t\t\t\t<\/div>\n\t\t\t\t<\/div>\n\t\t<div class=\"elementor-element elementor-element-0ba5ef2 e-flex e-con-boxed e-con e-parent\" data-id=\"0ba5ef2\" data-element_type=\"container\" data-e-type=\"container\" data-settings=\"{&quot;jet_parallax_layout_list&quot;:[]}\">\n\t\t\t\t\t<div class=\"e-con-inner\">\n\t\t<div class=\"elementor-element elementor-element-9b3786d e-con-full e-flex e-con e-child\" data-id=\"9b3786d\" data-element_type=\"container\" data-e-type=\"container\" data-settings=\"{&quot;jet_parallax_layout_list&quot;:[]}\">\n\t\t\t\t<div class=\"elementor-element elementor-element-60ddcd7 elementor-widget elementor-widget-heading\" data-id=\"60ddcd7\" data-element_type=\"widget\" data-e-type=\"widget\" data-widget_type=\"heading.default\">\n\t\t\t\t<div class=\"elementor-widget-container\">\n\t\t\t\t\t<h2 class=\"elementor-heading-title elementor-size-default\">Na\u0161a bud\u00facnos\u0165<\/h2>\t\t\t\t<\/div>\n\t\t\t\t<\/div>\n\t\t\t\t<div class=\"elementor-element elementor-element-36b8ed8 elementor-widget-divider--view-line elementor-widget elementor-widget-divider\" data-id=\"36b8ed8\" data-element_type=\"widget\" data-e-type=\"widget\" data-widget_type=\"divider.default\">\n\t\t\t\t<div class=\"elementor-widget-container\">\n\t\t\t\t\t\t\t<div class=\"elementor-divider\">\n\t\t\t<span class=\"elementor-divider-separator\">\n\t\t\t\t\t\t<\/span>\n\t\t<\/div>\n\t\t\t\t\t\t<\/div>\n\t\t\t\t<\/div>\n\t\t\t\t<\/div>\n\t\t<div class=\"elementor-element elementor-element-b3ad66b e-con-full e-flex e-con e-child\" data-id=\"b3ad66b\" data-element_type=\"container\" data-e-type=\"container\" data-settings=\"{&quot;jet_parallax_layout_list&quot;:[]}\">\n\t\t\t\t<div class=\"elementor-element elementor-element-61e25da elementor-widget elementor-widget-text-editor\" data-id=\"61e25da\" data-element_type=\"widget\" data-e-type=\"widget\" data-widget_type=\"text-editor.default\">\n\t\t\t\t<div class=\"elementor-widget-container\">\n\t\t\t\t\t\t\t\t\t<p>Sna\u017e\u00edme sa, aby na\u0161e pneumatiky boli synonymom inov\u00e1cie a udr\u017eate\u013enosti. Na\u0161e pl\u00e1ny do bud\u00facnosti sa zameriavaj\u00fa na roz\u0161irovanie ponuky rozmerov a modelov, aby si ka\u017ed\u00fd vodi\u010d mohol n\u00e1js\u0165 dokonal\u00fa pneumatiku pre svoje potreby a \u0161t\u00fdl jazdy.<\/p>\n\t\t\t\t\t\t\t\t<\/div>\n\t\t\t\t<\/div>\n\t\t\t\t<\/div>\n\t\t\t\t\t<\/div>\n\t\t\t\t<\/div>\n\t\t<div class=\"elementor-element elementor-element-effe6bb e-flex e-con-boxed e-con e-parent\" data-id=\"effe6bb\" data-element_type=\"container\" data-e-type=\"container\" data-settings=\"{&quot;background_background&quot;:&quot;classic&quot;,&quot;jet_parallax_layout_list&quot;:[]}\">\n\t\t\t\t\t<div class=\"e-con-inner\">\n\t\t<div class=\"elementor-element elementor-element-ad5cfa1 e-con-full e-flex e-con e-child\" data-id=\"ad5cfa1\" data-element_type=\"container\" data-e-type=\"container\" data-settings=\"{&quot;jet_parallax_layout_list&quot;:[]}\">\n\t\t\t\t<div class=\"elementor-element elementor-element-d1fe032 elementor-widget elementor-widget-heading\" data-id=\"d1fe032\" data-element_type=\"widget\" data-e-type=\"widget\" data-widget_type=\"heading.default\">\n\t\t\t\t<div class=\"elementor-widget-container\">\n\t\t\t\t\t<h2 class=\"elementor-heading-title elementor-size-default\">N\u00e1\u0161 soci\u00e1lny a environment\u00e1lny z\u00e1v\u00e4zok<\/h2>\t\t\t\t<\/div>\n\t\t\t\t<\/div>\n\t\t\t\t<div class=\"elementor-element elementor-element-5d7c864 elementor-widget-divider--view-line elementor-widget elementor-widget-divider\" data-id=\"5d7c864\" data-element_type=\"widget\" data-e-type=\"widget\" data-widget_type=\"divider.default\">\n\t\t\t\t<div class=\"elementor-widget-container\">\n\t\t\t\t\t\t\t<div class=\"elementor-divider\">\n\t\t\t<span class=\"elementor-divider-separator\">\n\t\t\t\t\t\t<\/span>\n\t\t<\/div>\n\t\t\t\t\t\t<\/div>\n\t\t\t\t<\/div>\n\t\t\t\t<div class=\"elementor-element elementor-element-63a02dd elementor-widget elementor-widget-text-editor\" data-id=\"63a02dd\" data-element_type=\"widget\" data-e-type=\"widget\" data-widget_type=\"text-editor.default\">\n\t\t\t\t<div class=\"elementor-widget-container\">\n\t\t\t\t\t\t\t\t\t<p>Ako spolo\u010dnos\u0165 s hlbok\u00fdmi rodinn\u00fdmi kore\u0148mi sa Rider Tyres hlboko anga\u017euje v oblasti ochrany \u017eivotn\u00e9ho prostredia. N\u00e1\u0161 proces protektorovania nielen predl\u017euje \u017eivotnos\u0165 pneumat\u00edk, ale aj zni\u017euje mno\u017estvo odpadu a spotrebu surov\u00edn. Sme hrd\u00ed na to, \u017ee pon\u00fakame v\u00fdrobky, ktor\u00e9 s\u00fa \u0161etrn\u00e9 k \u017eivotn\u00e9mu prostrediu bez toho, aby sme obetovali \u0161pi\u010dkov\u00fa kvalitu a v\u00fdkon.<\/p>\n\t\t\t\t\t\t\t\t<\/div>\n\t\t\t\t<\/div>\n\t\t\t\t<\/div>\n\t\t<div class=\"elementor-element elementor-element-0468247 e-con-full e-flex e-con e-child\" data-id=\"0468247\" data-element_type=\"container\" data-e-type=\"container\" data-settings=\"{&quot;jet_parallax_layout_list&quot;:[]}\">\n\t\t\t\t<\/div>\n\t\t\t\t\t<\/div>\n\t\t\t\t<\/div>\n\t\t<div class=\"elementor-element elementor-element-c5a31cb e-flex e-con-boxed e-con e-parent\" data-id=\"c5a31cb\" data-element_type=\"container\" data-e-type=\"container\" data-settings=\"{&quot;jet_parallax_layout_list&quot;:[]}\">\n\t\t\t\t\t<div class=\"e-con-inner\">\n\t\t\t\t<div class=\"elementor-element elementor-element-babb211 elementor-widget elementor-widget-heading\" data-id=\"babb211\" data-element_type=\"widget\" data-e-type=\"widget\" data-widget_type=\"heading.default\">\n\t\t\t\t<div class=\"elementor-widget-container\">\n\t\t\t\t\t<h2 class=\"elementor-heading-title elementor-size-default\">Pridajte sa k na\u0161ej ceste<\/h2>\t\t\t\t<\/div>\n\t\t\t\t<\/div>\n\t\t\t\t<div class=\"elementor-element elementor-element-8481e5f elementor-widget-divider--view-line elementor-widget elementor-widget-divider\" data-id=\"8481e5f\" data-element_type=\"widget\" data-e-type=\"widget\" data-widget_type=\"divider.default\">\n\t\t\t\t<div class=\"elementor-widget-container\">\n\t\t\t\t\t\t\t<div class=\"elementor-divider\">\n\t\t\t<span class=\"elementor-divider-separator\">\n\t\t\t\t\t\t<\/span>\n\t\t<\/div>\n\t\t\t\t\t\t<\/div>\n\t\t\t\t<\/div>\n\t\t\t\t<div class=\"elementor-element elementor-element-ee4f0d4 elementor-widget__width-initial elementor-widget-mobile__width-inherit elementor-widget elementor-widget-text-editor\" data-id=\"ee4f0d4\" data-element_type=\"widget\" data-e-type=\"widget\" data-widget_type=\"text-editor.default\">\n\t\t\t\t<div class=\"elementor-widget-container\">\n\t\t\t\t\t\t\t\t\t<p>Ke\u010f si vyberiete pneumatiky Rider Tyres, vstupujete do komunity, ktor\u00e1 si cen\u00ed kvalitu, inov\u00e1cie a zodpovednos\u0165. Poz\u00fdvame v\u00e1s, aby ste sa k n\u00e1m pridali na cestu, ktorej z\u00e1kladn\u00fdmi kame\u0148mi s\u00fa bezpe\u010dnos\u0165, ekol\u00f3gia a spo\u013eahlivos\u0165. Pos\u00favajte hranice, objavujte nov\u00e9 cesty a u\u017e\u00edvajte si jedine\u010dn\u00fa jazdu s pneumatikami Rider.<\/p>\n\t\t\t\t\t\t\t\t<\/div>\n\t\t\t\t<\/div>\n\t\t\t\t<div class=\"elementor-element elementor-element-af9b7e8 elementor-widget elementor-widget-button\" data-id=\"af9b7e8\" data-element_type=\"widget\" data-e-type=\"widget\" data-widget_type=\"button.default\">\n\t\t\t\t<div class=\"elementor-widget-container\">\n\t\t\t\t\t\t\t\t\t<div class=\"elementor-button-wrapper\">\n\t\t\t\t\t<a class=\"elementor-button elementor-button-link elementor-size-sm\" href=\"#oferta\">\n\t\t\t\t\t\t<span class=\"elementor-button-content-wrapper\">\n\t\t\t\t\t\t\t\t\t<span class=\"elementor-button-text\">Pozrite si na\u0161u ponuku<\/span>\n\t\t\t\t\t<\/span>\n\t\t\t\t\t<\/a>\n\t\t\t\t<\/div>\n\t\t\t\t\t\t\t\t<\/div>\n\t\t\t\t<\/div>\n\t\t\t\t\t<\/div>\n\t\t\t\t<\/div>\n\t\t<div class=\"elementor-element elementor-element-d6f49ad e-flex e-con-boxed e-con e-parent\" data-id=\"d6f49ad\" data-element_type=\"container\" data-e-type=\"container\" data-settings=\"{&quot;background_background&quot;:&quot;classic&quot;,&quot;jet_parallax_layout_list&quot;:[]}\">\n\t\t\t\t\t<div class=\"e-con-inner\">\n\t\t\t\t<div class=\"elementor-element elementor-element-cda92ba elementor-widget__width-initial elementor-widget-mobile__width-inherit elementor-widget elementor-widget-heading\" data-id=\"cda92ba\" data-element_type=\"widget\" data-e-type=\"widget\" data-widget_type=\"heading.default\">\n\t\t\t\t<div class=\"elementor-widget-container\">\n\t\t\t\t\t<h2 class=\"elementor-heading-title elementor-size-default\">Jazdec - Pos\u00favajte hranice, objavujte nov\u00e9 cesty, u\u017e\u00edvajte si jedine\u010dn\u00fa jazdu.<\/h2>\t\t\t\t<\/div>\n\t\t\t\t<\/div>\n\t\t\t\t\t<\/div>\n\t\t\t\t<\/div>\n\t\t\t\t<\/div>\n\t\t","protected":false},"excerpt":{"rendered":"<p>Pneumatiky pre jazdcov: Va\u0161a bezpe\u010dnos\u0165 a ekol\u00f3gia na ceste Poslanie a v\u00edzia Na\u0161\u00edm prvorad\u00fdm cie\u013eom je poskytova\u0165 vodi\u010dom vozidiel SUV a ter\u00e9nnych vozidiel \u0161pi\u010dkov\u00e9 protektorovan\u00e9 pneumatiky, ktor\u00e9 zaru\u010duj\u00fa bezpe\u010dnos\u0165, spo\u013eahlivos\u0165 a v\u00fdkon. Pon\u00fakame \u0161irok\u00fd sortiment pneumat\u00edk, od cestn\u00fdch a\u017e po modely ur\u010den\u00e9 do extr\u00e9mnych ter\u00e9nnych podmienok, ako s\u00fa All Terrain, Mud Terrain a Extreme. V [&hellip;]<\/p>\n","protected":false},"author":1,"featured_media":0,"parent":0,"menu_order":0,"comment_status":"closed","ping_status":"closed","template":"elementor_header_footer","meta":{"footnotes":""},"class_list":["post-1210","page","type-page","status-publish","hentry"],"yoast_head":"<!-- This site is optimized with the Yoast SEO plugin v27.3 - https:\/\/yoast.com\/product\/yoast-seo-wordpress\/ -->\n<title>O n\u00e1s - Rider Tyres<\/title>\n<meta name=\"robots\" content=\"index, follow, max-snippet:-1, max-image-preview:large, max-video-preview:-1\" \/>\n<link rel=\"canonical\" href=\"https:\/\/rider-tyres.eu\/sk\/o-nas\/\" \/>\n<meta property=\"og:locale\" content=\"sk_SK\" \/>\n<meta property=\"og:type\" content=\"article\" \/>\n<meta property=\"og:title\" content=\"O n\u00e1s - Rider Tyres\" \/>\n<meta property=\"og:description\" content=\"Pneumatiky pre jazdcov: Va\u0161a bezpe\u010dnos\u0165 a ekol\u00f3gia na ceste Poslanie a v\u00edzia Na\u0161\u00edm prvorad\u00fdm cie\u013eom je poskytova\u0165 vodi\u010dom vozidiel SUV a ter\u00e9nnych vozidiel \u0161pi\u010dkov\u00e9 protektorovan\u00e9 pneumatiky, ktor\u00e9 zaru\u010duj\u00fa bezpe\u010dnos\u0165, spo\u013eahlivos\u0165 a v\u00fdkon. Pon\u00fakame \u0161irok\u00fd sortiment pneumat\u00edk, od cestn\u00fdch a\u017e po modely ur\u010den\u00e9 do extr\u00e9mnych ter\u00e9nnych podmienok, ako s\u00fa All Terrain, Mud Terrain a Extreme. V [&hellip;]\" \/>\n<meta property=\"og:url\" content=\"https:\/\/rider-tyres.eu\/sk\/o-nas\/\" \/>\n<meta property=\"og:site_name\" content=\"Rider Tyres\" \/>\n<meta property=\"article:modified_time\" content=\"2024-04-22T20:17:22+00:00\" \/>\n<meta name=\"twitter:card\" content=\"summary_large_image\" \/>\n<meta name=\"twitter:label1\" content=\"Predpokladan\u00fd \u010das \u010d\u00edtania\" \/>\n\t<meta name=\"twitter:data1\" content=\"2 min\u00faty\" \/>\n<script type=\"application\/ld+json\" class=\"yoast-schema-graph\">{\"@context\":\"https:\\\/\\\/schema.org\",\"@graph\":[{\"@type\":\"WebPage\",\"@id\":\"https:\\\/\\\/rider-tyres.eu\\\/sk\\\/o-nas\\\/\",\"url\":\"https:\\\/\\\/rider-tyres.eu\\\/sk\\\/o-nas\\\/\",\"name\":\"O n\u00e1s - Rider Tyres\",\"isPartOf\":{\"@id\":\"https:\\\/\\\/rider-tyres.eu\\\/sk\\\/#website\"},\"datePublished\":\"2024-03-17T18:09:04+00:00\",\"dateModified\":\"2024-04-22T20:17:22+00:00\",\"breadcrumb\":{\"@id\":\"https:\\\/\\\/rider-tyres.eu\\\/sk\\\/o-nas\\\/#breadcrumb\"},\"inLanguage\":\"sk-SK\",\"potentialAction\":[{\"@type\":\"ReadAction\",\"target\":[\"https:\\\/\\\/rider-tyres.eu\\\/sk\\\/o-nas\\\/\"]}]},{\"@type\":\"BreadcrumbList\",\"@id\":\"https:\\\/\\\/rider-tyres.eu\\\/sk\\\/o-nas\\\/#breadcrumb\",\"itemListElement\":[{\"@type\":\"ListItem\",\"position\":1,\"name\":\"Strona g\u0142\u00f3wna\",\"item\":\"https:\\\/\\\/rider-tyres.eu\\\/sk\\\/\"},{\"@type\":\"ListItem\",\"position\":2,\"name\":\"O n\u00e1s\"}]},{\"@type\":\"WebSite\",\"@id\":\"https:\\\/\\\/rider-tyres.eu\\\/sk\\\/#website\",\"url\":\"https:\\\/\\\/rider-tyres.eu\\\/sk\\\/\",\"name\":\"Rider Tyres\",\"description\":\"Opony na ka\u017cdy teren\",\"publisher\":{\"@id\":\"https:\\\/\\\/rider-tyres.eu\\\/sk\\\/#organization\"},\"potentialAction\":[{\"@type\":\"SearchAction\",\"target\":{\"@type\":\"EntryPoint\",\"urlTemplate\":\"https:\\\/\\\/rider-tyres.eu\\\/sk\\\/?s={search_term_string}\"},\"query-input\":{\"@type\":\"PropertyValueSpecification\",\"valueRequired\":true,\"valueName\":\"search_term_string\"}}],\"inLanguage\":\"sk-SK\"},{\"@type\":\"Organization\",\"@id\":\"https:\\\/\\\/rider-tyres.eu\\\/sk\\\/#organization\",\"name\":\"Rider Tyres\",\"url\":\"https:\\\/\\\/rider-tyres.eu\\\/sk\\\/\",\"logo\":{\"@type\":\"ImageObject\",\"inLanguage\":\"sk-SK\",\"@id\":\"https:\\\/\\\/rider-tyres.eu\\\/sk\\\/#\\\/schema\\\/logo\\\/image\\\/\",\"url\":\"https:\\\/\\\/rider-tyres.eu\\\/wp-content\\\/uploads\\\/2024\\\/02\\\/White-logo-no-background-01.svg\",\"contentUrl\":\"https:\\\/\\\/rider-tyres.eu\\\/wp-content\\\/uploads\\\/2024\\\/02\\\/White-logo-no-background-01.svg\",\"caption\":\"Rider Tyres\"},\"image\":{\"@id\":\"https:\\\/\\\/rider-tyres.eu\\\/sk\\\/#\\\/schema\\\/logo\\\/image\\\/\"}}]}<\/script>\n<!-- \/ Yoast SEO plugin. -->","yoast_head_json":{"title":"O n\u00e1s - Rider Tyres","robots":{"index":"index","follow":"follow","max-snippet":"max-snippet:-1","max-image-preview":"max-image-preview:large","max-video-preview":"max-video-preview:-1"},"canonical":"https:\/\/rider-tyres.eu\/sk\/o-nas\/","og_locale":"sk_SK","og_type":"article","og_title":"O n\u00e1s - Rider Tyres","og_description":"Pneumatiky pre jazdcov: Va\u0161a bezpe\u010dnos\u0165 a ekol\u00f3gia na ceste Poslanie a v\u00edzia Na\u0161\u00edm prvorad\u00fdm cie\u013eom je poskytova\u0165 vodi\u010dom vozidiel SUV a ter\u00e9nnych vozidiel \u0161pi\u010dkov\u00e9 protektorovan\u00e9 pneumatiky, ktor\u00e9 zaru\u010duj\u00fa bezpe\u010dnos\u0165, spo\u013eahlivos\u0165 a v\u00fdkon. Pon\u00fakame \u0161irok\u00fd sortiment pneumat\u00edk, od cestn\u00fdch a\u017e po modely ur\u010den\u00e9 do extr\u00e9mnych ter\u00e9nnych podmienok, ako s\u00fa All Terrain, Mud Terrain a Extreme. V [&hellip;]","og_url":"https:\/\/rider-tyres.eu\/sk\/o-nas\/","og_site_name":"Rider Tyres","article_modified_time":"2024-04-22T20:17:22+00:00","twitter_card":"summary_large_image","twitter_misc":{"Predpokladan\u00fd \u010das \u010d\u00edtania":"2 min\u00faty"},"schema":{"@context":"https:\/\/schema.org","@graph":[{"@type":"WebPage","@id":"https:\/\/rider-tyres.eu\/sk\/o-nas\/","url":"https:\/\/rider-tyres.eu\/sk\/o-nas\/","name":"O n\u00e1s - Rider Tyres","isPartOf":{"@id":"https:\/\/rider-tyres.eu\/sk\/#website"},"datePublished":"2024-03-17T18:09:04+00:00","dateModified":"2024-04-22T20:17:22+00:00","breadcrumb":{"@id":"https:\/\/rider-tyres.eu\/sk\/o-nas\/#breadcrumb"},"inLanguage":"sk-SK","potentialAction":[{"@type":"ReadAction","target":["https:\/\/rider-tyres.eu\/sk\/o-nas\/"]}]},{"@type":"BreadcrumbList","@id":"https:\/\/rider-tyres.eu\/sk\/o-nas\/#breadcrumb","itemListElement":[{"@type":"ListItem","position":1,"name":"Strona g\u0142\u00f3wna","item":"https:\/\/rider-tyres.eu\/sk\/"},{"@type":"ListItem","position":2,"name":"O n\u00e1s"}]},{"@type":"WebSite","@id":"https:\/\/rider-tyres.eu\/sk\/#website","url":"https:\/\/rider-tyres.eu\/sk\/","name":"Rider Tyres","description":"Opony na ka\u017cdy teren","publisher":{"@id":"https:\/\/rider-tyres.eu\/sk\/#organization"},"potentialAction":[{"@type":"SearchAction","target":{"@type":"EntryPoint","urlTemplate":"https:\/\/rider-tyres.eu\/sk\/?s={search_term_string}"},"query-input":{"@type":"PropertyValueSpecification","valueRequired":true,"valueName":"search_term_string"}}],"inLanguage":"sk-SK"},{"@type":"Organization","@id":"https:\/\/rider-tyres.eu\/sk\/#organization","name":"Rider Tyres","url":"https:\/\/rider-tyres.eu\/sk\/","logo":{"@type":"ImageObject","inLanguage":"sk-SK","@id":"https:\/\/rider-tyres.eu\/sk\/#\/schema\/logo\/image\/","url":"https:\/\/rider-tyres.eu\/wp-content\/uploads\/2024\/02\/White-logo-no-background-01.svg","contentUrl":"https:\/\/rider-tyres.eu\/wp-content\/uploads\/2024\/02\/White-logo-no-background-01.svg","caption":"Rider Tyres"},"image":{"@id":"https:\/\/rider-tyres.eu\/sk\/#\/schema\/logo\/image\/"}}]}},"_links":{"self":[{"href":"https:\/\/rider-tyres.eu\/sk\/wp-json\/wp\/v2\/pages\/1210","targetHints":{"allow":["GET"]}}],"collection":[{"href":"https:\/\/rider-tyres.eu\/sk\/wp-json\/wp\/v2\/pages"}],"about":[{"href":"https:\/\/rider-tyres.eu\/sk\/wp-json\/wp\/v2\/types\/page"}],"author":[{"embeddable":true,"href":"https:\/\/rider-tyres.eu\/sk\/wp-json\/wp\/v2\/users\/1"}],"replies":[{"embeddable":true,"href":"https:\/\/rider-tyres.eu\/sk\/wp-json\/wp\/v2\/comments?post=1210"}],"version-history":[{"count":5,"href":"https:\/\/rider-tyres.eu\/sk\/wp-json\/wp\/v2\/pages\/1210\/revisions"}],"predecessor-version":[{"id":2197,"href":"https:\/\/rider-tyres.eu\/sk\/wp-json\/wp\/v2\/pages\/1210\/revisions\/2197"}],"wp:attachment":[{"href":"https:\/\/rider-tyres.eu\/sk\/wp-json\/wp\/v2\/media?parent=1210"}],"curies":[{"name":"wp","href":"https:\/\/api.w.org\/{rel}","templated":true}]}}