{"id":5900,"date":"2024-06-03T14:26:50","date_gmt":"2024-06-03T13:26:50","guid":{"rendered":"https:\/\/rider-tyres.eu\/?post_type=product&#038;p=5900"},"modified":"2024-07-29T16:28:41","modified_gmt":"2024-07-29T15:28:41","slug":"235-70r16-109q-rider-mud-monster-mt-r-kopia-kopia","status":"publish","type":"product","link":"https:\/\/rider-tyres.eu\/ro\/opona\/235-70r16-109q-rider-mud-monster-mt-r-kopia-kopia\/","title":{"rendered":"255\/65R16 115Q Rider Mud Monster MT\/R"},"content":{"rendered":"","protected":false},"excerpt":{"rendered":"<p>&nbsp;<\/p>\n<p>&nbsp;<\/p>\n","protected":false},"featured_media":3388,"comment_status":"open","ping_status":"closed","template":"","meta":[],"product_brand":[],"product_cat":[580,238],"product_tag":[],"class_list":{"0":"post-5900","1":"product","2":"type-product","3":"status-publish","4":"has-post-thumbnail","6":"product_cat-monstrul-noroiului-mt-r","7":"product_cat-teren-noroios","9":"first","10":"outofstock","11":"taxable","12":"shipping-taxable","13":"purchasable","14":"product-type-simple"},"yoast_head":"<!-- This site is optimized with the Yoast SEO plugin v27.3 - https:\/\/yoast.com\/product\/yoast-seo-wordpress\/ -->\n<title>255\/65R16 115Q Rider Mud Monster MT\/R - Rider Tyres<\/title>\n<meta name=\"description\" content=\"Experimenta\u021bi aventura off-road maxim\u0103 cu 255\/65R16 115Q Rider Mud Monster MT\/R, o anvelop\u0103 dinamic\u0103 pentru teren noroios, conceput\u0103 pentru a aborda cele mai dificile terenuri.\" \/>\n<meta name=\"robots\" content=\"index, follow, max-snippet:-1, max-image-preview:large, max-video-preview:-1\" \/>\n<link rel=\"canonical\" href=\"https:\/\/rider-tyres.eu\/ro\/opona\/235-70r16-109q-rider-mud-monster-mt-r-kopia-kopia\/\" \/>\n<meta property=\"og:locale\" content=\"ro_RO\" \/>\n<meta property=\"og:type\" content=\"article\" \/>\n<meta property=\"og:title\" content=\"255\/65R16 115Q Rider Mud Monster MT\/R - Rider Tyres\" \/>\n<meta property=\"og:description\" content=\"Experimenta\u021bi aventura off-road maxim\u0103 cu 255\/65R16 115Q Rider Mud Monster MT\/R, o anvelop\u0103 dinamic\u0103 pentru teren noroios, conceput\u0103 pentru a aborda cele mai dificile terenuri.\" \/>\n<meta property=\"og:url\" content=\"https:\/\/rider-tyres.eu\/ro\/opona\/235-70r16-109q-rider-mud-monster-mt-r-kopia-kopia\/\" \/>\n<meta property=\"og:site_name\" content=\"Rider Tyres\" \/>\n<meta property=\"article:modified_time\" content=\"2024-07-29T15:28:41+00:00\" \/>\n<meta property=\"og:image\" content=\"https:\/\/rider-tyres.eu\/wp-content\/uploads\/2024\/03\/P1155282-659x1024.png\" \/>\n\t<meta property=\"og:image:width\" content=\"659\" \/>\n\t<meta property=\"og:image:height\" content=\"1024\" \/>\n\t<meta property=\"og:image:type\" content=\"image\/png\" \/>\n<meta name=\"twitter:card\" content=\"summary_large_image\" \/>\n<script type=\"application\/ld+json\" class=\"yoast-schema-graph\">{\"@context\":\"https:\\\/\\\/schema.org\",\"@graph\":[{\"@type\":\"WebPage\",\"@id\":\"https:\\\/\\\/rider-tyres.eu\\\/ro\\\/opona\\\/235-70r16-109q-rider-mud-monster-mt-r-kopia-kopia\\\/\",\"url\":\"https:\\\/\\\/rider-tyres.eu\\\/ro\\\/opona\\\/235-70r16-109q-rider-mud-monster-mt-r-kopia-kopia\\\/\",\"name\":\"255\\\/65R16 115Q Rider Mud Monster MT\\\/R - Rider Tyres\",\"isPartOf\":{\"@id\":\"https:\\\/\\\/rider-tyres.eu\\\/ro\\\/#website\"},\"primaryImageOfPage\":{\"@id\":\"https:\\\/\\\/rider-tyres.eu\\\/ro\\\/opona\\\/235-70r16-109q-rider-mud-monster-mt-r-kopia-kopia\\\/#primaryimage\"},\"image\":{\"@id\":\"https:\\\/\\\/rider-tyres.eu\\\/ro\\\/opona\\\/235-70r16-109q-rider-mud-monster-mt-r-kopia-kopia\\\/#primaryimage\"},\"thumbnailUrl\":\"https:\\\/\\\/rider-tyres.eu\\\/wp-content\\\/uploads\\\/2024\\\/03\\\/P1155282-e1715002445603.png\",\"datePublished\":\"2024-06-03T13:26:50+00:00\",\"dateModified\":\"2024-07-29T15:28:41+00:00\",\"description\":\"Experimenta\u021bi aventura off-road maxim\u0103 cu 255\\\/65R16 115Q Rider Mud Monster MT\\\/R, o anvelop\u0103 dinamic\u0103 pentru teren noroios, conceput\u0103 pentru a aborda cele mai dificile terenuri.\",\"breadcrumb\":{\"@id\":\"https:\\\/\\\/rider-tyres.eu\\\/ro\\\/opona\\\/235-70r16-109q-rider-mud-monster-mt-r-kopia-kopia\\\/#breadcrumb\"},\"inLanguage\":\"ro-RO\",\"potentialAction\":[{\"@type\":\"ReadAction\",\"target\":[\"https:\\\/\\\/rider-tyres.eu\\\/ro\\\/opona\\\/235-70r16-109q-rider-mud-monster-mt-r-kopia-kopia\\\/\"]}]},{\"@type\":\"ImageObject\",\"inLanguage\":\"ro-RO\",\"@id\":\"https:\\\/\\\/rider-tyres.eu\\\/ro\\\/opona\\\/235-70r16-109q-rider-mud-monster-mt-r-kopia-kopia\\\/#primaryimage\",\"url\":\"https:\\\/\\\/rider-tyres.eu\\\/wp-content\\\/uploads\\\/2024\\\/03\\\/P1155282-e1715002445603.png\",\"contentUrl\":\"https:\\\/\\\/rider-tyres.eu\\\/wp-content\\\/uploads\\\/2024\\\/03\\\/P1155282-e1715002445603.png\",\"width\":929,\"height\":1444,\"caption\":\"Rider Mud Monster M\\\/T\"},{\"@type\":\"BreadcrumbList\",\"@id\":\"https:\\\/\\\/rider-tyres.eu\\\/ro\\\/opona\\\/235-70r16-109q-rider-mud-monster-mt-r-kopia-kopia\\\/#breadcrumb\",\"itemListElement\":[{\"@type\":\"ListItem\",\"position\":1,\"name\":\"Strona g\u0142\u00f3wna\",\"item\":\"https:\\\/\\\/rider-tyres.eu\\\/ro\\\/\"},{\"@type\":\"ListItem\",\"position\":2,\"name\":\"Anvelope\",\"item\":\"https:\\\/\\\/rider-tyres.eu\\\/ro\\\/magazin\\\/\"},{\"@type\":\"ListItem\",\"position\":3,\"name\":\"255\\\/65R16 115Q Rider Mud Monster MT\\\/R\"}]},{\"@type\":\"WebSite\",\"@id\":\"https:\\\/\\\/rider-tyres.eu\\\/ro\\\/#website\",\"url\":\"https:\\\/\\\/rider-tyres.eu\\\/ro\\\/\",\"name\":\"Rider Tyres\",\"description\":\"Opony na ka\u017cdy teren\",\"publisher\":{\"@id\":\"https:\\\/\\\/rider-tyres.eu\\\/ro\\\/#organization\"},\"potentialAction\":[{\"@type\":\"SearchAction\",\"target\":{\"@type\":\"EntryPoint\",\"urlTemplate\":\"https:\\\/\\\/rider-tyres.eu\\\/ro\\\/?s={search_term_string}\"},\"query-input\":{\"@type\":\"PropertyValueSpecification\",\"valueRequired\":true,\"valueName\":\"search_term_string\"}}],\"inLanguage\":\"ro-RO\"},{\"@type\":\"Organization\",\"@id\":\"https:\\\/\\\/rider-tyres.eu\\\/ro\\\/#organization\",\"name\":\"Rider Tyres\",\"url\":\"https:\\\/\\\/rider-tyres.eu\\\/ro\\\/\",\"logo\":{\"@type\":\"ImageObject\",\"inLanguage\":\"ro-RO\",\"@id\":\"https:\\\/\\\/rider-tyres.eu\\\/ro\\\/#\\\/schema\\\/logo\\\/image\\\/\",\"url\":\"https:\\\/\\\/rider-tyres.eu\\\/wp-content\\\/uploads\\\/2024\\\/02\\\/White-logo-no-background-01.svg\",\"contentUrl\":\"https:\\\/\\\/rider-tyres.eu\\\/wp-content\\\/uploads\\\/2024\\\/02\\\/White-logo-no-background-01.svg\",\"caption\":\"Rider Tyres\"},\"image\":{\"@id\":\"https:\\\/\\\/rider-tyres.eu\\\/ro\\\/#\\\/schema\\\/logo\\\/image\\\/\"}}]}<\/script>\n<!-- \/ Yoast SEO plugin. -->","yoast_head_json":{"title":"255\/65R16 115Q Rider Mud Monster MT\/R - Rider Tyres","description":"Experimenta\u021bi aventura off-road maxim\u0103 cu 255\/65R16 115Q Rider Mud Monster MT\/R, o anvelop\u0103 dinamic\u0103 pentru teren noroios, conceput\u0103 pentru a aborda cele mai dificile terenuri.","robots":{"index":"index","follow":"follow","max-snippet":"max-snippet:-1","max-image-preview":"max-image-preview:large","max-video-preview":"max-video-preview:-1"},"canonical":"https:\/\/rider-tyres.eu\/ro\/opona\/235-70r16-109q-rider-mud-monster-mt-r-kopia-kopia\/","og_locale":"ro_RO","og_type":"article","og_title":"255\/65R16 115Q Rider Mud Monster MT\/R - Rider Tyres","og_description":"Experimenta\u021bi aventura off-road maxim\u0103 cu 255\/65R16 115Q Rider Mud Monster MT\/R, o anvelop\u0103 dinamic\u0103 pentru teren noroios, conceput\u0103 pentru a aborda cele mai dificile terenuri.","og_url":"https:\/\/rider-tyres.eu\/ro\/opona\/235-70r16-109q-rider-mud-monster-mt-r-kopia-kopia\/","og_site_name":"Rider Tyres","article_modified_time":"2024-07-29T15:28:41+00:00","og_image":[{"width":659,"height":1024,"url":"https:\/\/rider-tyres.eu\/wp-content\/uploads\/2024\/03\/P1155282-659x1024.png","type":"image\/png"}],"twitter_card":"summary_large_image","schema":{"@context":"https:\/\/schema.org","@graph":[{"@type":"WebPage","@id":"https:\/\/rider-tyres.eu\/ro\/opona\/235-70r16-109q-rider-mud-monster-mt-r-kopia-kopia\/","url":"https:\/\/rider-tyres.eu\/ro\/opona\/235-70r16-109q-rider-mud-monster-mt-r-kopia-kopia\/","name":"255\/65R16 115Q Rider Mud Monster MT\/R - Rider Tyres","isPartOf":{"@id":"https:\/\/rider-tyres.eu\/ro\/#website"},"primaryImageOfPage":{"@id":"https:\/\/rider-tyres.eu\/ro\/opona\/235-70r16-109q-rider-mud-monster-mt-r-kopia-kopia\/#primaryimage"},"image":{"@id":"https:\/\/rider-tyres.eu\/ro\/opona\/235-70r16-109q-rider-mud-monster-mt-r-kopia-kopia\/#primaryimage"},"thumbnailUrl":"https:\/\/rider-tyres.eu\/wp-content\/uploads\/2024\/03\/P1155282-e1715002445603.png","datePublished":"2024-06-03T13:26:50+00:00","dateModified":"2024-07-29T15:28:41+00:00","description":"Experimenta\u021bi aventura off-road maxim\u0103 cu 255\/65R16 115Q Rider Mud Monster MT\/R, o anvelop\u0103 dinamic\u0103 pentru teren noroios, conceput\u0103 pentru a aborda cele mai dificile terenuri.","breadcrumb":{"@id":"https:\/\/rider-tyres.eu\/ro\/opona\/235-70r16-109q-rider-mud-monster-mt-r-kopia-kopia\/#breadcrumb"},"inLanguage":"ro-RO","potentialAction":[{"@type":"ReadAction","target":["https:\/\/rider-tyres.eu\/ro\/opona\/235-70r16-109q-rider-mud-monster-mt-r-kopia-kopia\/"]}]},{"@type":"ImageObject","inLanguage":"ro-RO","@id":"https:\/\/rider-tyres.eu\/ro\/opona\/235-70r16-109q-rider-mud-monster-mt-r-kopia-kopia\/#primaryimage","url":"https:\/\/rider-tyres.eu\/wp-content\/uploads\/2024\/03\/P1155282-e1715002445603.png","contentUrl":"https:\/\/rider-tyres.eu\/wp-content\/uploads\/2024\/03\/P1155282-e1715002445603.png","width":929,"height":1444,"caption":"Rider Mud Monster M\/T"},{"@type":"BreadcrumbList","@id":"https:\/\/rider-tyres.eu\/ro\/opona\/235-70r16-109q-rider-mud-monster-mt-r-kopia-kopia\/#breadcrumb","itemListElement":[{"@type":"ListItem","position":1,"name":"Strona g\u0142\u00f3wna","item":"https:\/\/rider-tyres.eu\/ro\/"},{"@type":"ListItem","position":2,"name":"Anvelope","item":"https:\/\/rider-tyres.eu\/ro\/magazin\/"},{"@type":"ListItem","position":3,"name":"255\/65R16 115Q Rider Mud Monster MT\/R"}]},{"@type":"WebSite","@id":"https:\/\/rider-tyres.eu\/ro\/#website","url":"https:\/\/rider-tyres.eu\/ro\/","name":"Rider Tyres","description":"Opony na ka\u017cdy teren","publisher":{"@id":"https:\/\/rider-tyres.eu\/ro\/#organization"},"potentialAction":[{"@type":"SearchAction","target":{"@type":"EntryPoint","urlTemplate":"https:\/\/rider-tyres.eu\/ro\/?s={search_term_string}"},"query-input":{"@type":"PropertyValueSpecification","valueRequired":true,"valueName":"search_term_string"}}],"inLanguage":"ro-RO"},{"@type":"Organization","@id":"https:\/\/rider-tyres.eu\/ro\/#organization","name":"Rider Tyres","url":"https:\/\/rider-tyres.eu\/ro\/","logo":{"@type":"ImageObject","inLanguage":"ro-RO","@id":"https:\/\/rider-tyres.eu\/ro\/#\/schema\/logo\/image\/","url":"https:\/\/rider-tyres.eu\/wp-content\/uploads\/2024\/02\/White-logo-no-background-01.svg","contentUrl":"https:\/\/rider-tyres.eu\/wp-content\/uploads\/2024\/02\/White-logo-no-background-01.svg","caption":"Rider Tyres"},"image":{"@id":"https:\/\/rider-tyres.eu\/ro\/#\/schema\/logo\/image\/"}}]}},"_links":{"self":[{"href":"https:\/\/rider-tyres.eu\/ro\/wp-json\/wp\/v2\/product\/5900","targetHints":{"allow":["GET"]}}],"collection":[{"href":"https:\/\/rider-tyres.eu\/ro\/wp-json\/wp\/v2\/product"}],"about":[{"href":"https:\/\/rider-tyres.eu\/ro\/wp-json\/wp\/v2\/types\/product"}],"replies":[{"embeddable":true,"href":"https:\/\/rider-tyres.eu\/ro\/wp-json\/wp\/v2\/comments?post=5900"}],"wp:featuredmedia":[{"embeddable":true,"href":"https:\/\/rider-tyres.eu\/ro\/wp-json\/wp\/v2\/media\/3388"}],"wp:attachment":[{"href":"https:\/\/rider-tyres.eu\/ro\/wp-json\/wp\/v2\/media?parent=5900"}],"wp:term":[{"taxonomy":"product_brand","embeddable":true,"href":"https:\/\/rider-tyres.eu\/ro\/wp-json\/wp\/v2\/product_brand?post=5900"},{"taxonomy":"product_cat","embeddable":true,"href":"https:\/\/rider-tyres.eu\/ro\/wp-json\/wp\/v2\/product_cat?post=5900"},{"taxonomy":"product_tag","embeddable":true,"href":"https:\/\/rider-tyres.eu\/ro\/wp-json\/wp\/v2\/product_tag?post=5900"}],"curies":[{"name":"wp","href":"https:\/\/api.w.org\/{rel}","templated":true}]}}