{"id":4459,"date":"2024-03-18T12:22:33","date_gmt":"2024-03-18T11:22:33","guid":{"rendered":"https:\/\/rider-tyres.eu\/politica-de-confidentialitate\/"},"modified":"2025-01-08T09:28:27","modified_gmt":"2025-01-08T08:28:27","slug":"politica-de-confidentialitate","status":"publish","type":"page","link":"https:\/\/rider-tyres.eu\/ro\/politica-de-confidentialitate\/","title":{"rendered":"Politica de confiden\u021bialitate"},"content":{"rendered":"\t\t<div data-elementor-type=\"wp-page\" data-elementor-id=\"4459\" class=\"elementor elementor-4459 elementor-599\" data-elementor-post-type=\"page\">\n\t\t\t\t<div class=\"elementor-element elementor-element-dab1aea e-flex e-con-boxed e-con e-parent\" data-id=\"dab1aea\" data-element_type=\"container\" data-e-type=\"container\" data-settings=\"{&quot;background_background&quot;:&quot;classic&quot;,&quot;jet_parallax_layout_list&quot;:[]}\">\n\t\t\t\t\t<div class=\"e-con-inner\">\n\t\t\t\t<div class=\"elementor-element elementor-element-40274cf elementor-widget elementor-widget-breadcrumbs\" data-id=\"40274cf\" data-element_type=\"widget\" data-e-type=\"widget\" data-widget_type=\"breadcrumbs.default\">\n\t\t\t\t<div class=\"elementor-widget-container\">\n\t\t\t\t\t<p id=\"breadcrumbs\"><span><span><a href=\"https:\/\/rider-tyres.eu\/ro\/\">Strona g\u0142\u00f3wna<\/a><\/span><\/span><\/p>\t\t\t\t<\/div>\n\t\t\t\t<\/div>\n\t\t\t\t<div class=\"elementor-element elementor-element-634eedf elementor-widget elementor-widget-heading\" data-id=\"634eedf\" data-element_type=\"widget\" data-e-type=\"widget\" data-widget_type=\"heading.default\">\n\t\t\t\t<div class=\"elementor-widget-container\">\n\t\t\t\t\t<h2 class=\"elementor-heading-title elementor-size-default\">Politica de confiden\u021bialitate<\/h2>\t\t\t\t<\/div>\n\t\t\t\t<\/div>\n\t\t\t\t\t<\/div>\n\t\t\t\t<\/div>\n\t\t<div class=\"elementor-element elementor-element-07ec720 e-flex e-con-boxed e-con e-parent\" data-id=\"07ec720\" data-element_type=\"container\" data-e-type=\"container\" data-settings=\"{&quot;jet_parallax_layout_list&quot;:[]}\">\n\t\t\t\t\t<div class=\"e-con-inner\">\n\t\t\t\t<div class=\"elementor-element elementor-element-7eb301f elementor-widget elementor-widget-html\" data-id=\"7eb301f\" data-element_type=\"widget\" data-e-type=\"widget\" data-widget_type=\"html.default\">\n\t\t\t\t<div class=\"elementor-widget-container\">\n\t\t\t\t\t<h1>Politica de confiden\u021bialitate<\/h1>\n    <p><br>U<strong>ltima actualizare:<\/strong> 24-Jun-2024<strong>Data intr\u0103rii \u00een<\/strong><strong>vigoare:<\/strong> 24-Jun-2024<\/p>\n\n    <p>Prezenta politic\u0103 de confiden\u021bialitate descrie politica Gerex s.c., Adolfa Mitery 11, Malopolska 32-700, Polonia, e-mail: contact@rider-tyres.eu, telefon: 14 615 90 14 privind colectarea, utilizarea \u0219i divulgarea informa\u021biilor pe care le colect\u0103m atunci c\u00e2nd utiliza\u021bi site-ul nostru web ( <a href=\"https:\/\/rider-tyres.eu\/ro\/\">https:\/\/rider-tyres.eu<\/a> ) (denumit \u00een continuare \"Serviciul\"). Prin utilizarea Serviciului, sunte\u021bi de acord cu colectarea, utilizarea \u0219i divulgarea informa\u021biilor dvs. \u00een conformitate cu prezenta Politic\u0103 de confiden\u021bialitate. Dac\u0103 nu sunte\u021bi de acord, v\u0103 rug\u0103m s\u0103 nu utiliza\u021bi Serviciul.  <\/p>\n\n    <p>Putem modifica aceast\u0103 Politic\u0103 de confiden\u021bialitate \u00een orice moment f\u0103r\u0103 notificare prealabil\u0103 \u0219i vom posta Politica de confiden\u021bialitate revizuit\u0103 pe Serviciu.  <strong>Politica revizuit\u0103 va intra \u00een vigoare la 180 de zile de la publicarea pe Serviciu, iar utilizarea continu\u0103 a Serviciului de c\u0103tre dvs. dup\u0103 aceast\u0103 dat\u0103 va constitui acceptarea de c\u0103tre dvs. a Politicii de confiden\u021bialitate revizuite.<\/strong>  V\u0103 recomand\u0103m s\u0103 revizui\u021bi periodic aceast\u0103 pagin\u0103.<\/p>\n\n    <h2>Cum folosim informa\u021biile dumneavoastr\u0103:<\/h2>\n    <p>Vom utiliza informa\u021biile pe care le colect\u0103m despre dumneavoastr\u0103 \u00een urm\u0103toarele scopuri:<\/p>\n    <ul>\n        <li>Marketing\/Promovare<\/li>\n        <li>Publicitate direc\u021bionat\u0103<\/li>\n    <\/ul>\n    <p>Dac\u0103 dorim s\u0103 utiliz\u0103m informa\u021biile dumneavoastr\u0103 \u00een orice alt scop, v\u0103 vom solicita consim\u021b\u0103m\u00e2ntul \u0219i vom utiliza informa\u021biile dumneavoastr\u0103 numai dup\u0103 ob\u021binerea consim\u021b\u0103m\u00e2ntului dumneavoastr\u0103 \u0219i numai \u00een scopul pentru care a\u021bi dat consim\u021b\u0103m\u00e2ntul, cu excep\u021bia cazului \u00een care legea ne oblig\u0103 s\u0103 proced\u0103m altfel.<\/p>\n\n    <h2>Modul \u00een care \u00eemp\u0103rt\u0103\u0219im informa\u021biile dumneavoastr\u0103:<\/h2>\n    <p><strong>Nu vom transfera datele dumneavoastr\u0103 cu caracter personal c\u0103tre nicio ter\u021b\u0103 parte f\u0103r\u0103 a ob\u021bine consim\u021b\u0103m\u00e2ntul dumneavoastr\u0103, cu excep\u021bia circumstan\u021belor limitate descrise mai jos:<\/strong><\/p>\n    <ul>\n        <li>Servicii de publicitate<\/li>\n        <li>Analize<\/li>\n    <\/ul>\n    <p>Solicit\u0103m acestor p\u0103r\u021bi ter\u021be s\u0103 utilizeze datele cu caracter personal care le-au fost furnizate numai \u00een scopul pentru care au fost furnizate \u0219i s\u0103 nu le p\u0103streze mai mult dec\u00e2t este necesar pentru \u00eendeplinirea scopului respectiv.\nDe asemenea, putem dezv\u0103lui datele dumneavoastr\u0103 cu caracter personal \u00een urm\u0103toarele cazuri: (1) pentru a ne conforma legii aplicabile, reglement\u0103rilor, ordinului judec\u0103toresc sau altui proces legal; (2) pentru a aplica acordurile noastre cu dvs., inclusiv prezenta Politic\u0103 de confiden\u021bialitate; sau (3) pentru a r\u0103spunde reclama\u021biilor conform c\u0103rora utilizarea de c\u0103tre dvs. a Serviciului \u00eencalc\u0103 drepturile unor ter\u021be p\u0103r\u021bi.\nDac\u0103 Serviciul sau compania noastr\u0103 este achizi\u021bionat\u0103 sau fuzionat\u0103 cu o alt\u0103 companie, informa\u021biile dvs. vor fi unul dintre activele transferate noului proprietar.  <\/p>\n\n    <h2>Drepturile dumneavoastr\u0103:<\/h2>\n    <p>\u00cen func\u021bie de legisla\u021bia aplicabil\u0103, pute\u021bi avea dreptul de a accesa, rectifica sau \u0219terge datele dumneavoastr\u0103 cu caracter personal, de a ob\u021bine o copie a datelor dumneavoastr\u0103 cu caracter personal, de a restric\u021biona sau de a v\u0103 opune prelucr\u0103rii active a datelor dumneavoastr\u0103, de a ne solicita s\u0103 transfer\u0103m datele dumneavoastr\u0103 cu caracter personal c\u0103tre o alt\u0103 entitate, de a v\u0103 retrage consim\u021b\u0103m\u00e2ntul pentru prelucrarea datelor dumneavoastr\u0103 \u0219i dreptul de a depune o pl\u00e2ngere la o autoritate de supraveghere.\nPentru a exercita aceste drepturi, ne pute\u021bi scrie la adresa <a href=\"\">contact@rider-tyres.eu.<\/a>\nVom r\u0103spunde solicit\u0103rii dvs. \u00een conformitate cu legisla\u021bia aplicabil\u0103.\nV\u0103 rug\u0103m s\u0103 re\u021bine\u021bi c\u0103, dac\u0103 nu ne permite\u021bi s\u0103 colect\u0103m sau s\u0103 prelucr\u0103m datele cu caracter personal solicitate sau dac\u0103 v\u0103 retrage\u021bi consim\u021b\u0103m\u00e2ntul de a le prelucra \u00een scopurile solicitate, este posibil s\u0103 nu pute\u021bi accesa sau utiliza serviciul.   <\/p>\n\n    <h2>Cookie-uri, etc.<\/h2>\n    <p>Pentru a afla mai multe despre modul \u00een care utiliz\u0103m aceste tehnologii \u0219i despre op\u021biunile dumneavoastr\u0103 \u00een leg\u0103tur\u0103 cu aceste tehnologii de urm\u0103rire, consulta\u021bi <a href=\"#cookie-policy\">Politica<\/a> noastr\u0103 privind <a href=\"#cookie-policy\">modulele cookie.<\/a><\/p>\n\n    <h2>Siguran\u021b\u0103:<\/h2>\n    <p><strong>Securitatea informa\u021biilor dvs. este important\u0103 pentru noi \u0219i vom utiliza m\u0103suri de securitate rezonabile pentru a preveni pierderea, utilizarea abuziv\u0103 sau modificarea neautorizat\u0103 a informa\u021biilor dvs. care se afl\u0103 sub controlul nostru.<\/strong>  Cu toate acestea, din cauza riscurilor inerente, nu putem garanta o securitate absolut\u0103 \u0219i, prin urmare, nu putem asigura sau garanta securitatea informa\u021biilor pe care ni le furniza\u021bi \u0219i face\u021bi acest lucru pe propriul risc.<\/p>\n\n    <h2>Leg\u0103turi cu ter\u021be p\u0103r\u021bi \u0219i utilizarea informa\u021biilor dumneavoastr\u0103:<\/h2>\n    <p>Serviciul nostru poate con\u021bine linkuri c\u0103tre alte site-uri web care nu sunt operate de noi.\nPrezenta politic\u0103 de confiden\u021bialitate nu se refer\u0103 la politicile de confiden\u021bialitate sau la alte practici ale ter\u021bilor, inclusiv ale ter\u021bilor care opereaz\u0103 orice site web sau serviciu care poate fi accesibil prin intermediul unui link din Serviciu.\nV\u0103 recomand\u0103m insistent s\u0103 consulta\u021bi politica de confiden\u021bialitate a fiec\u0103rui site pe care \u00eel vizita\u021bi.\nNu avem niciun control \u0219i nu suntem responsabili pentru con\u021binutul, politicile de confiden\u021bialitate sau practicile site-urilor sau serviciilor ter\u021bilor.   <\/p>\n\n    <h2>Responsabil cu protec\u021bia datelor.\nreclama\u021bii\/ protec\u021bia datelor: <\/h2>\n    <p>Dac\u0103 ave\u021bi \u00eentreb\u0103ri sau nel\u0103muriri cu privire la prelucrarea informa\u021biilor dvs. de c\u0103tre noi, pute\u021bi trimite un e-mail responsabilului nostru cu reclama\u021biile la Gerex s.c., 32-700 Bochnia, Adolfa Mitery 11, e-mail: <a href=\"\">contact@rider-tyres.eu.<\/a> Vom r\u0103spunde preocup\u0103rilor dumneavoastr\u0103 \u00een conformitate cu legisla\u021bia aplicabil\u0103.  <\/p>\n\t\t\t\t<\/div>\n\t\t\t\t<\/div>\n\t\t\t\t\t<\/div>\n\t\t\t\t<\/div>\n\t\t<div class=\"elementor-element elementor-element-0f5ac2a e-flex e-con-boxed e-con e-parent\" data-id=\"0f5ac2a\" data-element_type=\"container\" data-e-type=\"container\" data-settings=\"{&quot;jet_parallax_layout_list&quot;:[]}\">\n\t\t\t\t\t<div class=\"e-con-inner\">\n\t\t\t\t\t<\/div>\n\t\t\t\t<\/div>\n\t\t\t\t<\/div>\n\t\t","protected":false},"excerpt":{"rendered":"<p>Politica de confiden\u021bialitate Ultima actualizare: 24-Jun-2024Data intr\u0103rii \u00eenvigoare: 24-Jun-2024 Prezenta politic\u0103 de confiden\u021bialitate descrie politica Gerex s.c., Adolfa Mitery 11, Malopolska 32-700, Polonia, e-mail: contact@rider-tyres.eu, telefon: 14 615 90 14 privind colectarea, utilizarea \u0219i divulgarea informa\u021biilor pe care le colect\u0103m atunci c\u00e2nd utiliza\u021bi site-ul nostru web ( https:\/\/rider-tyres.eu ) (denumit \u00een continuare &#8222;Serviciul&#8221;). Prin utilizarea [&hellip;]<\/p>\n","protected":false},"author":1,"featured_media":0,"parent":0,"menu_order":0,"comment_status":"closed","ping_status":"closed","template":"elementor_header_footer","meta":{"footnotes":""},"class_list":["post-4459","page","type-page","status-publish","hentry"],"yoast_head":"<!-- This site is optimized with the Yoast SEO plugin v27.3 - https:\/\/yoast.com\/product\/yoast-seo-wordpress\/ -->\n<title>Politica de confiden\u021bialitate - Rider Tyres<\/title>\n<meta name=\"robots\" content=\"index, follow, max-snippet:-1, max-image-preview:large, max-video-preview:-1\" \/>\n<link rel=\"canonical\" href=\"https:\/\/rider-tyres.eu\/ro\/politica-de-confidentialitate\/\" \/>\n<meta property=\"og:locale\" content=\"ro_RO\" \/>\n<meta property=\"og:type\" content=\"article\" \/>\n<meta property=\"og:title\" content=\"Politica de confiden\u021bialitate - Rider Tyres\" \/>\n<meta property=\"og:description\" content=\"Politica de confiden\u021bialitate Ultima actualizare: 24-Jun-2024Data intr\u0103rii \u00eenvigoare: 24-Jun-2024 Prezenta politic\u0103 de confiden\u021bialitate descrie politica Gerex s.c., Adolfa Mitery 11, Malopolska 32-700, Polonia, e-mail: contact@rider-tyres.eu, telefon: 14 615 90 14 privind colectarea, utilizarea \u0219i divulgarea informa\u021biilor pe care le colect\u0103m atunci c\u00e2nd utiliza\u021bi site-ul nostru web ( https:\/\/rider-tyres.eu ) (denumit \u00een continuare &#8222;Serviciul&#8221;). Prin utilizarea [&hellip;]\" \/>\n<meta property=\"og:url\" content=\"https:\/\/rider-tyres.eu\/ro\/politica-de-confidentialitate\/\" \/>\n<meta property=\"og:site_name\" content=\"Rider Tyres\" \/>\n<meta property=\"article:modified_time\" content=\"2025-01-08T08:28:27+00:00\" \/>\n<meta name=\"twitter:card\" content=\"summary_large_image\" \/>\n<meta name=\"twitter:label1\" content=\"Timp estimat pentru citire\" \/>\n\t<meta name=\"twitter:data1\" content=\"4 minute\" \/>\n<script type=\"application\/ld+json\" class=\"yoast-schema-graph\">{\"@context\":\"https:\\\/\\\/schema.org\",\"@graph\":[{\"@type\":\"WebPage\",\"@id\":\"https:\\\/\\\/rider-tyres.eu\\\/ro\\\/politica-de-confidentialitate\\\/\",\"url\":\"https:\\\/\\\/rider-tyres.eu\\\/ro\\\/politica-de-confidentialitate\\\/\",\"name\":\"Politica de confiden\u021bialitate - Rider Tyres\",\"isPartOf\":{\"@id\":\"https:\\\/\\\/rider-tyres.eu\\\/ro\\\/#website\"},\"datePublished\":\"2024-03-18T11:22:33+00:00\",\"dateModified\":\"2025-01-08T08:28:27+00:00\",\"breadcrumb\":{\"@id\":\"https:\\\/\\\/rider-tyres.eu\\\/ro\\\/politica-de-confidentialitate\\\/#breadcrumb\"},\"inLanguage\":\"ro-RO\",\"potentialAction\":[{\"@type\":\"ReadAction\",\"target\":[\"https:\\\/\\\/rider-tyres.eu\\\/ro\\\/politica-de-confidentialitate\\\/\"]}]},{\"@type\":\"BreadcrumbList\",\"@id\":\"https:\\\/\\\/rider-tyres.eu\\\/ro\\\/politica-de-confidentialitate\\\/#breadcrumb\",\"itemListElement\":[{\"@type\":\"ListItem\",\"position\":1,\"name\":\"Strona g\u0142\u00f3wna\",\"item\":\"https:\\\/\\\/rider-tyres.eu\\\/ro\\\/\"},{\"@type\":\"ListItem\",\"position\":2,\"name\":\"Politica de confiden\u021bialitate\"}]},{\"@type\":\"WebSite\",\"@id\":\"https:\\\/\\\/rider-tyres.eu\\\/ro\\\/#website\",\"url\":\"https:\\\/\\\/rider-tyres.eu\\\/ro\\\/\",\"name\":\"Rider Tyres\",\"description\":\"Opony na ka\u017cdy teren\",\"publisher\":{\"@id\":\"https:\\\/\\\/rider-tyres.eu\\\/ro\\\/#organization\"},\"potentialAction\":[{\"@type\":\"SearchAction\",\"target\":{\"@type\":\"EntryPoint\",\"urlTemplate\":\"https:\\\/\\\/rider-tyres.eu\\\/ro\\\/?s={search_term_string}\"},\"query-input\":{\"@type\":\"PropertyValueSpecification\",\"valueRequired\":true,\"valueName\":\"search_term_string\"}}],\"inLanguage\":\"ro-RO\"},{\"@type\":\"Organization\",\"@id\":\"https:\\\/\\\/rider-tyres.eu\\\/ro\\\/#organization\",\"name\":\"Rider Tyres\",\"url\":\"https:\\\/\\\/rider-tyres.eu\\\/ro\\\/\",\"logo\":{\"@type\":\"ImageObject\",\"inLanguage\":\"ro-RO\",\"@id\":\"https:\\\/\\\/rider-tyres.eu\\\/ro\\\/#\\\/schema\\\/logo\\\/image\\\/\",\"url\":\"https:\\\/\\\/rider-tyres.eu\\\/wp-content\\\/uploads\\\/2024\\\/02\\\/White-logo-no-background-01.svg\",\"contentUrl\":\"https:\\\/\\\/rider-tyres.eu\\\/wp-content\\\/uploads\\\/2024\\\/02\\\/White-logo-no-background-01.svg\",\"caption\":\"Rider Tyres\"},\"image\":{\"@id\":\"https:\\\/\\\/rider-tyres.eu\\\/ro\\\/#\\\/schema\\\/logo\\\/image\\\/\"}}]}<\/script>\n<!-- \/ Yoast SEO plugin. -->","yoast_head_json":{"title":"Politica de confiden\u021bialitate - Rider Tyres","robots":{"index":"index","follow":"follow","max-snippet":"max-snippet:-1","max-image-preview":"max-image-preview:large","max-video-preview":"max-video-preview:-1"},"canonical":"https:\/\/rider-tyres.eu\/ro\/politica-de-confidentialitate\/","og_locale":"ro_RO","og_type":"article","og_title":"Politica de confiden\u021bialitate - Rider Tyres","og_description":"Politica de confiden\u021bialitate Ultima actualizare: 24-Jun-2024Data intr\u0103rii \u00eenvigoare: 24-Jun-2024 Prezenta politic\u0103 de confiden\u021bialitate descrie politica Gerex s.c., Adolfa Mitery 11, Malopolska 32-700, Polonia, e-mail: contact@rider-tyres.eu, telefon: 14 615 90 14 privind colectarea, utilizarea \u0219i divulgarea informa\u021biilor pe care le colect\u0103m atunci c\u00e2nd utiliza\u021bi site-ul nostru web ( https:\/\/rider-tyres.eu ) (denumit \u00een continuare &#8222;Serviciul&#8221;). Prin utilizarea [&hellip;]","og_url":"https:\/\/rider-tyres.eu\/ro\/politica-de-confidentialitate\/","og_site_name":"Rider Tyres","article_modified_time":"2025-01-08T08:28:27+00:00","twitter_card":"summary_large_image","twitter_misc":{"Timp estimat pentru citire":"4 minute"},"schema":{"@context":"https:\/\/schema.org","@graph":[{"@type":"WebPage","@id":"https:\/\/rider-tyres.eu\/ro\/politica-de-confidentialitate\/","url":"https:\/\/rider-tyres.eu\/ro\/politica-de-confidentialitate\/","name":"Politica de confiden\u021bialitate - Rider Tyres","isPartOf":{"@id":"https:\/\/rider-tyres.eu\/ro\/#website"},"datePublished":"2024-03-18T11:22:33+00:00","dateModified":"2025-01-08T08:28:27+00:00","breadcrumb":{"@id":"https:\/\/rider-tyres.eu\/ro\/politica-de-confidentialitate\/#breadcrumb"},"inLanguage":"ro-RO","potentialAction":[{"@type":"ReadAction","target":["https:\/\/rider-tyres.eu\/ro\/politica-de-confidentialitate\/"]}]},{"@type":"BreadcrumbList","@id":"https:\/\/rider-tyres.eu\/ro\/politica-de-confidentialitate\/#breadcrumb","itemListElement":[{"@type":"ListItem","position":1,"name":"Strona g\u0142\u00f3wna","item":"https:\/\/rider-tyres.eu\/ro\/"},{"@type":"ListItem","position":2,"name":"Politica de confiden\u021bialitate"}]},{"@type":"WebSite","@id":"https:\/\/rider-tyres.eu\/ro\/#website","url":"https:\/\/rider-tyres.eu\/ro\/","name":"Rider Tyres","description":"Opony na ka\u017cdy teren","publisher":{"@id":"https:\/\/rider-tyres.eu\/ro\/#organization"},"potentialAction":[{"@type":"SearchAction","target":{"@type":"EntryPoint","urlTemplate":"https:\/\/rider-tyres.eu\/ro\/?s={search_term_string}"},"query-input":{"@type":"PropertyValueSpecification","valueRequired":true,"valueName":"search_term_string"}}],"inLanguage":"ro-RO"},{"@type":"Organization","@id":"https:\/\/rider-tyres.eu\/ro\/#organization","name":"Rider Tyres","url":"https:\/\/rider-tyres.eu\/ro\/","logo":{"@type":"ImageObject","inLanguage":"ro-RO","@id":"https:\/\/rider-tyres.eu\/ro\/#\/schema\/logo\/image\/","url":"https:\/\/rider-tyres.eu\/wp-content\/uploads\/2024\/02\/White-logo-no-background-01.svg","contentUrl":"https:\/\/rider-tyres.eu\/wp-content\/uploads\/2024\/02\/White-logo-no-background-01.svg","caption":"Rider Tyres"},"image":{"@id":"https:\/\/rider-tyres.eu\/ro\/#\/schema\/logo\/image\/"}}]}},"_links":{"self":[{"href":"https:\/\/rider-tyres.eu\/ro\/wp-json\/wp\/v2\/pages\/4459","targetHints":{"allow":["GET"]}}],"collection":[{"href":"https:\/\/rider-tyres.eu\/ro\/wp-json\/wp\/v2\/pages"}],"about":[{"href":"https:\/\/rider-tyres.eu\/ro\/wp-json\/wp\/v2\/types\/page"}],"author":[{"embeddable":true,"href":"https:\/\/rider-tyres.eu\/ro\/wp-json\/wp\/v2\/users\/1"}],"replies":[{"embeddable":true,"href":"https:\/\/rider-tyres.eu\/ro\/wp-json\/wp\/v2\/comments?post=4459"}],"version-history":[{"count":4,"href":"https:\/\/rider-tyres.eu\/ro\/wp-json\/wp\/v2\/pages\/4459\/revisions"}],"predecessor-version":[{"id":9426,"href":"https:\/\/rider-tyres.eu\/ro\/wp-json\/wp\/v2\/pages\/4459\/revisions\/9426"}],"wp:attachment":[{"href":"https:\/\/rider-tyres.eu\/ro\/wp-json\/wp\/v2\/media?parent=4459"}],"curies":[{"name":"wp","href":"https:\/\/api.w.org\/{rel}","templated":true}]}}