{"id":9571,"date":"2024-03-13T19:07:08","date_gmt":"2024-03-13T18:07:08","guid":{"rendered":"https:\/\/rider-tyres.eu\/opona\/235-75r16-109q-rider-yankee-m-t\/"},"modified":"2024-03-13T18:07:08","modified_gmt":"2024-03-13T17:07:08","slug":"235-75r16-109q-rider-yankee-m-t","status":"publish","type":"product","link":"https:\/\/rider-tyres.eu\/pt-pt\/opona\/235-75r16-109q-rider-yankee-m-t\/","title":{"rendered":"235\/75R16 109Q Rider YANKEE M\/T"},"content":{"rendered":"","protected":false},"excerpt":{"rendered":"<p>&nbsp;<\/p>\n<p>&nbsp;<\/p>\n","protected":false},"featured_media":9478,"comment_status":"open","ping_status":"closed","template":"","meta":[],"product_brand":[],"product_cat":[1987,1988],"product_tag":[],"class_list":{"0":"post-9571","1":"product","2":"type-product","3":"status-publish","4":"has-post-thumbnail","6":"product_cat-terreno-de-lama","7":"product_cat-yankee-pt-pt","9":"first","10":"outofstock","11":"taxable","12":"shipping-taxable","13":"purchasable","14":"product-type-simple"},"yoast_head":"<!-- This site is optimized with the Yoast SEO plugin v27.3 - https:\/\/yoast.com\/product\/yoast-seo-wordpress\/ -->\n<title>235\/75R16 109Q Rider YANKEE M\/T - Rider Tyres<\/title>\n<meta name=\"description\" content=\"235\/75R16 109Q Rider YANKEE M\/T Descobre um desempenho inigual\u00e1vel com o , o pneu todo-o-terreno ideal para todo-o-terreno exigentes. Proporciona uma ader\u00eancia, durabilidade e conforto de condu\u00e7\u00e3o excepcionais.\" \/>\n<meta name=\"robots\" content=\"index, follow, max-snippet:-1, max-image-preview:large, max-video-preview:-1\" \/>\n<link rel=\"canonical\" href=\"https:\/\/rider-tyres.eu\/pt-pt\/opona\/235-75r16-109q-rider-yankee-m-t\/\" \/>\n<meta property=\"og:locale\" content=\"pt_PT\" \/>\n<meta property=\"og:type\" content=\"article\" \/>\n<meta property=\"og:title\" content=\"235\/75R16 109Q Rider YANKEE M\/T - Rider Tyres\" \/>\n<meta property=\"og:description\" content=\"235\/75R16 109Q Rider YANKEE M\/T Descobre um desempenho inigual\u00e1vel com o , o pneu todo-o-terreno ideal para todo-o-terreno exigentes. Proporciona uma ader\u00eancia, durabilidade e conforto de condu\u00e7\u00e3o excepcionais.\" \/>\n<meta property=\"og:url\" content=\"https:\/\/rider-tyres.eu\/pt-pt\/opona\/235-75r16-109q-rider-yankee-m-t\/\" \/>\n<meta property=\"og:site_name\" content=\"Rider Tyres\" \/>\n<meta property=\"og:image\" content=\"https:\/\/rider-tyres.eu\/wp-content\/uploads\/2024\/03\/P1155263.png\" \/>\n\t<meta property=\"og:image:width\" content=\"721\" \/>\n\t<meta property=\"og:image:height\" content=\"1080\" \/>\n\t<meta property=\"og:image:type\" content=\"image\/png\" \/>\n<meta name=\"twitter:card\" content=\"summary_large_image\" \/>\n<script type=\"application\/ld+json\" class=\"yoast-schema-graph\">{\"@context\":\"https:\\\/\\\/schema.org\",\"@graph\":[{\"@type\":\"WebPage\",\"@id\":\"https:\\\/\\\/rider-tyres.eu\\\/pt-pt\\\/opona\\\/235-75r16-109q-rider-yankee-m-t\\\/\",\"url\":\"https:\\\/\\\/rider-tyres.eu\\\/pt-pt\\\/opona\\\/235-75r16-109q-rider-yankee-m-t\\\/\",\"name\":\"235\\\/75R16 109Q Rider YANKEE M\\\/T - Rider Tyres\",\"isPartOf\":{\"@id\":\"https:\\\/\\\/rider-tyres.eu\\\/pt-pt\\\/#website\"},\"primaryImageOfPage\":{\"@id\":\"https:\\\/\\\/rider-tyres.eu\\\/pt-pt\\\/opona\\\/235-75r16-109q-rider-yankee-m-t\\\/#primaryimage\"},\"image\":{\"@id\":\"https:\\\/\\\/rider-tyres.eu\\\/pt-pt\\\/opona\\\/235-75r16-109q-rider-yankee-m-t\\\/#primaryimage\"},\"thumbnailUrl\":\"https:\\\/\\\/rider-tyres.eu\\\/wp-content\\\/uploads\\\/2024\\\/03\\\/P1155263.png\",\"datePublished\":\"2024-03-13T18:07:08+00:00\",\"description\":\"235\\\/75R16 109Q Rider YANKEE M\\\/T Descobre um desempenho inigual\u00e1vel com o , o pneu todo-o-terreno ideal para todo-o-terreno exigentes. Proporciona uma ader\u00eancia, durabilidade e conforto de condu\u00e7\u00e3o excepcionais.\",\"breadcrumb\":{\"@id\":\"https:\\\/\\\/rider-tyres.eu\\\/pt-pt\\\/opona\\\/235-75r16-109q-rider-yankee-m-t\\\/#breadcrumb\"},\"inLanguage\":\"pt-PT\",\"potentialAction\":[{\"@type\":\"ReadAction\",\"target\":[\"https:\\\/\\\/rider-tyres.eu\\\/pt-pt\\\/opona\\\/235-75r16-109q-rider-yankee-m-t\\\/\"]}]},{\"@type\":\"ImageObject\",\"inLanguage\":\"pt-PT\",\"@id\":\"https:\\\/\\\/rider-tyres.eu\\\/pt-pt\\\/opona\\\/235-75r16-109q-rider-yankee-m-t\\\/#primaryimage\",\"url\":\"https:\\\/\\\/rider-tyres.eu\\\/wp-content\\\/uploads\\\/2024\\\/03\\\/P1155263.png\",\"contentUrl\":\"https:\\\/\\\/rider-tyres.eu\\\/wp-content\\\/uploads\\\/2024\\\/03\\\/P1155263.png\",\"width\":721,\"height\":1080},{\"@type\":\"BreadcrumbList\",\"@id\":\"https:\\\/\\\/rider-tyres.eu\\\/pt-pt\\\/opona\\\/235-75r16-109q-rider-yankee-m-t\\\/#breadcrumb\",\"itemListElement\":[{\"@type\":\"ListItem\",\"position\":1,\"name\":\"Strona g\u0142\u00f3wna\",\"item\":\"https:\\\/\\\/rider-tyres.eu\\\/pt-pt\\\/\"},{\"@type\":\"ListItem\",\"position\":2,\"name\":\"Pneus\",\"item\":\"https:\\\/\\\/rider-tyres.eu\\\/pneus\\\/\"},{\"@type\":\"ListItem\",\"position\":3,\"name\":\"235\\\/75R16 109Q Rider YANKEE M\\\/T\"}]},{\"@type\":\"WebSite\",\"@id\":\"https:\\\/\\\/rider-tyres.eu\\\/pt-pt\\\/#website\",\"url\":\"https:\\\/\\\/rider-tyres.eu\\\/pt-pt\\\/\",\"name\":\"Rider Tyres\",\"description\":\"Opony na ka\u017cdy teren\",\"publisher\":{\"@id\":\"https:\\\/\\\/rider-tyres.eu\\\/pt-pt\\\/#organization\"},\"potentialAction\":[{\"@type\":\"SearchAction\",\"target\":{\"@type\":\"EntryPoint\",\"urlTemplate\":\"https:\\\/\\\/rider-tyres.eu\\\/pt-pt\\\/?s={search_term_string}\"},\"query-input\":{\"@type\":\"PropertyValueSpecification\",\"valueRequired\":true,\"valueName\":\"search_term_string\"}}],\"inLanguage\":\"pt-PT\"},{\"@type\":\"Organization\",\"@id\":\"https:\\\/\\\/rider-tyres.eu\\\/pt-pt\\\/#organization\",\"name\":\"Rider Tyres\",\"url\":\"https:\\\/\\\/rider-tyres.eu\\\/pt-pt\\\/\",\"logo\":{\"@type\":\"ImageObject\",\"inLanguage\":\"pt-PT\",\"@id\":\"https:\\\/\\\/rider-tyres.eu\\\/pt-pt\\\/#\\\/schema\\\/logo\\\/image\\\/\",\"url\":\"https:\\\/\\\/rider-tyres.eu\\\/wp-content\\\/uploads\\\/2024\\\/02\\\/White-logo-no-background-01.svg\",\"contentUrl\":\"https:\\\/\\\/rider-tyres.eu\\\/wp-content\\\/uploads\\\/2024\\\/02\\\/White-logo-no-background-01.svg\",\"caption\":\"Rider Tyres\"},\"image\":{\"@id\":\"https:\\\/\\\/rider-tyres.eu\\\/pt-pt\\\/#\\\/schema\\\/logo\\\/image\\\/\"}}]}<\/script>\n<!-- \/ Yoast SEO plugin. -->","yoast_head_json":{"title":"235\/75R16 109Q Rider YANKEE M\/T - Rider Tyres","description":"235\/75R16 109Q Rider YANKEE M\/T Descobre um desempenho inigual\u00e1vel com o , o pneu todo-o-terreno ideal para todo-o-terreno exigentes. Proporciona uma ader\u00eancia, durabilidade e conforto de condu\u00e7\u00e3o excepcionais.","robots":{"index":"index","follow":"follow","max-snippet":"max-snippet:-1","max-image-preview":"max-image-preview:large","max-video-preview":"max-video-preview:-1"},"canonical":"https:\/\/rider-tyres.eu\/pt-pt\/opona\/235-75r16-109q-rider-yankee-m-t\/","og_locale":"pt_PT","og_type":"article","og_title":"235\/75R16 109Q Rider YANKEE M\/T - Rider Tyres","og_description":"235\/75R16 109Q Rider YANKEE M\/T Descobre um desempenho inigual\u00e1vel com o , o pneu todo-o-terreno ideal para todo-o-terreno exigentes. Proporciona uma ader\u00eancia, durabilidade e conforto de condu\u00e7\u00e3o excepcionais.","og_url":"https:\/\/rider-tyres.eu\/pt-pt\/opona\/235-75r16-109q-rider-yankee-m-t\/","og_site_name":"Rider Tyres","og_image":[{"width":721,"height":1080,"url":"https:\/\/rider-tyres.eu\/wp-content\/uploads\/2024\/03\/P1155263.png","type":"image\/png"}],"twitter_card":"summary_large_image","schema":{"@context":"https:\/\/schema.org","@graph":[{"@type":"WebPage","@id":"https:\/\/rider-tyres.eu\/pt-pt\/opona\/235-75r16-109q-rider-yankee-m-t\/","url":"https:\/\/rider-tyres.eu\/pt-pt\/opona\/235-75r16-109q-rider-yankee-m-t\/","name":"235\/75R16 109Q Rider YANKEE M\/T - Rider Tyres","isPartOf":{"@id":"https:\/\/rider-tyres.eu\/pt-pt\/#website"},"primaryImageOfPage":{"@id":"https:\/\/rider-tyres.eu\/pt-pt\/opona\/235-75r16-109q-rider-yankee-m-t\/#primaryimage"},"image":{"@id":"https:\/\/rider-tyres.eu\/pt-pt\/opona\/235-75r16-109q-rider-yankee-m-t\/#primaryimage"},"thumbnailUrl":"https:\/\/rider-tyres.eu\/wp-content\/uploads\/2024\/03\/P1155263.png","datePublished":"2024-03-13T18:07:08+00:00","description":"235\/75R16 109Q Rider YANKEE M\/T Descobre um desempenho inigual\u00e1vel com o , o pneu todo-o-terreno ideal para todo-o-terreno exigentes. Proporciona uma ader\u00eancia, durabilidade e conforto de condu\u00e7\u00e3o excepcionais.","breadcrumb":{"@id":"https:\/\/rider-tyres.eu\/pt-pt\/opona\/235-75r16-109q-rider-yankee-m-t\/#breadcrumb"},"inLanguage":"pt-PT","potentialAction":[{"@type":"ReadAction","target":["https:\/\/rider-tyres.eu\/pt-pt\/opona\/235-75r16-109q-rider-yankee-m-t\/"]}]},{"@type":"ImageObject","inLanguage":"pt-PT","@id":"https:\/\/rider-tyres.eu\/pt-pt\/opona\/235-75r16-109q-rider-yankee-m-t\/#primaryimage","url":"https:\/\/rider-tyres.eu\/wp-content\/uploads\/2024\/03\/P1155263.png","contentUrl":"https:\/\/rider-tyres.eu\/wp-content\/uploads\/2024\/03\/P1155263.png","width":721,"height":1080},{"@type":"BreadcrumbList","@id":"https:\/\/rider-tyres.eu\/pt-pt\/opona\/235-75r16-109q-rider-yankee-m-t\/#breadcrumb","itemListElement":[{"@type":"ListItem","position":1,"name":"Strona g\u0142\u00f3wna","item":"https:\/\/rider-tyres.eu\/pt-pt\/"},{"@type":"ListItem","position":2,"name":"Pneus","item":"https:\/\/rider-tyres.eu\/pneus\/"},{"@type":"ListItem","position":3,"name":"235\/75R16 109Q Rider YANKEE M\/T"}]},{"@type":"WebSite","@id":"https:\/\/rider-tyres.eu\/pt-pt\/#website","url":"https:\/\/rider-tyres.eu\/pt-pt\/","name":"Rider Tyres","description":"Opony na ka\u017cdy teren","publisher":{"@id":"https:\/\/rider-tyres.eu\/pt-pt\/#organization"},"potentialAction":[{"@type":"SearchAction","target":{"@type":"EntryPoint","urlTemplate":"https:\/\/rider-tyres.eu\/pt-pt\/?s={search_term_string}"},"query-input":{"@type":"PropertyValueSpecification","valueRequired":true,"valueName":"search_term_string"}}],"inLanguage":"pt-PT"},{"@type":"Organization","@id":"https:\/\/rider-tyres.eu\/pt-pt\/#organization","name":"Rider Tyres","url":"https:\/\/rider-tyres.eu\/pt-pt\/","logo":{"@type":"ImageObject","inLanguage":"pt-PT","@id":"https:\/\/rider-tyres.eu\/pt-pt\/#\/schema\/logo\/image\/","url":"https:\/\/rider-tyres.eu\/wp-content\/uploads\/2024\/02\/White-logo-no-background-01.svg","contentUrl":"https:\/\/rider-tyres.eu\/wp-content\/uploads\/2024\/02\/White-logo-no-background-01.svg","caption":"Rider Tyres"},"image":{"@id":"https:\/\/rider-tyres.eu\/pt-pt\/#\/schema\/logo\/image\/"}}]}},"_links":{"self":[{"href":"https:\/\/rider-tyres.eu\/pt-pt\/wp-json\/wp\/v2\/product\/9571","targetHints":{"allow":["GET"]}}],"collection":[{"href":"https:\/\/rider-tyres.eu\/pt-pt\/wp-json\/wp\/v2\/product"}],"about":[{"href":"https:\/\/rider-tyres.eu\/pt-pt\/wp-json\/wp\/v2\/types\/product"}],"replies":[{"embeddable":true,"href":"https:\/\/rider-tyres.eu\/pt-pt\/wp-json\/wp\/v2\/comments?post=9571"}],"wp:featuredmedia":[{"embeddable":true,"href":"https:\/\/rider-tyres.eu\/pt-pt\/wp-json\/wp\/v2\/media\/9478"}],"wp:attachment":[{"href":"https:\/\/rider-tyres.eu\/pt-pt\/wp-json\/wp\/v2\/media?parent=9571"}],"wp:term":[{"taxonomy":"product_brand","embeddable":true,"href":"https:\/\/rider-tyres.eu\/pt-pt\/wp-json\/wp\/v2\/product_brand?post=9571"},{"taxonomy":"product_cat","embeddable":true,"href":"https:\/\/rider-tyres.eu\/pt-pt\/wp-json\/wp\/v2\/product_cat?post=9571"},{"taxonomy":"product_tag","embeddable":true,"href":"https:\/\/rider-tyres.eu\/pt-pt\/wp-json\/wp\/v2\/product_tag?post=9571"}],"curies":[{"name":"wp","href":"https:\/\/api.w.org\/{rel}","templated":true}]}}