{"id":8977,"date":"2024-03-18T12:22:33","date_gmt":"2024-03-18T11:22:33","guid":{"rendered":"https:\/\/rider-tyres.eu\/politica-de-privacidade\/"},"modified":"2025-01-08T09:28:27","modified_gmt":"2025-01-08T08:28:27","slug":"politica-de-privacidade","status":"publish","type":"page","link":"https:\/\/rider-tyres.eu\/pt-pt\/politica-de-privacidade\/","title":{"rendered":"Pol\u00edtica de privacidade"},"content":{"rendered":"\t\t<div data-elementor-type=\"wp-page\" data-elementor-id=\"8977\" class=\"elementor elementor-8977 elementor-599\" data-elementor-post-type=\"page\">\n\t\t\t\t<div class=\"elementor-element elementor-element-dab1aea e-flex e-con-boxed e-con e-parent\" data-id=\"dab1aea\" data-element_type=\"container\" data-e-type=\"container\" data-settings=\"{&quot;background_background&quot;:&quot;classic&quot;,&quot;jet_parallax_layout_list&quot;:[]}\">\n\t\t\t\t\t<div class=\"e-con-inner\">\n\t\t\t\t<div class=\"elementor-element elementor-element-40274cf elementor-widget elementor-widget-breadcrumbs\" data-id=\"40274cf\" data-element_type=\"widget\" data-e-type=\"widget\" data-widget_type=\"breadcrumbs.default\">\n\t\t\t\t<div class=\"elementor-widget-container\">\n\t\t\t\t\t<p id=\"breadcrumbs\"><span><span><a href=\"https:\/\/rider-tyres.eu\/pt-pt\/\">Strona g\u0142\u00f3wna<\/a><\/span><\/span><\/p>\t\t\t\t<\/div>\n\t\t\t\t<\/div>\n\t\t\t\t<div class=\"elementor-element elementor-element-634eedf elementor-widget elementor-widget-heading\" data-id=\"634eedf\" data-element_type=\"widget\" data-e-type=\"widget\" data-widget_type=\"heading.default\">\n\t\t\t\t<div class=\"elementor-widget-container\">\n\t\t\t\t\t<h2 class=\"elementor-heading-title elementor-size-default\">Pol\u00edtica de privacidade<\/h2>\t\t\t\t<\/div>\n\t\t\t\t<\/div>\n\t\t\t\t\t<\/div>\n\t\t\t\t<\/div>\n\t\t<div class=\"elementor-element elementor-element-07ec720 e-flex e-con-boxed e-con e-parent\" data-id=\"07ec720\" data-element_type=\"container\" data-e-type=\"container\" data-settings=\"{&quot;jet_parallax_layout_list&quot;:[]}\">\n\t\t\t\t\t<div class=\"e-con-inner\">\n\t\t\t\t<div class=\"elementor-element elementor-element-7eb301f elementor-widget elementor-widget-html\" data-id=\"7eb301f\" data-element_type=\"widget\" data-e-type=\"widget\" data-widget_type=\"html.default\">\n\t\t\t\t<div class=\"elementor-widget-container\">\n\t\t\t\t\t<h1>Pol\u00edtica de privacidade<\/h1>\n    <p><br>\u00daltima atualiza\u00e7\u00e3o: <strong> 24-Jun-2024<strong>Data de entrada em<\/strong><strong>vigor:<\/strong> 24-Jun-2024<\/strong><\/p>\n\n    <p>A presente Pol\u00edtica de Privacidade descreve a pol\u00edtica da Gerex s.c., Adolfa Mitery 11, Malopolska 32-700, Pol\u00f3nia, e-mail: contact@rider-tyres.eu, telefone: 14 615 90 14 relativamente \u00e0 recolha, utiliza\u00e7\u00e3o e divulga\u00e7\u00e3o das informa\u00e7\u00f5es que recolhemos quando utiliza o nosso s\u00edtio Web ( <a href=\"https:\/\/rider-tyres.eu\/pt-pt\/\">https:\/\/rider-tyres.eu<\/a> ) (doravante designado por \"Servi\u00e7o\"). Ao utilizar o Servi\u00e7o, consente a recolha, utiliza\u00e7\u00e3o e divulga\u00e7\u00e3o das suas informa\u00e7\u00f5es de acordo com a presente Pol\u00edtica de Privacidade. Se n\u00e3o concordares, n\u00e3o utilizes o Servi\u00e7o.  <\/p>\n\n    <p>Podemos alterar esta Pol\u00edtica de Privacidade em qualquer altura sem aviso pr\u00e9vio e publicaremos a Pol\u00edtica de Privacidade revista no Servi\u00e7o.  <strong>A Pol\u00edtica revista entrar\u00e1 em vigor 180 dias ap\u00f3s a sua publica\u00e7\u00e3o no Servi\u00e7o, e a tua utiliza\u00e7\u00e3o continuada do Servi\u00e7o ap\u00f3s esse per\u00edodo constituir\u00e1 a tua aceita\u00e7\u00e3o da Pol\u00edtica de Privacidade revista.<\/strong>  Recomendamos que revejas esta p\u00e1gina periodicamente.<\/p>\n\n    <h2>Como utilizamos as tuas informa\u00e7\u00f5es:<\/h2>\n    <p>Utilizaremos as informa\u00e7\u00f5es que recolhemos sobre ti para os seguintes fins:<\/p>\n    <ul>\n        <li>Marketing\/Promo\u00e7\u00e3o<\/li>\n        <li>Publicidade direcionada<\/li>\n    <\/ul>\n    <p>Se quisermos utilizar as tuas informa\u00e7\u00f5es para qualquer outro fim, pediremos o teu consentimento e s\u00f3 utilizaremos as tuas informa\u00e7\u00f5es depois de obtermos o teu consentimento, e apenas para o fim para o qual consentires, a menos que sejamos obrigados por lei a fazer o contr\u00e1rio.<\/p>\n\n    <h2>Como partilhamos as tuas informa\u00e7\u00f5es:<\/h2>\n    <p><strong>N\u00e3o transferiremos os teus dados pessoais para terceiros sem obter o teu consentimento, exceto nas circunst\u00e2ncias limitadas descritas abaixo:<\/strong><\/p>\n    <ul>\n        <li>Servi\u00e7os de publicidade<\/li>\n        <li>An\u00e1lises<\/li>\n    <\/ul>\n    <p>Exigimos que esses terceiros utilizem os dados pessoais que lhes s\u00e3o fornecidos apenas para a finalidade para a qual foram fornecidos e que n\u00e3o os conservem por mais tempo do que o necess\u00e1rio para cumprir essa finalidade.\nTamb\u00e9m podemos divulgar os teus dados pessoais nos seguintes casos: (1) para cumprir a lei aplic\u00e1vel, regulamento, ordem judicial ou outro processo legal; (2) para fazer cumprir os nossos acordos contigo, incluindo esta Pol\u00edtica de Privacidade; ou (3) para responder a reclama\u00e7\u00f5es de que a tua utiliza\u00e7\u00e3o do Servi\u00e7o viola os direitos de terceiros.\nSe o Servi\u00e7o ou a nossa empresa for adquirida ou fundida com outra empresa, as tuas informa\u00e7\u00f5es ser\u00e3o um dos activos transferidos para o novo propriet\u00e1rio.  <\/p>\n\n    <h2>Os teus direitos:<\/h2>\n    <p>Dependendo da lei aplic\u00e1vel, podes ter o direito de aceder, retificar ou apagar os teus dados pessoais, obter uma c\u00f3pia dos teus dados pessoais, restringir ou opor-se ao processamento ativo dos teus dados, pedir-nos para transferir os teus dados pessoais para outra entidade, retirar o teu consentimento para o processamento dos teus dados e o direito de apresentar uma queixa a uma autoridade de supervis\u00e3o.\nPara exercer estes direitos, podes escrever-nos para <a href=\"\">contact@rider-tyres.eu.<\/a>\nResponderemos ao teu pedido em conformidade com a legisla\u00e7\u00e3o aplic\u00e1vel.\nTem em aten\u00e7\u00e3o que, se n\u00e3o nos autorizares a recolher ou a processar os dados pessoais que solicitaste, ou se retirares o teu consentimento para o processamento dos mesmos para os fins solicitados, poder\u00e1s n\u00e3o conseguir aceder ou utilizar o Servi\u00e7o.   <\/p>\n\n    <h2>Cookies, etc.<\/h2>\n    <p>Para saberes mais sobre a forma como utilizamos estas tecnologias e as tuas escolhas em rela\u00e7\u00e3o a estas tecnologias de rastreio, consulta a nossa <a href=\"#cookie-policy\">Pol\u00edtica de Cookies.<\/a><\/p>\n\n    <h2>Seguran\u00e7a:<\/h2>\n    <p><strong>A seguran\u00e7a das tuas informa\u00e7\u00f5es \u00e9 importante para n\u00f3s e utilizaremos medidas de seguran\u00e7a razo\u00e1veis para evitar a perda, a utiliza\u00e7\u00e3o indevida ou a altera\u00e7\u00e3o n\u00e3o autorizada das tuas informa\u00e7\u00f5es que est\u00e3o sob o nosso controlo.<\/strong>  No entanto, devido aos riscos inerentes, n\u00e3o podemos garantir a seguran\u00e7a absoluta e, consequentemente, n\u00e3o podemos assegurar ou garantir a seguran\u00e7a de qualquer informa\u00e7\u00e3o que nos forne\u00e7as, pelo que o fazes por tua conta e risco.<\/p>\n\n    <h2>Liga\u00e7\u00f5es a terceiros e utiliza\u00e7\u00e3o das tuas informa\u00e7\u00f5es:<\/h2>\n    <p>O nosso Servi\u00e7o pode conter liga\u00e7\u00f5es a outros s\u00edtios Web que n\u00e3o s\u00e3o operados por n\u00f3s.\nEsta Pol\u00edtica de Privacidade n\u00e3o aborda as pol\u00edticas de privacidade ou outras pr\u00e1ticas de terceiros, incluindo terceiros que operem qualquer site ou servi\u00e7o que possa estar acess\u00edvel atrav\u00e9s de um link no Servi\u00e7o.\nRecomendamos vivamente que revejas a pol\u00edtica de privacidade de cada site que visitas.\nN\u00e3o temos controlo sobre, e n\u00e3o somos respons\u00e1veis pelo conte\u00fado, pol\u00edticas de privacidade ou pr\u00e1ticas de quaisquer sites ou servi\u00e7os de terceiros.   <\/p>\n\n    <h2>Respons\u00e1vel pela prote\u00e7\u00e3o de dados.\nreclama\u00e7\u00f5es\/prote\u00e7\u00e3o de dados: <\/h2>\n    <p>Se tiveres alguma d\u00favida ou preocupa\u00e7\u00e3o sobre o processamento das tuas informa\u00e7\u00f5es connosco, podes enviar um e-mail ao nosso respons\u00e1vel pelas queixas para Gerex s.c., 32-700 Bochnia, Adolfa Mitery 11, e-mail: <a href=\"\">contact@rider-tyres.eu.<\/a> Responderemos \u00e0s tuas preocupa\u00e7\u00f5es em conformidade com a legisla\u00e7\u00e3o aplic\u00e1vel.  <\/p>\n\t\t\t\t<\/div>\n\t\t\t\t<\/div>\n\t\t\t\t\t<\/div>\n\t\t\t\t<\/div>\n\t\t<div class=\"elementor-element elementor-element-0f5ac2a e-flex e-con-boxed e-con e-parent\" data-id=\"0f5ac2a\" data-element_type=\"container\" data-e-type=\"container\" data-settings=\"{&quot;jet_parallax_layout_list&quot;:[]}\">\n\t\t\t\t\t<div class=\"e-con-inner\">\n\t\t\t\t\t<\/div>\n\t\t\t\t<\/div>\n\t\t\t\t<\/div>\n\t\t","protected":false},"excerpt":{"rendered":"<p>Pol\u00edtica de privacidade \u00daltima atualiza\u00e7\u00e3o: 24-Jun-2024Data de entrada emvigor: 24-Jun-2024 A presente Pol\u00edtica de Privacidade descreve a pol\u00edtica da Gerex s.c., Adolfa Mitery 11, Malopolska 32-700, Pol\u00f3nia, e-mail: contact@rider-tyres.eu, telefone: 14 615 90 14 relativamente \u00e0 recolha, utiliza\u00e7\u00e3o e divulga\u00e7\u00e3o das informa\u00e7\u00f5es que recolhemos quando utiliza o nosso s\u00edtio Web ( https:\/\/rider-tyres.eu ) (doravante designado [&hellip;]<\/p>\n","protected":false},"author":1,"featured_media":0,"parent":0,"menu_order":0,"comment_status":"closed","ping_status":"closed","template":"elementor_header_footer","meta":{"footnotes":""},"class_list":["post-8977","page","type-page","status-publish","hentry"],"yoast_head":"<!-- This site is optimized with the Yoast SEO plugin v27.3 - https:\/\/yoast.com\/product\/yoast-seo-wordpress\/ -->\n<title>Pol\u00edtica de privacidade - Rider Tyres<\/title>\n<meta name=\"robots\" content=\"index, follow, max-snippet:-1, max-image-preview:large, max-video-preview:-1\" \/>\n<link rel=\"canonical\" href=\"https:\/\/rider-tyres.eu\/pt-pt\/politica-de-privacidade\/\" \/>\n<meta property=\"og:locale\" content=\"pt_PT\" \/>\n<meta property=\"og:type\" content=\"article\" \/>\n<meta property=\"og:title\" content=\"Pol\u00edtica de privacidade - Rider Tyres\" \/>\n<meta property=\"og:description\" content=\"Pol\u00edtica de privacidade \u00daltima atualiza\u00e7\u00e3o: 24-Jun-2024Data de entrada emvigor: 24-Jun-2024 A presente Pol\u00edtica de Privacidade descreve a pol\u00edtica da Gerex s.c., Adolfa Mitery 11, Malopolska 32-700, Pol\u00f3nia, e-mail: contact@rider-tyres.eu, telefone: 14 615 90 14 relativamente \u00e0 recolha, utiliza\u00e7\u00e3o e divulga\u00e7\u00e3o das informa\u00e7\u00f5es que recolhemos quando utiliza o nosso s\u00edtio Web ( https:\/\/rider-tyres.eu ) (doravante designado [&hellip;]\" \/>\n<meta property=\"og:url\" content=\"https:\/\/rider-tyres.eu\/pt-pt\/politica-de-privacidade\/\" \/>\n<meta property=\"og:site_name\" content=\"Rider Tyres\" \/>\n<meta property=\"article:modified_time\" content=\"2025-01-08T08:28:27+00:00\" \/>\n<meta name=\"twitter:card\" content=\"summary_large_image\" \/>\n<meta name=\"twitter:label1\" content=\"Tempo estimado de leitura\" \/>\n\t<meta name=\"twitter:data1\" content=\"4 minutos\" \/>\n<script type=\"application\/ld+json\" class=\"yoast-schema-graph\">{\"@context\":\"https:\\\/\\\/schema.org\",\"@graph\":[{\"@type\":\"WebPage\",\"@id\":\"https:\\\/\\\/rider-tyres.eu\\\/pt-pt\\\/politica-de-privacidade\\\/\",\"url\":\"https:\\\/\\\/rider-tyres.eu\\\/pt-pt\\\/politica-de-privacidade\\\/\",\"name\":\"Pol\u00edtica de privacidade - Rider Tyres\",\"isPartOf\":{\"@id\":\"https:\\\/\\\/rider-tyres.eu\\\/pt-pt\\\/#website\"},\"datePublished\":\"2024-03-18T11:22:33+00:00\",\"dateModified\":\"2025-01-08T08:28:27+00:00\",\"breadcrumb\":{\"@id\":\"https:\\\/\\\/rider-tyres.eu\\\/pt-pt\\\/politica-de-privacidade\\\/#breadcrumb\"},\"inLanguage\":\"pt-PT\",\"potentialAction\":[{\"@type\":\"ReadAction\",\"target\":[\"https:\\\/\\\/rider-tyres.eu\\\/pt-pt\\\/politica-de-privacidade\\\/\"]}]},{\"@type\":\"BreadcrumbList\",\"@id\":\"https:\\\/\\\/rider-tyres.eu\\\/pt-pt\\\/politica-de-privacidade\\\/#breadcrumb\",\"itemListElement\":[{\"@type\":\"ListItem\",\"position\":1,\"name\":\"Strona g\u0142\u00f3wna\",\"item\":\"https:\\\/\\\/rider-tyres.eu\\\/pt-pt\\\/\"},{\"@type\":\"ListItem\",\"position\":2,\"name\":\"Pol\u00edtica de privacidade\"}]},{\"@type\":\"WebSite\",\"@id\":\"https:\\\/\\\/rider-tyres.eu\\\/pt-pt\\\/#website\",\"url\":\"https:\\\/\\\/rider-tyres.eu\\\/pt-pt\\\/\",\"name\":\"Rider Tyres\",\"description\":\"Opony na ka\u017cdy teren\",\"publisher\":{\"@id\":\"https:\\\/\\\/rider-tyres.eu\\\/pt-pt\\\/#organization\"},\"potentialAction\":[{\"@type\":\"SearchAction\",\"target\":{\"@type\":\"EntryPoint\",\"urlTemplate\":\"https:\\\/\\\/rider-tyres.eu\\\/pt-pt\\\/?s={search_term_string}\"},\"query-input\":{\"@type\":\"PropertyValueSpecification\",\"valueRequired\":true,\"valueName\":\"search_term_string\"}}],\"inLanguage\":\"pt-PT\"},{\"@type\":\"Organization\",\"@id\":\"https:\\\/\\\/rider-tyres.eu\\\/pt-pt\\\/#organization\",\"name\":\"Rider Tyres\",\"url\":\"https:\\\/\\\/rider-tyres.eu\\\/pt-pt\\\/\",\"logo\":{\"@type\":\"ImageObject\",\"inLanguage\":\"pt-PT\",\"@id\":\"https:\\\/\\\/rider-tyres.eu\\\/pt-pt\\\/#\\\/schema\\\/logo\\\/image\\\/\",\"url\":\"https:\\\/\\\/rider-tyres.eu\\\/wp-content\\\/uploads\\\/2024\\\/02\\\/White-logo-no-background-01.svg\",\"contentUrl\":\"https:\\\/\\\/rider-tyres.eu\\\/wp-content\\\/uploads\\\/2024\\\/02\\\/White-logo-no-background-01.svg\",\"caption\":\"Rider Tyres\"},\"image\":{\"@id\":\"https:\\\/\\\/rider-tyres.eu\\\/pt-pt\\\/#\\\/schema\\\/logo\\\/image\\\/\"}}]}<\/script>\n<!-- \/ Yoast SEO plugin. -->","yoast_head_json":{"title":"Pol\u00edtica de privacidade - Rider Tyres","robots":{"index":"index","follow":"follow","max-snippet":"max-snippet:-1","max-image-preview":"max-image-preview:large","max-video-preview":"max-video-preview:-1"},"canonical":"https:\/\/rider-tyres.eu\/pt-pt\/politica-de-privacidade\/","og_locale":"pt_PT","og_type":"article","og_title":"Pol\u00edtica de privacidade - Rider Tyres","og_description":"Pol\u00edtica de privacidade \u00daltima atualiza\u00e7\u00e3o: 24-Jun-2024Data de entrada emvigor: 24-Jun-2024 A presente Pol\u00edtica de Privacidade descreve a pol\u00edtica da Gerex s.c., Adolfa Mitery 11, Malopolska 32-700, Pol\u00f3nia, e-mail: contact@rider-tyres.eu, telefone: 14 615 90 14 relativamente \u00e0 recolha, utiliza\u00e7\u00e3o e divulga\u00e7\u00e3o das informa\u00e7\u00f5es que recolhemos quando utiliza o nosso s\u00edtio Web ( https:\/\/rider-tyres.eu ) (doravante designado [&hellip;]","og_url":"https:\/\/rider-tyres.eu\/pt-pt\/politica-de-privacidade\/","og_site_name":"Rider Tyres","article_modified_time":"2025-01-08T08:28:27+00:00","twitter_card":"summary_large_image","twitter_misc":{"Tempo estimado de leitura":"4 minutos"},"schema":{"@context":"https:\/\/schema.org","@graph":[{"@type":"WebPage","@id":"https:\/\/rider-tyres.eu\/pt-pt\/politica-de-privacidade\/","url":"https:\/\/rider-tyres.eu\/pt-pt\/politica-de-privacidade\/","name":"Pol\u00edtica de privacidade - Rider Tyres","isPartOf":{"@id":"https:\/\/rider-tyres.eu\/pt-pt\/#website"},"datePublished":"2024-03-18T11:22:33+00:00","dateModified":"2025-01-08T08:28:27+00:00","breadcrumb":{"@id":"https:\/\/rider-tyres.eu\/pt-pt\/politica-de-privacidade\/#breadcrumb"},"inLanguage":"pt-PT","potentialAction":[{"@type":"ReadAction","target":["https:\/\/rider-tyres.eu\/pt-pt\/politica-de-privacidade\/"]}]},{"@type":"BreadcrumbList","@id":"https:\/\/rider-tyres.eu\/pt-pt\/politica-de-privacidade\/#breadcrumb","itemListElement":[{"@type":"ListItem","position":1,"name":"Strona g\u0142\u00f3wna","item":"https:\/\/rider-tyres.eu\/pt-pt\/"},{"@type":"ListItem","position":2,"name":"Pol\u00edtica de privacidade"}]},{"@type":"WebSite","@id":"https:\/\/rider-tyres.eu\/pt-pt\/#website","url":"https:\/\/rider-tyres.eu\/pt-pt\/","name":"Rider Tyres","description":"Opony na ka\u017cdy teren","publisher":{"@id":"https:\/\/rider-tyres.eu\/pt-pt\/#organization"},"potentialAction":[{"@type":"SearchAction","target":{"@type":"EntryPoint","urlTemplate":"https:\/\/rider-tyres.eu\/pt-pt\/?s={search_term_string}"},"query-input":{"@type":"PropertyValueSpecification","valueRequired":true,"valueName":"search_term_string"}}],"inLanguage":"pt-PT"},{"@type":"Organization","@id":"https:\/\/rider-tyres.eu\/pt-pt\/#organization","name":"Rider Tyres","url":"https:\/\/rider-tyres.eu\/pt-pt\/","logo":{"@type":"ImageObject","inLanguage":"pt-PT","@id":"https:\/\/rider-tyres.eu\/pt-pt\/#\/schema\/logo\/image\/","url":"https:\/\/rider-tyres.eu\/wp-content\/uploads\/2024\/02\/White-logo-no-background-01.svg","contentUrl":"https:\/\/rider-tyres.eu\/wp-content\/uploads\/2024\/02\/White-logo-no-background-01.svg","caption":"Rider Tyres"},"image":{"@id":"https:\/\/rider-tyres.eu\/pt-pt\/#\/schema\/logo\/image\/"}}]}},"_links":{"self":[{"href":"https:\/\/rider-tyres.eu\/pt-pt\/wp-json\/wp\/v2\/pages\/8977","targetHints":{"allow":["GET"]}}],"collection":[{"href":"https:\/\/rider-tyres.eu\/pt-pt\/wp-json\/wp\/v2\/pages"}],"about":[{"href":"https:\/\/rider-tyres.eu\/pt-pt\/wp-json\/wp\/v2\/types\/page"}],"author":[{"embeddable":true,"href":"https:\/\/rider-tyres.eu\/pt-pt\/wp-json\/wp\/v2\/users\/1"}],"replies":[{"embeddable":true,"href":"https:\/\/rider-tyres.eu\/pt-pt\/wp-json\/wp\/v2\/comments?post=8977"}],"version-history":[{"count":1,"href":"https:\/\/rider-tyres.eu\/pt-pt\/wp-json\/wp\/v2\/pages\/8977\/revisions"}],"predecessor-version":[{"id":8978,"href":"https:\/\/rider-tyres.eu\/pt-pt\/wp-json\/wp\/v2\/pages\/8977\/revisions\/8978"}],"wp:attachment":[{"href":"https:\/\/rider-tyres.eu\/pt-pt\/wp-json\/wp\/v2\/media?parent=8977"}],"curies":[{"name":"wp","href":"https:\/\/api.w.org\/{rel}","templated":true}]}}