{"id":4305,"date":"2024-03-22T15:29:27","date_gmt":"2024-03-22T14:29:27","guid":{"rendered":"https:\/\/rider-tyres.eu\/opona\/265-70r15-110q-rider-yankee-m-t\/"},"modified":"2024-03-22T14:29:27","modified_gmt":"2024-03-22T13:29:27","slug":"265-70r15-110q-rider-yankee-m-t","status":"publish","type":"product","link":"https:\/\/rider-tyres.eu\/lv\/opona\/265-70r15-110q-rider-yankee-m-t\/","title":{"rendered":"265\/70R15 110Q Rider YANKEE M\/T"},"content":{"rendered":"","protected":false},"excerpt":{"rendered":"<p>&nbsp;<\/p>\n<p>&nbsp;<\/p>\n","protected":false},"featured_media":3602,"comment_status":"open","ping_status":"closed","template":"","meta":[],"product_brand":[],"product_cat":[343,344],"product_tag":[],"class_list":{"0":"post-4305","1":"product","2":"type-product","3":"status-publish","4":"has-post-thumbnail","6":"product_cat-dublu-apvidus","7":"product_cat-yankee-lv","9":"first","10":"outofstock","11":"taxable","12":"shipping-taxable","13":"purchasable","14":"product-type-simple"},"yoast_head":"<!-- This site is optimized with the Yoast SEO plugin v27.3 - https:\/\/yoast.com\/product\/yoast-seo-wordpress\/ -->\n<title>265\/70R15 110Q Rider YANKEE M\/T - Rider Tyres<\/title>\n<meta name=\"description\" content=\"Atkl\u0101jiet nep\u0101rsp\u0113jamu veiktsp\u0113ju ar 265\/70R15 110Q Rider YANKEE M\/T, ide\u0101lu bezce\u013cu riepu pras\u012bgiem apvidus brauc\u0113jiem. Nodro\u0161ina izcilu sa\u0137eri, iztur\u012bbu un brauk\u0161anas komfortu.\" \/>\n<meta name=\"robots\" content=\"index, follow, max-snippet:-1, max-image-preview:large, max-video-preview:-1\" \/>\n<link rel=\"canonical\" href=\"https:\/\/rider-tyres.eu\/lv\/opona\/265-70r15-110q-rider-yankee-m-t\/\" \/>\n<meta property=\"og:locale\" content=\"lv_LV\" \/>\n<meta property=\"og:type\" content=\"article\" \/>\n<meta property=\"og:title\" content=\"265\/70R15 110Q Rider YANKEE M\/T - Rider Tyres\" \/>\n<meta property=\"og:description\" content=\"Atkl\u0101jiet nep\u0101rsp\u0113jamu veiktsp\u0113ju ar 265\/70R15 110Q Rider YANKEE M\/T, ide\u0101lu bezce\u013cu riepu pras\u012bgiem apvidus brauc\u0113jiem. Nodro\u0161ina izcilu sa\u0137eri, iztur\u012bbu un brauk\u0161anas komfortu.\" \/>\n<meta property=\"og:url\" content=\"https:\/\/rider-tyres.eu\/lv\/opona\/265-70r15-110q-rider-yankee-m-t\/\" \/>\n<meta property=\"og:site_name\" content=\"Rider Tyres\" \/>\n<meta property=\"og:image\" content=\"https:\/\/rider-tyres.eu\/wp-content\/uploads\/2024\/03\/P1155263.png\" \/>\n\t<meta property=\"og:image:width\" content=\"721\" \/>\n\t<meta property=\"og:image:height\" content=\"1080\" \/>\n\t<meta property=\"og:image:type\" content=\"image\/png\" \/>\n<meta name=\"twitter:card\" content=\"summary_large_image\" \/>\n<script type=\"application\/ld+json\" class=\"yoast-schema-graph\">{\"@context\":\"https:\\\/\\\/schema.org\",\"@graph\":[{\"@type\":\"WebPage\",\"@id\":\"https:\\\/\\\/rider-tyres.eu\\\/lv\\\/opona\\\/265-70r15-110q-rider-yankee-m-t\\\/\",\"url\":\"https:\\\/\\\/rider-tyres.eu\\\/lv\\\/opona\\\/265-70r15-110q-rider-yankee-m-t\\\/\",\"name\":\"265\\\/70R15 110Q Rider YANKEE M\\\/T - Rider Tyres\",\"isPartOf\":{\"@id\":\"https:\\\/\\\/rider-tyres.eu\\\/lv\\\/#website\"},\"primaryImageOfPage\":{\"@id\":\"https:\\\/\\\/rider-tyres.eu\\\/lv\\\/opona\\\/265-70r15-110q-rider-yankee-m-t\\\/#primaryimage\"},\"image\":{\"@id\":\"https:\\\/\\\/rider-tyres.eu\\\/lv\\\/opona\\\/265-70r15-110q-rider-yankee-m-t\\\/#primaryimage\"},\"thumbnailUrl\":\"https:\\\/\\\/rider-tyres.eu\\\/wp-content\\\/uploads\\\/2024\\\/03\\\/P1155263.png\",\"datePublished\":\"2024-03-22T14:29:27+00:00\",\"description\":\"Atkl\u0101jiet nep\u0101rsp\u0113jamu veiktsp\u0113ju ar 265\\\/70R15 110Q Rider YANKEE M\\\/T, ide\u0101lu bezce\u013cu riepu pras\u012bgiem apvidus brauc\u0113jiem. Nodro\u0161ina izcilu sa\u0137eri, iztur\u012bbu un brauk\u0161anas komfortu.\",\"breadcrumb\":{\"@id\":\"https:\\\/\\\/rider-tyres.eu\\\/lv\\\/opona\\\/265-70r15-110q-rider-yankee-m-t\\\/#breadcrumb\"},\"inLanguage\":\"lv-LV\",\"potentialAction\":[{\"@type\":\"ReadAction\",\"target\":[\"https:\\\/\\\/rider-tyres.eu\\\/lv\\\/opona\\\/265-70r15-110q-rider-yankee-m-t\\\/\"]}]},{\"@type\":\"ImageObject\",\"inLanguage\":\"lv-LV\",\"@id\":\"https:\\\/\\\/rider-tyres.eu\\\/lv\\\/opona\\\/265-70r15-110q-rider-yankee-m-t\\\/#primaryimage\",\"url\":\"https:\\\/\\\/rider-tyres.eu\\\/wp-content\\\/uploads\\\/2024\\\/03\\\/P1155263.png\",\"contentUrl\":\"https:\\\/\\\/rider-tyres.eu\\\/wp-content\\\/uploads\\\/2024\\\/03\\\/P1155263.png\",\"width\":721,\"height\":1080},{\"@type\":\"BreadcrumbList\",\"@id\":\"https:\\\/\\\/rider-tyres.eu\\\/lv\\\/opona\\\/265-70r15-110q-rider-yankee-m-t\\\/#breadcrumb\",\"itemListElement\":[{\"@type\":\"ListItem\",\"position\":1,\"name\":\"Strona g\u0142\u00f3wna\",\"item\":\"https:\\\/\\\/rider-tyres.eu\\\/lv\\\/\"},{\"@type\":\"ListItem\",\"position\":2,\"name\":\"Riepas\",\"item\":\"https:\\\/\\\/rider-tyres.eu\\\/lv\\\/veikals\\\/\"},{\"@type\":\"ListItem\",\"position\":3,\"name\":\"265\\\/70R15 110Q Rider YANKEE M\\\/T\"}]},{\"@type\":\"WebSite\",\"@id\":\"https:\\\/\\\/rider-tyres.eu\\\/lv\\\/#website\",\"url\":\"https:\\\/\\\/rider-tyres.eu\\\/lv\\\/\",\"name\":\"Rider Tyres\",\"description\":\"Opony na ka\u017cdy teren\",\"publisher\":{\"@id\":\"https:\\\/\\\/rider-tyres.eu\\\/lv\\\/#organization\"},\"potentialAction\":[{\"@type\":\"SearchAction\",\"target\":{\"@type\":\"EntryPoint\",\"urlTemplate\":\"https:\\\/\\\/rider-tyres.eu\\\/lv\\\/?s={search_term_string}\"},\"query-input\":{\"@type\":\"PropertyValueSpecification\",\"valueRequired\":true,\"valueName\":\"search_term_string\"}}],\"inLanguage\":\"lv-LV\"},{\"@type\":\"Organization\",\"@id\":\"https:\\\/\\\/rider-tyres.eu\\\/lv\\\/#organization\",\"name\":\"Rider Tyres\",\"url\":\"https:\\\/\\\/rider-tyres.eu\\\/lv\\\/\",\"logo\":{\"@type\":\"ImageObject\",\"inLanguage\":\"lv-LV\",\"@id\":\"https:\\\/\\\/rider-tyres.eu\\\/lv\\\/#\\\/schema\\\/logo\\\/image\\\/\",\"url\":\"https:\\\/\\\/rider-tyres.eu\\\/wp-content\\\/uploads\\\/2024\\\/02\\\/White-logo-no-background-01.svg\",\"contentUrl\":\"https:\\\/\\\/rider-tyres.eu\\\/wp-content\\\/uploads\\\/2024\\\/02\\\/White-logo-no-background-01.svg\",\"caption\":\"Rider Tyres\"},\"image\":{\"@id\":\"https:\\\/\\\/rider-tyres.eu\\\/lv\\\/#\\\/schema\\\/logo\\\/image\\\/\"}}]}<\/script>\n<!-- \/ Yoast SEO plugin. -->","yoast_head_json":{"title":"265\/70R15 110Q Rider YANKEE M\/T - Rider Tyres","description":"Atkl\u0101jiet nep\u0101rsp\u0113jamu veiktsp\u0113ju ar 265\/70R15 110Q Rider YANKEE M\/T, ide\u0101lu bezce\u013cu riepu pras\u012bgiem apvidus brauc\u0113jiem. Nodro\u0161ina izcilu sa\u0137eri, iztur\u012bbu un brauk\u0161anas komfortu.","robots":{"index":"index","follow":"follow","max-snippet":"max-snippet:-1","max-image-preview":"max-image-preview:large","max-video-preview":"max-video-preview:-1"},"canonical":"https:\/\/rider-tyres.eu\/lv\/opona\/265-70r15-110q-rider-yankee-m-t\/","og_locale":"lv_LV","og_type":"article","og_title":"265\/70R15 110Q Rider YANKEE M\/T - Rider Tyres","og_description":"Atkl\u0101jiet nep\u0101rsp\u0113jamu veiktsp\u0113ju ar 265\/70R15 110Q Rider YANKEE M\/T, ide\u0101lu bezce\u013cu riepu pras\u012bgiem apvidus brauc\u0113jiem. Nodro\u0161ina izcilu sa\u0137eri, iztur\u012bbu un brauk\u0161anas komfortu.","og_url":"https:\/\/rider-tyres.eu\/lv\/opona\/265-70r15-110q-rider-yankee-m-t\/","og_site_name":"Rider Tyres","og_image":[{"width":721,"height":1080,"url":"https:\/\/rider-tyres.eu\/wp-content\/uploads\/2024\/03\/P1155263.png","type":"image\/png"}],"twitter_card":"summary_large_image","schema":{"@context":"https:\/\/schema.org","@graph":[{"@type":"WebPage","@id":"https:\/\/rider-tyres.eu\/lv\/opona\/265-70r15-110q-rider-yankee-m-t\/","url":"https:\/\/rider-tyres.eu\/lv\/opona\/265-70r15-110q-rider-yankee-m-t\/","name":"265\/70R15 110Q Rider YANKEE M\/T - Rider Tyres","isPartOf":{"@id":"https:\/\/rider-tyres.eu\/lv\/#website"},"primaryImageOfPage":{"@id":"https:\/\/rider-tyres.eu\/lv\/opona\/265-70r15-110q-rider-yankee-m-t\/#primaryimage"},"image":{"@id":"https:\/\/rider-tyres.eu\/lv\/opona\/265-70r15-110q-rider-yankee-m-t\/#primaryimage"},"thumbnailUrl":"https:\/\/rider-tyres.eu\/wp-content\/uploads\/2024\/03\/P1155263.png","datePublished":"2024-03-22T14:29:27+00:00","description":"Atkl\u0101jiet nep\u0101rsp\u0113jamu veiktsp\u0113ju ar 265\/70R15 110Q Rider YANKEE M\/T, ide\u0101lu bezce\u013cu riepu pras\u012bgiem apvidus brauc\u0113jiem. Nodro\u0161ina izcilu sa\u0137eri, iztur\u012bbu un brauk\u0161anas komfortu.","breadcrumb":{"@id":"https:\/\/rider-tyres.eu\/lv\/opona\/265-70r15-110q-rider-yankee-m-t\/#breadcrumb"},"inLanguage":"lv-LV","potentialAction":[{"@type":"ReadAction","target":["https:\/\/rider-tyres.eu\/lv\/opona\/265-70r15-110q-rider-yankee-m-t\/"]}]},{"@type":"ImageObject","inLanguage":"lv-LV","@id":"https:\/\/rider-tyres.eu\/lv\/opona\/265-70r15-110q-rider-yankee-m-t\/#primaryimage","url":"https:\/\/rider-tyres.eu\/wp-content\/uploads\/2024\/03\/P1155263.png","contentUrl":"https:\/\/rider-tyres.eu\/wp-content\/uploads\/2024\/03\/P1155263.png","width":721,"height":1080},{"@type":"BreadcrumbList","@id":"https:\/\/rider-tyres.eu\/lv\/opona\/265-70r15-110q-rider-yankee-m-t\/#breadcrumb","itemListElement":[{"@type":"ListItem","position":1,"name":"Strona g\u0142\u00f3wna","item":"https:\/\/rider-tyres.eu\/lv\/"},{"@type":"ListItem","position":2,"name":"Riepas","item":"https:\/\/rider-tyres.eu\/lv\/veikals\/"},{"@type":"ListItem","position":3,"name":"265\/70R15 110Q Rider YANKEE M\/T"}]},{"@type":"WebSite","@id":"https:\/\/rider-tyres.eu\/lv\/#website","url":"https:\/\/rider-tyres.eu\/lv\/","name":"Rider Tyres","description":"Opony na ka\u017cdy teren","publisher":{"@id":"https:\/\/rider-tyres.eu\/lv\/#organization"},"potentialAction":[{"@type":"SearchAction","target":{"@type":"EntryPoint","urlTemplate":"https:\/\/rider-tyres.eu\/lv\/?s={search_term_string}"},"query-input":{"@type":"PropertyValueSpecification","valueRequired":true,"valueName":"search_term_string"}}],"inLanguage":"lv-LV"},{"@type":"Organization","@id":"https:\/\/rider-tyres.eu\/lv\/#organization","name":"Rider Tyres","url":"https:\/\/rider-tyres.eu\/lv\/","logo":{"@type":"ImageObject","inLanguage":"lv-LV","@id":"https:\/\/rider-tyres.eu\/lv\/#\/schema\/logo\/image\/","url":"https:\/\/rider-tyres.eu\/wp-content\/uploads\/2024\/02\/White-logo-no-background-01.svg","contentUrl":"https:\/\/rider-tyres.eu\/wp-content\/uploads\/2024\/02\/White-logo-no-background-01.svg","caption":"Rider Tyres"},"image":{"@id":"https:\/\/rider-tyres.eu\/lv\/#\/schema\/logo\/image\/"}}]}},"_links":{"self":[{"href":"https:\/\/rider-tyres.eu\/lv\/wp-json\/wp\/v2\/product\/4305","targetHints":{"allow":["GET"]}}],"collection":[{"href":"https:\/\/rider-tyres.eu\/lv\/wp-json\/wp\/v2\/product"}],"about":[{"href":"https:\/\/rider-tyres.eu\/lv\/wp-json\/wp\/v2\/types\/product"}],"replies":[{"embeddable":true,"href":"https:\/\/rider-tyres.eu\/lv\/wp-json\/wp\/v2\/comments?post=4305"}],"wp:featuredmedia":[{"embeddable":true,"href":"https:\/\/rider-tyres.eu\/lv\/wp-json\/wp\/v2\/media\/3602"}],"wp:attachment":[{"href":"https:\/\/rider-tyres.eu\/lv\/wp-json\/wp\/v2\/media?parent=4305"}],"wp:term":[{"taxonomy":"product_brand","embeddable":true,"href":"https:\/\/rider-tyres.eu\/lv\/wp-json\/wp\/v2\/product_brand?post=4305"},{"taxonomy":"product_cat","embeddable":true,"href":"https:\/\/rider-tyres.eu\/lv\/wp-json\/wp\/v2\/product_cat?post=4305"},{"taxonomy":"product_tag","embeddable":true,"href":"https:\/\/rider-tyres.eu\/lv\/wp-json\/wp\/v2\/product_tag?post=4305"}],"curies":[{"name":"wp","href":"https:\/\/api.w.org\/{rel}","templated":true}]}}