{"id":4484,"date":"2024-03-18T12:22:33","date_gmt":"2024-03-18T11:22:33","guid":{"rendered":"https:\/\/rider-tyres.eu\/konfidencialitates-politika\/"},"modified":"2025-01-08T09:29:04","modified_gmt":"2025-01-08T08:29:04","slug":"konfidencialitates-politika","status":"publish","type":"page","link":"https:\/\/rider-tyres.eu\/lv\/konfidencialitates-politika\/","title":{"rendered":"Konfidencialit\u0101tes politika"},"content":{"rendered":"\t\t<div data-elementor-type=\"wp-page\" data-elementor-id=\"4484\" class=\"elementor elementor-4484 elementor-599\" data-elementor-post-type=\"page\">\n\t\t\t\t<div class=\"elementor-element elementor-element-dab1aea e-flex e-con-boxed e-con e-parent\" data-id=\"dab1aea\" data-element_type=\"container\" data-e-type=\"container\" data-settings=\"{&quot;background_background&quot;:&quot;classic&quot;,&quot;jet_parallax_layout_list&quot;:[]}\">\n\t\t\t\t\t<div class=\"e-con-inner\">\n\t\t\t\t<div class=\"elementor-element elementor-element-40274cf elementor-widget elementor-widget-breadcrumbs\" data-id=\"40274cf\" data-element_type=\"widget\" data-e-type=\"widget\" data-widget_type=\"breadcrumbs.default\">\n\t\t\t\t<div class=\"elementor-widget-container\">\n\t\t\t\t\t<p id=\"breadcrumbs\"><span><span><a href=\"https:\/\/rider-tyres.eu\/lv\/\">Strona g\u0142\u00f3wna<\/a><\/span><\/span><\/p>\t\t\t\t<\/div>\n\t\t\t\t<\/div>\n\t\t\t\t<div class=\"elementor-element elementor-element-634eedf elementor-widget elementor-widget-heading\" data-id=\"634eedf\" data-element_type=\"widget\" data-e-type=\"widget\" data-widget_type=\"heading.default\">\n\t\t\t\t<div class=\"elementor-widget-container\">\n\t\t\t\t\t<h2 class=\"elementor-heading-title elementor-size-default\">Konfidencialit\u0101tes politika<\/h2>\t\t\t\t<\/div>\n\t\t\t\t<\/div>\n\t\t\t\t\t<\/div>\n\t\t\t\t<\/div>\n\t\t<div class=\"elementor-element elementor-element-07ec720 e-flex e-con-boxed e-con e-parent\" data-id=\"07ec720\" data-element_type=\"container\" data-e-type=\"container\" data-settings=\"{&quot;jet_parallax_layout_list&quot;:[]}\">\n\t\t\t\t\t<div class=\"e-con-inner\">\n\t\t\t\t<div class=\"elementor-element elementor-element-7eb301f elementor-widget elementor-widget-html\" data-id=\"7eb301f\" data-element_type=\"widget\" data-e-type=\"widget\" data-widget_type=\"html.default\">\n\t\t\t\t<div class=\"elementor-widget-container\">\n\t\t\t\t\t<h1>Konfidencialit\u0101tes politika<\/h1>\n    <p><br>P<strong>\u0113d\u0113jo reizi atjaunin\u0101ts:<\/strong> 24-Jun-2024<strong>Sp\u0113k\u0101 st\u0101\u0161an\u0101s datums<\/strong>: 24-Jun-2024<\/p>\n\n    <p>\u0160aj\u0101 konfidencialit\u0101tes politik\u0101 aprakst\u012bta uz\u0146\u0113muma Gerex s.c., Adolfa Mitery 11, Malopolska 32-700, Polija, e-pasta adrese: contact@rider-tyres.eu, t\u0101lrunis: 14 615 90 14 attiec\u012bb\u0101 uz t\u0101s inform\u0101cijas v\u0101k\u0161anu, izmanto\u0161anu un izpau\u0161anu, ko m\u0113s apkopojam, kad j\u016bs izmantojat m\u016bsu t\u012bmek\u013ca vietni ( <a href=\"https:\/\/rider-tyres.eu\/lv\/\">https:\/\/rider-tyres.eu<\/a> ) (turpm\u0101k \"Pakalpojums\"). Izmantojot Pakalpojumu, j\u016bs piekr\u012btat, ka j\u016bsu inform\u0101cija tiek apkopota, izmantota un izpausta saska\u0146\u0101 ar \u0161o konfidencialit\u0101tes politiku. Ja nepiekr\u012btat, l\u016bdzu, neizmantojiet Pakalpojumu.  <\/p>\n\n    <p>M\u0113s varam jebkur\u0101 laik\u0101 bez iepriek\u0161\u0113ja br\u012bdin\u0101juma main\u012bt \u0161o Konfidencialit\u0101tes politiku un public\u0113sim p\u0101rskat\u012bto Konfidencialit\u0101tes politiku Pakalpojum\u0101.  <strong>P\u0101rskat\u012bt\u0101 politika st\u0101sies sp\u0113k\u0101 180 dienas p\u0113c t\u0101s public\u0113\u0161anas Pakalpojum\u0101, un, turpinot izmantot Pakalpojumu p\u0113c \u0161\u012b termi\u0146a, j\u016bs piekr\u012btat p\u0101rskat\u012btajai Konfidencialit\u0101tes politikai.<\/strong>  M\u0113s iesak\u0101m periodiski p\u0101rskat\u012bt \u0161o lapu.<\/p>\n\n    <h2>K\u0101 m\u0113s izmantojam j\u016bsu inform\u0101ciju:<\/h2>\n    <p>M\u0113s izmantosim par jums sav\u0101kto inform\u0101ciju \u0161\u0101diem m\u0113r\u0137iem:<\/p>\n    <ul>\n        <li>M\u0101rketings\/rekl\u0101ma<\/li>\n        <li>M\u0113r\u0137tiec\u012bga rekl\u0101ma<\/li>\n    <\/ul>\n    <p>Ja m\u0113s v\u0113lamies izmantot j\u016bsu inform\u0101ciju jebk\u0101diem citiem m\u0113r\u0137iem, m\u0113s l\u016bgsim j\u016bsu piekri\u0161anu, un m\u0113s izmantosim j\u016bsu inform\u0101ciju tikai p\u0113c j\u016bsu piekri\u0161anas sa\u0146em\u0161anas un tikai tam m\u0113r\u0137im, kuram j\u016bs piekr\u012btat, ja vien likums mums neprasa r\u012bkoties cit\u0101di.<\/p>\n\n    <h2>K\u0101 m\u0113s kop\u012bgojam j\u016bsu inform\u0101ciju:<\/h2>\n    <p><strong>M\u0113s nenodosim j\u016bsu personas datus nevienai tre\u0161ajai pusei bez j\u016bsu piekri\u0161anas sa\u0146em\u0161anas, iz\u0146emot turpm\u0101k aprakst\u012btos ierobe\u017eotos apst\u0101k\u013cos:<\/strong><\/p>\n    <ul>\n        <li>Rekl\u0101mas pakalpojumi<\/li>\n        <li>Anal\u012bzes<\/li>\n    <\/ul>\n    <p>M\u0113s piepras\u0101m, lai \u0161\u0101das tre\u0161\u0101s puses t\u0101m sniegtos personas datus izmantotu tikai tam m\u0113r\u0137im, kuram tie tika sniegti, un neglab\u0101tu tos ilg\u0101k, nek\u0101 tas ir nepiecie\u0161ams \u0161\u0101 m\u0113r\u0137a izpildei.\nM\u0113s varam izpaust j\u016bsu personas datus ar\u012b \u0161\u0101dos gad\u012bjumos: (1) lai izpild\u012btu piem\u0113rojamo likumu, noteikumu, tiesas r\u012bkojumu vai citu juridisku procesu; (2) lai izpild\u012btu m\u016bsu l\u012bgumus ar jums, tostarp \u0161o konfidencialit\u0101tes politiku; vai (3) lai rea\u0123\u0113tu uz apgalvojumiem, ka Pakalpojuma izmanto\u0161ana p\u0101rk\u0101pj tre\u0161o personu ties\u012bbas.\nJa Pakalpojums vai m\u016bsu uz\u0146\u0113mums tiek ieg\u0101d\u0101ts vai apvienots ar citu uz\u0146\u0113mumu, j\u016bsu inform\u0101cija b\u016bs viens no akt\u012bviem, kas tiks nodoti jaunajam \u012bpa\u0161niekam.  <\/p>\n\n    <h2>J\u016bsu ties\u012bbas:<\/h2>\n    <p>Atkar\u012bb\u0101 no piem\u0113rojamiem ties\u012bbu aktiem jums var b\u016bt ties\u012bbas piek\u013c\u016bt saviem personas datiem, labot vai dz\u0113st tos, sa\u0146emt savu personas datu kopiju, ierobe\u017eot vai iebilst pret akt\u012bvu j\u016bsu datu apstr\u0101di, l\u016bgt mums p\u0101rs\u016bt\u012bt j\u016bsu personas datus citai strukt\u016brai, atsaukt savu piekri\u0161anu datu apstr\u0101dei un ties\u012bbas iesniegt s\u016bdz\u012bbu uzraudz\u012bbas iest\u0101dei.\nLai izmantotu \u0161\u012bs ties\u012bbas, varat rakst\u012bt mums uz <a href=\"\">contact@rider-tyres.eu<\/a>.\nM\u0113s atbild\u0113sim uz j\u016bsu piepras\u012bjumu saska\u0146\u0101 ar piem\u0113rojamiem ties\u012bbu aktiem.\nL\u016bdzu, \u0146emiet v\u0113r\u0101, ka, ja j\u016bs mums ne\u013caujat v\u0101kt vai apstr\u0101d\u0101t piepras\u012btos personas datus vai atsaucat savu piekri\u0161anu to apstr\u0101dei piepras\u012btajiem m\u0113r\u0137iem, j\u016bs, iesp\u0113jams, nevar\u0113siet piek\u013c\u016bt Pakalpojumam vai to izmantot.   <\/p>\n\n    <h2>S\u012bkfaili utt.<\/h2>\n    <p>Lai uzzin\u0101tu vair\u0101k par to, k\u0101 m\u0113s izmantojam \u0161\u012bs tehnolo\u0123ijas, un par j\u016bsu izv\u0113li saist\u012bb\u0101 ar \u0161\u012bm izseko\u0161anas tehnolo\u0123ij\u0101m, skatiet m\u016bsu <a href=\"#cookie-policy\">S\u012bkfailu politiku<\/a>.<\/p>\n\n    <h2>Dro\u0161\u012bba:<\/h2>\n    <p><strong>J\u016bsu inform\u0101cijas dro\u0161\u012bba mums ir svar\u012bga, un m\u0113s izmantosim sapr\u0101t\u012bgus dro\u0161\u012bbas pas\u0101kumus, lai nov\u0113rstu m\u016bsu kontrol\u0113 eso\u0161\u0101s inform\u0101cijas pazaud\u0113\u0161anu, \u013caunpr\u0101t\u012bgu izmanto\u0161anu vai neat\u013cautu mai\u0146u.<\/strong>  Tom\u0113r, \u0146emot v\u0113r\u0101 ar to saist\u012btos riskus, m\u0113s nevaram garant\u0113t piln\u012bgu dro\u0161\u012bbu un l\u012bdz ar to nevaram nodro\u0161in\u0101t vai garant\u0113t jebkuras j\u016bsu sniegt\u0101s inform\u0101cijas dro\u0161\u012bbu, un j\u016bs to dar\u0101t uz savu risku.<\/p>\n\n    <h2>Saites ar tre\u0161\u0101m person\u0101m un j\u016bsu inform\u0101cijas izmanto\u0161ana:<\/h2>\n    <p>M\u016bsu Pakalpojums var satur\u0113t saites uz cit\u0101m t\u012bmek\u013ca vietn\u0113m, kuras m\u0113s neapsaimniekojam.\n\u0160\u012b Priv\u0101tuma politika neattiecas uz tre\u0161o personu, tostarp tre\u0161o personu, kas p\u0101rvalda jebkuru t\u012bmek\u013ca vietni vai pakalpojumu, kas var b\u016bt pieejams, izmantojot saiti Pakalpojum\u0101, priv\u0101tuma politiku vai citu praksi.\nM\u0113s iesak\u0101m iepaz\u012bties ar katras apmekl\u0113t\u0101s vietnes konfidencialit\u0101tes politiku.\nM\u0113s nekontrol\u0113jam un neesam atbild\u012bgi par tre\u0161o personu viet\u0146u vai pakalpojumu saturu, konfidencialit\u0101tes politiku vai praksi.   <\/p>\n\n    <h2>Datu aizsardz\u012bbas inspektors.\ns\u016bdz\u012bbas\/datu aizsardz\u012bba: <\/h2>\n    <p>Ja jums ir k\u0101di jaut\u0101jumi vai ba\u017eas par j\u016bsu inform\u0101cijas apstr\u0101di pie mums, varat rakst\u012bt m\u016bsu s\u016bdz\u012bbu izskat\u012b\u0161anas speci\u0101listam uz adresi Gerex s.c., 32-700 Bochnia, Adolfa Mitery 11, e-pasts: <a href=\"mailto:contact@rider-tyres.eu\">contact@rider-tyres.eu.<\/a> M\u0113s atbild\u0113sim uz j\u016bsu jaut\u0101jumiem saska\u0146\u0101 ar piem\u0113rojamajiem ties\u012bbu aktiem.  <\/p>\n\t\t\t\t<\/div>\n\t\t\t\t<\/div>\n\t\t\t\t\t<\/div>\n\t\t\t\t<\/div>\n\t\t<div class=\"elementor-element elementor-element-0f5ac2a e-flex e-con-boxed e-con e-parent\" data-id=\"0f5ac2a\" data-element_type=\"container\" data-e-type=\"container\" data-settings=\"{&quot;jet_parallax_layout_list&quot;:[]}\">\n\t\t\t\t\t<div class=\"e-con-inner\">\n\t\t\t\t\t<\/div>\n\t\t\t\t<\/div>\n\t\t\t\t<\/div>\n\t\t","protected":false},"excerpt":{"rendered":"<p>Konfidencialit\u0101tes politika P\u0113d\u0113jo reizi atjaunin\u0101ts: 24-Jun-2024Sp\u0113k\u0101 st\u0101\u0161an\u0101s datums: 24-Jun-2024 \u0160aj\u0101 konfidencialit\u0101tes politik\u0101 aprakst\u012bta uz\u0146\u0113muma Gerex s.c., Adolfa Mitery 11, Malopolska 32-700, Polija, e-pasta adrese: contact@rider-tyres.eu, t\u0101lrunis: 14 615 90 14 attiec\u012bb\u0101 uz t\u0101s inform\u0101cijas v\u0101k\u0161anu, izmanto\u0161anu un izpau\u0161anu, ko m\u0113s apkopojam, kad j\u016bs izmantojat m\u016bsu t\u012bmek\u013ca vietni ( https:\/\/rider-tyres.eu ) (turpm\u0101k &#8220;Pakalpojums&#8221;). Izmantojot Pakalpojumu, j\u016bs [&hellip;]<\/p>\n","protected":false},"author":1,"featured_media":0,"parent":0,"menu_order":0,"comment_status":"closed","ping_status":"closed","template":"elementor_header_footer","meta":{"footnotes":""},"class_list":["post-4484","page","type-page","status-publish","hentry"],"yoast_head":"<!-- This site is optimized with the Yoast SEO plugin v27.3 - https:\/\/yoast.com\/product\/yoast-seo-wordpress\/ -->\n<title>Konfidencialit\u0101tes politika - Rider Tyres<\/title>\n<meta name=\"robots\" content=\"index, follow, max-snippet:-1, max-image-preview:large, max-video-preview:-1\" \/>\n<link rel=\"canonical\" href=\"https:\/\/rider-tyres.eu\/lv\/konfidencialitates-politika\/\" \/>\n<meta property=\"og:locale\" content=\"lv_LV\" \/>\n<meta property=\"og:type\" content=\"article\" \/>\n<meta property=\"og:title\" content=\"Konfidencialit\u0101tes politika - Rider Tyres\" \/>\n<meta property=\"og:description\" content=\"Konfidencialit\u0101tes politika P\u0113d\u0113jo reizi atjaunin\u0101ts: 24-Jun-2024Sp\u0113k\u0101 st\u0101\u0161an\u0101s datums: 24-Jun-2024 \u0160aj\u0101 konfidencialit\u0101tes politik\u0101 aprakst\u012bta uz\u0146\u0113muma Gerex s.c., Adolfa Mitery 11, Malopolska 32-700, Polija, e-pasta adrese: contact@rider-tyres.eu, t\u0101lrunis: 14 615 90 14 attiec\u012bb\u0101 uz t\u0101s inform\u0101cijas v\u0101k\u0161anu, izmanto\u0161anu un izpau\u0161anu, ko m\u0113s apkopojam, kad j\u016bs izmantojat m\u016bsu t\u012bmek\u013ca vietni ( https:\/\/rider-tyres.eu ) (turpm\u0101k &#8220;Pakalpojums&#8221;). Izmantojot Pakalpojumu, j\u016bs [&hellip;]\" \/>\n<meta property=\"og:url\" content=\"https:\/\/rider-tyres.eu\/lv\/konfidencialitates-politika\/\" \/>\n<meta property=\"og:site_name\" content=\"Rider Tyres\" \/>\n<meta property=\"article:modified_time\" content=\"2025-01-08T08:29:04+00:00\" \/>\n<meta name=\"twitter:card\" content=\"summary_large_image\" \/>\n<meta name=\"twitter:label1\" content=\"Est. reading time\" \/>\n\t<meta name=\"twitter:data1\" content=\"5 minutes\" \/>\n<script type=\"application\/ld+json\" class=\"yoast-schema-graph\">{\"@context\":\"https:\\\/\\\/schema.org\",\"@graph\":[{\"@type\":\"WebPage\",\"@id\":\"https:\\\/\\\/rider-tyres.eu\\\/lv\\\/konfidencialitates-politika\\\/\",\"url\":\"https:\\\/\\\/rider-tyres.eu\\\/lv\\\/konfidencialitates-politika\\\/\",\"name\":\"Konfidencialit\u0101tes politika - Rider Tyres\",\"isPartOf\":{\"@id\":\"https:\\\/\\\/rider-tyres.eu\\\/lv\\\/#website\"},\"datePublished\":\"2024-03-18T11:22:33+00:00\",\"dateModified\":\"2025-01-08T08:29:04+00:00\",\"breadcrumb\":{\"@id\":\"https:\\\/\\\/rider-tyres.eu\\\/lv\\\/konfidencialitates-politika\\\/#breadcrumb\"},\"inLanguage\":\"lv-LV\",\"potentialAction\":[{\"@type\":\"ReadAction\",\"target\":[\"https:\\\/\\\/rider-tyres.eu\\\/lv\\\/konfidencialitates-politika\\\/\"]}]},{\"@type\":\"BreadcrumbList\",\"@id\":\"https:\\\/\\\/rider-tyres.eu\\\/lv\\\/konfidencialitates-politika\\\/#breadcrumb\",\"itemListElement\":[{\"@type\":\"ListItem\",\"position\":1,\"name\":\"Strona g\u0142\u00f3wna\",\"item\":\"https:\\\/\\\/rider-tyres.eu\\\/lv\\\/\"},{\"@type\":\"ListItem\",\"position\":2,\"name\":\"Konfidencialit\u0101tes politika\"}]},{\"@type\":\"WebSite\",\"@id\":\"https:\\\/\\\/rider-tyres.eu\\\/lv\\\/#website\",\"url\":\"https:\\\/\\\/rider-tyres.eu\\\/lv\\\/\",\"name\":\"Rider Tyres\",\"description\":\"Opony na ka\u017cdy teren\",\"publisher\":{\"@id\":\"https:\\\/\\\/rider-tyres.eu\\\/lv\\\/#organization\"},\"potentialAction\":[{\"@type\":\"SearchAction\",\"target\":{\"@type\":\"EntryPoint\",\"urlTemplate\":\"https:\\\/\\\/rider-tyres.eu\\\/lv\\\/?s={search_term_string}\"},\"query-input\":{\"@type\":\"PropertyValueSpecification\",\"valueRequired\":true,\"valueName\":\"search_term_string\"}}],\"inLanguage\":\"lv-LV\"},{\"@type\":\"Organization\",\"@id\":\"https:\\\/\\\/rider-tyres.eu\\\/lv\\\/#organization\",\"name\":\"Rider Tyres\",\"url\":\"https:\\\/\\\/rider-tyres.eu\\\/lv\\\/\",\"logo\":{\"@type\":\"ImageObject\",\"inLanguage\":\"lv-LV\",\"@id\":\"https:\\\/\\\/rider-tyres.eu\\\/lv\\\/#\\\/schema\\\/logo\\\/image\\\/\",\"url\":\"https:\\\/\\\/rider-tyres.eu\\\/wp-content\\\/uploads\\\/2024\\\/02\\\/White-logo-no-background-01.svg\",\"contentUrl\":\"https:\\\/\\\/rider-tyres.eu\\\/wp-content\\\/uploads\\\/2024\\\/02\\\/White-logo-no-background-01.svg\",\"caption\":\"Rider Tyres\"},\"image\":{\"@id\":\"https:\\\/\\\/rider-tyres.eu\\\/lv\\\/#\\\/schema\\\/logo\\\/image\\\/\"}}]}<\/script>\n<!-- \/ Yoast SEO plugin. -->","yoast_head_json":{"title":"Konfidencialit\u0101tes politika - Rider Tyres","robots":{"index":"index","follow":"follow","max-snippet":"max-snippet:-1","max-image-preview":"max-image-preview:large","max-video-preview":"max-video-preview:-1"},"canonical":"https:\/\/rider-tyres.eu\/lv\/konfidencialitates-politika\/","og_locale":"lv_LV","og_type":"article","og_title":"Konfidencialit\u0101tes politika - Rider Tyres","og_description":"Konfidencialit\u0101tes politika P\u0113d\u0113jo reizi atjaunin\u0101ts: 24-Jun-2024Sp\u0113k\u0101 st\u0101\u0161an\u0101s datums: 24-Jun-2024 \u0160aj\u0101 konfidencialit\u0101tes politik\u0101 aprakst\u012bta uz\u0146\u0113muma Gerex s.c., Adolfa Mitery 11, Malopolska 32-700, Polija, e-pasta adrese: contact@rider-tyres.eu, t\u0101lrunis: 14 615 90 14 attiec\u012bb\u0101 uz t\u0101s inform\u0101cijas v\u0101k\u0161anu, izmanto\u0161anu un izpau\u0161anu, ko m\u0113s apkopojam, kad j\u016bs izmantojat m\u016bsu t\u012bmek\u013ca vietni ( https:\/\/rider-tyres.eu ) (turpm\u0101k &#8220;Pakalpojums&#8221;). Izmantojot Pakalpojumu, j\u016bs [&hellip;]","og_url":"https:\/\/rider-tyres.eu\/lv\/konfidencialitates-politika\/","og_site_name":"Rider Tyres","article_modified_time":"2025-01-08T08:29:04+00:00","twitter_card":"summary_large_image","twitter_misc":{"Est. reading time":"5 minutes"},"schema":{"@context":"https:\/\/schema.org","@graph":[{"@type":"WebPage","@id":"https:\/\/rider-tyres.eu\/lv\/konfidencialitates-politika\/","url":"https:\/\/rider-tyres.eu\/lv\/konfidencialitates-politika\/","name":"Konfidencialit\u0101tes politika - Rider Tyres","isPartOf":{"@id":"https:\/\/rider-tyres.eu\/lv\/#website"},"datePublished":"2024-03-18T11:22:33+00:00","dateModified":"2025-01-08T08:29:04+00:00","breadcrumb":{"@id":"https:\/\/rider-tyres.eu\/lv\/konfidencialitates-politika\/#breadcrumb"},"inLanguage":"lv-LV","potentialAction":[{"@type":"ReadAction","target":["https:\/\/rider-tyres.eu\/lv\/konfidencialitates-politika\/"]}]},{"@type":"BreadcrumbList","@id":"https:\/\/rider-tyres.eu\/lv\/konfidencialitates-politika\/#breadcrumb","itemListElement":[{"@type":"ListItem","position":1,"name":"Strona g\u0142\u00f3wna","item":"https:\/\/rider-tyres.eu\/lv\/"},{"@type":"ListItem","position":2,"name":"Konfidencialit\u0101tes politika"}]},{"@type":"WebSite","@id":"https:\/\/rider-tyres.eu\/lv\/#website","url":"https:\/\/rider-tyres.eu\/lv\/","name":"Rider Tyres","description":"Opony na ka\u017cdy teren","publisher":{"@id":"https:\/\/rider-tyres.eu\/lv\/#organization"},"potentialAction":[{"@type":"SearchAction","target":{"@type":"EntryPoint","urlTemplate":"https:\/\/rider-tyres.eu\/lv\/?s={search_term_string}"},"query-input":{"@type":"PropertyValueSpecification","valueRequired":true,"valueName":"search_term_string"}}],"inLanguage":"lv-LV"},{"@type":"Organization","@id":"https:\/\/rider-tyres.eu\/lv\/#organization","name":"Rider Tyres","url":"https:\/\/rider-tyres.eu\/lv\/","logo":{"@type":"ImageObject","inLanguage":"lv-LV","@id":"https:\/\/rider-tyres.eu\/lv\/#\/schema\/logo\/image\/","url":"https:\/\/rider-tyres.eu\/wp-content\/uploads\/2024\/02\/White-logo-no-background-01.svg","contentUrl":"https:\/\/rider-tyres.eu\/wp-content\/uploads\/2024\/02\/White-logo-no-background-01.svg","caption":"Rider Tyres"},"image":{"@id":"https:\/\/rider-tyres.eu\/lv\/#\/schema\/logo\/image\/"}}]}},"_links":{"self":[{"href":"https:\/\/rider-tyres.eu\/lv\/wp-json\/wp\/v2\/pages\/4484","targetHints":{"allow":["GET"]}}],"collection":[{"href":"https:\/\/rider-tyres.eu\/lv\/wp-json\/wp\/v2\/pages"}],"about":[{"href":"https:\/\/rider-tyres.eu\/lv\/wp-json\/wp\/v2\/types\/page"}],"author":[{"embeddable":true,"href":"https:\/\/rider-tyres.eu\/lv\/wp-json\/wp\/v2\/users\/1"}],"replies":[{"embeddable":true,"href":"https:\/\/rider-tyres.eu\/lv\/wp-json\/wp\/v2\/comments?post=4484"}],"version-history":[{"count":5,"href":"https:\/\/rider-tyres.eu\/lv\/wp-json\/wp\/v2\/pages\/4484\/revisions"}],"predecessor-version":[{"id":9992,"href":"https:\/\/rider-tyres.eu\/lv\/wp-json\/wp\/v2\/pages\/4484\/revisions\/9992"}],"wp:attachment":[{"href":"https:\/\/rider-tyres.eu\/lv\/wp-json\/wp\/v2\/media?parent=4484"}],"curies":[{"name":"wp","href":"https:\/\/api.w.org\/{rel}","templated":true}]}}