{"id":4488,"date":"2024-03-18T12:22:33","date_gmt":"2024-03-18T11:22:33","guid":{"rendered":"https:\/\/rider-tyres.eu\/privatumo-politika\/"},"modified":"2025-01-08T09:29:04","modified_gmt":"2025-01-08T08:29:04","slug":"privatumo-politika","status":"publish","type":"page","link":"https:\/\/rider-tyres.eu\/lt\/privatumo-politika\/","title":{"rendered":"Privatumo politika"},"content":{"rendered":"\t\t<div data-elementor-type=\"wp-page\" data-elementor-id=\"4488\" class=\"elementor elementor-4488 elementor-599\" data-elementor-post-type=\"page\">\n\t\t\t\t<div class=\"elementor-element elementor-element-dab1aea e-flex e-con-boxed e-con e-parent\" data-id=\"dab1aea\" data-element_type=\"container\" data-e-type=\"container\" data-settings=\"{&quot;background_background&quot;:&quot;classic&quot;,&quot;jet_parallax_layout_list&quot;:[]}\">\n\t\t\t\t\t<div class=\"e-con-inner\">\n\t\t\t\t<div class=\"elementor-element elementor-element-40274cf elementor-widget elementor-widget-breadcrumbs\" data-id=\"40274cf\" data-element_type=\"widget\" data-e-type=\"widget\" data-widget_type=\"breadcrumbs.default\">\n\t\t\t\t<div class=\"elementor-widget-container\">\n\t\t\t\t\t<p id=\"breadcrumbs\"><span><span><a href=\"https:\/\/rider-tyres.eu\/lt\/\">Strona g\u0142\u00f3wna<\/a><\/span><\/span><\/p>\t\t\t\t<\/div>\n\t\t\t\t<\/div>\n\t\t\t\t<div class=\"elementor-element elementor-element-634eedf elementor-widget elementor-widget-heading\" data-id=\"634eedf\" data-element_type=\"widget\" data-e-type=\"widget\" data-widget_type=\"heading.default\">\n\t\t\t\t<div class=\"elementor-widget-container\">\n\t\t\t\t\t<h2 class=\"elementor-heading-title elementor-size-default\">Privatumo politika<\/h2>\t\t\t\t<\/div>\n\t\t\t\t<\/div>\n\t\t\t\t\t<\/div>\n\t\t\t\t<\/div>\n\t\t<div class=\"elementor-element elementor-element-07ec720 e-flex e-con-boxed e-con e-parent\" data-id=\"07ec720\" data-element_type=\"container\" data-e-type=\"container\" data-settings=\"{&quot;jet_parallax_layout_list&quot;:[]}\">\n\t\t\t\t\t<div class=\"e-con-inner\">\n\t\t\t\t<div class=\"elementor-element elementor-element-7eb301f elementor-widget elementor-widget-html\" data-id=\"7eb301f\" data-element_type=\"widget\" data-e-type=\"widget\" data-widget_type=\"html.default\">\n\t\t\t\t<div class=\"elementor-widget-container\">\n\t\t\t\t\t<h1>Privatumo politika<\/h1>\n    <p><br>P<strong>askutinio atnaujinimo<\/strong> data: 24-Jun-2024<strong>\u012esigaliojimo data<\/strong>: 24-bir\u017eelio 2024<\/p>\n\n    <p>\u0160ioje privatumo politikoje apra\u0161oma bendrov\u0117s \"Gerex s.c.\", Adolfa Mitery 11, Malopolska 32-700, Lenkija, el. pa\u0161tas: contact@rider-tyres.eu, tel.: 14 615 90 14 d\u0117l informacijos, kuri\u0105 renkame jums naudojantis m\u016bs\u0173 interneto svetaine ( <a href=\"https:\/\/rider-tyres.eu\/lt\/\">https:\/\/rider-tyres.eu<\/a> ) (toliau - Paslauga), rinkimo, naudojimo ir atskleidimo. Naudodamiesi Paslauga sutinkate, kad j\u016bs\u0173 informacija b\u016bt\u0173 renkama, naudojama ir atskleid\u017eiama pagal \u0161i\u0105 privatumo politik\u0105. Jei nesutinkate, nesinaudokite Paslauga.  <\/p>\n\n    <p>\u0160i\u0105 privatumo politik\u0105 galime keisti bet kuriuo metu be i\u0161ankstinio \u012fsp\u0117jimo ir pakeist\u0105 privatumo politik\u0105 paskelbsime Paslaugoje.  <strong>Pakeista Politika \u012fsigalios po 180 dien\u0173 nuo jos paskelbimo Paslaugoje, o tolesnis naudojimasis Paslauga po to laiko reik\u0161, kad sutinkate su pakeista Privatumo politika.<\/strong>  Rekomenduojame periodi\u0161kai per\u017ei\u016br\u0117ti \u0161\u012f puslap\u012f.<\/p>\n\n    <h2>Kaip naudojame j\u016bs\u0173 informacij\u0105:<\/h2>\n    <p>Apie jus surinkt\u0105 informacij\u0105 naudosime \u0161iais tikslais:<\/p>\n    <ul>\n        <li>Rinkodara \/ reklama<\/li>\n        <li>Tikslin\u0117 reklama<\/li>\n    <\/ul>\n    <p>Jei nor\u0117sime naudoti j\u016bs\u0173 informacij\u0105 bet kokiu kitu tikslu, papra\u0161ysime j\u016bs\u0173 sutikimo ir naudosime j\u016bs\u0173 informacij\u0105 tik gav\u0119 j\u016bs\u0173 sutikim\u0105 ir tik tuo tikslu, kuriam j\u016bs sutikote, nebent pagal \u012fstatymus privalome elgtis kitaip.<\/p>\n\n    <h2>Kaip dalijam\u0117s j\u016bs\u0173 informacija:<\/h2>\n    <p><strong>Negav\u0119 j\u016bs\u0173 sutikimo neperduosime j\u016bs\u0173 asmens duomen\u0173 jokiai tre\u010diajai \u0161aliai, i\u0161skyrus toliau nurodytas ribotas aplinkybes:<\/strong><\/p>\n    <ul>\n        <li>Reklamos paslaugos<\/li>\n        <li>Analiz\u0117s<\/li>\n    <\/ul>\n    <p>Reikalaujame, kad tokios tre\u010diosios \u0161alys joms pateiktus asmens duomenis naudot\u0173 tik tuo tikslu, kuriam jie buvo pateikti, ir nelaikyt\u0173 j\u0173 ilgiau, nei reikia tam tikslui pasiekti.\nJ\u016bs\u0173 asmens duomenis taip pat galime atskleisti toliau nurodytais atvejais: (1) laikydamiesi galiojan\u010di\u0173 \u012fstatym\u0173, teis\u0117s akt\u0173, teismo \u012fsakymo ar kit\u0173 teisini\u0173 proces\u0173; (2) siekdami u\u017etikrinti m\u016bs\u0173 sutar\u010di\u0173 su jumis, \u012fskaitant \u0161i\u0105 privatumo politik\u0105, vykdym\u0105; arba (3) reaguodami \u012f pretenzijas, kad j\u016bs\u0173 naudojimasis Paslauga pa\u017eeid\u017eia tre\u010di\u0173j\u0173 \u0161ali\u0173 teises.\nJei Paslauga arba m\u016bs\u0173 bendrov\u0117 bus \u012fsigyta arba sujungta su kita bendrove, j\u016bs\u0173 informacija bus vienas i\u0161 naujam savininkui perduodam\u0173 objekt\u0173.  <\/p>\n\n    <h2>J\u016bs\u0173 teis\u0117s:<\/h2>\n    <p>Priklausomai nuo taikom\u0173 teis\u0117s akt\u0173, galite tur\u0117ti teis\u0119 susipa\u017einti su savo asmens duomenimis, juos i\u0161taisyti arba i\u0161trinti, gauti savo asmens duomen\u0173 kopij\u0105, apriboti arba prie\u0161tarauti aktyviam j\u016bs\u0173 duomen\u0173 tvarkymui, pra\u0161yti m\u016bs\u0173 perduoti j\u016bs\u0173 asmens duomenis kitam subjektui, at\u0161aukti savo sutikim\u0105 tvarkyti j\u016bs\u0173 duomenis ir teis\u0119 pateikti skund\u0105 prie\u017ei\u016bros institucijai.\nNor\u0117dami pasinaudoti \u0161iomis teis\u0117mis, galite ra\u0161yti mums adresu <a href=\"\">contact@rider-tyres.eu<\/a>.\n\u012e j\u016bs\u0173 pra\u0161ym\u0105 atsakysime pagal galiojan\u010dius teis\u0117s aktus.\nAtkreipkite d\u0117mes\u012f, kad jei neleisite mums rinkti ar tvarkyti j\u016bs\u0173 pra\u0161om\u0173 asmens duomen\u0173 arba at\u0161auksite savo sutikim\u0105 juos tvarkyti pra\u0161omais tikslais, gali b\u016bti, kad negal\u0117site naudotis Paslauga ar ja naudotis.   <\/p>\n\n    <h2>Slapukai ir kt.<\/h2>\n    <p>Nor\u0117dami su\u017einoti daugiau apie tai, kaip naudojame \u0161ias technologijas, ir apie j\u016bs\u0173 pasirinkimus, susijusius su \u0161iomis sekimo technologijomis, \u017er. m\u016bs\u0173 <a href=\"#cookie-policy\">Slapuk\u0173 politik\u0105<\/a>.<\/p>\n\n    <h2>Sauga:<\/h2>\n    <p><strong>Mums svarbus j\u016bs\u0173 informacijos saugumas, tod\u0117l naudosime pagr\u012fstas saugumo priemones, kad i\u0161vengtume j\u016bs\u0173 informacijos, kuri\u0105 kontroliuojame, praradimo, netinkamo naudojimo ar neleistino pakeitimo.<\/strong>  Ta\u010diau d\u0117l b\u016bdingos rizikos mes negalime garantuoti visi\u0161ko saugumo ir tod\u0117l negalime u\u017etikrinti ar garantuoti bet kokios informacijos, kuri\u0105 mums pateikiate, saugumo, tod\u0117l tai darote savo rizika.<\/p>\n\n    <h2>Nuorodos \u012f tre\u010di\u0105sias \u0161alis ir j\u016bs\u0173 informacijos naudojimas:<\/h2>\n    <p>M\u016bs\u0173 Paslaugoje gali b\u016bti nuorod\u0173 \u012f kitas, ne m\u016bs\u0173 valdomas svetaines.\n\u0160ioje privatumo politikoje nenagrin\u0117jama joki\u0173 tre\u010di\u0173j\u0173 \u0161ali\u0173 privatumo politika ar kita praktika, \u012fskaitant bet kuri\u0105 tre\u010di\u0105j\u0105 \u0161al\u012f, valdan\u010di\u0105 bet kuri\u0105 svetain\u0119 ar paslaug\u0105, kuri gali b\u016bti pasiekiama per Paslaugos nuorod\u0105.\nPrimygtinai rekomenduojame per\u017ei\u016br\u0117ti kiekvienos svetain\u0117s, kurioje lankot\u0117s, privatumo politik\u0105.\nMes nekontroliuojame ir neatsakome u\u017e tre\u010di\u0173j\u0173 \u0161ali\u0173 svetaini\u0173 ar paslaug\u0173 turin\u012f, privatumo politik\u0105 ar praktik\u0105.   <\/p>\n\n    <h2>Duomen\u0173 apsaugos pareig\u016bnas.\nskundai \/ duomen\u0173 apsauga: <\/h2>\n    <p>Jei turite koki\u0173 nors klausim\u0173 ar abejoni\u0173 d\u0117l m\u016bs\u0173 tvarkomos informacijos, galite ra\u0161yti m\u016bs\u0173 skund\u0173 pareig\u016bnui adresu: Gerex s.c., 32-700 Bochnia, Adolfa Mitery 11, el. pa\u0161tu: <a href=\"\">contact@rider-tyres.eu.<\/a> Mes atsakysime \u012f jums r\u016bpimus klausimus vadovaudamiesi galiojan\u010diais teis\u0117s aktais.  <\/p>\n\t\t\t\t<\/div>\n\t\t\t\t<\/div>\n\t\t\t\t\t<\/div>\n\t\t\t\t<\/div>\n\t\t<div class=\"elementor-element elementor-element-0f5ac2a e-flex e-con-boxed e-con e-parent\" data-id=\"0f5ac2a\" data-element_type=\"container\" data-e-type=\"container\" data-settings=\"{&quot;jet_parallax_layout_list&quot;:[]}\">\n\t\t\t\t\t<div class=\"e-con-inner\">\n\t\t\t\t\t<\/div>\n\t\t\t\t<\/div>\n\t\t\t\t<\/div>\n\t\t","protected":false},"excerpt":{"rendered":"<p>Privatumo politika Paskutinio atnaujinimo data: 24-Jun-2024\u012esigaliojimo data: 24-bir\u017eelio 2024 \u0160ioje privatumo politikoje apra\u0161oma bendrov\u0117s &#8222;Gerex s.c.&#8221;, Adolfa Mitery 11, Malopolska 32-700, Lenkija, el. pa\u0161tas: contact@rider-tyres.eu, tel.: 14 615 90 14 d\u0117l informacijos, kuri\u0105 renkame jums naudojantis m\u016bs\u0173 interneto svetaine ( https:\/\/rider-tyres.eu ) (toliau &#8211; Paslauga), rinkimo, naudojimo ir atskleidimo. Naudodamiesi Paslauga sutinkate, kad j\u016bs\u0173 informacija [&hellip;]<\/p>\n","protected":false},"author":1,"featured_media":0,"parent":0,"menu_order":0,"comment_status":"closed","ping_status":"closed","template":"elementor_header_footer","meta":{"footnotes":""},"class_list":["post-4488","page","type-page","status-publish","hentry"],"yoast_head":"<!-- This site is optimized with the Yoast SEO plugin v27.3 - https:\/\/yoast.com\/product\/yoast-seo-wordpress\/ -->\n<title>Privatumo politika - Rider Tyres<\/title>\n<meta name=\"robots\" content=\"index, follow, max-snippet:-1, max-image-preview:large, max-video-preview:-1\" \/>\n<link rel=\"canonical\" href=\"https:\/\/rider-tyres.eu\/lt\/privatumo-politika\/\" \/>\n<meta property=\"og:locale\" content=\"lt_LT\" \/>\n<meta property=\"og:type\" content=\"article\" \/>\n<meta property=\"og:title\" content=\"Privatumo politika - Rider Tyres\" \/>\n<meta property=\"og:description\" content=\"Privatumo politika Paskutinio atnaujinimo data: 24-Jun-2024\u012esigaliojimo data: 24-bir\u017eelio 2024 \u0160ioje privatumo politikoje apra\u0161oma bendrov\u0117s &#8222;Gerex s.c.&#8221;, Adolfa Mitery 11, Malopolska 32-700, Lenkija, el. pa\u0161tas: contact@rider-tyres.eu, tel.: 14 615 90 14 d\u0117l informacijos, kuri\u0105 renkame jums naudojantis m\u016bs\u0173 interneto svetaine ( https:\/\/rider-tyres.eu ) (toliau &#8211; Paslauga), rinkimo, naudojimo ir atskleidimo. Naudodamiesi Paslauga sutinkate, kad j\u016bs\u0173 informacija [&hellip;]\" \/>\n<meta property=\"og:url\" content=\"https:\/\/rider-tyres.eu\/lt\/privatumo-politika\/\" \/>\n<meta property=\"og:site_name\" content=\"Rider Tyres\" \/>\n<meta property=\"article:modified_time\" content=\"2025-01-08T08:29:04+00:00\" \/>\n<meta name=\"twitter:card\" content=\"summary_large_image\" \/>\n<meta name=\"twitter:label1\" content=\"Est. reading time\" \/>\n\t<meta name=\"twitter:data1\" content=\"3 minut\u0117s\" \/>\n<script type=\"application\/ld+json\" class=\"yoast-schema-graph\">{\"@context\":\"https:\\\/\\\/schema.org\",\"@graph\":[{\"@type\":\"WebPage\",\"@id\":\"https:\\\/\\\/rider-tyres.eu\\\/lt\\\/privatumo-politika\\\/\",\"url\":\"https:\\\/\\\/rider-tyres.eu\\\/lt\\\/privatumo-politika\\\/\",\"name\":\"Privatumo politika - Rider Tyres\",\"isPartOf\":{\"@id\":\"https:\\\/\\\/rider-tyres.eu\\\/lt\\\/#website\"},\"datePublished\":\"2024-03-18T11:22:33+00:00\",\"dateModified\":\"2025-01-08T08:29:04+00:00\",\"breadcrumb\":{\"@id\":\"https:\\\/\\\/rider-tyres.eu\\\/lt\\\/privatumo-politika\\\/#breadcrumb\"},\"inLanguage\":\"lt-LT\",\"potentialAction\":[{\"@type\":\"ReadAction\",\"target\":[\"https:\\\/\\\/rider-tyres.eu\\\/lt\\\/privatumo-politika\\\/\"]}]},{\"@type\":\"BreadcrumbList\",\"@id\":\"https:\\\/\\\/rider-tyres.eu\\\/lt\\\/privatumo-politika\\\/#breadcrumb\",\"itemListElement\":[{\"@type\":\"ListItem\",\"position\":1,\"name\":\"Strona g\u0142\u00f3wna\",\"item\":\"https:\\\/\\\/rider-tyres.eu\\\/lt\\\/\"},{\"@type\":\"ListItem\",\"position\":2,\"name\":\"Privatumo politika\"}]},{\"@type\":\"WebSite\",\"@id\":\"https:\\\/\\\/rider-tyres.eu\\\/lt\\\/#website\",\"url\":\"https:\\\/\\\/rider-tyres.eu\\\/lt\\\/\",\"name\":\"Rider Tyres\",\"description\":\"Opony na ka\u017cdy teren\",\"publisher\":{\"@id\":\"https:\\\/\\\/rider-tyres.eu\\\/lt\\\/#organization\"},\"potentialAction\":[{\"@type\":\"SearchAction\",\"target\":{\"@type\":\"EntryPoint\",\"urlTemplate\":\"https:\\\/\\\/rider-tyres.eu\\\/lt\\\/?s={search_term_string}\"},\"query-input\":{\"@type\":\"PropertyValueSpecification\",\"valueRequired\":true,\"valueName\":\"search_term_string\"}}],\"inLanguage\":\"lt-LT\"},{\"@type\":\"Organization\",\"@id\":\"https:\\\/\\\/rider-tyres.eu\\\/lt\\\/#organization\",\"name\":\"Rider Tyres\",\"url\":\"https:\\\/\\\/rider-tyres.eu\\\/lt\\\/\",\"logo\":{\"@type\":\"ImageObject\",\"inLanguage\":\"lt-LT\",\"@id\":\"https:\\\/\\\/rider-tyres.eu\\\/lt\\\/#\\\/schema\\\/logo\\\/image\\\/\",\"url\":\"https:\\\/\\\/rider-tyres.eu\\\/wp-content\\\/uploads\\\/2024\\\/02\\\/White-logo-no-background-01.svg\",\"contentUrl\":\"https:\\\/\\\/rider-tyres.eu\\\/wp-content\\\/uploads\\\/2024\\\/02\\\/White-logo-no-background-01.svg\",\"caption\":\"Rider Tyres\"},\"image\":{\"@id\":\"https:\\\/\\\/rider-tyres.eu\\\/lt\\\/#\\\/schema\\\/logo\\\/image\\\/\"}}]}<\/script>\n<!-- \/ Yoast SEO plugin. -->","yoast_head_json":{"title":"Privatumo politika - Rider Tyres","robots":{"index":"index","follow":"follow","max-snippet":"max-snippet:-1","max-image-preview":"max-image-preview:large","max-video-preview":"max-video-preview:-1"},"canonical":"https:\/\/rider-tyres.eu\/lt\/privatumo-politika\/","og_locale":"lt_LT","og_type":"article","og_title":"Privatumo politika - Rider Tyres","og_description":"Privatumo politika Paskutinio atnaujinimo data: 24-Jun-2024\u012esigaliojimo data: 24-bir\u017eelio 2024 \u0160ioje privatumo politikoje apra\u0161oma bendrov\u0117s &#8222;Gerex s.c.&#8221;, Adolfa Mitery 11, Malopolska 32-700, Lenkija, el. pa\u0161tas: contact@rider-tyres.eu, tel.: 14 615 90 14 d\u0117l informacijos, kuri\u0105 renkame jums naudojantis m\u016bs\u0173 interneto svetaine ( https:\/\/rider-tyres.eu ) (toliau &#8211; Paslauga), rinkimo, naudojimo ir atskleidimo. Naudodamiesi Paslauga sutinkate, kad j\u016bs\u0173 informacija [&hellip;]","og_url":"https:\/\/rider-tyres.eu\/lt\/privatumo-politika\/","og_site_name":"Rider Tyres","article_modified_time":"2025-01-08T08:29:04+00:00","twitter_card":"summary_large_image","twitter_misc":{"Est. reading time":"3 minut\u0117s"},"schema":{"@context":"https:\/\/schema.org","@graph":[{"@type":"WebPage","@id":"https:\/\/rider-tyres.eu\/lt\/privatumo-politika\/","url":"https:\/\/rider-tyres.eu\/lt\/privatumo-politika\/","name":"Privatumo politika - Rider Tyres","isPartOf":{"@id":"https:\/\/rider-tyres.eu\/lt\/#website"},"datePublished":"2024-03-18T11:22:33+00:00","dateModified":"2025-01-08T08:29:04+00:00","breadcrumb":{"@id":"https:\/\/rider-tyres.eu\/lt\/privatumo-politika\/#breadcrumb"},"inLanguage":"lt-LT","potentialAction":[{"@type":"ReadAction","target":["https:\/\/rider-tyres.eu\/lt\/privatumo-politika\/"]}]},{"@type":"BreadcrumbList","@id":"https:\/\/rider-tyres.eu\/lt\/privatumo-politika\/#breadcrumb","itemListElement":[{"@type":"ListItem","position":1,"name":"Strona g\u0142\u00f3wna","item":"https:\/\/rider-tyres.eu\/lt\/"},{"@type":"ListItem","position":2,"name":"Privatumo politika"}]},{"@type":"WebSite","@id":"https:\/\/rider-tyres.eu\/lt\/#website","url":"https:\/\/rider-tyres.eu\/lt\/","name":"Rider Tyres","description":"Opony na ka\u017cdy teren","publisher":{"@id":"https:\/\/rider-tyres.eu\/lt\/#organization"},"potentialAction":[{"@type":"SearchAction","target":{"@type":"EntryPoint","urlTemplate":"https:\/\/rider-tyres.eu\/lt\/?s={search_term_string}"},"query-input":{"@type":"PropertyValueSpecification","valueRequired":true,"valueName":"search_term_string"}}],"inLanguage":"lt-LT"},{"@type":"Organization","@id":"https:\/\/rider-tyres.eu\/lt\/#organization","name":"Rider Tyres","url":"https:\/\/rider-tyres.eu\/lt\/","logo":{"@type":"ImageObject","inLanguage":"lt-LT","@id":"https:\/\/rider-tyres.eu\/lt\/#\/schema\/logo\/image\/","url":"https:\/\/rider-tyres.eu\/wp-content\/uploads\/2024\/02\/White-logo-no-background-01.svg","contentUrl":"https:\/\/rider-tyres.eu\/wp-content\/uploads\/2024\/02\/White-logo-no-background-01.svg","caption":"Rider Tyres"},"image":{"@id":"https:\/\/rider-tyres.eu\/lt\/#\/schema\/logo\/image\/"}}]}},"_links":{"self":[{"href":"https:\/\/rider-tyres.eu\/lt\/wp-json\/wp\/v2\/pages\/4488","targetHints":{"allow":["GET"]}}],"collection":[{"href":"https:\/\/rider-tyres.eu\/lt\/wp-json\/wp\/v2\/pages"}],"about":[{"href":"https:\/\/rider-tyres.eu\/lt\/wp-json\/wp\/v2\/types\/page"}],"author":[{"embeddable":true,"href":"https:\/\/rider-tyres.eu\/lt\/wp-json\/wp\/v2\/users\/1"}],"replies":[{"embeddable":true,"href":"https:\/\/rider-tyres.eu\/lt\/wp-json\/wp\/v2\/comments?post=4488"}],"version-history":[{"count":4,"href":"https:\/\/rider-tyres.eu\/lt\/wp-json\/wp\/v2\/pages\/4488\/revisions"}],"predecessor-version":[{"id":9421,"href":"https:\/\/rider-tyres.eu\/lt\/wp-json\/wp\/v2\/pages\/4488\/revisions\/9421"}],"wp:attachment":[{"href":"https:\/\/rider-tyres.eu\/lt\/wp-json\/wp\/v2\/media?parent=4488"}],"curies":[{"name":"wp","href":"https:\/\/api.w.org\/{rel}","templated":true}]}}