{"id":1178,"date":"2024-03-17T19:09:04","date_gmt":"2024-03-17T18:09:04","guid":{"rendered":"https:\/\/rider-tyres.eu\/chi-siamo\/"},"modified":"2024-04-22T21:12:43","modified_gmt":"2024-04-22T20:12:43","slug":"chi-siamo","status":"publish","type":"page","link":"https:\/\/rider-tyres.eu\/it\/chi-siamo\/","title":{"rendered":"Chi siamo"},"content":{"rendered":"\t\t<div data-elementor-type=\"wp-page\" data-elementor-id=\"1178\" class=\"elementor elementor-1178 elementor-439\" data-elementor-post-type=\"page\">\n\t\t\t\t<div class=\"elementor-element elementor-element-eee23da e-flex e-con-boxed e-con e-parent\" data-id=\"eee23da\" data-element_type=\"container\" data-e-type=\"container\" data-settings=\"{&quot;background_background&quot;:&quot;classic&quot;,&quot;jet_parallax_layout_list&quot;:[]}\">\n\t\t\t\t\t<div class=\"e-con-inner\">\n\t\t\t\t<div class=\"elementor-element elementor-element-f2e7701 elementor-widget elementor-widget-breadcrumbs\" data-id=\"f2e7701\" data-element_type=\"widget\" data-e-type=\"widget\" data-widget_type=\"breadcrumbs.default\">\n\t\t\t\t<div class=\"elementor-widget-container\">\n\t\t\t\t\t<p id=\"breadcrumbs\"><span><span><a href=\"https:\/\/rider-tyres.eu\/it\/\">Strona g\u0142\u00f3wna<\/a><\/span><\/span><\/p>\t\t\t\t<\/div>\n\t\t\t\t<\/div>\n\t\t\t\t<div class=\"elementor-element elementor-element-6fcedaa elementor-widget elementor-widget-heading\" data-id=\"6fcedaa\" data-element_type=\"widget\" data-e-type=\"widget\" data-widget_type=\"heading.default\">\n\t\t\t\t<div class=\"elementor-widget-container\">\n\t\t\t\t\t<h2 class=\"elementor-heading-title elementor-size-default\">Chi siamo<\/h2>\t\t\t\t<\/div>\n\t\t\t\t<\/div>\n\t\t\t\t<div class=\"elementor-element elementor-element-2882f15 elementor-widget__width-initial elementor-widget elementor-widget-heading\" data-id=\"2882f15\" data-element_type=\"widget\" data-e-type=\"widget\" data-widget_type=\"heading.default\">\n\t\t\t\t<div class=\"elementor-widget-container\">\n\t\t\t\t\t<h1 class=\"elementor-heading-title elementor-size-default\">Pneumatici Rider: Sicurezza ed ecologia sulla strada<\/h1>\t\t\t\t<\/div>\n\t\t\t\t<\/div>\n\t\t\t\t\t<\/div>\n\t\t\t\t<\/div>\n\t\t<div class=\"elementor-element elementor-element-6b0e893 e-flex e-con-boxed e-con e-parent\" data-id=\"6b0e893\" data-element_type=\"container\" data-e-type=\"container\" data-settings=\"{&quot;jet_parallax_layout_list&quot;:[]}\">\n\t\t\t\t\t<div class=\"e-con-inner\">\n\t\t<div class=\"elementor-element elementor-element-c40374e e-con-full e-flex e-con e-child\" data-id=\"c40374e\" data-element_type=\"container\" data-e-type=\"container\" data-settings=\"{&quot;jet_parallax_layout_list&quot;:[]}\">\n\t\t\t\t<div class=\"elementor-element elementor-element-4555f7b elementor-widget elementor-widget-heading\" data-id=\"4555f7b\" data-element_type=\"widget\" data-e-type=\"widget\" data-widget_type=\"heading.default\">\n\t\t\t\t<div class=\"elementor-widget-container\">\n\t\t\t\t\t<h2 class=\"elementor-heading-title elementor-size-default\">Missione e visione<\/h2>\t\t\t\t<\/div>\n\t\t\t\t<\/div>\n\t\t\t\t<div class=\"elementor-element elementor-element-91b3bec elementor-widget-divider--view-line elementor-widget elementor-widget-divider\" data-id=\"91b3bec\" data-element_type=\"widget\" data-e-type=\"widget\" data-widget_type=\"divider.default\">\n\t\t\t\t<div class=\"elementor-widget-container\">\n\t\t\t\t\t\t\t<div class=\"elementor-divider\">\n\t\t\t<span class=\"elementor-divider-separator\">\n\t\t\t\t\t\t<\/span>\n\t\t<\/div>\n\t\t\t\t\t\t<\/div>\n\t\t\t\t<\/div>\n\t\t\t\t<\/div>\n\t\t<div class=\"elementor-element elementor-element-fbc0edd e-con-full e-flex e-con e-child\" data-id=\"fbc0edd\" data-element_type=\"container\" data-e-type=\"container\" data-settings=\"{&quot;jet_parallax_layout_list&quot;:[]}\">\n\t\t\t\t<div class=\"elementor-element elementor-element-54402fd elementor-widget elementor-widget-text-editor\" data-id=\"54402fd\" data-element_type=\"widget\" data-e-type=\"widget\" data-widget_type=\"text-editor.default\">\n\t\t\t\t<div class=\"elementor-widget-container\">\n\t\t\t\t\t\t\t\t\t<p>Il nostro obiettivo primario \u00e8 fornire ai conducenti di SUV e veicoli fuoristrada pneumatici ricostruiti di alta qualit\u00e0 che garantiscano sicurezza, affidabilit\u00e0 e prestazioni. Offriamo un&#8217;ampia gamma di pneumatici, da quelli stradali ai modelli progettati per condizioni fuoristrada estreme, come All Terrain, Mud Terrain ed Extreme. Noi di Rider Tyres siamo impegnati in innovazioni che favoriscono la sicurezza e la tutela dell&#8217;ambiente.<\/p>\n\t\t\t\t\t\t\t\t<\/div>\n\t\t\t\t<\/div>\n\t\t\t\t<\/div>\n\t\t\t\t\t<\/div>\n\t\t\t\t<\/div>\n\t\t<div class=\"elementor-element elementor-element-449ece6 e-flex e-con-boxed e-con e-parent\" data-id=\"449ece6\" data-element_type=\"container\" data-e-type=\"container\" data-settings=\"{&quot;jet_parallax_layout_list&quot;:[]}\">\n\t\t\t\t\t<div class=\"e-con-inner\">\n\t\t<div class=\"elementor-element elementor-element-8efb19e e-con-full e-flex e-con e-child\" data-id=\"8efb19e\" data-element_type=\"container\" data-e-type=\"container\" data-settings=\"{&quot;jet_parallax_layout_list&quot;:[]}\">\n\t\t\t\t<div class=\"elementor-element elementor-element-982ba5b elementor-widget elementor-widget-heading\" data-id=\"982ba5b\" data-element_type=\"widget\" data-e-type=\"widget\" data-widget_type=\"heading.default\">\n\t\t\t\t<div class=\"elementor-widget-container\">\n\t\t\t\t\t<h2 class=\"elementor-heading-title elementor-size-default\">I nostri valori<\/h2>\t\t\t\t<\/div>\n\t\t\t\t<\/div>\n\t\t\t\t<div class=\"elementor-element elementor-element-254a2a6 elementor-widget-divider--view-line elementor-widget elementor-widget-divider\" data-id=\"254a2a6\" data-element_type=\"widget\" data-e-type=\"widget\" data-widget_type=\"divider.default\">\n\t\t\t\t<div class=\"elementor-widget-container\">\n\t\t\t\t\t\t\t<div class=\"elementor-divider\">\n\t\t\t<span class=\"elementor-divider-separator\">\n\t\t\t\t\t\t<\/span>\n\t\t<\/div>\n\t\t\t\t\t\t<\/div>\n\t\t\t\t<\/div>\n\t\t\t\t<\/div>\n\t\t<div class=\"elementor-element elementor-element-976b02b e-con-full e-flex e-con e-child\" data-id=\"976b02b\" data-element_type=\"container\" data-e-type=\"container\" data-settings=\"{&quot;jet_parallax_layout_list&quot;:[]}\">\n\t\t\t\t<div class=\"elementor-element elementor-element-835dc71 elementor-widget elementor-widget-text-editor\" data-id=\"835dc71\" data-element_type=\"widget\" data-e-type=\"widget\" data-widget_type=\"text-editor.default\">\n\t\t\t\t<div class=\"elementor-widget-container\">\n\t\t\t\t\t\t\t\t\t<p>Sicurezza, ecologia e massima qualit\u00e0 sono i pilastri su cui si basa la nostra attivit\u00e0. Crediamo che la responsabilit\u00e0 ambientale e l&#8217;attenzione ai dettagli tecnici dei nostri prodotti vadano di pari passo con la garanzia della massima sicurezza per gli utilizzatori dei nostri pneumatici ricostruiti.<\/p>\n\t\t\t\t\t\t\t\t<\/div>\n\t\t\t\t<\/div>\n\t\t\t\t<\/div>\n\t\t\t\t\t<\/div>\n\t\t\t\t<\/div>\n\t\t<div class=\"elementor-element elementor-element-65274c2 e-flex e-con-boxed e-con e-parent\" data-id=\"65274c2\" data-element_type=\"container\" data-e-type=\"container\" data-settings=\"{&quot;jet_parallax_layout_list&quot;:[]}\">\n\t\t\t\t\t<div class=\"e-con-inner\">\n\t\t<div class=\"elementor-element elementor-element-95e7985 e-con-full e-flex e-con e-child\" data-id=\"95e7985\" data-element_type=\"container\" data-e-type=\"container\" data-settings=\"{&quot;jet_parallax_layout_list&quot;:[]}\">\n\t\t\t\t<div class=\"elementor-element elementor-element-de9e098 elementor-widget elementor-widget-heading\" data-id=\"de9e098\" data-element_type=\"widget\" data-e-type=\"widget\" data-widget_type=\"heading.default\">\n\t\t\t\t<div class=\"elementor-widget-container\">\n\t\t\t\t\t<h2 class=\"elementor-heading-title elementor-size-default\">Cosa ci distingue<\/h2>\t\t\t\t<\/div>\n\t\t\t\t<\/div>\n\t\t\t\t<div class=\"elementor-element elementor-element-a4e0347 elementor-widget-divider--view-line elementor-widget elementor-widget-divider\" data-id=\"a4e0347\" data-element_type=\"widget\" data-e-type=\"widget\" data-widget_type=\"divider.default\">\n\t\t\t\t<div class=\"elementor-widget-container\">\n\t\t\t\t\t\t\t<div class=\"elementor-divider\">\n\t\t\t<span class=\"elementor-divider-separator\">\n\t\t\t\t\t\t<\/span>\n\t\t<\/div>\n\t\t\t\t\t\t<\/div>\n\t\t\t\t<\/div>\n\t\t\t\t<\/div>\n\t\t<div class=\"elementor-element elementor-element-37837f8 e-con-full e-flex e-con e-child\" data-id=\"37837f8\" data-element_type=\"container\" data-e-type=\"container\" data-settings=\"{&quot;jet_parallax_layout_list&quot;:[]}\">\n\t\t\t\t<div class=\"elementor-element elementor-element-31a8c97 elementor-widget elementor-widget-text-editor\" data-id=\"31a8c97\" data-element_type=\"widget\" data-e-type=\"widget\" data-widget_type=\"text-editor.default\">\n\t\t\t\t<div class=\"elementor-widget-container\">\n\t\t\t\t\t\t\t\t\t<p>Rider Tyres si distingue per la sua lunga esperienza nel settore dei pneumatici e per il suo impegno nella produzione ecologica. I nostri prodotti sono il risultato di test rigorosi e di una costante ricerca dell&#8217;eccellenza. Lavoriamo costantemente per ampliare la nostra gamma di prodotti, in modo da soddisfare le aspettative di una base di clienti ancora pi\u00f9 ampia, ponendo sempre pi\u00f9 attenzione agli aspetti ambientali.<\/p>\n\t\t\t\t\t\t\t\t<\/div>\n\t\t\t\t<\/div>\n\t\t\t\t<\/div>\n\t\t\t\t\t<\/div>\n\t\t\t\t<\/div>\n\t\t<div class=\"elementor-element elementor-element-0ba5ef2 e-flex e-con-boxed e-con e-parent\" data-id=\"0ba5ef2\" data-element_type=\"container\" data-e-type=\"container\" data-settings=\"{&quot;jet_parallax_layout_list&quot;:[]}\">\n\t\t\t\t\t<div class=\"e-con-inner\">\n\t\t<div class=\"elementor-element elementor-element-9b3786d e-con-full e-flex e-con e-child\" data-id=\"9b3786d\" data-element_type=\"container\" data-e-type=\"container\" data-settings=\"{&quot;jet_parallax_layout_list&quot;:[]}\">\n\t\t\t\t<div class=\"elementor-element elementor-element-60ddcd7 elementor-widget elementor-widget-heading\" data-id=\"60ddcd7\" data-element_type=\"widget\" data-e-type=\"widget\" data-widget_type=\"heading.default\">\n\t\t\t\t<div class=\"elementor-widget-container\">\n\t\t\t\t\t<h2 class=\"elementor-heading-title elementor-size-default\">Il nostro futuro<\/h2>\t\t\t\t<\/div>\n\t\t\t\t<\/div>\n\t\t\t\t<div class=\"elementor-element elementor-element-36b8ed8 elementor-widget-divider--view-line elementor-widget elementor-widget-divider\" data-id=\"36b8ed8\" data-element_type=\"widget\" data-e-type=\"widget\" data-widget_type=\"divider.default\">\n\t\t\t\t<div class=\"elementor-widget-container\">\n\t\t\t\t\t\t\t<div class=\"elementor-divider\">\n\t\t\t<span class=\"elementor-divider-separator\">\n\t\t\t\t\t\t<\/span>\n\t\t<\/div>\n\t\t\t\t\t\t<\/div>\n\t\t\t\t<\/div>\n\t\t\t\t<\/div>\n\t\t<div class=\"elementor-element elementor-element-b3ad66b e-con-full e-flex e-con e-child\" data-id=\"b3ad66b\" data-element_type=\"container\" data-e-type=\"container\" data-settings=\"{&quot;jet_parallax_layout_list&quot;:[]}\">\n\t\t\t\t<div class=\"elementor-element elementor-element-61e25da elementor-widget elementor-widget-text-editor\" data-id=\"61e25da\" data-element_type=\"widget\" data-e-type=\"widget\" data-widget_type=\"text-editor.default\">\n\t\t\t\t<div class=\"elementor-widget-container\">\n\t\t\t\t\t\t\t\t\t<p>Ci impegniamo a rendere i nostri pneumatici sinonimo di innovazione e sostenibilit\u00e0. I nostri piani per il futuro si concentrano sull&#8217;ampliamento della gamma di misure e modelli, in modo che ogni automobilista possa trovare il pneumatico perfetto per le sue esigenze e il suo stile di guida.<\/p>\n\t\t\t\t\t\t\t\t<\/div>\n\t\t\t\t<\/div>\n\t\t\t\t<\/div>\n\t\t\t\t\t<\/div>\n\t\t\t\t<\/div>\n\t\t<div class=\"elementor-element elementor-element-effe6bb e-flex e-con-boxed e-con e-parent\" data-id=\"effe6bb\" data-element_type=\"container\" data-e-type=\"container\" data-settings=\"{&quot;background_background&quot;:&quot;classic&quot;,&quot;jet_parallax_layout_list&quot;:[]}\">\n\t\t\t\t\t<div class=\"e-con-inner\">\n\t\t<div class=\"elementor-element elementor-element-ad5cfa1 e-con-full e-flex e-con e-child\" data-id=\"ad5cfa1\" data-element_type=\"container\" data-e-type=\"container\" data-settings=\"{&quot;jet_parallax_layout_list&quot;:[]}\">\n\t\t\t\t<div class=\"elementor-element elementor-element-d1fe032 elementor-widget elementor-widget-heading\" data-id=\"d1fe032\" data-element_type=\"widget\" data-e-type=\"widget\" data-widget_type=\"heading.default\">\n\t\t\t\t<div class=\"elementor-widget-container\">\n\t\t\t\t\t<h2 class=\"elementor-heading-title elementor-size-default\">Il nostro impegno sociale e ambientale<\/h2>\t\t\t\t<\/div>\n\t\t\t\t<\/div>\n\t\t\t\t<div class=\"elementor-element elementor-element-5d7c864 elementor-widget-divider--view-line elementor-widget elementor-widget-divider\" data-id=\"5d7c864\" data-element_type=\"widget\" data-e-type=\"widget\" data-widget_type=\"divider.default\">\n\t\t\t\t<div class=\"elementor-widget-container\">\n\t\t\t\t\t\t\t<div class=\"elementor-divider\">\n\t\t\t<span class=\"elementor-divider-separator\">\n\t\t\t\t\t\t<\/span>\n\t\t<\/div>\n\t\t\t\t\t\t<\/div>\n\t\t\t\t<\/div>\n\t\t\t\t<div class=\"elementor-element elementor-element-63a02dd elementor-widget elementor-widget-text-editor\" data-id=\"63a02dd\" data-element_type=\"widget\" data-e-type=\"widget\" data-widget_type=\"text-editor.default\">\n\t\t\t\t<div class=\"elementor-widget-container\">\n\t\t\t\t\t\t\t\t\t<p>In quanto azienda con profonde radici familiari, Rider Tyres \u00e8 profondamente impegnata nella tutela dell&#8217;ambiente. Il nostro processo di ricostruzione non solo allunga la vita dei pneumatici, ma riduce anche i rifiuti e il consumo di materie prime. Siamo orgogliosi di offrire prodotti che rispettano l&#8217;ambiente senza sacrificare la massima qualit\u00e0 e le prestazioni.<\/p>\n\t\t\t\t\t\t\t\t<\/div>\n\t\t\t\t<\/div>\n\t\t\t\t<\/div>\n\t\t<div class=\"elementor-element elementor-element-0468247 e-con-full e-flex e-con e-child\" data-id=\"0468247\" data-element_type=\"container\" data-e-type=\"container\" data-settings=\"{&quot;jet_parallax_layout_list&quot;:[]}\">\n\t\t\t\t<\/div>\n\t\t\t\t\t<\/div>\n\t\t\t\t<\/div>\n\t\t<div class=\"elementor-element elementor-element-c5a31cb e-flex e-con-boxed e-con e-parent\" data-id=\"c5a31cb\" data-element_type=\"container\" data-e-type=\"container\" data-settings=\"{&quot;jet_parallax_layout_list&quot;:[]}\">\n\t\t\t\t\t<div class=\"e-con-inner\">\n\t\t\t\t<div class=\"elementor-element elementor-element-babb211 elementor-widget elementor-widget-heading\" data-id=\"babb211\" data-element_type=\"widget\" data-e-type=\"widget\" data-widget_type=\"heading.default\">\n\t\t\t\t<div class=\"elementor-widget-container\">\n\t\t\t\t\t<h2 class=\"elementor-heading-title elementor-size-default\">Unisciti al nostro viaggio<\/h2>\t\t\t\t<\/div>\n\t\t\t\t<\/div>\n\t\t\t\t<div class=\"elementor-element elementor-element-8481e5f elementor-widget-divider--view-line elementor-widget elementor-widget-divider\" data-id=\"8481e5f\" data-element_type=\"widget\" data-e-type=\"widget\" data-widget_type=\"divider.default\">\n\t\t\t\t<div class=\"elementor-widget-container\">\n\t\t\t\t\t\t\t<div class=\"elementor-divider\">\n\t\t\t<span class=\"elementor-divider-separator\">\n\t\t\t\t\t\t<\/span>\n\t\t<\/div>\n\t\t\t\t\t\t<\/div>\n\t\t\t\t<\/div>\n\t\t\t\t<div class=\"elementor-element elementor-element-ee4f0d4 elementor-widget__width-initial elementor-widget-mobile__width-inherit elementor-widget elementor-widget-text-editor\" data-id=\"ee4f0d4\" data-element_type=\"widget\" data-e-type=\"widget\" data-widget_type=\"text-editor.default\">\n\t\t\t\t<div class=\"elementor-widget-container\">\n\t\t\t\t\t\t\t\t\t<p>Quando scegliete Rider Tyres, entrate a far parte di una comunit\u00e0 che d\u00e0 valore alla qualit\u00e0, all&#8217;innovazione e alla responsabilit\u00e0. Vi invitiamo a unirvi a noi in un viaggio in cui la sicurezza, l&#8217;ecologia e l&#8217;affidabilit\u00e0 sono le pietre miliari di ogni viaggio. Spingetevi oltre i limiti, esplorate nuovi percorsi e godetevi una guida senza pari con i pneumatici Rider.<\/p>\n\t\t\t\t\t\t\t\t<\/div>\n\t\t\t\t<\/div>\n\t\t\t\t<div class=\"elementor-element elementor-element-af9b7e8 elementor-widget elementor-widget-button\" data-id=\"af9b7e8\" data-element_type=\"widget\" data-e-type=\"widget\" data-widget_type=\"button.default\">\n\t\t\t\t<div class=\"elementor-widget-container\">\n\t\t\t\t\t\t\t\t\t<div class=\"elementor-button-wrapper\">\n\t\t\t\t\t<a class=\"elementor-button elementor-button-link elementor-size-sm\" href=\"#oferta\">\n\t\t\t\t\t\t<span class=\"elementor-button-content-wrapper\">\n\t\t\t\t\t\t\t\t\t<span class=\"elementor-button-text\">Controlla la nostra offerta<\/span>\n\t\t\t\t\t<\/span>\n\t\t\t\t\t<\/a>\n\t\t\t\t<\/div>\n\t\t\t\t\t\t\t\t<\/div>\n\t\t\t\t<\/div>\n\t\t\t\t\t<\/div>\n\t\t\t\t<\/div>\n\t\t<div class=\"elementor-element elementor-element-d6f49ad e-flex e-con-boxed e-con e-parent\" data-id=\"d6f49ad\" data-element_type=\"container\" data-e-type=\"container\" data-settings=\"{&quot;background_background&quot;:&quot;classic&quot;,&quot;jet_parallax_layout_list&quot;:[]}\">\n\t\t\t\t\t<div class=\"e-con-inner\">\n\t\t\t\t<div class=\"elementor-element elementor-element-cda92ba elementor-widget__width-initial elementor-widget-mobile__width-inherit elementor-widget elementor-widget-heading\" data-id=\"cda92ba\" data-element_type=\"widget\" data-e-type=\"widget\" data-widget_type=\"heading.default\">\n\t\t\t\t<div class=\"elementor-widget-container\">\n\t\t\t\t\t<h2 class=\"elementor-heading-title elementor-size-default\">Rider - Spingetevi oltre i limiti, esplorate nuovi percorsi, godetevi una corsa senza precedenti.<\/h2>\t\t\t\t<\/div>\n\t\t\t\t<\/div>\n\t\t\t\t\t<\/div>\n\t\t\t\t<\/div>\n\t\t\t\t<\/div>\n\t\t","protected":false},"excerpt":{"rendered":"<p>Pneumatici Rider: Sicurezza ed ecologia sulla strada Missione e visione Il nostro obiettivo primario \u00e8 fornire ai conducenti di SUV e veicoli fuoristrada pneumatici ricostruiti di alta qualit\u00e0 che garantiscano sicurezza, affidabilit\u00e0 e prestazioni. Offriamo un&#8217;ampia gamma di pneumatici, da quelli stradali ai modelli progettati per condizioni fuoristrada estreme, come All Terrain, Mud Terrain ed [&hellip;]<\/p>\n","protected":false},"author":1,"featured_media":0,"parent":0,"menu_order":0,"comment_status":"closed","ping_status":"closed","template":"elementor_header_footer","meta":{"footnotes":""},"class_list":["post-1178","page","type-page","status-publish","hentry"],"yoast_head":"<!-- This site is optimized with the Yoast SEO plugin v27.3 - https:\/\/yoast.com\/product\/yoast-seo-wordpress\/ -->\n<title>Chi siamo - Rider Tyres<\/title>\n<meta name=\"robots\" content=\"index, follow, max-snippet:-1, max-image-preview:large, max-video-preview:-1\" \/>\n<link rel=\"canonical\" href=\"https:\/\/rider-tyres.eu\/it\/chi-siamo\/\" \/>\n<meta property=\"og:locale\" content=\"it_IT\" \/>\n<meta property=\"og:type\" content=\"article\" \/>\n<meta property=\"og:title\" content=\"Chi siamo - Rider Tyres\" \/>\n<meta property=\"og:description\" content=\"Pneumatici Rider: Sicurezza ed ecologia sulla strada Missione e visione Il nostro obiettivo primario \u00e8 fornire ai conducenti di SUV e veicoli fuoristrada pneumatici ricostruiti di alta qualit\u00e0 che garantiscano sicurezza, affidabilit\u00e0 e prestazioni. Offriamo un&#8217;ampia gamma di pneumatici, da quelli stradali ai modelli progettati per condizioni fuoristrada estreme, come All Terrain, Mud Terrain ed [&hellip;]\" \/>\n<meta property=\"og:url\" content=\"https:\/\/rider-tyres.eu\/it\/chi-siamo\/\" \/>\n<meta property=\"og:site_name\" content=\"Rider Tyres\" \/>\n<meta property=\"article:modified_time\" content=\"2024-04-22T20:12:43+00:00\" \/>\n<meta name=\"twitter:card\" content=\"summary_large_image\" \/>\n<meta name=\"twitter:label1\" content=\"Tempo di lettura stimato\" \/>\n\t<meta name=\"twitter:data1\" content=\"2 minuti\" \/>\n<script type=\"application\/ld+json\" class=\"yoast-schema-graph\">{\"@context\":\"https:\\\/\\\/schema.org\",\"@graph\":[{\"@type\":\"WebPage\",\"@id\":\"https:\\\/\\\/rider-tyres.eu\\\/it\\\/chi-siamo\\\/\",\"url\":\"https:\\\/\\\/rider-tyres.eu\\\/it\\\/chi-siamo\\\/\",\"name\":\"Chi siamo - Rider Tyres\",\"isPartOf\":{\"@id\":\"https:\\\/\\\/rider-tyres.eu\\\/it\\\/#website\"},\"datePublished\":\"2024-03-17T18:09:04+00:00\",\"dateModified\":\"2024-04-22T20:12:43+00:00\",\"breadcrumb\":{\"@id\":\"https:\\\/\\\/rider-tyres.eu\\\/it\\\/chi-siamo\\\/#breadcrumb\"},\"inLanguage\":\"it-IT\",\"potentialAction\":[{\"@type\":\"ReadAction\",\"target\":[\"https:\\\/\\\/rider-tyres.eu\\\/it\\\/chi-siamo\\\/\"]}]},{\"@type\":\"BreadcrumbList\",\"@id\":\"https:\\\/\\\/rider-tyres.eu\\\/it\\\/chi-siamo\\\/#breadcrumb\",\"itemListElement\":[{\"@type\":\"ListItem\",\"position\":1,\"name\":\"Strona g\u0142\u00f3wna\",\"item\":\"https:\\\/\\\/rider-tyres.eu\\\/it\\\/\"},{\"@type\":\"ListItem\",\"position\":2,\"name\":\"Chi siamo\"}]},{\"@type\":\"WebSite\",\"@id\":\"https:\\\/\\\/rider-tyres.eu\\\/it\\\/#website\",\"url\":\"https:\\\/\\\/rider-tyres.eu\\\/it\\\/\",\"name\":\"Rider Tyres\",\"description\":\"Opony na ka\u017cdy teren\",\"publisher\":{\"@id\":\"https:\\\/\\\/rider-tyres.eu\\\/it\\\/#organization\"},\"potentialAction\":[{\"@type\":\"SearchAction\",\"target\":{\"@type\":\"EntryPoint\",\"urlTemplate\":\"https:\\\/\\\/rider-tyres.eu\\\/it\\\/?s={search_term_string}\"},\"query-input\":{\"@type\":\"PropertyValueSpecification\",\"valueRequired\":true,\"valueName\":\"search_term_string\"}}],\"inLanguage\":\"it-IT\"},{\"@type\":\"Organization\",\"@id\":\"https:\\\/\\\/rider-tyres.eu\\\/it\\\/#organization\",\"name\":\"Rider Tyres\",\"url\":\"https:\\\/\\\/rider-tyres.eu\\\/it\\\/\",\"logo\":{\"@type\":\"ImageObject\",\"inLanguage\":\"it-IT\",\"@id\":\"https:\\\/\\\/rider-tyres.eu\\\/it\\\/#\\\/schema\\\/logo\\\/image\\\/\",\"url\":\"https:\\\/\\\/rider-tyres.eu\\\/wp-content\\\/uploads\\\/2024\\\/02\\\/White-logo-no-background-01.svg\",\"contentUrl\":\"https:\\\/\\\/rider-tyres.eu\\\/wp-content\\\/uploads\\\/2024\\\/02\\\/White-logo-no-background-01.svg\",\"caption\":\"Rider Tyres\"},\"image\":{\"@id\":\"https:\\\/\\\/rider-tyres.eu\\\/it\\\/#\\\/schema\\\/logo\\\/image\\\/\"}}]}<\/script>\n<!-- \/ Yoast SEO plugin. -->","yoast_head_json":{"title":"Chi siamo - Rider Tyres","robots":{"index":"index","follow":"follow","max-snippet":"max-snippet:-1","max-image-preview":"max-image-preview:large","max-video-preview":"max-video-preview:-1"},"canonical":"https:\/\/rider-tyres.eu\/it\/chi-siamo\/","og_locale":"it_IT","og_type":"article","og_title":"Chi siamo - Rider Tyres","og_description":"Pneumatici Rider: Sicurezza ed ecologia sulla strada Missione e visione Il nostro obiettivo primario \u00e8 fornire ai conducenti di SUV e veicoli fuoristrada pneumatici ricostruiti di alta qualit\u00e0 che garantiscano sicurezza, affidabilit\u00e0 e prestazioni. Offriamo un&#8217;ampia gamma di pneumatici, da quelli stradali ai modelli progettati per condizioni fuoristrada estreme, come All Terrain, Mud Terrain ed [&hellip;]","og_url":"https:\/\/rider-tyres.eu\/it\/chi-siamo\/","og_site_name":"Rider Tyres","article_modified_time":"2024-04-22T20:12:43+00:00","twitter_card":"summary_large_image","twitter_misc":{"Tempo di lettura stimato":"2 minuti"},"schema":{"@context":"https:\/\/schema.org","@graph":[{"@type":"WebPage","@id":"https:\/\/rider-tyres.eu\/it\/chi-siamo\/","url":"https:\/\/rider-tyres.eu\/it\/chi-siamo\/","name":"Chi siamo - Rider Tyres","isPartOf":{"@id":"https:\/\/rider-tyres.eu\/it\/#website"},"datePublished":"2024-03-17T18:09:04+00:00","dateModified":"2024-04-22T20:12:43+00:00","breadcrumb":{"@id":"https:\/\/rider-tyres.eu\/it\/chi-siamo\/#breadcrumb"},"inLanguage":"it-IT","potentialAction":[{"@type":"ReadAction","target":["https:\/\/rider-tyres.eu\/it\/chi-siamo\/"]}]},{"@type":"BreadcrumbList","@id":"https:\/\/rider-tyres.eu\/it\/chi-siamo\/#breadcrumb","itemListElement":[{"@type":"ListItem","position":1,"name":"Strona g\u0142\u00f3wna","item":"https:\/\/rider-tyres.eu\/it\/"},{"@type":"ListItem","position":2,"name":"Chi siamo"}]},{"@type":"WebSite","@id":"https:\/\/rider-tyres.eu\/it\/#website","url":"https:\/\/rider-tyres.eu\/it\/","name":"Rider Tyres","description":"Opony na ka\u017cdy teren","publisher":{"@id":"https:\/\/rider-tyres.eu\/it\/#organization"},"potentialAction":[{"@type":"SearchAction","target":{"@type":"EntryPoint","urlTemplate":"https:\/\/rider-tyres.eu\/it\/?s={search_term_string}"},"query-input":{"@type":"PropertyValueSpecification","valueRequired":true,"valueName":"search_term_string"}}],"inLanguage":"it-IT"},{"@type":"Organization","@id":"https:\/\/rider-tyres.eu\/it\/#organization","name":"Rider Tyres","url":"https:\/\/rider-tyres.eu\/it\/","logo":{"@type":"ImageObject","inLanguage":"it-IT","@id":"https:\/\/rider-tyres.eu\/it\/#\/schema\/logo\/image\/","url":"https:\/\/rider-tyres.eu\/wp-content\/uploads\/2024\/02\/White-logo-no-background-01.svg","contentUrl":"https:\/\/rider-tyres.eu\/wp-content\/uploads\/2024\/02\/White-logo-no-background-01.svg","caption":"Rider Tyres"},"image":{"@id":"https:\/\/rider-tyres.eu\/it\/#\/schema\/logo\/image\/"}}]}},"_links":{"self":[{"href":"https:\/\/rider-tyres.eu\/it\/wp-json\/wp\/v2\/pages\/1178","targetHints":{"allow":["GET"]}}],"collection":[{"href":"https:\/\/rider-tyres.eu\/it\/wp-json\/wp\/v2\/pages"}],"about":[{"href":"https:\/\/rider-tyres.eu\/it\/wp-json\/wp\/v2\/types\/page"}],"author":[{"embeddable":true,"href":"https:\/\/rider-tyres.eu\/it\/wp-json\/wp\/v2\/users\/1"}],"replies":[{"embeddable":true,"href":"https:\/\/rider-tyres.eu\/it\/wp-json\/wp\/v2\/comments?post=1178"}],"version-history":[{"count":7,"href":"https:\/\/rider-tyres.eu\/it\/wp-json\/wp\/v2\/pages\/1178\/revisions"}],"predecessor-version":[{"id":2188,"href":"https:\/\/rider-tyres.eu\/it\/wp-json\/wp\/v2\/pages\/1178\/revisions\/2188"}],"wp:attachment":[{"href":"https:\/\/rider-tyres.eu\/it\/wp-json\/wp\/v2\/media?parent=1178"}],"curies":[{"name":"wp","href":"https:\/\/api.w.org\/{rel}","templated":true}]}}