{"id":6345,"date":"2024-06-04T08:33:44","date_gmt":"2024-06-04T07:33:44","guid":{"rendered":"https:\/\/rider-tyres.eu\/?post_type=product&#038;p=6345"},"modified":"2025-02-27T13:56:18","modified_gmt":"2025-02-27T12:56:18","slug":"195-75r16-107-105q-rider-greenland-m-t-195-75r16-107-105q-rider-greenland-m-t-kopia-kopia-kopia-kopia-kopia","status":"publish","type":"product","link":"https:\/\/rider-tyres.eu\/hu\/opona\/195-75r16-107-105q-rider-greenland-m-t-195-75r16-107-105q-rider-greenland-m-t-kopia-kopia-kopia-kopia-kopia\/","title":{"rendered":"235\/70R16 106T Rider GREENLAND M\/T 235\/70R16 106T Rider GREENLAND M\/T"},"content":{"rendered":"","protected":false},"excerpt":{"rendered":"<p>&nbsp;<\/p>\n<p>&nbsp;<\/p>\n","protected":false},"featured_media":3691,"comment_status":"open","ping_status":"closed","template":"","meta":[],"product_brand":[],"product_cat":[898,283],"product_tag":[],"class_list":{"0":"post-6345","1":"product","2":"type-product","3":"status-publish","4":"has-post-thumbnail","6":"product_cat-greenland-m-t-hu","7":"product_cat-sar-terep","9":"first","10":"outofstock","11":"taxable","12":"shipping-taxable","13":"product-type-simple"},"yoast_head":"<!-- This site is optimized with the Yoast SEO plugin v27.3 - https:\/\/yoast.com\/product\/yoast-seo-wordpress\/ -->\n<title>235\/70R16 106T Rider GREENLAND M\/T 235\/70R16 106T Rider GREENLAND M\/T - Rider Tyres<\/title>\n<meta name=\"description\" content=\"Fedezze fel a korl\u00e1tlan terepk\u00e9pess\u00e9geket a 235\/70R16 106T Rider GREENLAND M\/T 235\/70R16 106T Rider GREENLAND M\/T gumiabronccsal, amely egy fejlett, extr\u00e9m kalandokhoz tervezett s\u00e1r terepabroncs.\" \/>\n<meta name=\"robots\" content=\"index, follow, max-snippet:-1, max-image-preview:large, max-video-preview:-1\" \/>\n<link rel=\"canonical\" href=\"https:\/\/rider-tyres.eu\/hu\/opona\/195-75r16-107-105q-rider-greenland-m-t-195-75r16-107-105q-rider-greenland-m-t-kopia-kopia-kopia-kopia-kopia\/\" \/>\n<meta property=\"og:locale\" content=\"hu_HU\" \/>\n<meta property=\"og:type\" content=\"article\" \/>\n<meta property=\"og:title\" content=\"235\/70R16 106T Rider GREENLAND M\/T 235\/70R16 106T Rider GREENLAND M\/T - Rider Tyres\" \/>\n<meta property=\"og:description\" content=\"Fedezze fel a korl\u00e1tlan terepk\u00e9pess\u00e9geket a 235\/70R16 106T Rider GREENLAND M\/T 235\/70R16 106T Rider GREENLAND M\/T gumiabronccsal, amely egy fejlett, extr\u00e9m kalandokhoz tervezett s\u00e1r terepabroncs.\" \/>\n<meta property=\"og:url\" content=\"https:\/\/rider-tyres.eu\/hu\/opona\/195-75r16-107-105q-rider-greenland-m-t-195-75r16-107-105q-rider-greenland-m-t-kopia-kopia-kopia-kopia-kopia\/\" \/>\n<meta property=\"og:site_name\" content=\"Rider Tyres\" \/>\n<meta property=\"article:modified_time\" content=\"2025-02-27T12:56:18+00:00\" \/>\n<meta property=\"og:image\" content=\"https:\/\/rider-tyres.eu\/wp-content\/uploads\/2024\/03\/P1155266-590x1024.png\" \/>\n\t<meta property=\"og:image:width\" content=\"590\" \/>\n\t<meta property=\"og:image:height\" content=\"1024\" \/>\n\t<meta property=\"og:image:type\" content=\"image\/png\" \/>\n<meta name=\"twitter:card\" content=\"summary_large_image\" \/>\n<script type=\"application\/ld+json\" class=\"yoast-schema-graph\">{\"@context\":\"https:\\\/\\\/schema.org\",\"@graph\":[{\"@type\":\"WebPage\",\"@id\":\"https:\\\/\\\/rider-tyres.eu\\\/hu\\\/opona\\\/195-75r16-107-105q-rider-greenland-m-t-195-75r16-107-105q-rider-greenland-m-t-kopia-kopia-kopia-kopia-kopia\\\/\",\"url\":\"https:\\\/\\\/rider-tyres.eu\\\/hu\\\/opona\\\/195-75r16-107-105q-rider-greenland-m-t-195-75r16-107-105q-rider-greenland-m-t-kopia-kopia-kopia-kopia-kopia\\\/\",\"name\":\"235\\\/70R16 106T Rider GREENLAND M\\\/T 235\\\/70R16 106T Rider GREENLAND M\\\/T - Rider Tyres\",\"isPartOf\":{\"@id\":\"https:\\\/\\\/rider-tyres.eu\\\/hu\\\/#website\"},\"primaryImageOfPage\":{\"@id\":\"https:\\\/\\\/rider-tyres.eu\\\/hu\\\/opona\\\/195-75r16-107-105q-rider-greenland-m-t-195-75r16-107-105q-rider-greenland-m-t-kopia-kopia-kopia-kopia-kopia\\\/#primaryimage\"},\"image\":{\"@id\":\"https:\\\/\\\/rider-tyres.eu\\\/hu\\\/opona\\\/195-75r16-107-105q-rider-greenland-m-t-195-75r16-107-105q-rider-greenland-m-t-kopia-kopia-kopia-kopia-kopia\\\/#primaryimage\"},\"thumbnailUrl\":\"https:\\\/\\\/rider-tyres.eu\\\/wp-content\\\/uploads\\\/2024\\\/03\\\/P1155266-e1715002640178.png\",\"datePublished\":\"2024-06-04T07:33:44+00:00\",\"dateModified\":\"2025-02-27T12:56:18+00:00\",\"description\":\"Fedezze fel a korl\u00e1tlan terepk\u00e9pess\u00e9geket a 235\\\/70R16 106T Rider GREENLAND M\\\/T 235\\\/70R16 106T Rider GREENLAND M\\\/T gumiabronccsal, amely egy fejlett, extr\u00e9m kalandokhoz tervezett s\u00e1r terepabroncs.\",\"breadcrumb\":{\"@id\":\"https:\\\/\\\/rider-tyres.eu\\\/hu\\\/opona\\\/195-75r16-107-105q-rider-greenland-m-t-195-75r16-107-105q-rider-greenland-m-t-kopia-kopia-kopia-kopia-kopia\\\/#breadcrumb\"},\"inLanguage\":\"hu\",\"potentialAction\":[{\"@type\":\"ReadAction\",\"target\":[\"https:\\\/\\\/rider-tyres.eu\\\/hu\\\/opona\\\/195-75r16-107-105q-rider-greenland-m-t-195-75r16-107-105q-rider-greenland-m-t-kopia-kopia-kopia-kopia-kopia\\\/\"]}]},{\"@type\":\"ImageObject\",\"inLanguage\":\"hu\",\"@id\":\"https:\\\/\\\/rider-tyres.eu\\\/hu\\\/opona\\\/195-75r16-107-105q-rider-greenland-m-t-195-75r16-107-105q-rider-greenland-m-t-kopia-kopia-kopia-kopia-kopia\\\/#primaryimage\",\"url\":\"https:\\\/\\\/rider-tyres.eu\\\/wp-content\\\/uploads\\\/2024\\\/03\\\/P1155266-e1715002640178.png\",\"contentUrl\":\"https:\\\/\\\/rider-tyres.eu\\\/wp-content\\\/uploads\\\/2024\\\/03\\\/P1155266-e1715002640178.png\",\"width\":830,\"height\":1440},{\"@type\":\"BreadcrumbList\",\"@id\":\"https:\\\/\\\/rider-tyres.eu\\\/hu\\\/opona\\\/195-75r16-107-105q-rider-greenland-m-t-195-75r16-107-105q-rider-greenland-m-t-kopia-kopia-kopia-kopia-kopia\\\/#breadcrumb\",\"itemListElement\":[{\"@type\":\"ListItem\",\"position\":1,\"name\":\"Strona g\u0142\u00f3wna\",\"item\":\"https:\\\/\\\/rider-tyres.eu\\\/hu\\\/\"},{\"@type\":\"ListItem\",\"position\":2,\"name\":\"Gumiabroncsok\",\"item\":\"https:\\\/\\\/rider-tyres.eu\\\/hu\\\/shop\\\/\"},{\"@type\":\"ListItem\",\"position\":3,\"name\":\"235\\\/70R16 106T Rider GREENLAND M\\\/T 235\\\/70R16 106T Rider GREENLAND M\\\/T\"}]},{\"@type\":\"WebSite\",\"@id\":\"https:\\\/\\\/rider-tyres.eu\\\/hu\\\/#website\",\"url\":\"https:\\\/\\\/rider-tyres.eu\\\/hu\\\/\",\"name\":\"Rider Tyres\",\"description\":\"Opony na ka\u017cdy teren\",\"publisher\":{\"@id\":\"https:\\\/\\\/rider-tyres.eu\\\/hu\\\/#organization\"},\"potentialAction\":[{\"@type\":\"SearchAction\",\"target\":{\"@type\":\"EntryPoint\",\"urlTemplate\":\"https:\\\/\\\/rider-tyres.eu\\\/hu\\\/?s={search_term_string}\"},\"query-input\":{\"@type\":\"PropertyValueSpecification\",\"valueRequired\":true,\"valueName\":\"search_term_string\"}}],\"inLanguage\":\"hu\"},{\"@type\":\"Organization\",\"@id\":\"https:\\\/\\\/rider-tyres.eu\\\/hu\\\/#organization\",\"name\":\"Rider Tyres\",\"url\":\"https:\\\/\\\/rider-tyres.eu\\\/hu\\\/\",\"logo\":{\"@type\":\"ImageObject\",\"inLanguage\":\"hu\",\"@id\":\"https:\\\/\\\/rider-tyres.eu\\\/hu\\\/#\\\/schema\\\/logo\\\/image\\\/\",\"url\":\"https:\\\/\\\/rider-tyres.eu\\\/wp-content\\\/uploads\\\/2024\\\/02\\\/White-logo-no-background-01.svg\",\"contentUrl\":\"https:\\\/\\\/rider-tyres.eu\\\/wp-content\\\/uploads\\\/2024\\\/02\\\/White-logo-no-background-01.svg\",\"caption\":\"Rider Tyres\"},\"image\":{\"@id\":\"https:\\\/\\\/rider-tyres.eu\\\/hu\\\/#\\\/schema\\\/logo\\\/image\\\/\"}}]}<\/script>\n<!-- \/ Yoast SEO plugin. -->","yoast_head_json":{"title":"235\/70R16 106T Rider GREENLAND M\/T 235\/70R16 106T Rider GREENLAND M\/T - Rider Tyres","description":"Fedezze fel a korl\u00e1tlan terepk\u00e9pess\u00e9geket a 235\/70R16 106T Rider GREENLAND M\/T 235\/70R16 106T Rider GREENLAND M\/T gumiabronccsal, amely egy fejlett, extr\u00e9m kalandokhoz tervezett s\u00e1r terepabroncs.","robots":{"index":"index","follow":"follow","max-snippet":"max-snippet:-1","max-image-preview":"max-image-preview:large","max-video-preview":"max-video-preview:-1"},"canonical":"https:\/\/rider-tyres.eu\/hu\/opona\/195-75r16-107-105q-rider-greenland-m-t-195-75r16-107-105q-rider-greenland-m-t-kopia-kopia-kopia-kopia-kopia\/","og_locale":"hu_HU","og_type":"article","og_title":"235\/70R16 106T Rider GREENLAND M\/T 235\/70R16 106T Rider GREENLAND M\/T - Rider Tyres","og_description":"Fedezze fel a korl\u00e1tlan terepk\u00e9pess\u00e9geket a 235\/70R16 106T Rider GREENLAND M\/T 235\/70R16 106T Rider GREENLAND M\/T gumiabronccsal, amely egy fejlett, extr\u00e9m kalandokhoz tervezett s\u00e1r terepabroncs.","og_url":"https:\/\/rider-tyres.eu\/hu\/opona\/195-75r16-107-105q-rider-greenland-m-t-195-75r16-107-105q-rider-greenland-m-t-kopia-kopia-kopia-kopia-kopia\/","og_site_name":"Rider Tyres","article_modified_time":"2025-02-27T12:56:18+00:00","og_image":[{"width":590,"height":1024,"url":"https:\/\/rider-tyres.eu\/wp-content\/uploads\/2024\/03\/P1155266-590x1024.png","type":"image\/png"}],"twitter_card":"summary_large_image","schema":{"@context":"https:\/\/schema.org","@graph":[{"@type":"WebPage","@id":"https:\/\/rider-tyres.eu\/hu\/opona\/195-75r16-107-105q-rider-greenland-m-t-195-75r16-107-105q-rider-greenland-m-t-kopia-kopia-kopia-kopia-kopia\/","url":"https:\/\/rider-tyres.eu\/hu\/opona\/195-75r16-107-105q-rider-greenland-m-t-195-75r16-107-105q-rider-greenland-m-t-kopia-kopia-kopia-kopia-kopia\/","name":"235\/70R16 106T Rider GREENLAND M\/T 235\/70R16 106T Rider GREENLAND M\/T - Rider Tyres","isPartOf":{"@id":"https:\/\/rider-tyres.eu\/hu\/#website"},"primaryImageOfPage":{"@id":"https:\/\/rider-tyres.eu\/hu\/opona\/195-75r16-107-105q-rider-greenland-m-t-195-75r16-107-105q-rider-greenland-m-t-kopia-kopia-kopia-kopia-kopia\/#primaryimage"},"image":{"@id":"https:\/\/rider-tyres.eu\/hu\/opona\/195-75r16-107-105q-rider-greenland-m-t-195-75r16-107-105q-rider-greenland-m-t-kopia-kopia-kopia-kopia-kopia\/#primaryimage"},"thumbnailUrl":"https:\/\/rider-tyres.eu\/wp-content\/uploads\/2024\/03\/P1155266-e1715002640178.png","datePublished":"2024-06-04T07:33:44+00:00","dateModified":"2025-02-27T12:56:18+00:00","description":"Fedezze fel a korl\u00e1tlan terepk\u00e9pess\u00e9geket a 235\/70R16 106T Rider GREENLAND M\/T 235\/70R16 106T Rider GREENLAND M\/T gumiabronccsal, amely egy fejlett, extr\u00e9m kalandokhoz tervezett s\u00e1r terepabroncs.","breadcrumb":{"@id":"https:\/\/rider-tyres.eu\/hu\/opona\/195-75r16-107-105q-rider-greenland-m-t-195-75r16-107-105q-rider-greenland-m-t-kopia-kopia-kopia-kopia-kopia\/#breadcrumb"},"inLanguage":"hu","potentialAction":[{"@type":"ReadAction","target":["https:\/\/rider-tyres.eu\/hu\/opona\/195-75r16-107-105q-rider-greenland-m-t-195-75r16-107-105q-rider-greenland-m-t-kopia-kopia-kopia-kopia-kopia\/"]}]},{"@type":"ImageObject","inLanguage":"hu","@id":"https:\/\/rider-tyres.eu\/hu\/opona\/195-75r16-107-105q-rider-greenland-m-t-195-75r16-107-105q-rider-greenland-m-t-kopia-kopia-kopia-kopia-kopia\/#primaryimage","url":"https:\/\/rider-tyres.eu\/wp-content\/uploads\/2024\/03\/P1155266-e1715002640178.png","contentUrl":"https:\/\/rider-tyres.eu\/wp-content\/uploads\/2024\/03\/P1155266-e1715002640178.png","width":830,"height":1440},{"@type":"BreadcrumbList","@id":"https:\/\/rider-tyres.eu\/hu\/opona\/195-75r16-107-105q-rider-greenland-m-t-195-75r16-107-105q-rider-greenland-m-t-kopia-kopia-kopia-kopia-kopia\/#breadcrumb","itemListElement":[{"@type":"ListItem","position":1,"name":"Strona g\u0142\u00f3wna","item":"https:\/\/rider-tyres.eu\/hu\/"},{"@type":"ListItem","position":2,"name":"Gumiabroncsok","item":"https:\/\/rider-tyres.eu\/hu\/shop\/"},{"@type":"ListItem","position":3,"name":"235\/70R16 106T Rider GREENLAND M\/T 235\/70R16 106T Rider GREENLAND M\/T"}]},{"@type":"WebSite","@id":"https:\/\/rider-tyres.eu\/hu\/#website","url":"https:\/\/rider-tyres.eu\/hu\/","name":"Rider Tyres","description":"Opony na ka\u017cdy teren","publisher":{"@id":"https:\/\/rider-tyres.eu\/hu\/#organization"},"potentialAction":[{"@type":"SearchAction","target":{"@type":"EntryPoint","urlTemplate":"https:\/\/rider-tyres.eu\/hu\/?s={search_term_string}"},"query-input":{"@type":"PropertyValueSpecification","valueRequired":true,"valueName":"search_term_string"}}],"inLanguage":"hu"},{"@type":"Organization","@id":"https:\/\/rider-tyres.eu\/hu\/#organization","name":"Rider Tyres","url":"https:\/\/rider-tyres.eu\/hu\/","logo":{"@type":"ImageObject","inLanguage":"hu","@id":"https:\/\/rider-tyres.eu\/hu\/#\/schema\/logo\/image\/","url":"https:\/\/rider-tyres.eu\/wp-content\/uploads\/2024\/02\/White-logo-no-background-01.svg","contentUrl":"https:\/\/rider-tyres.eu\/wp-content\/uploads\/2024\/02\/White-logo-no-background-01.svg","caption":"Rider Tyres"},"image":{"@id":"https:\/\/rider-tyres.eu\/hu\/#\/schema\/logo\/image\/"}}]}},"_links":{"self":[{"href":"https:\/\/rider-tyres.eu\/hu\/wp-json\/wp\/v2\/product\/6345","targetHints":{"allow":["GET"]}}],"collection":[{"href":"https:\/\/rider-tyres.eu\/hu\/wp-json\/wp\/v2\/product"}],"about":[{"href":"https:\/\/rider-tyres.eu\/hu\/wp-json\/wp\/v2\/types\/product"}],"replies":[{"embeddable":true,"href":"https:\/\/rider-tyres.eu\/hu\/wp-json\/wp\/v2\/comments?post=6345"}],"wp:featuredmedia":[{"embeddable":true,"href":"https:\/\/rider-tyres.eu\/hu\/wp-json\/wp\/v2\/media\/3691"}],"wp:attachment":[{"href":"https:\/\/rider-tyres.eu\/hu\/wp-json\/wp\/v2\/media?parent=6345"}],"wp:term":[{"taxonomy":"product_brand","embeddable":true,"href":"https:\/\/rider-tyres.eu\/hu\/wp-json\/wp\/v2\/product_brand?post=6345"},{"taxonomy":"product_cat","embeddable":true,"href":"https:\/\/rider-tyres.eu\/hu\/wp-json\/wp\/v2\/product_cat?post=6345"},{"taxonomy":"product_tag","embeddable":true,"href":"https:\/\/rider-tyres.eu\/hu\/wp-json\/wp\/v2\/product_tag?post=6345"}],"curies":[{"name":"wp","href":"https:\/\/api.w.org\/{rel}","templated":true}]}}