{"id":4469,"date":"2024-03-18T12:22:33","date_gmt":"2024-03-18T11:22:33","guid":{"rendered":"https:\/\/rider-tyres.eu\/adatvedelmi-szabalyzat\/"},"modified":"2025-01-08T09:29:05","modified_gmt":"2025-01-08T08:29:05","slug":"adatvedelmi-szabalyzat","status":"publish","type":"page","link":"https:\/\/rider-tyres.eu\/hu\/adatvedelmi-szabalyzat\/","title":{"rendered":"Adatv\u00e9delmi szab\u00e1lyzat"},"content":{"rendered":"\t\t<div data-elementor-type=\"wp-page\" data-elementor-id=\"4469\" class=\"elementor elementor-4469 elementor-599\" data-elementor-post-type=\"page\">\n\t\t\t\t<div class=\"elementor-element elementor-element-dab1aea e-flex e-con-boxed e-con e-parent\" data-id=\"dab1aea\" data-element_type=\"container\" data-e-type=\"container\" data-settings=\"{&quot;background_background&quot;:&quot;classic&quot;,&quot;jet_parallax_layout_list&quot;:[]}\">\n\t\t\t\t\t<div class=\"e-con-inner\">\n\t\t\t\t<div class=\"elementor-element elementor-element-40274cf elementor-widget elementor-widget-breadcrumbs\" data-id=\"40274cf\" data-element_type=\"widget\" data-e-type=\"widget\" data-widget_type=\"breadcrumbs.default\">\n\t\t\t\t<div class=\"elementor-widget-container\">\n\t\t\t\t\t<p id=\"breadcrumbs\"><span><span><a href=\"https:\/\/rider-tyres.eu\/hu\/\">Strona g\u0142\u00f3wna<\/a><\/span><\/span><\/p>\t\t\t\t<\/div>\n\t\t\t\t<\/div>\n\t\t\t\t<div class=\"elementor-element elementor-element-634eedf elementor-widget elementor-widget-heading\" data-id=\"634eedf\" data-element_type=\"widget\" data-e-type=\"widget\" data-widget_type=\"heading.default\">\n\t\t\t\t<div class=\"elementor-widget-container\">\n\t\t\t\t\t<h2 class=\"elementor-heading-title elementor-size-default\">Adatv\u00e9delmi szab\u00e1lyzat<\/h2>\t\t\t\t<\/div>\n\t\t\t\t<\/div>\n\t\t\t\t\t<\/div>\n\t\t\t\t<\/div>\n\t\t<div class=\"elementor-element elementor-element-07ec720 e-flex e-con-boxed e-con e-parent\" data-id=\"07ec720\" data-element_type=\"container\" data-e-type=\"container\" data-settings=\"{&quot;jet_parallax_layout_list&quot;:[]}\">\n\t\t\t\t\t<div class=\"e-con-inner\">\n\t\t\t\t<div class=\"elementor-element elementor-element-7eb301f elementor-widget elementor-widget-html\" data-id=\"7eb301f\" data-element_type=\"widget\" data-e-type=\"widget\" data-widget_type=\"html.default\">\n\t\t\t\t<div class=\"elementor-widget-container\">\n\t\t\t\t\t<h1>Adatv\u00e9delmi ir\u00e1nyelvek<\/h1>\n    <p><br>U<strong>tols\u00f3 friss\u00edt\u00e9s:<\/strong> 24-Jun-2024<strong>Hat\u00e1lybal\u00e9p\u00e9s d\u00e1tuma:<\/strong> J\u00fanius 24.<\/p>\n\n    <p>Ez az adatv\u00e9delmi szab\u00e1lyzat a Gerex s.c., Adolfa Mitery 11, Malopolska 32-700, Lengyelorsz\u00e1g, e-mail: contact@rider-tyres.eu, telefon: 14 615 90 14 a weboldalunk ( <a href=\"https:\/\/rider-tyres.eu\/hu\/\">https:\/\/rider-tyres.eu<\/a> ) (a tov\u00e1bbiakban: \"Szolg\u00e1ltat\u00e1s\") haszn\u00e1lata sor\u00e1n gy\u0171jt\u00f6tt inform\u00e1ci\u00f3k gy\u0171jt\u00e9s\u00e9vel, felhaszn\u00e1l\u00e1s\u00e1val \u00e9s k\u00f6zz\u00e9t\u00e9tel\u00e9vel kapcsolatban. A Szolg\u00e1ltat\u00e1s haszn\u00e1lat\u00e1val \u00d6n hozz\u00e1j\u00e1rul az \u00d6n adatainak a jelen Adatv\u00e9delmi ir\u00e1nyelvekkel \u00f6sszhangban t\u00f6rt\u00e9n\u0151 gy\u0171jt\u00e9s\u00e9hez, felhaszn\u00e1l\u00e1s\u00e1hoz \u00e9s k\u00f6zz\u00e9t\u00e9tel\u00e9hez. Ha nem \u00e9rt egyet, k\u00e9rj\u00fck, ne haszn\u00e1lja a Szolg\u00e1ltat\u00e1st.  <\/p>\n\n    <p>A jelen Adatv\u00e9delmi szab\u00e1lyzatot b\u00e1rmikor el\u0151zetes \u00e9rtes\u00edt\u00e9s n\u00e9lk\u00fcl megv\u00e1ltoztathatjuk, \u00e9s a m\u00f3dos\u00edtott Adatv\u00e9delmi szab\u00e1lyzatot k\u00f6zz\u00e9tessz\u00fck a Szolg\u00e1ltat\u00e1son.  <strong>A fel\u00fclvizsg\u00e1lt Szab\u00e1lyzat a Szolg\u00e1ltat\u00e1sban val\u00f3 k\u00f6zz\u00e9t\u00e9telt\u0151l sz\u00e1m\u00edtott 180 nap eltelt\u00e9vel l\u00e9p hat\u00e1lyba, \u00e9s a Szolg\u00e1ltat\u00e1s ezen id\u0151pontot k\u00f6vet\u0151 tov\u00e1bbi haszn\u00e1lata a fel\u00fclvizsg\u00e1lt Adatv\u00e9delmi Szab\u00e1lyzat elfogad\u00e1s\u00e1nak min\u0151s\u00fcl.<\/strong>  Javasoljuk, hogy rendszeresen tekintse \u00e1t ezt az oldalt.<\/p>\n\n    <h2>Hogyan haszn\u00e1ljuk fel az \u00d6n adatait:<\/h2>\n    <p>Az \u00d6nr\u0151l gy\u0171jt\u00f6tt inform\u00e1ci\u00f3kat a k\u00f6vetkez\u0151 c\u00e9lokra haszn\u00e1ljuk fel:<\/p>\n    <ul>\n        <li>Marketing\/Prom\u00f3ci\u00f3<\/li>\n        <li>C\u00e9lzott rekl\u00e1m<\/li>\n    <\/ul>\n    <p>Ha az \u00d6n adatait b\u00e1rmilyen m\u00e1s c\u00e9lra k\u00edv\u00e1njuk felhaszn\u00e1lni, akkor ehhez az \u00d6n hozz\u00e1j\u00e1rul\u00e1s\u00e1t k\u00e9rj\u00fck, \u00e9s csak az \u00d6n hozz\u00e1j\u00e1rul\u00e1s\u00e1nak megszerz\u00e9se ut\u00e1n \u00e9s csak arra a c\u00e9lra haszn\u00e1ljuk fel az \u00d6n adatait, amelyhez \u00d6n hozz\u00e1j\u00e1rult, kiv\u00e9ve, ha jogszab\u00e1ly m\u00e1sk\u00e9nt \u00edrja el\u0151.<\/p>\n\n    <h2>Hogyan osztjuk meg az \u00d6n adatait:<\/h2>\n    <p><strong>Az \u00d6n szem\u00e9lyes adatait nem tov\u00e1bb\u00edtjuk harmadik f\u00e9lnek az \u00d6n hozz\u00e1j\u00e1rul\u00e1sa n\u00e9lk\u00fcl, kiv\u00e9ve az al\u00e1bbiakban ismertetett korl\u00e1tozott k\u00f6r\u00fclm\u00e9nyek k\u00f6z\u00f6tt:<\/strong><\/p>\n    <ul>\n        <li>Rekl\u00e1mszolg\u00e1ltat\u00e1sok<\/li>\n        <li>Elemz\u00e9sek<\/li>\n    <\/ul>\n    <p>Az ilyen harmadik felekt\u0151l megk\u00f6vetelj\u00fck, hogy a rendelkez\u00e9s\u00fckre bocs\u00e1tott szem\u00e9lyes adatokat csak arra a c\u00e9lra haszn\u00e1lj\u00e1k fel, amelyre azokat megadt\u00e1k, \u00e9s ne \u0151rizz\u00e9k meg azokat a c\u00e9l el\u00e9r\u00e9s\u00e9hez sz\u00fcks\u00e9gesn\u00e9l hosszabb ideig.\nA k\u00f6vetkez\u0151 esetekben is nyilv\u00e1noss\u00e1gra hozhatjuk az \u00d6n szem\u00e9lyes adatait: (1) az alkalmazand\u00f3 t\u00f6rv\u00e9nyeknek, rendeleteknek, b\u00edr\u00f3s\u00e1gi v\u00e9gz\u00e9snek vagy m\u00e1s jogi elj\u00e1r\u00e1snak val\u00f3 megfelel\u00e9s \u00e9rdek\u00e9ben; (2) az \u00d6nnel k\u00f6t\u00f6tt meg\u00e1llapod\u00e1saink, k\u00f6zt\u00fck a jelen Adatv\u00e9delmi szab\u00e1lyzat \u00e9rv\u00e9nyre juttat\u00e1sa \u00e9rdek\u00e9ben; vagy (3) olyan \u00e1ll\u00edt\u00e1sok megv\u00e1laszol\u00e1sa \u00e9rdek\u00e9ben, amelyek szerint a Szolg\u00e1ltat\u00e1s \u00d6n \u00e1ltali haszn\u00e1lata s\u00e9rti harmadik felek jogait.\nHa a Szolg\u00e1ltat\u00e1st vagy v\u00e1llalatunkat felv\u00e1s\u00e1rolj\u00e1k vagy \u00f6sszeolvadnak egy m\u00e1sik v\u00e1llalattal, az \u00d6n adatai az \u00faj tulajdonosra \u00e1truh\u00e1zott eszk\u00f6z\u00f6k k\u00f6z\u00f6tt lesznek.  <\/p>\n\n    <h2>Az \u00d6n jogai:<\/h2>\n    <p>Az alkalmazand\u00f3 jogt\u00f3l f\u00fcgg\u0151en \u00d6n jogosult lehet arra, hogy hozz\u00e1f\u00e9rjen szem\u00e9lyes adataihoz, helyesb\u00edtse vagy t\u00f6r\u00f6lje azokat, m\u00e1solatot kapjon szem\u00e9lyes adatair\u00f3l, korl\u00e1tozza vagy tiltakozzon adatai akt\u00edv feldolgoz\u00e1sa ellen, k\u00e9rje, hogy szem\u00e9lyes adatait tov\u00e1bb\u00edtsuk egy m\u00e1sik szervezetnek, vonja vissza az adatai feldolgoz\u00e1s\u00e1hoz adott hozz\u00e1j\u00e1rul\u00e1s\u00e1t, valamint jogosult lehet arra, hogy panaszt tegyen egy fel\u00fcgyeleti hat\u00f3s\u00e1gn\u00e1l.\nE jogok gyakorl\u00e1s\u00e1hoz \u00edrjon nek\u00fcnk a <a href=\"\">contact@rider-tyres.eu<\/a> c\u00edmre.\nK\u00e9r\u00e9s\u00e9re az alkalmazand\u00f3 jogszab\u00e1lyoknak megfelel\u0151en fogunk v\u00e1laszolni.\nK\u00e9rj\u00fck, vegye figyelembe, hogy ha nem enged\u00e9lyezi sz\u00e1munkra a k\u00e9rt szem\u00e9lyes adatok gy\u0171jt\u00e9s\u00e9t vagy feldolgoz\u00e1s\u00e1t, vagy visszavonja a k\u00e9rt c\u00e9lokra t\u00f6rt\u00e9n\u0151 feldolgoz\u00e1shoz adott hozz\u00e1j\u00e1rul\u00e1s\u00e1t, el\u0151fordulhat, hogy nem tudja el\u00e9rni vagy haszn\u00e1lni a szolg\u00e1ltat\u00e1st.   <\/p>\n\n    <h2>S\u00fctik, stb.<\/h2>\n    <p>Ha t\u00f6bbet szeretne megtudni arr\u00f3l, hogy hogyan haszn\u00e1ljuk ezeket a technol\u00f3gi\u00e1kat, \u00e9s milyen v\u00e1laszt\u00e1si lehet\u0151s\u00e9gei vannak ezekkel a nyomk\u00f6vet\u0151 technol\u00f3gi\u00e1kkal kapcsolatban, k\u00e9rj\u00fck, tekintse meg a <a href=\"#cookie-policy\">Cookie-szab\u00e1lyzatunkat<\/a>.<\/p>\n\n    <h2>Biztons\u00e1g:<\/h2>\n    <p><strong>Az \u00d6n adatainak biztons\u00e1ga fontos sz\u00e1munkra, \u00e9s \u00e9sszer\u0171 biztons\u00e1gi int\u00e9zked\u00e9seket alkalmazunk annak \u00e9rdek\u00e9ben, hogy megakad\u00e1lyozzuk az ellen\u0151rz\u00e9s\u00fcnk alatt \u00e1ll\u00f3 adatainak elveszt\u00e9s\u00e9t, vissza\u00e9l\u00e9s\u00e9t vagy jogosulatlan megv\u00e1ltoztat\u00e1s\u00e1t.<\/strong>  A velej\u00e1r\u00f3 kock\u00e1zatok miatt azonban nem tudjuk garant\u00e1lni az abszol\u00fat biztons\u00e1got, \u00e9s k\u00f6vetkez\u00e9sk\u00e9ppen nem tudjuk garant\u00e1lni vagy garant\u00e1lni a nek\u00fcnk megadott inform\u00e1ci\u00f3k biztons\u00e1g\u00e1t, \u00e9s \u00d6n ezt saj\u00e1t felel\u0151ss\u00e9g\u00e9re teszi.<\/p>\n\n    <h2>Harmadik felekkel val\u00f3 kapcsolatok \u00e9s az \u00d6n adatainak felhaszn\u00e1l\u00e1sa:<\/h2>\n    <p>Szolg\u00e1ltat\u00e1sunk tartalmazhat olyan m\u00e1s weboldalakra mutat\u00f3 linkeket, amelyeket nem mi \u00fczemeltet\u00fcnk.\nA jelen Adatv\u00e9delmi ir\u00e1nyelvek nem foglalkoznak harmadik felek adatv\u00e9delmi ir\u00e1nyelveivel vagy egy\u00e9b gyakorlataival, bele\u00e9rtve a Szolg\u00e1ltat\u00e1sban tal\u00e1lhat\u00f3 hivatkoz\u00e1son kereszt\u00fcl el\u00e9rhet\u0151 weboldalakat vagy szolg\u00e1ltat\u00e1sokat \u00fczemeltet\u0151 harmadik feleket is.\nNyomat\u00e9kosan javasoljuk, hogy olvassa el minden egyes megl\u00e1togatott webhely adatv\u00e9delmi szab\u00e1lyzat\u00e1t.\nNem rendelkez\u00fcnk ellen\u0151rz\u00e9ssel, \u00e9s nem vagyunk felel\u0151sek harmadik felek webhelyeinek vagy szolg\u00e1ltat\u00e1sainak tartalm\u00e1\u00e9rt, adatv\u00e9delmi ir\u00e1nyelvei\u00e9rt vagy gyakorlat\u00e1\u00e9rt.   <\/p>\n\n    <h2>Adatv\u00e9delmi tisztvisel\u0151.\npanaszok\/adatv\u00e9delem: <\/h2>\n    <p>Ha b\u00e1rmilyen k\u00e9rd\u00e9se vagy agg\u00e1lya van az \u00d6n adatainak vel\u00fcnk t\u00f6rt\u00e9n\u0151 feldolgoz\u00e1s\u00e1val kapcsolatban, k\u00fcldj\u00f6n e-mailt a panaszfelel\u0151s\u00fcnknek a Gerex s.c., 32-700 Bochnia, Adolfa Mitery 11, e-mail c\u00edmre: <a href=\"\">contact@rider-tyres.eu.<\/a> Agg\u00e1lyaira a vonatkoz\u00f3 jogszab\u00e1lyoknak megfelel\u0151en fogunk v\u00e1laszolni.  <\/p>\n\t\t\t\t<\/div>\n\t\t\t\t<\/div>\n\t\t\t\t\t<\/div>\n\t\t\t\t<\/div>\n\t\t<div class=\"elementor-element elementor-element-0f5ac2a e-flex e-con-boxed e-con e-parent\" data-id=\"0f5ac2a\" data-element_type=\"container\" data-e-type=\"container\" data-settings=\"{&quot;jet_parallax_layout_list&quot;:[]}\">\n\t\t\t\t\t<div class=\"e-con-inner\">\n\t\t\t\t\t<\/div>\n\t\t\t\t<\/div>\n\t\t\t\t<\/div>\n\t\t","protected":false},"excerpt":{"rendered":"<p>Adatv\u00e9delmi ir\u00e1nyelvek Utols\u00f3 friss\u00edt\u00e9s: 24-Jun-2024Hat\u00e1lybal\u00e9p\u00e9s d\u00e1tuma: J\u00fanius 24. Ez az adatv\u00e9delmi szab\u00e1lyzat a Gerex s.c., Adolfa Mitery 11, Malopolska 32-700, Lengyelorsz\u00e1g, e-mail: contact@rider-tyres.eu, telefon: 14 615 90 14 a weboldalunk ( https:\/\/rider-tyres.eu ) (a tov\u00e1bbiakban: &#8222;Szolg\u00e1ltat\u00e1s&#8221;) haszn\u00e1lata sor\u00e1n gy\u0171jt\u00f6tt inform\u00e1ci\u00f3k gy\u0171jt\u00e9s\u00e9vel, felhaszn\u00e1l\u00e1s\u00e1val \u00e9s k\u00f6zz\u00e9t\u00e9tel\u00e9vel kapcsolatban. A Szolg\u00e1ltat\u00e1s haszn\u00e1lat\u00e1val \u00d6n hozz\u00e1j\u00e1rul az \u00d6n adatainak a jelen [&hellip;]<\/p>\n","protected":false},"author":1,"featured_media":0,"parent":0,"menu_order":0,"comment_status":"closed","ping_status":"closed","template":"elementor_header_footer","meta":{"footnotes":""},"class_list":["post-4469","page","type-page","status-publish","hentry"],"yoast_head":"<!-- This site is optimized with the Yoast SEO plugin v27.3 - https:\/\/yoast.com\/product\/yoast-seo-wordpress\/ -->\n<title>Adatv\u00e9delmi szab\u00e1lyzat - Rider Tyres<\/title>\n<meta name=\"robots\" content=\"index, follow, max-snippet:-1, max-image-preview:large, max-video-preview:-1\" \/>\n<link rel=\"canonical\" href=\"https:\/\/rider-tyres.eu\/hu\/adatvedelmi-szabalyzat\/\" \/>\n<meta property=\"og:locale\" content=\"hu_HU\" \/>\n<meta property=\"og:type\" content=\"article\" \/>\n<meta property=\"og:title\" content=\"Adatv\u00e9delmi szab\u00e1lyzat - Rider Tyres\" \/>\n<meta property=\"og:description\" content=\"Adatv\u00e9delmi ir\u00e1nyelvek Utols\u00f3 friss\u00edt\u00e9s: 24-Jun-2024Hat\u00e1lybal\u00e9p\u00e9s d\u00e1tuma: J\u00fanius 24. Ez az adatv\u00e9delmi szab\u00e1lyzat a Gerex s.c., Adolfa Mitery 11, Malopolska 32-700, Lengyelorsz\u00e1g, e-mail: contact@rider-tyres.eu, telefon: 14 615 90 14 a weboldalunk ( https:\/\/rider-tyres.eu ) (a tov\u00e1bbiakban: &#8222;Szolg\u00e1ltat\u00e1s&#8221;) haszn\u00e1lata sor\u00e1n gy\u0171jt\u00f6tt inform\u00e1ci\u00f3k gy\u0171jt\u00e9s\u00e9vel, felhaszn\u00e1l\u00e1s\u00e1val \u00e9s k\u00f6zz\u00e9t\u00e9tel\u00e9vel kapcsolatban. A Szolg\u00e1ltat\u00e1s haszn\u00e1lat\u00e1val \u00d6n hozz\u00e1j\u00e1rul az \u00d6n adatainak a jelen [&hellip;]\" \/>\n<meta property=\"og:url\" content=\"https:\/\/rider-tyres.eu\/hu\/adatvedelmi-szabalyzat\/\" \/>\n<meta property=\"og:site_name\" content=\"Rider Tyres\" \/>\n<meta property=\"article:modified_time\" content=\"2025-01-08T08:29:05+00:00\" \/>\n<meta name=\"twitter:card\" content=\"summary_large_image\" \/>\n<meta name=\"twitter:label1\" content=\"Becs\u00fclt olvas\u00e1si id\u0151\" \/>\n\t<meta name=\"twitter:data1\" content=\"5 perc\" \/>\n<script type=\"application\/ld+json\" class=\"yoast-schema-graph\">{\"@context\":\"https:\\\/\\\/schema.org\",\"@graph\":[{\"@type\":\"WebPage\",\"@id\":\"https:\\\/\\\/rider-tyres.eu\\\/hu\\\/adatvedelmi-szabalyzat\\\/\",\"url\":\"https:\\\/\\\/rider-tyres.eu\\\/hu\\\/adatvedelmi-szabalyzat\\\/\",\"name\":\"Adatv\u00e9delmi szab\u00e1lyzat - Rider Tyres\",\"isPartOf\":{\"@id\":\"https:\\\/\\\/rider-tyres.eu\\\/hu\\\/#website\"},\"datePublished\":\"2024-03-18T11:22:33+00:00\",\"dateModified\":\"2025-01-08T08:29:05+00:00\",\"breadcrumb\":{\"@id\":\"https:\\\/\\\/rider-tyres.eu\\\/hu\\\/adatvedelmi-szabalyzat\\\/#breadcrumb\"},\"inLanguage\":\"hu\",\"potentialAction\":[{\"@type\":\"ReadAction\",\"target\":[\"https:\\\/\\\/rider-tyres.eu\\\/hu\\\/adatvedelmi-szabalyzat\\\/\"]}]},{\"@type\":\"BreadcrumbList\",\"@id\":\"https:\\\/\\\/rider-tyres.eu\\\/hu\\\/adatvedelmi-szabalyzat\\\/#breadcrumb\",\"itemListElement\":[{\"@type\":\"ListItem\",\"position\":1,\"name\":\"Strona g\u0142\u00f3wna\",\"item\":\"https:\\\/\\\/rider-tyres.eu\\\/hu\\\/\"},{\"@type\":\"ListItem\",\"position\":2,\"name\":\"Adatv\u00e9delmi szab\u00e1lyzat\"}]},{\"@type\":\"WebSite\",\"@id\":\"https:\\\/\\\/rider-tyres.eu\\\/hu\\\/#website\",\"url\":\"https:\\\/\\\/rider-tyres.eu\\\/hu\\\/\",\"name\":\"Rider Tyres\",\"description\":\"Opony na ka\u017cdy teren\",\"publisher\":{\"@id\":\"https:\\\/\\\/rider-tyres.eu\\\/hu\\\/#organization\"},\"potentialAction\":[{\"@type\":\"SearchAction\",\"target\":{\"@type\":\"EntryPoint\",\"urlTemplate\":\"https:\\\/\\\/rider-tyres.eu\\\/hu\\\/?s={search_term_string}\"},\"query-input\":{\"@type\":\"PropertyValueSpecification\",\"valueRequired\":true,\"valueName\":\"search_term_string\"}}],\"inLanguage\":\"hu\"},{\"@type\":\"Organization\",\"@id\":\"https:\\\/\\\/rider-tyres.eu\\\/hu\\\/#organization\",\"name\":\"Rider Tyres\",\"url\":\"https:\\\/\\\/rider-tyres.eu\\\/hu\\\/\",\"logo\":{\"@type\":\"ImageObject\",\"inLanguage\":\"hu\",\"@id\":\"https:\\\/\\\/rider-tyres.eu\\\/hu\\\/#\\\/schema\\\/logo\\\/image\\\/\",\"url\":\"https:\\\/\\\/rider-tyres.eu\\\/wp-content\\\/uploads\\\/2024\\\/02\\\/White-logo-no-background-01.svg\",\"contentUrl\":\"https:\\\/\\\/rider-tyres.eu\\\/wp-content\\\/uploads\\\/2024\\\/02\\\/White-logo-no-background-01.svg\",\"caption\":\"Rider Tyres\"},\"image\":{\"@id\":\"https:\\\/\\\/rider-tyres.eu\\\/hu\\\/#\\\/schema\\\/logo\\\/image\\\/\"}}]}<\/script>\n<!-- \/ Yoast SEO plugin. -->","yoast_head_json":{"title":"Adatv\u00e9delmi szab\u00e1lyzat - Rider Tyres","robots":{"index":"index","follow":"follow","max-snippet":"max-snippet:-1","max-image-preview":"max-image-preview:large","max-video-preview":"max-video-preview:-1"},"canonical":"https:\/\/rider-tyres.eu\/hu\/adatvedelmi-szabalyzat\/","og_locale":"hu_HU","og_type":"article","og_title":"Adatv\u00e9delmi szab\u00e1lyzat - Rider Tyres","og_description":"Adatv\u00e9delmi ir\u00e1nyelvek Utols\u00f3 friss\u00edt\u00e9s: 24-Jun-2024Hat\u00e1lybal\u00e9p\u00e9s d\u00e1tuma: J\u00fanius 24. Ez az adatv\u00e9delmi szab\u00e1lyzat a Gerex s.c., Adolfa Mitery 11, Malopolska 32-700, Lengyelorsz\u00e1g, e-mail: contact@rider-tyres.eu, telefon: 14 615 90 14 a weboldalunk ( https:\/\/rider-tyres.eu ) (a tov\u00e1bbiakban: &#8222;Szolg\u00e1ltat\u00e1s&#8221;) haszn\u00e1lata sor\u00e1n gy\u0171jt\u00f6tt inform\u00e1ci\u00f3k gy\u0171jt\u00e9s\u00e9vel, felhaszn\u00e1l\u00e1s\u00e1val \u00e9s k\u00f6zz\u00e9t\u00e9tel\u00e9vel kapcsolatban. A Szolg\u00e1ltat\u00e1s haszn\u00e1lat\u00e1val \u00d6n hozz\u00e1j\u00e1rul az \u00d6n adatainak a jelen [&hellip;]","og_url":"https:\/\/rider-tyres.eu\/hu\/adatvedelmi-szabalyzat\/","og_site_name":"Rider Tyres","article_modified_time":"2025-01-08T08:29:05+00:00","twitter_card":"summary_large_image","twitter_misc":{"Becs\u00fclt olvas\u00e1si id\u0151":"5 perc"},"schema":{"@context":"https:\/\/schema.org","@graph":[{"@type":"WebPage","@id":"https:\/\/rider-tyres.eu\/hu\/adatvedelmi-szabalyzat\/","url":"https:\/\/rider-tyres.eu\/hu\/adatvedelmi-szabalyzat\/","name":"Adatv\u00e9delmi szab\u00e1lyzat - Rider Tyres","isPartOf":{"@id":"https:\/\/rider-tyres.eu\/hu\/#website"},"datePublished":"2024-03-18T11:22:33+00:00","dateModified":"2025-01-08T08:29:05+00:00","breadcrumb":{"@id":"https:\/\/rider-tyres.eu\/hu\/adatvedelmi-szabalyzat\/#breadcrumb"},"inLanguage":"hu","potentialAction":[{"@type":"ReadAction","target":["https:\/\/rider-tyres.eu\/hu\/adatvedelmi-szabalyzat\/"]}]},{"@type":"BreadcrumbList","@id":"https:\/\/rider-tyres.eu\/hu\/adatvedelmi-szabalyzat\/#breadcrumb","itemListElement":[{"@type":"ListItem","position":1,"name":"Strona g\u0142\u00f3wna","item":"https:\/\/rider-tyres.eu\/hu\/"},{"@type":"ListItem","position":2,"name":"Adatv\u00e9delmi szab\u00e1lyzat"}]},{"@type":"WebSite","@id":"https:\/\/rider-tyres.eu\/hu\/#website","url":"https:\/\/rider-tyres.eu\/hu\/","name":"Rider Tyres","description":"Opony na ka\u017cdy teren","publisher":{"@id":"https:\/\/rider-tyres.eu\/hu\/#organization"},"potentialAction":[{"@type":"SearchAction","target":{"@type":"EntryPoint","urlTemplate":"https:\/\/rider-tyres.eu\/hu\/?s={search_term_string}"},"query-input":{"@type":"PropertyValueSpecification","valueRequired":true,"valueName":"search_term_string"}}],"inLanguage":"hu"},{"@type":"Organization","@id":"https:\/\/rider-tyres.eu\/hu\/#organization","name":"Rider Tyres","url":"https:\/\/rider-tyres.eu\/hu\/","logo":{"@type":"ImageObject","inLanguage":"hu","@id":"https:\/\/rider-tyres.eu\/hu\/#\/schema\/logo\/image\/","url":"https:\/\/rider-tyres.eu\/wp-content\/uploads\/2024\/02\/White-logo-no-background-01.svg","contentUrl":"https:\/\/rider-tyres.eu\/wp-content\/uploads\/2024\/02\/White-logo-no-background-01.svg","caption":"Rider Tyres"},"image":{"@id":"https:\/\/rider-tyres.eu\/hu\/#\/schema\/logo\/image\/"}}]}},"_links":{"self":[{"href":"https:\/\/rider-tyres.eu\/hu\/wp-json\/wp\/v2\/pages\/4469","targetHints":{"allow":["GET"]}}],"collection":[{"href":"https:\/\/rider-tyres.eu\/hu\/wp-json\/wp\/v2\/pages"}],"about":[{"href":"https:\/\/rider-tyres.eu\/hu\/wp-json\/wp\/v2\/types\/page"}],"author":[{"embeddable":true,"href":"https:\/\/rider-tyres.eu\/hu\/wp-json\/wp\/v2\/users\/1"}],"replies":[{"embeddable":true,"href":"https:\/\/rider-tyres.eu\/hu\/wp-json\/wp\/v2\/comments?post=4469"}],"version-history":[{"count":4,"href":"https:\/\/rider-tyres.eu\/hu\/wp-json\/wp\/v2\/pages\/4469\/revisions"}],"predecessor-version":[{"id":9428,"href":"https:\/\/rider-tyres.eu\/hu\/wp-json\/wp\/v2\/pages\/4469\/revisions\/9428"}],"wp:attachment":[{"href":"https:\/\/rider-tyres.eu\/hu\/wp-json\/wp\/v2\/media?parent=4469"}],"curies":[{"name":"wp","href":"https:\/\/api.w.org\/{rel}","templated":true}]}}