{"id":4481,"date":"2024-03-18T12:22:33","date_gmt":"2024-03-18T11:22:33","guid":{"rendered":"https:\/\/rider-tyres.eu\/politika-privatnosti\/"},"modified":"2025-01-08T09:29:47","modified_gmt":"2025-01-08T08:29:47","slug":"politika-privatnosti","status":"publish","type":"page","link":"https:\/\/rider-tyres.eu\/hr\/politika-privatnosti\/","title":{"rendered":"politika privatnosti"},"content":{"rendered":"\t\t<div data-elementor-type=\"wp-page\" data-elementor-id=\"4481\" class=\"elementor elementor-4481 elementor-599\" data-elementor-post-type=\"page\">\n\t\t\t\t<div class=\"elementor-element elementor-element-dab1aea e-flex e-con-boxed e-con e-parent\" data-id=\"dab1aea\" data-element_type=\"container\" data-e-type=\"container\" data-settings=\"{&quot;background_background&quot;:&quot;classic&quot;,&quot;jet_parallax_layout_list&quot;:[]}\">\n\t\t\t\t\t<div class=\"e-con-inner\">\n\t\t\t\t<div class=\"elementor-element elementor-element-40274cf elementor-widget elementor-widget-breadcrumbs\" data-id=\"40274cf\" data-element_type=\"widget\" data-e-type=\"widget\" data-widget_type=\"breadcrumbs.default\">\n\t\t\t\t<div class=\"elementor-widget-container\">\n\t\t\t\t\t<p id=\"breadcrumbs\"><span><span><a href=\"https:\/\/rider-tyres.eu\/hr\/\">Strona g\u0142\u00f3wna<\/a><\/span><\/span><\/p>\t\t\t\t<\/div>\n\t\t\t\t<\/div>\n\t\t\t\t<div class=\"elementor-element elementor-element-634eedf elementor-widget elementor-widget-heading\" data-id=\"634eedf\" data-element_type=\"widget\" data-e-type=\"widget\" data-widget_type=\"heading.default\">\n\t\t\t\t<div class=\"elementor-widget-container\">\n\t\t\t\t\t<h2 class=\"elementor-heading-title elementor-size-default\">politika privatnosti<\/h2>\t\t\t\t<\/div>\n\t\t\t\t<\/div>\n\t\t\t\t\t<\/div>\n\t\t\t\t<\/div>\n\t\t<div class=\"elementor-element elementor-element-07ec720 e-flex e-con-boxed e-con e-parent\" data-id=\"07ec720\" data-element_type=\"container\" data-e-type=\"container\" data-settings=\"{&quot;jet_parallax_layout_list&quot;:[]}\">\n\t\t\t\t\t<div class=\"e-con-inner\">\n\t\t\t\t<div class=\"elementor-element elementor-element-7eb301f elementor-widget elementor-widget-html\" data-id=\"7eb301f\" data-element_type=\"widget\" data-e-type=\"widget\" data-widget_type=\"html.default\">\n\t\t\t\t<div class=\"elementor-widget-container\">\n\t\t\t\t\t<h1>Politika privatnosti<\/h1>\n    <p><strong>Zadnje a\u017euriranje:<\/strong> 24. lipnja 2024<br> <strong>Datum stupanja na snagu:<\/strong> 24. lipnja 2024<\/p>\n\n    <p>Ova Pravila o privatnosti opisuju pravila tvrtke Gerex sc, Adolfa Mitery 11, Ma\u0142opolska 32-700, Poljska, e-po\u0161ta: contact@rider-tyres.eu, telefon: 14 615 90 14 u vezi s prikupljanjem, kori\u0161tenjem i otkrivanjem informacija koje prikupiti prilikom kori\u0161tenja s na\u0161e web stranice ( <a href=\"https:\/\/rider-tyres.eu\/hr\/\">https:\/\/rider-tyres.eu<\/a> ) (u daljnjem tekstu \"Usluga\"). Kori\u0161tenjem usluge pristajete na prikupljanje, kori\u0161tenje i otkrivanje va\u0161ih podataka u skladu s ovom Politikom privatnosti. Ako se ne sla\u017eete s ovim, nemojte koristiti uslugu.  <\/p>\n\n    <p>Ovu Politiku privatnosti mo\u017eemo promijeniti u bilo kojem trenutku bez prethodne obavijesti i objavit \u0107emo revidiranu Politiku privatnosti na usluzi.  <strong>Izmijenjena Pravila bit \u0107e na snazi \u200b\u200b180 dana od datuma objave na Usluzi, a nastavak kori\u0161tenja Usluge nakon tog vremena predstavljat \u0107e prihva\u0107anje izmijenjene Politike privatnosti.<\/strong>  Preporu\u010dujemo da povremeno pregledate ovu stranicu.<\/p>\n\n    <h2>Kako koristimo va\u0161e podatke:<\/h2>\n    <p>Podatke koje prikupimo o vama koristit \u0107emo u sljede\u0107e svrhe:<\/p>\n    <ul>\n        <li>Marketing\/Promocija<\/li>\n        <li>Ciljano ogla\u0161avanje<\/li>\n    <\/ul>\n    <p>Ako \u017eelimo koristiti va\u0161e podatke u bilo koju drugu svrhu, tra\u017eit \u0107emo va\u0161 pristanak i koristit \u0107emo va\u0161e podatke samo uz va\u0161 pristanak i samo u svrhu za koju pristanete, osim ako zakon ne zahtijeva druga\u010dije.<\/p>\n\n    <h2>Kako dijelimo va\u0161e podatke:<\/h2>\n    <p><strong>Ne\u0107emo dijeliti va\u0161e osobne podatke s bilo kojom tre\u0107om stranom bez va\u0161eg pristanka, osim u ograni\u010denim okolnostima opisanim u nastavku:<\/strong><\/p>\n    <ul>\n        <li>Usluge ogla\u0161avanja<\/li>\n        <li>Analize<\/li>\n    <\/ul>\n    <p>Zahtijevamo da takve tre\u0107e strane koriste osobne podatke koji su im dani samo u svrhu za koju su dani i da ih ne \u010duvaju dulje nego \u0161to je potrebno za tu svrhu. Tako\u0111er mo\u017eemo otkriti va\u0161e osobne podatke u sljede\u0107im okolnostima: (1) u skladu s bilo kojim primjenjivim zakonom, propisom, sudskim nalogom ili drugim pravnim postupkom; (2) za provedbu na\u0161ih ugovora s vama, uklju\u010duju\u0107i ovu Politiku privatnosti; ili (3) za odgovor na tvrdnje da va\u0161a upotreba usluge kr\u0161i prava tre\u0107ih strana. Ako se Usluga ili na\u0161a tvrtka steknu ili spoje s drugom tvrtkom, va\u0161i \u0107e podaci biti jedna od prenesenih sredstava na novog vlasnika.  <\/p>\n\n    <h2>Va\u0161a prava:<\/h2>\n    <p>Ovisno o primjenjivom zakonu, mo\u017eete imati pravo na pristup, ispravak ili brisanje va\u0161ih osobnih podataka, dobivanje kopije va\u0161ih osobnih podataka, ograni\u010denje ili prigovor na aktivnu obradu va\u0161ih podataka, zatra\u017eiti od nas prijenos va\u0161ih osobnih podataka drugom subjektu, povu\u0107i privolu za obradu Va\u0161ih podataka i pravo na podno\u0161enje prigovora nadzornom tijelu. Kako biste ostvarili ova prava, mo\u017eete nam pisati na <a href=\"\">contact@rider-tyres.eu<\/a> . Odgovorit \u0107emo na va\u0161 zahtjev u skladu s va\u017ee\u0107im zakonom. Imajte na umu da ako nam ne dopustite prikupljanje ili obradu tra\u017eenih osobnih podataka ili povu\u010dete svoj pristanak za njihovu obradu u potrebne svrhe, mo\u017eda ne\u0107ete mo\u0107i pristupiti ili koristiti Uslugu.   <\/p>\n\n    <h2>Kola\u010di\u0107i itd.<\/h2>\n    <p>Da biste saznali vi\u0161e o tome kako koristimo ove tehnologije i va\u0161im izborima u vezi s tim tehnologijama pra\u0107enja, pogledajte na\u0161u <a href=\"#cookie-policy\">Politiku kola\u010di\u0107a<\/a> .<\/p>\n\n    <h2>Sigurnost:<\/h2>\n    <p><strong>Sigurnost va\u0161ih podataka va\u017ena nam je i koristit \u0107emo razumne sigurnosne mjere kako bismo sprije\u010dili gubitak, zlouporabu ili neovla\u0161tenu promjenu va\u0161ih podataka dok su pod na\u0161om kontrolom.<\/strong>  Me\u0111utim, zbog inherentnih rizika, ne mo\u017eemo jam\u010diti apsolutnu sigurnost i, prema tome, ne mo\u017eemo osigurati niti jam\u010diti sigurnost bilo koje informacije koju nam prenosite, a vi to \u010dinite na vlastitu odgovornost.<\/p>\n\n    <h2>Poveznice tre\u0107ih strana i kori\u0161tenje va\u0161ih podataka:<\/h2>\n    <p>Na\u0161a usluga mo\u017ee sadr\u017eavati poveznice na druge web stranice kojima ne upravljamo. Ova Pravila o privatnosti ne bave se politikama privatnosti ili drugim praksama bilo kojih tre\u0107ih strana, uklju\u010duju\u0107i bilo koje tre\u0107e strane koje upravljaju bilo kojim web mjestom ili uslugom kojima se mo\u017ee pristupiti putem veze na Usluzi. Toplo preporu\u010dujemo da pregledate politiku privatnosti svake web stranice koju posjetite. Nemamo kontrolu nad sadr\u017eajem, pravilima o privatnosti ili praksama bilo koje tre\u0107e strane ili usluge niti smo odgovorni za njih.   <\/p>\n\n    <h2>Slu\u017ebenik za pritu\u017ebe\/za\u0161titu podataka: <\/h2>\n    <p>Ako imate bilo kakvih pitanja ili nedoumica u vezi s obradom va\u0161ih podataka koji su dostupni kod nas, mo\u017eete poslati e-po\u0161tu na\u0161em slu\u017ebeniku za pritu\u017ebe u Gerex sc, 32-700 Bochnia, Adolfa Mitery 11, e-po\u0161ta: <a href=\"mailto:contact@rider-tyres.eu\">contact@rider - gume.eu<\/a> . Odgovorit \u0107emo na va\u0161e nedoumice u skladu s primjenjivim zakonom.  <\/p>\n\t\t\t\t<\/div>\n\t\t\t\t<\/div>\n\t\t\t\t\t<\/div>\n\t\t\t\t<\/div>\n\t\t<div class=\"elementor-element elementor-element-0f5ac2a e-flex e-con-boxed e-con e-parent\" data-id=\"0f5ac2a\" data-element_type=\"container\" data-e-type=\"container\" data-settings=\"{&quot;jet_parallax_layout_list&quot;:[]}\">\n\t\t\t\t\t<div class=\"e-con-inner\">\n\t\t\t\t\t<\/div>\n\t\t\t\t<\/div>\n\t\t\t\t<\/div>\n\t\t","protected":false},"excerpt":{"rendered":"<p>Politika privatnosti Zadnje a\u017euriranje: 24. lipnja 2024 Datum stupanja na snagu: 24. lipnja 2024 Ova Pravila o privatnosti opisuju pravila tvrtke Gerex sc, Adolfa Mitery 11, Ma\u0142opolska 32-700, Poljska, e-po\u0161ta: contact@rider-tyres.eu, telefon: 14 615 90 14 u vezi s prikupljanjem, kori\u0161tenjem i otkrivanjem informacija koje prikupiti prilikom kori\u0161tenja s na\u0161e web stranice ( https:\/\/rider-tyres.eu ) [&hellip;]<\/p>\n","protected":false},"author":1,"featured_media":0,"parent":0,"menu_order":0,"comment_status":"closed","ping_status":"closed","template":"elementor_header_footer","meta":{"footnotes":""},"class_list":["post-4481","page","type-page","status-publish","hentry"],"yoast_head":"<!-- This site is optimized with the Yoast SEO plugin v27.3 - https:\/\/yoast.com\/product\/yoast-seo-wordpress\/ -->\n<title>politika privatnosti - Rider Tyres<\/title>\n<meta name=\"robots\" content=\"index, follow, max-snippet:-1, max-image-preview:large, max-video-preview:-1\" \/>\n<link rel=\"canonical\" href=\"https:\/\/rider-tyres.eu\/hr\/politika-privatnosti\/\" \/>\n<meta property=\"og:locale\" content=\"hr_HR\" \/>\n<meta property=\"og:type\" content=\"article\" \/>\n<meta property=\"og:title\" content=\"politika privatnosti - Rider Tyres\" \/>\n<meta property=\"og:description\" content=\"Politika privatnosti Zadnje a\u017euriranje: 24. lipnja 2024 Datum stupanja na snagu: 24. lipnja 2024 Ova Pravila o privatnosti opisuju pravila tvrtke Gerex sc, Adolfa Mitery 11, Ma\u0142opolska 32-700, Poljska, e-po\u0161ta: contact@rider-tyres.eu, telefon: 14 615 90 14 u vezi s prikupljanjem, kori\u0161tenjem i otkrivanjem informacija koje prikupiti prilikom kori\u0161tenja s na\u0161e web stranice ( https:\/\/rider-tyres.eu ) [&hellip;]\" \/>\n<meta property=\"og:url\" content=\"https:\/\/rider-tyres.eu\/hr\/politika-privatnosti\/\" \/>\n<meta property=\"og:site_name\" content=\"Rider Tyres\" \/>\n<meta property=\"article:modified_time\" content=\"2025-01-08T08:29:47+00:00\" \/>\n<meta name=\"twitter:card\" content=\"summary_large_image\" \/>\n<meta name=\"twitter:label1\" content=\"Procijenjeno vrijeme \u010ditanja\" \/>\n\t<meta name=\"twitter:data1\" content=\"4 minute\" \/>\n<script type=\"application\/ld+json\" class=\"yoast-schema-graph\">{\"@context\":\"https:\\\/\\\/schema.org\",\"@graph\":[{\"@type\":\"WebPage\",\"@id\":\"https:\\\/\\\/rider-tyres.eu\\\/hr\\\/politika-privatnosti\\\/\",\"url\":\"https:\\\/\\\/rider-tyres.eu\\\/hr\\\/politika-privatnosti\\\/\",\"name\":\"politika privatnosti - Rider Tyres\",\"isPartOf\":{\"@id\":\"https:\\\/\\\/rider-tyres.eu\\\/hr\\\/#website\"},\"datePublished\":\"2024-03-18T11:22:33+00:00\",\"dateModified\":\"2025-01-08T08:29:47+00:00\",\"breadcrumb\":{\"@id\":\"https:\\\/\\\/rider-tyres.eu\\\/hr\\\/politika-privatnosti\\\/#breadcrumb\"},\"inLanguage\":\"hr\",\"potentialAction\":[{\"@type\":\"ReadAction\",\"target\":[\"https:\\\/\\\/rider-tyres.eu\\\/hr\\\/politika-privatnosti\\\/\"]}]},{\"@type\":\"BreadcrumbList\",\"@id\":\"https:\\\/\\\/rider-tyres.eu\\\/hr\\\/politika-privatnosti\\\/#breadcrumb\",\"itemListElement\":[{\"@type\":\"ListItem\",\"position\":1,\"name\":\"Strona g\u0142\u00f3wna\",\"item\":\"https:\\\/\\\/rider-tyres.eu\\\/hr\\\/\"},{\"@type\":\"ListItem\",\"position\":2,\"name\":\"politika privatnosti\"}]},{\"@type\":\"WebSite\",\"@id\":\"https:\\\/\\\/rider-tyres.eu\\\/hr\\\/#website\",\"url\":\"https:\\\/\\\/rider-tyres.eu\\\/hr\\\/\",\"name\":\"Rider Tyres\",\"description\":\"Opony na ka\u017cdy teren\",\"publisher\":{\"@id\":\"https:\\\/\\\/rider-tyres.eu\\\/hr\\\/#organization\"},\"potentialAction\":[{\"@type\":\"SearchAction\",\"target\":{\"@type\":\"EntryPoint\",\"urlTemplate\":\"https:\\\/\\\/rider-tyres.eu\\\/hr\\\/?s={search_term_string}\"},\"query-input\":{\"@type\":\"PropertyValueSpecification\",\"valueRequired\":true,\"valueName\":\"search_term_string\"}}],\"inLanguage\":\"hr\"},{\"@type\":\"Organization\",\"@id\":\"https:\\\/\\\/rider-tyres.eu\\\/hr\\\/#organization\",\"name\":\"Rider Tyres\",\"url\":\"https:\\\/\\\/rider-tyres.eu\\\/hr\\\/\",\"logo\":{\"@type\":\"ImageObject\",\"inLanguage\":\"hr\",\"@id\":\"https:\\\/\\\/rider-tyres.eu\\\/hr\\\/#\\\/schema\\\/logo\\\/image\\\/\",\"url\":\"https:\\\/\\\/rider-tyres.eu\\\/wp-content\\\/uploads\\\/2024\\\/02\\\/White-logo-no-background-01.svg\",\"contentUrl\":\"https:\\\/\\\/rider-tyres.eu\\\/wp-content\\\/uploads\\\/2024\\\/02\\\/White-logo-no-background-01.svg\",\"caption\":\"Rider Tyres\"},\"image\":{\"@id\":\"https:\\\/\\\/rider-tyres.eu\\\/hr\\\/#\\\/schema\\\/logo\\\/image\\\/\"}}]}<\/script>\n<!-- \/ Yoast SEO plugin. -->","yoast_head_json":{"title":"politika privatnosti - Rider Tyres","robots":{"index":"index","follow":"follow","max-snippet":"max-snippet:-1","max-image-preview":"max-image-preview:large","max-video-preview":"max-video-preview:-1"},"canonical":"https:\/\/rider-tyres.eu\/hr\/politika-privatnosti\/","og_locale":"hr_HR","og_type":"article","og_title":"politika privatnosti - Rider Tyres","og_description":"Politika privatnosti Zadnje a\u017euriranje: 24. lipnja 2024 Datum stupanja na snagu: 24. lipnja 2024 Ova Pravila o privatnosti opisuju pravila tvrtke Gerex sc, Adolfa Mitery 11, Ma\u0142opolska 32-700, Poljska, e-po\u0161ta: contact@rider-tyres.eu, telefon: 14 615 90 14 u vezi s prikupljanjem, kori\u0161tenjem i otkrivanjem informacija koje prikupiti prilikom kori\u0161tenja s na\u0161e web stranice ( https:\/\/rider-tyres.eu ) [&hellip;]","og_url":"https:\/\/rider-tyres.eu\/hr\/politika-privatnosti\/","og_site_name":"Rider Tyres","article_modified_time":"2025-01-08T08:29:47+00:00","twitter_card":"summary_large_image","twitter_misc":{"Procijenjeno vrijeme \u010ditanja":"4 minute"},"schema":{"@context":"https:\/\/schema.org","@graph":[{"@type":"WebPage","@id":"https:\/\/rider-tyres.eu\/hr\/politika-privatnosti\/","url":"https:\/\/rider-tyres.eu\/hr\/politika-privatnosti\/","name":"politika privatnosti - Rider Tyres","isPartOf":{"@id":"https:\/\/rider-tyres.eu\/hr\/#website"},"datePublished":"2024-03-18T11:22:33+00:00","dateModified":"2025-01-08T08:29:47+00:00","breadcrumb":{"@id":"https:\/\/rider-tyres.eu\/hr\/politika-privatnosti\/#breadcrumb"},"inLanguage":"hr","potentialAction":[{"@type":"ReadAction","target":["https:\/\/rider-tyres.eu\/hr\/politika-privatnosti\/"]}]},{"@type":"BreadcrumbList","@id":"https:\/\/rider-tyres.eu\/hr\/politika-privatnosti\/#breadcrumb","itemListElement":[{"@type":"ListItem","position":1,"name":"Strona g\u0142\u00f3wna","item":"https:\/\/rider-tyres.eu\/hr\/"},{"@type":"ListItem","position":2,"name":"politika privatnosti"}]},{"@type":"WebSite","@id":"https:\/\/rider-tyres.eu\/hr\/#website","url":"https:\/\/rider-tyres.eu\/hr\/","name":"Rider Tyres","description":"Opony na ka\u017cdy teren","publisher":{"@id":"https:\/\/rider-tyres.eu\/hr\/#organization"},"potentialAction":[{"@type":"SearchAction","target":{"@type":"EntryPoint","urlTemplate":"https:\/\/rider-tyres.eu\/hr\/?s={search_term_string}"},"query-input":{"@type":"PropertyValueSpecification","valueRequired":true,"valueName":"search_term_string"}}],"inLanguage":"hr"},{"@type":"Organization","@id":"https:\/\/rider-tyres.eu\/hr\/#organization","name":"Rider Tyres","url":"https:\/\/rider-tyres.eu\/hr\/","logo":{"@type":"ImageObject","inLanguage":"hr","@id":"https:\/\/rider-tyres.eu\/hr\/#\/schema\/logo\/image\/","url":"https:\/\/rider-tyres.eu\/wp-content\/uploads\/2024\/02\/White-logo-no-background-01.svg","contentUrl":"https:\/\/rider-tyres.eu\/wp-content\/uploads\/2024\/02\/White-logo-no-background-01.svg","caption":"Rider Tyres"},"image":{"@id":"https:\/\/rider-tyres.eu\/hr\/#\/schema\/logo\/image\/"}}]}},"_links":{"self":[{"href":"https:\/\/rider-tyres.eu\/hr\/wp-json\/wp\/v2\/pages\/4481","targetHints":{"allow":["GET"]}}],"collection":[{"href":"https:\/\/rider-tyres.eu\/hr\/wp-json\/wp\/v2\/pages"}],"about":[{"href":"https:\/\/rider-tyres.eu\/hr\/wp-json\/wp\/v2\/types\/page"}],"author":[{"embeddable":true,"href":"https:\/\/rider-tyres.eu\/hr\/wp-json\/wp\/v2\/users\/1"}],"replies":[{"embeddable":true,"href":"https:\/\/rider-tyres.eu\/hr\/wp-json\/wp\/v2\/comments?post=4481"}],"version-history":[{"count":6,"href":"https:\/\/rider-tyres.eu\/hr\/wp-json\/wp\/v2\/pages\/4481\/revisions"}],"predecessor-version":[{"id":9443,"href":"https:\/\/rider-tyres.eu\/hr\/wp-json\/wp\/v2\/pages\/4481\/revisions\/9443"}],"wp:attachment":[{"href":"https:\/\/rider-tyres.eu\/hr\/wp-json\/wp\/v2\/media?parent=4481"}],"curies":[{"name":"wp","href":"https:\/\/api.w.org\/{rel}","templated":true}]}}