{"id":10541,"date":"2024-06-04T12:37:16","date_gmt":"2024-06-04T11:37:16","guid":{"rendered":"https:\/\/rider-tyres.eu\/opona\/225-70r16-109q-rothai-foircni-mt-r\/"},"modified":"2024-06-04T12:37:16","modified_gmt":"2024-06-04T11:37:16","slug":"225-70r16-109q-rothai-foircni-mt-r","status":"publish","type":"product","link":"https:\/\/rider-tyres.eu\/ga\/opona\/225-70r16-109q-rothai-foircni-mt-r\/","title":{"rendered":"225\/70R16 109Q Rotha\u00ed Foircn\u00ed MT\/R"},"content":{"rendered":"","protected":false},"excerpt":{"rendered":"<p>&nbsp;<\/p>\n<p>&nbsp;<\/p>\n","protected":false},"featured_media":9626,"comment_status":"open","ping_status":"closed","template":"","meta":[],"product_brand":[],"product_cat":[2184,2183],"product_tag":[],"class_list":{"0":"post-10541","1":"product","2":"type-product","3":"status-publish","4":"has-post-thumbnail","6":"product_cat-laibe-foircni-mt-r","7":"product_cat-mhor","9":"first","10":"instock","11":"taxable","12":"shipping-taxable","13":"purchasable","14":"product-type-simple"},"yoast_head":"<!-- This site is optimized with the Yoast SEO plugin v27.3 - https:\/\/yoast.com\/product\/yoast-seo-wordpress\/ -->\n<title>225\/70R16 109Q Rotha\u00ed Foircn\u00ed MT\/R - Rider Tyres<\/title>\n<meta name=\"description\" content=\"Faigh amach f\u00e9idearthachta\u00ed eisbh\u00f3thair neamhtheoranta le 225\/70R16 109Q Rotha\u00ed Foircn\u00ed MT\/R , bonn ardleibh\u00e9il L\u00e1ibe at\u00e1 deartha le haghaidh eachtra\u00ed foircneacha.\" \/>\n<meta name=\"robots\" content=\"index, follow, max-snippet:-1, max-image-preview:large, max-video-preview:-1\" \/>\n<link rel=\"canonical\" href=\"https:\/\/rider-tyres.eu\/ga\/opona\/225-70r16-109q-rothai-foircni-mt-r\/\" \/>\n<meta property=\"og:locale\" content=\"ga_IE\" \/>\n<meta property=\"og:type\" content=\"article\" \/>\n<meta property=\"og:title\" content=\"225\/70R16 109Q Rotha\u00ed Foircn\u00ed MT\/R - Rider Tyres\" \/>\n<meta property=\"og:description\" content=\"Faigh amach f\u00e9idearthachta\u00ed eisbh\u00f3thair neamhtheoranta le 225\/70R16 109Q Rotha\u00ed Foircn\u00ed MT\/R , bonn ardleibh\u00e9il L\u00e1ibe at\u00e1 deartha le haghaidh eachtra\u00ed foircneacha.\" \/>\n<meta property=\"og:url\" content=\"https:\/\/rider-tyres.eu\/ga\/opona\/225-70r16-109q-rothai-foircni-mt-r\/\" \/>\n<meta property=\"og:site_name\" content=\"Rider Tyres\" \/>\n<meta property=\"og:image\" content=\"https:\/\/rider-tyres.eu\/wp-content\/uploads\/2024\/03\/P1155280-695x1024.png\" \/>\n\t<meta property=\"og:image:width\" content=\"695\" \/>\n\t<meta property=\"og:image:height\" content=\"1024\" \/>\n\t<meta property=\"og:image:type\" content=\"image\/png\" \/>\n<meta name=\"twitter:card\" content=\"summary_large_image\" \/>\n<script type=\"application\/ld+json\" class=\"yoast-schema-graph\">{\"@context\":\"https:\\\/\\\/schema.org\",\"@graph\":[{\"@type\":\"WebPage\",\"@id\":\"https:\\\/\\\/rider-tyres.eu\\\/ga\\\/opona\\\/225-70r16-109q-rothai-foircni-mt-r\\\/\",\"url\":\"https:\\\/\\\/rider-tyres.eu\\\/ga\\\/opona\\\/225-70r16-109q-rothai-foircni-mt-r\\\/\",\"name\":\"225\\\/70R16 109Q Rotha\u00ed Foircn\u00ed MT\\\/R - Rider Tyres\",\"isPartOf\":{\"@id\":\"https:\\\/\\\/rider-tyres.eu\\\/ga\\\/#website\"},\"primaryImageOfPage\":{\"@id\":\"https:\\\/\\\/rider-tyres.eu\\\/ga\\\/opona\\\/225-70r16-109q-rothai-foircni-mt-r\\\/#primaryimage\"},\"image\":{\"@id\":\"https:\\\/\\\/rider-tyres.eu\\\/ga\\\/opona\\\/225-70r16-109q-rothai-foircni-mt-r\\\/#primaryimage\"},\"thumbnailUrl\":\"https:\\\/\\\/rider-tyres.eu\\\/wp-content\\\/uploads\\\/2024\\\/03\\\/P1155280-e1715002594285.png\",\"datePublished\":\"2024-06-04T11:37:16+00:00\",\"description\":\"Faigh amach f\u00e9idearthachta\u00ed eisbh\u00f3thair neamhtheoranta le 225\\\/70R16 109Q Rotha\u00ed Foircn\u00ed MT\\\/R , bonn ardleibh\u00e9il L\u00e1ibe at\u00e1 deartha le haghaidh eachtra\u00ed foircneacha.\",\"breadcrumb\":{\"@id\":\"https:\\\/\\\/rider-tyres.eu\\\/ga\\\/opona\\\/225-70r16-109q-rothai-foircni-mt-r\\\/#breadcrumb\"},\"inLanguage\":\"ga-IE\",\"potentialAction\":[{\"@type\":\"ReadAction\",\"target\":[\"https:\\\/\\\/rider-tyres.eu\\\/ga\\\/opona\\\/225-70r16-109q-rothai-foircni-mt-r\\\/\"]}]},{\"@type\":\"ImageObject\",\"inLanguage\":\"ga-IE\",\"@id\":\"https:\\\/\\\/rider-tyres.eu\\\/ga\\\/opona\\\/225-70r16-109q-rothai-foircni-mt-r\\\/#primaryimage\",\"url\":\"https:\\\/\\\/rider-tyres.eu\\\/wp-content\\\/uploads\\\/2024\\\/03\\\/P1155280-e1715002594285.png\",\"contentUrl\":\"https:\\\/\\\/rider-tyres.eu\\\/wp-content\\\/uploads\\\/2024\\\/03\\\/P1155280-e1715002594285.png\",\"width\":978,\"height\":1440,\"caption\":\"Cluiche Rider L\u00e1ibe Extreme\"},{\"@type\":\"BreadcrumbList\",\"@id\":\"https:\\\/\\\/rider-tyres.eu\\\/ga\\\/opona\\\/225-70r16-109q-rothai-foircni-mt-r\\\/#breadcrumb\",\"itemListElement\":[{\"@type\":\"ListItem\",\"position\":1,\"name\":\"Strona g\u0142\u00f3wna\",\"item\":\"https:\\\/\\\/rider-tyres.eu\\\/ga\\\/\"},{\"@type\":\"ListItem\",\"position\":2,\"name\":\"Boinn\",\"item\":\"https:\\\/\\\/rider-tyres.eu\\\/boinn\\\/\"},{\"@type\":\"ListItem\",\"position\":3,\"name\":\"225\\\/70R16 109Q Rotha\u00ed Foircn\u00ed MT\\\/R\"}]},{\"@type\":\"WebSite\",\"@id\":\"https:\\\/\\\/rider-tyres.eu\\\/ga\\\/#website\",\"url\":\"https:\\\/\\\/rider-tyres.eu\\\/ga\\\/\",\"name\":\"Rider Tyres\",\"description\":\"Opony na ka\u017cdy teren\",\"publisher\":{\"@id\":\"https:\\\/\\\/rider-tyres.eu\\\/ga\\\/#organization\"},\"potentialAction\":[{\"@type\":\"SearchAction\",\"target\":{\"@type\":\"EntryPoint\",\"urlTemplate\":\"https:\\\/\\\/rider-tyres.eu\\\/ga\\\/?s={search_term_string}\"},\"query-input\":{\"@type\":\"PropertyValueSpecification\",\"valueRequired\":true,\"valueName\":\"search_term_string\"}}],\"inLanguage\":\"ga-IE\"},{\"@type\":\"Organization\",\"@id\":\"https:\\\/\\\/rider-tyres.eu\\\/ga\\\/#organization\",\"name\":\"Rider Tyres\",\"url\":\"https:\\\/\\\/rider-tyres.eu\\\/ga\\\/\",\"logo\":{\"@type\":\"ImageObject\",\"inLanguage\":\"ga-IE\",\"@id\":\"https:\\\/\\\/rider-tyres.eu\\\/ga\\\/#\\\/schema\\\/logo\\\/image\\\/\",\"url\":\"https:\\\/\\\/rider-tyres.eu\\\/wp-content\\\/uploads\\\/2024\\\/02\\\/White-logo-no-background-01.svg\",\"contentUrl\":\"https:\\\/\\\/rider-tyres.eu\\\/wp-content\\\/uploads\\\/2024\\\/02\\\/White-logo-no-background-01.svg\",\"caption\":\"Rider Tyres\"},\"image\":{\"@id\":\"https:\\\/\\\/rider-tyres.eu\\\/ga\\\/#\\\/schema\\\/logo\\\/image\\\/\"}}]}<\/script>\n<!-- \/ Yoast SEO plugin. -->","yoast_head_json":{"title":"225\/70R16 109Q Rotha\u00ed Foircn\u00ed MT\/R - Rider Tyres","description":"Faigh amach f\u00e9idearthachta\u00ed eisbh\u00f3thair neamhtheoranta le 225\/70R16 109Q Rotha\u00ed Foircn\u00ed MT\/R , bonn ardleibh\u00e9il L\u00e1ibe at\u00e1 deartha le haghaidh eachtra\u00ed foircneacha.","robots":{"index":"index","follow":"follow","max-snippet":"max-snippet:-1","max-image-preview":"max-image-preview:large","max-video-preview":"max-video-preview:-1"},"canonical":"https:\/\/rider-tyres.eu\/ga\/opona\/225-70r16-109q-rothai-foircni-mt-r\/","og_locale":"ga_IE","og_type":"article","og_title":"225\/70R16 109Q Rotha\u00ed Foircn\u00ed MT\/R - Rider Tyres","og_description":"Faigh amach f\u00e9idearthachta\u00ed eisbh\u00f3thair neamhtheoranta le 225\/70R16 109Q Rotha\u00ed Foircn\u00ed MT\/R , bonn ardleibh\u00e9il L\u00e1ibe at\u00e1 deartha le haghaidh eachtra\u00ed foircneacha.","og_url":"https:\/\/rider-tyres.eu\/ga\/opona\/225-70r16-109q-rothai-foircni-mt-r\/","og_site_name":"Rider Tyres","og_image":[{"width":695,"height":1024,"url":"https:\/\/rider-tyres.eu\/wp-content\/uploads\/2024\/03\/P1155280-695x1024.png","type":"image\/png"}],"twitter_card":"summary_large_image","schema":{"@context":"https:\/\/schema.org","@graph":[{"@type":"WebPage","@id":"https:\/\/rider-tyres.eu\/ga\/opona\/225-70r16-109q-rothai-foircni-mt-r\/","url":"https:\/\/rider-tyres.eu\/ga\/opona\/225-70r16-109q-rothai-foircni-mt-r\/","name":"225\/70R16 109Q Rotha\u00ed Foircn\u00ed MT\/R - Rider Tyres","isPartOf":{"@id":"https:\/\/rider-tyres.eu\/ga\/#website"},"primaryImageOfPage":{"@id":"https:\/\/rider-tyres.eu\/ga\/opona\/225-70r16-109q-rothai-foircni-mt-r\/#primaryimage"},"image":{"@id":"https:\/\/rider-tyres.eu\/ga\/opona\/225-70r16-109q-rothai-foircni-mt-r\/#primaryimage"},"thumbnailUrl":"https:\/\/rider-tyres.eu\/wp-content\/uploads\/2024\/03\/P1155280-e1715002594285.png","datePublished":"2024-06-04T11:37:16+00:00","description":"Faigh amach f\u00e9idearthachta\u00ed eisbh\u00f3thair neamhtheoranta le 225\/70R16 109Q Rotha\u00ed Foircn\u00ed MT\/R , bonn ardleibh\u00e9il L\u00e1ibe at\u00e1 deartha le haghaidh eachtra\u00ed foircneacha.","breadcrumb":{"@id":"https:\/\/rider-tyres.eu\/ga\/opona\/225-70r16-109q-rothai-foircni-mt-r\/#breadcrumb"},"inLanguage":"ga-IE","potentialAction":[{"@type":"ReadAction","target":["https:\/\/rider-tyres.eu\/ga\/opona\/225-70r16-109q-rothai-foircni-mt-r\/"]}]},{"@type":"ImageObject","inLanguage":"ga-IE","@id":"https:\/\/rider-tyres.eu\/ga\/opona\/225-70r16-109q-rothai-foircni-mt-r\/#primaryimage","url":"https:\/\/rider-tyres.eu\/wp-content\/uploads\/2024\/03\/P1155280-e1715002594285.png","contentUrl":"https:\/\/rider-tyres.eu\/wp-content\/uploads\/2024\/03\/P1155280-e1715002594285.png","width":978,"height":1440,"caption":"Cluiche Rider L\u00e1ibe Extreme"},{"@type":"BreadcrumbList","@id":"https:\/\/rider-tyres.eu\/ga\/opona\/225-70r16-109q-rothai-foircni-mt-r\/#breadcrumb","itemListElement":[{"@type":"ListItem","position":1,"name":"Strona g\u0142\u00f3wna","item":"https:\/\/rider-tyres.eu\/ga\/"},{"@type":"ListItem","position":2,"name":"Boinn","item":"https:\/\/rider-tyres.eu\/boinn\/"},{"@type":"ListItem","position":3,"name":"225\/70R16 109Q Rotha\u00ed Foircn\u00ed MT\/R"}]},{"@type":"WebSite","@id":"https:\/\/rider-tyres.eu\/ga\/#website","url":"https:\/\/rider-tyres.eu\/ga\/","name":"Rider Tyres","description":"Opony na ka\u017cdy teren","publisher":{"@id":"https:\/\/rider-tyres.eu\/ga\/#organization"},"potentialAction":[{"@type":"SearchAction","target":{"@type":"EntryPoint","urlTemplate":"https:\/\/rider-tyres.eu\/ga\/?s={search_term_string}"},"query-input":{"@type":"PropertyValueSpecification","valueRequired":true,"valueName":"search_term_string"}}],"inLanguage":"ga-IE"},{"@type":"Organization","@id":"https:\/\/rider-tyres.eu\/ga\/#organization","name":"Rider Tyres","url":"https:\/\/rider-tyres.eu\/ga\/","logo":{"@type":"ImageObject","inLanguage":"ga-IE","@id":"https:\/\/rider-tyres.eu\/ga\/#\/schema\/logo\/image\/","url":"https:\/\/rider-tyres.eu\/wp-content\/uploads\/2024\/02\/White-logo-no-background-01.svg","contentUrl":"https:\/\/rider-tyres.eu\/wp-content\/uploads\/2024\/02\/White-logo-no-background-01.svg","caption":"Rider Tyres"},"image":{"@id":"https:\/\/rider-tyres.eu\/ga\/#\/schema\/logo\/image\/"}}]}},"_links":{"self":[{"href":"https:\/\/rider-tyres.eu\/ga\/wp-json\/wp\/v2\/product\/10541","targetHints":{"allow":["GET"]}}],"collection":[{"href":"https:\/\/rider-tyres.eu\/ga\/wp-json\/wp\/v2\/product"}],"about":[{"href":"https:\/\/rider-tyres.eu\/ga\/wp-json\/wp\/v2\/types\/product"}],"replies":[{"embeddable":true,"href":"https:\/\/rider-tyres.eu\/ga\/wp-json\/wp\/v2\/comments?post=10541"}],"wp:featuredmedia":[{"embeddable":true,"href":"https:\/\/rider-tyres.eu\/ga\/wp-json\/wp\/v2\/media\/9626"}],"wp:attachment":[{"href":"https:\/\/rider-tyres.eu\/ga\/wp-json\/wp\/v2\/media?parent=10541"}],"wp:term":[{"taxonomy":"product_brand","embeddable":true,"href":"https:\/\/rider-tyres.eu\/ga\/wp-json\/wp\/v2\/product_brand?post=10541"},{"taxonomy":"product_cat","embeddable":true,"href":"https:\/\/rider-tyres.eu\/ga\/wp-json\/wp\/v2\/product_cat?post=10541"},{"taxonomy":"product_tag","embeddable":true,"href":"https:\/\/rider-tyres.eu\/ga\/wp-json\/wp\/v2\/product_tag?post=10541"}],"curies":[{"name":"wp","href":"https:\/\/api.w.org\/{rel}","templated":true}]}}