{"id":10094,"date":"2024-06-03T12:51:12","date_gmt":"2024-06-03T11:51:12","guid":{"rendered":"https:\/\/rider-tyres.eu\/opona\/195-65r15-91q-maistir-laibe-marcach-m-t\/"},"modified":"2025-02-27T12:48:21","modified_gmt":"2025-02-27T11:48:21","slug":"195-65r15-91q-maistir-laibe-marcach-m-t","status":"publish","type":"product","link":"https:\/\/rider-tyres.eu\/ga\/opona\/195-65r15-91q-maistir-laibe-marcach-m-t\/","title":{"rendered":"195\/65R15 91Q M\u00e1istir l\u00e1ibe marcach M\/T"},"content":{"rendered":"","protected":false},"excerpt":{"rendered":"<p>&nbsp;<\/p>\n<p>&nbsp;<\/p>\n","protected":false},"featured_media":9752,"comment_status":"open","ping_status":"closed","template":"","meta":[],"product_brand":[],"product_cat":[2634,1997],"product_tag":[],"class_list":{"0":"post-10094","1":"product","2":"type-product","3":"status-publish","4":"has-post-thumbnail","6":"product_cat-mud-master-m-t-ga","7":"product_cat-tir-raon-laibe","9":"first","10":"outofstock","11":"taxable","12":"shipping-taxable","13":"purchasable","14":"product-type-simple"},"yoast_head":"<!-- This site is optimized with the Yoast SEO plugin v27.3 - https:\/\/yoast.com\/product\/yoast-seo-wordpress\/ -->\n<title>195\/65R15 91Q M\u00e1istir l\u00e1ibe marcach M\/T - Rider Tyres<\/title>\n<meta name=\"description\" content=\"Faigh amach feidhm\u00edocht gan s\u00e1r\u00fa le 195\/65R15 91Q M\u00e1istir l\u00e1ibe marcach M\/T , an bonn easbh\u00f3thair foirfe le haghaidh eachtra\u00ed \u00e9ilitheacha easbh\u00f3thair. Sol\u00e1thra\u00edonn greim eisceacht\u00fail, marthanacht agus compord tiom\u00e1na.\" \/>\n<meta name=\"robots\" content=\"index, follow, max-snippet:-1, max-image-preview:large, max-video-preview:-1\" \/>\n<link rel=\"canonical\" href=\"https:\/\/rider-tyres.eu\/ga\/opona\/195-65r15-91q-maistir-laibe-marcach-m-t\/\" \/>\n<meta property=\"og:locale\" content=\"ga_IE\" \/>\n<meta property=\"og:type\" content=\"article\" \/>\n<meta property=\"og:title\" content=\"195\/65R15 91Q M\u00e1istir l\u00e1ibe marcach M\/T - Rider Tyres\" \/>\n<meta property=\"og:description\" content=\"Faigh amach feidhm\u00edocht gan s\u00e1r\u00fa le 195\/65R15 91Q M\u00e1istir l\u00e1ibe marcach M\/T , an bonn easbh\u00f3thair foirfe le haghaidh eachtra\u00ed \u00e9ilitheacha easbh\u00f3thair. Sol\u00e1thra\u00edonn greim eisceacht\u00fail, marthanacht agus compord tiom\u00e1na.\" \/>\n<meta property=\"og:url\" content=\"https:\/\/rider-tyres.eu\/ga\/opona\/195-65r15-91q-maistir-laibe-marcach-m-t\/\" \/>\n<meta property=\"og:site_name\" content=\"Rider Tyres\" \/>\n<meta property=\"article:modified_time\" content=\"2025-02-27T11:48:21+00:00\" \/>\n<meta property=\"og:image\" content=\"https:\/\/rider-tyres.eu\/wp-content\/uploads\/2024\/03\/P1155269-682x1024.png\" \/>\n\t<meta property=\"og:image:width\" content=\"682\" \/>\n\t<meta property=\"og:image:height\" content=\"1024\" \/>\n\t<meta property=\"og:image:type\" content=\"image\/png\" \/>\n<meta name=\"twitter:card\" content=\"summary_large_image\" \/>\n<script type=\"application\/ld+json\" class=\"yoast-schema-graph\">{\"@context\":\"https:\\\/\\\/schema.org\",\"@graph\":[{\"@type\":\"WebPage\",\"@id\":\"https:\\\/\\\/rider-tyres.eu\\\/ga\\\/opona\\\/195-65r15-91q-maistir-laibe-marcach-m-t\\\/\",\"url\":\"https:\\\/\\\/rider-tyres.eu\\\/ga\\\/opona\\\/195-65r15-91q-maistir-laibe-marcach-m-t\\\/\",\"name\":\"195\\\/65R15 91Q M\u00e1istir l\u00e1ibe marcach M\\\/T - Rider Tyres\",\"isPartOf\":{\"@id\":\"https:\\\/\\\/rider-tyres.eu\\\/ga\\\/#website\"},\"primaryImageOfPage\":{\"@id\":\"https:\\\/\\\/rider-tyres.eu\\\/ga\\\/opona\\\/195-65r15-91q-maistir-laibe-marcach-m-t\\\/#primaryimage\"},\"image\":{\"@id\":\"https:\\\/\\\/rider-tyres.eu\\\/ga\\\/opona\\\/195-65r15-91q-maistir-laibe-marcach-m-t\\\/#primaryimage\"},\"thumbnailUrl\":\"https:\\\/\\\/rider-tyres.eu\\\/wp-content\\\/uploads\\\/2024\\\/03\\\/P1155269-e1715002987851.png\",\"datePublished\":\"2024-06-03T11:51:12+00:00\",\"dateModified\":\"2025-02-27T11:48:21+00:00\",\"description\":\"Faigh amach feidhm\u00edocht gan s\u00e1r\u00fa le 195\\\/65R15 91Q M\u00e1istir l\u00e1ibe marcach M\\\/T , an bonn easbh\u00f3thair foirfe le haghaidh eachtra\u00ed \u00e9ilitheacha easbh\u00f3thair. Sol\u00e1thra\u00edonn greim eisceacht\u00fail, marthanacht agus compord tiom\u00e1na.\",\"breadcrumb\":{\"@id\":\"https:\\\/\\\/rider-tyres.eu\\\/ga\\\/opona\\\/195-65r15-91q-maistir-laibe-marcach-m-t\\\/#breadcrumb\"},\"inLanguage\":\"ga-IE\",\"potentialAction\":[{\"@type\":\"ReadAction\",\"target\":[\"https:\\\/\\\/rider-tyres.eu\\\/ga\\\/opona\\\/195-65r15-91q-maistir-laibe-marcach-m-t\\\/\"]}]},{\"@type\":\"ImageObject\",\"inLanguage\":\"ga-IE\",\"@id\":\"https:\\\/\\\/rider-tyres.eu\\\/ga\\\/opona\\\/195-65r15-91q-maistir-laibe-marcach-m-t\\\/#primaryimage\",\"url\":\"https:\\\/\\\/rider-tyres.eu\\\/wp-content\\\/uploads\\\/2024\\\/03\\\/P1155269-e1715002987851.png\",\"contentUrl\":\"https:\\\/\\\/rider-tyres.eu\\\/wp-content\\\/uploads\\\/2024\\\/03\\\/P1155269-e1715002987851.png\",\"width\":960,\"height\":1440,\"caption\":\"M\u00e1istir l\u00e1ib rotha\u00ed\"},{\"@type\":\"BreadcrumbList\",\"@id\":\"https:\\\/\\\/rider-tyres.eu\\\/ga\\\/opona\\\/195-65r15-91q-maistir-laibe-marcach-m-t\\\/#breadcrumb\",\"itemListElement\":[{\"@type\":\"ListItem\",\"position\":1,\"name\":\"Strona g\u0142\u00f3wna\",\"item\":\"https:\\\/\\\/rider-tyres.eu\\\/ga\\\/\"},{\"@type\":\"ListItem\",\"position\":2,\"name\":\"Boinn\",\"item\":\"https:\\\/\\\/rider-tyres.eu\\\/boinn\\\/\"},{\"@type\":\"ListItem\",\"position\":3,\"name\":\"195\\\/65R15 91Q M\u00e1istir l\u00e1ibe marcach M\\\/T\"}]},{\"@type\":\"WebSite\",\"@id\":\"https:\\\/\\\/rider-tyres.eu\\\/ga\\\/#website\",\"url\":\"https:\\\/\\\/rider-tyres.eu\\\/ga\\\/\",\"name\":\"Rider Tyres\",\"description\":\"Opony na ka\u017cdy teren\",\"publisher\":{\"@id\":\"https:\\\/\\\/rider-tyres.eu\\\/ga\\\/#organization\"},\"potentialAction\":[{\"@type\":\"SearchAction\",\"target\":{\"@type\":\"EntryPoint\",\"urlTemplate\":\"https:\\\/\\\/rider-tyres.eu\\\/ga\\\/?s={search_term_string}\"},\"query-input\":{\"@type\":\"PropertyValueSpecification\",\"valueRequired\":true,\"valueName\":\"search_term_string\"}}],\"inLanguage\":\"ga-IE\"},{\"@type\":\"Organization\",\"@id\":\"https:\\\/\\\/rider-tyres.eu\\\/ga\\\/#organization\",\"name\":\"Rider Tyres\",\"url\":\"https:\\\/\\\/rider-tyres.eu\\\/ga\\\/\",\"logo\":{\"@type\":\"ImageObject\",\"inLanguage\":\"ga-IE\",\"@id\":\"https:\\\/\\\/rider-tyres.eu\\\/ga\\\/#\\\/schema\\\/logo\\\/image\\\/\",\"url\":\"https:\\\/\\\/rider-tyres.eu\\\/wp-content\\\/uploads\\\/2024\\\/02\\\/White-logo-no-background-01.svg\",\"contentUrl\":\"https:\\\/\\\/rider-tyres.eu\\\/wp-content\\\/uploads\\\/2024\\\/02\\\/White-logo-no-background-01.svg\",\"caption\":\"Rider Tyres\"},\"image\":{\"@id\":\"https:\\\/\\\/rider-tyres.eu\\\/ga\\\/#\\\/schema\\\/logo\\\/image\\\/\"}}]}<\/script>\n<!-- \/ Yoast SEO plugin. -->","yoast_head_json":{"title":"195\/65R15 91Q M\u00e1istir l\u00e1ibe marcach M\/T - Rider Tyres","description":"Faigh amach feidhm\u00edocht gan s\u00e1r\u00fa le 195\/65R15 91Q M\u00e1istir l\u00e1ibe marcach M\/T , an bonn easbh\u00f3thair foirfe le haghaidh eachtra\u00ed \u00e9ilitheacha easbh\u00f3thair. Sol\u00e1thra\u00edonn greim eisceacht\u00fail, marthanacht agus compord tiom\u00e1na.","robots":{"index":"index","follow":"follow","max-snippet":"max-snippet:-1","max-image-preview":"max-image-preview:large","max-video-preview":"max-video-preview:-1"},"canonical":"https:\/\/rider-tyres.eu\/ga\/opona\/195-65r15-91q-maistir-laibe-marcach-m-t\/","og_locale":"ga_IE","og_type":"article","og_title":"195\/65R15 91Q M\u00e1istir l\u00e1ibe marcach M\/T - Rider Tyres","og_description":"Faigh amach feidhm\u00edocht gan s\u00e1r\u00fa le 195\/65R15 91Q M\u00e1istir l\u00e1ibe marcach M\/T , an bonn easbh\u00f3thair foirfe le haghaidh eachtra\u00ed \u00e9ilitheacha easbh\u00f3thair. Sol\u00e1thra\u00edonn greim eisceacht\u00fail, marthanacht agus compord tiom\u00e1na.","og_url":"https:\/\/rider-tyres.eu\/ga\/opona\/195-65r15-91q-maistir-laibe-marcach-m-t\/","og_site_name":"Rider Tyres","article_modified_time":"2025-02-27T11:48:21+00:00","og_image":[{"width":682,"height":1024,"url":"https:\/\/rider-tyres.eu\/wp-content\/uploads\/2024\/03\/P1155269-682x1024.png","type":"image\/png"}],"twitter_card":"summary_large_image","schema":{"@context":"https:\/\/schema.org","@graph":[{"@type":"WebPage","@id":"https:\/\/rider-tyres.eu\/ga\/opona\/195-65r15-91q-maistir-laibe-marcach-m-t\/","url":"https:\/\/rider-tyres.eu\/ga\/opona\/195-65r15-91q-maistir-laibe-marcach-m-t\/","name":"195\/65R15 91Q M\u00e1istir l\u00e1ibe marcach M\/T - Rider Tyres","isPartOf":{"@id":"https:\/\/rider-tyres.eu\/ga\/#website"},"primaryImageOfPage":{"@id":"https:\/\/rider-tyres.eu\/ga\/opona\/195-65r15-91q-maistir-laibe-marcach-m-t\/#primaryimage"},"image":{"@id":"https:\/\/rider-tyres.eu\/ga\/opona\/195-65r15-91q-maistir-laibe-marcach-m-t\/#primaryimage"},"thumbnailUrl":"https:\/\/rider-tyres.eu\/wp-content\/uploads\/2024\/03\/P1155269-e1715002987851.png","datePublished":"2024-06-03T11:51:12+00:00","dateModified":"2025-02-27T11:48:21+00:00","description":"Faigh amach feidhm\u00edocht gan s\u00e1r\u00fa le 195\/65R15 91Q M\u00e1istir l\u00e1ibe marcach M\/T , an bonn easbh\u00f3thair foirfe le haghaidh eachtra\u00ed \u00e9ilitheacha easbh\u00f3thair. Sol\u00e1thra\u00edonn greim eisceacht\u00fail, marthanacht agus compord tiom\u00e1na.","breadcrumb":{"@id":"https:\/\/rider-tyres.eu\/ga\/opona\/195-65r15-91q-maistir-laibe-marcach-m-t\/#breadcrumb"},"inLanguage":"ga-IE","potentialAction":[{"@type":"ReadAction","target":["https:\/\/rider-tyres.eu\/ga\/opona\/195-65r15-91q-maistir-laibe-marcach-m-t\/"]}]},{"@type":"ImageObject","inLanguage":"ga-IE","@id":"https:\/\/rider-tyres.eu\/ga\/opona\/195-65r15-91q-maistir-laibe-marcach-m-t\/#primaryimage","url":"https:\/\/rider-tyres.eu\/wp-content\/uploads\/2024\/03\/P1155269-e1715002987851.png","contentUrl":"https:\/\/rider-tyres.eu\/wp-content\/uploads\/2024\/03\/P1155269-e1715002987851.png","width":960,"height":1440,"caption":"M\u00e1istir l\u00e1ib rotha\u00ed"},{"@type":"BreadcrumbList","@id":"https:\/\/rider-tyres.eu\/ga\/opona\/195-65r15-91q-maistir-laibe-marcach-m-t\/#breadcrumb","itemListElement":[{"@type":"ListItem","position":1,"name":"Strona g\u0142\u00f3wna","item":"https:\/\/rider-tyres.eu\/ga\/"},{"@type":"ListItem","position":2,"name":"Boinn","item":"https:\/\/rider-tyres.eu\/boinn\/"},{"@type":"ListItem","position":3,"name":"195\/65R15 91Q M\u00e1istir l\u00e1ibe marcach M\/T"}]},{"@type":"WebSite","@id":"https:\/\/rider-tyres.eu\/ga\/#website","url":"https:\/\/rider-tyres.eu\/ga\/","name":"Rider Tyres","description":"Opony na ka\u017cdy teren","publisher":{"@id":"https:\/\/rider-tyres.eu\/ga\/#organization"},"potentialAction":[{"@type":"SearchAction","target":{"@type":"EntryPoint","urlTemplate":"https:\/\/rider-tyres.eu\/ga\/?s={search_term_string}"},"query-input":{"@type":"PropertyValueSpecification","valueRequired":true,"valueName":"search_term_string"}}],"inLanguage":"ga-IE"},{"@type":"Organization","@id":"https:\/\/rider-tyres.eu\/ga\/#organization","name":"Rider Tyres","url":"https:\/\/rider-tyres.eu\/ga\/","logo":{"@type":"ImageObject","inLanguage":"ga-IE","@id":"https:\/\/rider-tyres.eu\/ga\/#\/schema\/logo\/image\/","url":"https:\/\/rider-tyres.eu\/wp-content\/uploads\/2024\/02\/White-logo-no-background-01.svg","contentUrl":"https:\/\/rider-tyres.eu\/wp-content\/uploads\/2024\/02\/White-logo-no-background-01.svg","caption":"Rider Tyres"},"image":{"@id":"https:\/\/rider-tyres.eu\/ga\/#\/schema\/logo\/image\/"}}]}},"_links":{"self":[{"href":"https:\/\/rider-tyres.eu\/ga\/wp-json\/wp\/v2\/product\/10094","targetHints":{"allow":["GET"]}}],"collection":[{"href":"https:\/\/rider-tyres.eu\/ga\/wp-json\/wp\/v2\/product"}],"about":[{"href":"https:\/\/rider-tyres.eu\/ga\/wp-json\/wp\/v2\/types\/product"}],"replies":[{"embeddable":true,"href":"https:\/\/rider-tyres.eu\/ga\/wp-json\/wp\/v2\/comments?post=10094"}],"wp:featuredmedia":[{"embeddable":true,"href":"https:\/\/rider-tyres.eu\/ga\/wp-json\/wp\/v2\/media\/9752"}],"wp:attachment":[{"href":"https:\/\/rider-tyres.eu\/ga\/wp-json\/wp\/v2\/media?parent=10094"}],"wp:term":[{"taxonomy":"product_brand","embeddable":true,"href":"https:\/\/rider-tyres.eu\/ga\/wp-json\/wp\/v2\/product_brand?post=10094"},{"taxonomy":"product_cat","embeddable":true,"href":"https:\/\/rider-tyres.eu\/ga\/wp-json\/wp\/v2\/product_cat?post=10094"},{"taxonomy":"product_tag","embeddable":true,"href":"https:\/\/rider-tyres.eu\/ga\/wp-json\/wp\/v2\/product_tag?post=10094"}],"curies":[{"name":"wp","href":"https:\/\/api.w.org\/{rel}","templated":true}]}}