{"id":8874,"date":"2024-03-18T12:22:33","date_gmt":"2024-03-18T11:22:33","guid":{"rendered":"https:\/\/rider-tyres.eu\/beartas-priobhaideachta\/"},"modified":"2025-01-08T09:29:04","modified_gmt":"2025-01-08T08:29:04","slug":"beartas-priobhaideachta","status":"publish","type":"page","link":"https:\/\/rider-tyres.eu\/ga\/beartas-priobhaideachta\/","title":{"rendered":"Beartas Pr\u00edobh\u00e1ideachta"},"content":{"rendered":"\t\t<div data-elementor-type=\"wp-page\" data-elementor-id=\"8874\" class=\"elementor elementor-8874 elementor-599\" data-elementor-post-type=\"page\">\n\t\t\t\t<div class=\"elementor-element elementor-element-dab1aea e-flex e-con-boxed e-con e-parent\" data-id=\"dab1aea\" data-element_type=\"container\" data-e-type=\"container\" data-settings=\"{&quot;background_background&quot;:&quot;classic&quot;,&quot;jet_parallax_layout_list&quot;:[]}\">\n\t\t\t\t\t<div class=\"e-con-inner\">\n\t\t\t\t<div class=\"elementor-element elementor-element-40274cf elementor-widget elementor-widget-breadcrumbs\" data-id=\"40274cf\" data-element_type=\"widget\" data-e-type=\"widget\" data-widget_type=\"breadcrumbs.default\">\n\t\t\t\t<div class=\"elementor-widget-container\">\n\t\t\t\t\t<p id=\"breadcrumbs\"><span><span><a href=\"https:\/\/rider-tyres.eu\/ga\/\">Strona g\u0142\u00f3wna<\/a><\/span><\/span><\/p>\t\t\t\t<\/div>\n\t\t\t\t<\/div>\n\t\t\t\t<div class=\"elementor-element elementor-element-634eedf elementor-widget elementor-widget-heading\" data-id=\"634eedf\" data-element_type=\"widget\" data-e-type=\"widget\" data-widget_type=\"heading.default\">\n\t\t\t\t<div class=\"elementor-widget-container\">\n\t\t\t\t\t<h2 class=\"elementor-heading-title elementor-size-default\">Beartas Pr\u00edobh\u00e1ideachta<\/h2>\t\t\t\t<\/div>\n\t\t\t\t<\/div>\n\t\t\t\t\t<\/div>\n\t\t\t\t<\/div>\n\t\t<div class=\"elementor-element elementor-element-07ec720 e-flex e-con-boxed e-con e-parent\" data-id=\"07ec720\" data-element_type=\"container\" data-e-type=\"container\" data-settings=\"{&quot;jet_parallax_layout_list&quot;:[]}\">\n\t\t\t\t\t<div class=\"e-con-inner\">\n\t\t\t\t<div class=\"elementor-element elementor-element-7eb301f elementor-widget elementor-widget-html\" data-id=\"7eb301f\" data-element_type=\"widget\" data-e-type=\"widget\" data-widget_type=\"html.default\">\n\t\t\t\t<div class=\"elementor-widget-container\">\n\t\t\t\t\t<h1>Beartas Pr\u00edobh\u00e1ideachta<\/h1>\n    <p><strong>Nuashonr\u00fa is d\u00e9ana\u00ed:<\/strong> 24-Meitheamh-2024<br> <strong>D\u00e1ta \u00e9ifeachtach:<\/strong> 24-Meitheamh-2024<\/p>\n\n    <p>D\u00e9anann an Beartas Pr\u00edobh\u00e1ideachta seo cur s\u00edos ar bheartais Gerex sc, Adolfa Mitery 11, Malopolska 32-700, an Pholainn, r-phost: contact@rider-tyres.eu, teileaf\u00f3n: 14 615 90 14 maidir le baili\u00fa, \u00fas\u00e1id agus nochtadh na faisn\u00e9ise at\u00e1 againn bhaili\u00fa agus \u00e9 \u00e1 \u00fas\u00e1id \u00f3n\u00e1r su\u00edomh Gr\u00e9as\u00e1in ( <a href=\"https:\/\/rider-tyres.eu\/ga\/\">https:\/\/rider-tyres.eu<\/a> ) (\"Seirbh\u00eds\" anseo feasta). Tr\u00ed \u00fas\u00e1id a bhaint as an tSeirbh\u00eds, toil\u00edonn t\u00fa do chuid faisn\u00e9ise a bhaili\u00fa, a \u00fas\u00e1id agus a nochtadh de r\u00e9ir an Bheartais Pr\u00edobh\u00e1ideachta seo. Mura n-aonta\u00edonn t\u00fa leis seo, n\u00e1 h\u00fas\u00e1id an tSeirbh\u00eds le do thoil.  <\/p>\n\n    <p>F\u00e9adfaimid an Polasa\u00ed Pr\u00edobh\u00e1ideachta seo a athr\u00fa am ar bith gan f\u00f3gra a thabhairt roimh r\u00e9 agus post\u00e1lfaimid an Polasa\u00ed Pr\u00edobh\u00e1ideachta athbhreithnithe ar an tSeirbh\u00eds.  <strong>Beidh an Beartas leasaithe i bhfeidhm ar feadh 180 l\u00e1 \u00f3 dh\u00e1ta foilsithe na Seirbh\u00edse, agus is ionann \u00fas\u00e1id lean\u00fanach na Seirbh\u00edse tar \u00e9is an ama sin agus glacadh leis an mBeartas Pr\u00edobh\u00e1ideachta leasaithe.<\/strong>  Molaimid duit an leathanach seo a athbhreithni\u00fa go tr\u00e9imhsi\u00fail.<\/p>\n\n    <h2>Conas a \u00fas\u00e1idimid do chuid faisn\u00e9ise:<\/h2>\n    <p>\u00das\u00e1idfimid an fhaisn\u00e9is a bhail\u00edmid f\u00fat chun na cr\u00edocha seo a leanas:<\/p>\n    <ul>\n        <li>Marga\u00edocht\/Chur Chun Cinn<\/li>\n        <li>F\u00f3gra\u00edocht spriocdh\u00edrithe<\/li>\n    <\/ul>\n    <p>M\u00e1s mian linn do chuid faisn\u00e9ise a \u00fas\u00e1id chun aon chr\u00edche eile, iarrfaimid do thoili\u00fa agus n\u00ed \u00fas\u00e1idfimid do chuid faisn\u00e9ise ach amh\u00e1in le do thoili\u00fa, agus chun na cr\u00edche ar a dtoil\u00edonn t\u00fa amh\u00e1in, mura gceangla\u00edtear orainn a mhalairt a dh\u00e9anamh de r\u00e9ir an dl\u00ed.<\/p>\n\n    <h2>Conas a roinnimid do chuid faisn\u00e9ise:<\/h2>\n    <p><strong>N\u00ed roinnfimid do chuid faisn\u00e9ise pearsanta le tr\u00ed\u00fa p\u00e1irt\u00ed ar bith gan do thoili\u00fa, ach amh\u00e1in sna c\u00fains\u00ed teoranta a gcuirtear s\u00edos orthu th\u00edos:<\/strong><\/p>\n    <ul>\n        <li>Seirbh\u00eds\u00ed f\u00f3gra\u00edochta<\/li>\n        <li>Anail\u00eds\u00ed<\/li>\n    <\/ul>\n    <p>\u00c9il\u00edmid nach n-\u00fas\u00e1ideann tr\u00ed\u00fa p\u00e1irtithe den s\u00f3rt sin an fhaisn\u00e9is phearsanta a chuirtear ar f\u00e1il d\u00f3ibh ach amh\u00e1in chun na cr\u00edche ar cuireadh ar f\u00e1il \u00ed agus nach gcoime\u00e1dfaidh siad \u00ed ar feadh tr\u00e9imhse n\u00edos faide n\u00e1 mar is g\u00e1 chun na cr\u00edche sin. F\u00e9adfaimid freisin do chuid faisn\u00e9ise pearsanta a nochtadh sna himthosca seo a leanas: (1) clo\u00ed le haon dl\u00ed, rialach\u00e1n, ord\u00fa c\u00fairte n\u00f3 pr\u00f3iseas dl\u00edthi\u00fail eile is infheidhme; (2) \u00e1r gcomhaontuithe leat a fhorfheidhmi\u00fa, lena n-\u00e1ir\u00edtear an Beartas Pr\u00edobh\u00e1ideachta seo; n\u00f3 (3) chun freagra a thabhairt ar \u00e9ilimh go s\u00e1ra\u00edonn do \u00fas\u00e1id na Seirbh\u00edse cearta tr\u00ed\u00fa p\u00e1irtithe. M\u00e1 dh\u00e9antar an tSeirbh\u00eds n\u00f3 \u00e1r gcuideachta a fh\u00e1il n\u00f3 a chumasc le cuideachta eile, bheadh \u200b\u200bdo chuid faisn\u00e9ise ar cheann de na s\u00f3cmhainn\u00ed aistrithe chuig an \u00fain\u00e9ir nua.  <\/p>\n\n    <h2>Do chearta:<\/h2>\n    <p>Ag brath ar an dl\u00ed is infheidhme, d\u2019fh\u00e9adfadh go mbeadh s\u00e9 de cheart agat do shonra\u00ed pearsanta a rochtain, a cheart\u00fa n\u00f3 a scriosadh, c\u00f3ip de do shonra\u00ed pearsanta a fh\u00e1il, teorainn a chur le pr\u00f3ise\u00e1il ghn\u00edomhach do shonra\u00ed n\u00f3 cur i gcoinne pr\u00f3ise\u00e1il ghn\u00edomhach do shonra\u00ed, iarraidh orainn do shonra\u00ed pearsanta a aistri\u00fa chuig aon\u00e1n eile, toili\u00fa le pr\u00f3ise\u00e1il do shonra\u00ed a tharraingt siar agus an ceart chun gear\u00e1n a dh\u00e9anamh leis an \u00fadar\u00e1s maoirseachta. Chun na cearta seo a fheidhmi\u00fa, is f\u00e9idir leat scr\u00edobh chugainn ag <a href=\"\">contact@rider-tyres.eu<\/a> . Tabharfaimid freagra ar d\u2019iarratas de r\u00e9ir an dl\u00ed is infheidhme. Tabhair faoi deara, le do thoil, mura gceada\u00edonn t\u00fa d\u00fainn na sonra\u00ed pearsanta iarrtha a bhaili\u00fa n\u00f3 a phr\u00f3ise\u00e1il, n\u00f3 m\u00e1 tharraing\u00edonn t\u00fa do thoili\u00fa siar chun iad a phr\u00f3ise\u00e1il chun na gcr\u00edoch riachtanacha, seans nach mbeidh t\u00fa in ann an tSeirbh\u00eds a rochtain n\u00e1 a \u00fas\u00e1id.   <\/p>\n\n    <h2>Fian\u00e1in srl.<\/h2>\n    <p>Chun tuilleadh a fhoghlaim faoin gcaoi a n-\u00fas\u00e1idimid na teicneola\u00edochta\u00ed seo agus na roghanna at\u00e1 agat maidir leis na teicneola\u00edochta\u00ed rianaithe seo, le do thoil athbhreithnigh \u00e1r <a href=\"#cookie-policy\">mBeartas Fian\u00e1n<\/a> .<\/p>\n\n    <h2>Sl\u00e1nd\u00e1il:<\/h2>\n    <p><strong>T\u00e1 sl\u00e1nd\u00e1il do chuid faisn\u00e9ise t\u00e1bhachtach d\u00fainn agus \u00fas\u00e1idfimid bearta sl\u00e1nd\u00e1la r\u00e9as\u00fanta chun cosc \u200b\u200ba chur ar chaillteanas, ar mh\u00ed-\u00fas\u00e1id n\u00f3 ar athr\u00fa neamh\u00fadaraithe ar do chuid faisn\u00e9ise fad is at\u00e1 s\u00e9 faoi \u00e1r smacht.<\/strong>  Mar sin f\u00e9in, mar gheall ar riosca\u00ed d\u00fachasacha, n\u00ed f\u00e9idir linn sl\u00e1nd\u00e1il ioml\u00e1n a r\u00e1th\u00fa agus, d\u00e1 bhr\u00ed sin, n\u00ed f\u00e9idir linn sl\u00e1nd\u00e1il aon fhaisn\u00e9ise a sheolann t\u00fa chugainn a chinnti\u00fa n\u00f3 a r\u00e1th\u00fa, agus is ar do phriacal f\u00e9in a dh\u00e9anann t\u00fa amhlaidh.<\/p>\n\n    <h2>Naisc tr\u00ed\u00fa p\u00e1irt\u00ed agus \u00fas\u00e1id do chuid faisn\u00e9ise:<\/h2>\n    <p>D\u2019fh\u00e9adfadh naisc chuig l\u00e1ithre\u00e1in ghr\u00e9as\u00e1in eile nach bhfuil \u00e1 bhfeidhmi\u00fa againn a bheith in\u00e1r Seirbh\u00eds. N\u00ed thugann an Beartas Pr\u00edobh\u00e1ideachta seo aghaidh ar bheartais phr\u00edobh\u00e1ideachta n\u00e1 ar chleachtais eile aon tr\u00ed\u00fa p\u00e1irtithe, lena n-\u00e1ir\u00edtear aon tr\u00ed\u00fa p\u00e1irtithe a oibr\u00edonn aon su\u00edomh Gr\u00e9as\u00e1in n\u00f3 seirbh\u00eds a d'fh\u00e9adfadh a bheith inrochtana tr\u00ed nasc ar an tSeirbh\u00eds. Molaimid go l\u00e1idir duit athbhreithni\u00fa a dh\u00e9anamh ar pholasa\u00ed pr\u00edobh\u00e1ideachta gach l\u00e1ithre\u00e1n gr\u00e9as\u00e1in a dtugann t\u00fa cuairt air. N\u00edl aon smacht againn ar, agus n\u00edl muid freagrach as, \u00e1bhar, polasaithe pr\u00edobh\u00e1ideachta n\u00f3 cleachtais aon tr\u00ed\u00fa p\u00e1irtithe n\u00f3 seirbh\u00eds\u00ed.   <\/p>\n\n    <h2>Oifigeach Gear\u00e1n\/Cosanta Sonra\u00ed: <\/h2>\n    <p>M\u00e1 t\u00e1 aon cheist n\u00f3 imn\u00ed ort maidir le pr\u00f3ise\u00e1il do chuid faisn\u00e9ise at\u00e1 ar f\u00e1il uainn, is f\u00e9idir leat r\u00edomhphost a sheoladh chuig \u00e1r nOifigeach Gear\u00e1n ag Gerex sc, 32-700 Bochnia, Adolfa Mitery 11, r-phost: <a href=\"mailto:contact@rider-tyres.eu\">contact@rider - tires.eu<\/a> . Tabharfaimid freagra ar do chuid imn\u00ed de r\u00e9ir an dl\u00ed is infheidhme.  <\/p>\n\t\t\t\t<\/div>\n\t\t\t\t<\/div>\n\t\t\t\t\t<\/div>\n\t\t\t\t<\/div>\n\t\t<div class=\"elementor-element elementor-element-0f5ac2a e-flex e-con-boxed e-con e-parent\" data-id=\"0f5ac2a\" data-element_type=\"container\" data-e-type=\"container\" data-settings=\"{&quot;jet_parallax_layout_list&quot;:[]}\">\n\t\t\t\t\t<div class=\"e-con-inner\">\n\t\t\t\t\t<\/div>\n\t\t\t\t<\/div>\n\t\t\t\t<\/div>\n\t\t","protected":false},"excerpt":{"rendered":"<p>Beartas Pr\u00edobh\u00e1ideachta Nuashonr\u00fa is d\u00e9ana\u00ed: 24-Meitheamh-2024 D\u00e1ta \u00e9ifeachtach: 24-Meitheamh-2024 D\u00e9anann an Beartas Pr\u00edobh\u00e1ideachta seo cur s\u00edos ar bheartais Gerex sc, Adolfa Mitery 11, Malopolska 32-700, an Pholainn, r-phost: contact@rider-tyres.eu, teileaf\u00f3n: 14 615 90 14 maidir le baili\u00fa, \u00fas\u00e1id agus nochtadh na faisn\u00e9ise at\u00e1 againn bhaili\u00fa agus \u00e9 \u00e1 \u00fas\u00e1id \u00f3n\u00e1r su\u00edomh Gr\u00e9as\u00e1in ( https:\/\/rider-tyres.eu ) [&hellip;]<\/p>\n","protected":false},"author":1,"featured_media":0,"parent":0,"menu_order":0,"comment_status":"closed","ping_status":"closed","template":"elementor_header_footer","meta":{"footnotes":""},"class_list":["post-8874","page","type-page","status-publish","hentry"],"yoast_head":"<!-- This site is optimized with the Yoast SEO plugin v27.3 - https:\/\/yoast.com\/product\/yoast-seo-wordpress\/ -->\n<title>Beartas Pr\u00edobh\u00e1ideachta - Rider Tyres<\/title>\n<meta name=\"robots\" content=\"index, follow, max-snippet:-1, max-image-preview:large, max-video-preview:-1\" \/>\n<link rel=\"canonical\" href=\"https:\/\/rider-tyres.eu\/ga\/beartas-priobhaideachta\/\" \/>\n<meta property=\"og:locale\" content=\"ga_IE\" \/>\n<meta property=\"og:type\" content=\"article\" \/>\n<meta property=\"og:title\" content=\"Beartas Pr\u00edobh\u00e1ideachta - Rider Tyres\" \/>\n<meta property=\"og:description\" content=\"Beartas Pr\u00edobh\u00e1ideachta Nuashonr\u00fa is d\u00e9ana\u00ed: 24-Meitheamh-2024 D\u00e1ta \u00e9ifeachtach: 24-Meitheamh-2024 D\u00e9anann an Beartas Pr\u00edobh\u00e1ideachta seo cur s\u00edos ar bheartais Gerex sc, Adolfa Mitery 11, Malopolska 32-700, an Pholainn, r-phost: contact@rider-tyres.eu, teileaf\u00f3n: 14 615 90 14 maidir le baili\u00fa, \u00fas\u00e1id agus nochtadh na faisn\u00e9ise at\u00e1 againn bhaili\u00fa agus \u00e9 \u00e1 \u00fas\u00e1id \u00f3n\u00e1r su\u00edomh Gr\u00e9as\u00e1in ( https:\/\/rider-tyres.eu ) [&hellip;]\" \/>\n<meta property=\"og:url\" content=\"https:\/\/rider-tyres.eu\/ga\/beartas-priobhaideachta\/\" \/>\n<meta property=\"og:site_name\" content=\"Rider Tyres\" \/>\n<meta property=\"article:modified_time\" content=\"2025-01-08T08:29:04+00:00\" \/>\n<meta name=\"twitter:card\" content=\"summary_large_image\" \/>\n<meta name=\"twitter:label1\" content=\"Est. reading time\" \/>\n\t<meta name=\"twitter:data1\" content=\"5 minutes\" \/>\n<script type=\"application\/ld+json\" class=\"yoast-schema-graph\">{\"@context\":\"https:\\\/\\\/schema.org\",\"@graph\":[{\"@type\":\"WebPage\",\"@id\":\"https:\\\/\\\/rider-tyres.eu\\\/ga\\\/beartas-priobhaideachta\\\/\",\"url\":\"https:\\\/\\\/rider-tyres.eu\\\/ga\\\/beartas-priobhaideachta\\\/\",\"name\":\"Beartas Pr\u00edobh\u00e1ideachta - Rider Tyres\",\"isPartOf\":{\"@id\":\"https:\\\/\\\/rider-tyres.eu\\\/ga\\\/#website\"},\"datePublished\":\"2024-03-18T11:22:33+00:00\",\"dateModified\":\"2025-01-08T08:29:04+00:00\",\"breadcrumb\":{\"@id\":\"https:\\\/\\\/rider-tyres.eu\\\/ga\\\/beartas-priobhaideachta\\\/#breadcrumb\"},\"inLanguage\":\"ga-IE\",\"potentialAction\":[{\"@type\":\"ReadAction\",\"target\":[\"https:\\\/\\\/rider-tyres.eu\\\/ga\\\/beartas-priobhaideachta\\\/\"]}]},{\"@type\":\"BreadcrumbList\",\"@id\":\"https:\\\/\\\/rider-tyres.eu\\\/ga\\\/beartas-priobhaideachta\\\/#breadcrumb\",\"itemListElement\":[{\"@type\":\"ListItem\",\"position\":1,\"name\":\"Strona g\u0142\u00f3wna\",\"item\":\"https:\\\/\\\/rider-tyres.eu\\\/ga\\\/\"},{\"@type\":\"ListItem\",\"position\":2,\"name\":\"Beartas Pr\u00edobh\u00e1ideachta\"}]},{\"@type\":\"WebSite\",\"@id\":\"https:\\\/\\\/rider-tyres.eu\\\/ga\\\/#website\",\"url\":\"https:\\\/\\\/rider-tyres.eu\\\/ga\\\/\",\"name\":\"Rider Tyres\",\"description\":\"Opony na ka\u017cdy teren\",\"publisher\":{\"@id\":\"https:\\\/\\\/rider-tyres.eu\\\/ga\\\/#organization\"},\"potentialAction\":[{\"@type\":\"SearchAction\",\"target\":{\"@type\":\"EntryPoint\",\"urlTemplate\":\"https:\\\/\\\/rider-tyres.eu\\\/ga\\\/?s={search_term_string}\"},\"query-input\":{\"@type\":\"PropertyValueSpecification\",\"valueRequired\":true,\"valueName\":\"search_term_string\"}}],\"inLanguage\":\"ga-IE\"},{\"@type\":\"Organization\",\"@id\":\"https:\\\/\\\/rider-tyres.eu\\\/ga\\\/#organization\",\"name\":\"Rider Tyres\",\"url\":\"https:\\\/\\\/rider-tyres.eu\\\/ga\\\/\",\"logo\":{\"@type\":\"ImageObject\",\"inLanguage\":\"ga-IE\",\"@id\":\"https:\\\/\\\/rider-tyres.eu\\\/ga\\\/#\\\/schema\\\/logo\\\/image\\\/\",\"url\":\"https:\\\/\\\/rider-tyres.eu\\\/wp-content\\\/uploads\\\/2024\\\/02\\\/White-logo-no-background-01.svg\",\"contentUrl\":\"https:\\\/\\\/rider-tyres.eu\\\/wp-content\\\/uploads\\\/2024\\\/02\\\/White-logo-no-background-01.svg\",\"caption\":\"Rider Tyres\"},\"image\":{\"@id\":\"https:\\\/\\\/rider-tyres.eu\\\/ga\\\/#\\\/schema\\\/logo\\\/image\\\/\"}}]}<\/script>\n<!-- \/ Yoast SEO plugin. -->","yoast_head_json":{"title":"Beartas Pr\u00edobh\u00e1ideachta - Rider Tyres","robots":{"index":"index","follow":"follow","max-snippet":"max-snippet:-1","max-image-preview":"max-image-preview:large","max-video-preview":"max-video-preview:-1"},"canonical":"https:\/\/rider-tyres.eu\/ga\/beartas-priobhaideachta\/","og_locale":"ga_IE","og_type":"article","og_title":"Beartas Pr\u00edobh\u00e1ideachta - Rider Tyres","og_description":"Beartas Pr\u00edobh\u00e1ideachta Nuashonr\u00fa is d\u00e9ana\u00ed: 24-Meitheamh-2024 D\u00e1ta \u00e9ifeachtach: 24-Meitheamh-2024 D\u00e9anann an Beartas Pr\u00edobh\u00e1ideachta seo cur s\u00edos ar bheartais Gerex sc, Adolfa Mitery 11, Malopolska 32-700, an Pholainn, r-phost: contact@rider-tyres.eu, teileaf\u00f3n: 14 615 90 14 maidir le baili\u00fa, \u00fas\u00e1id agus nochtadh na faisn\u00e9ise at\u00e1 againn bhaili\u00fa agus \u00e9 \u00e1 \u00fas\u00e1id \u00f3n\u00e1r su\u00edomh Gr\u00e9as\u00e1in ( https:\/\/rider-tyres.eu ) [&hellip;]","og_url":"https:\/\/rider-tyres.eu\/ga\/beartas-priobhaideachta\/","og_site_name":"Rider Tyres","article_modified_time":"2025-01-08T08:29:04+00:00","twitter_card":"summary_large_image","twitter_misc":{"Est. reading time":"5 minutes"},"schema":{"@context":"https:\/\/schema.org","@graph":[{"@type":"WebPage","@id":"https:\/\/rider-tyres.eu\/ga\/beartas-priobhaideachta\/","url":"https:\/\/rider-tyres.eu\/ga\/beartas-priobhaideachta\/","name":"Beartas Pr\u00edobh\u00e1ideachta - Rider Tyres","isPartOf":{"@id":"https:\/\/rider-tyres.eu\/ga\/#website"},"datePublished":"2024-03-18T11:22:33+00:00","dateModified":"2025-01-08T08:29:04+00:00","breadcrumb":{"@id":"https:\/\/rider-tyres.eu\/ga\/beartas-priobhaideachta\/#breadcrumb"},"inLanguage":"ga-IE","potentialAction":[{"@type":"ReadAction","target":["https:\/\/rider-tyres.eu\/ga\/beartas-priobhaideachta\/"]}]},{"@type":"BreadcrumbList","@id":"https:\/\/rider-tyres.eu\/ga\/beartas-priobhaideachta\/#breadcrumb","itemListElement":[{"@type":"ListItem","position":1,"name":"Strona g\u0142\u00f3wna","item":"https:\/\/rider-tyres.eu\/ga\/"},{"@type":"ListItem","position":2,"name":"Beartas Pr\u00edobh\u00e1ideachta"}]},{"@type":"WebSite","@id":"https:\/\/rider-tyres.eu\/ga\/#website","url":"https:\/\/rider-tyres.eu\/ga\/","name":"Rider Tyres","description":"Opony na ka\u017cdy teren","publisher":{"@id":"https:\/\/rider-tyres.eu\/ga\/#organization"},"potentialAction":[{"@type":"SearchAction","target":{"@type":"EntryPoint","urlTemplate":"https:\/\/rider-tyres.eu\/ga\/?s={search_term_string}"},"query-input":{"@type":"PropertyValueSpecification","valueRequired":true,"valueName":"search_term_string"}}],"inLanguage":"ga-IE"},{"@type":"Organization","@id":"https:\/\/rider-tyres.eu\/ga\/#organization","name":"Rider Tyres","url":"https:\/\/rider-tyres.eu\/ga\/","logo":{"@type":"ImageObject","inLanguage":"ga-IE","@id":"https:\/\/rider-tyres.eu\/ga\/#\/schema\/logo\/image\/","url":"https:\/\/rider-tyres.eu\/wp-content\/uploads\/2024\/02\/White-logo-no-background-01.svg","contentUrl":"https:\/\/rider-tyres.eu\/wp-content\/uploads\/2024\/02\/White-logo-no-background-01.svg","caption":"Rider Tyres"},"image":{"@id":"https:\/\/rider-tyres.eu\/ga\/#\/schema\/logo\/image\/"}}]}},"_links":{"self":[{"href":"https:\/\/rider-tyres.eu\/ga\/wp-json\/wp\/v2\/pages\/8874","targetHints":{"allow":["GET"]}}],"collection":[{"href":"https:\/\/rider-tyres.eu\/ga\/wp-json\/wp\/v2\/pages"}],"about":[{"href":"https:\/\/rider-tyres.eu\/ga\/wp-json\/wp\/v2\/types\/page"}],"author":[{"embeddable":true,"href":"https:\/\/rider-tyres.eu\/ga\/wp-json\/wp\/v2\/users\/1"}],"replies":[{"embeddable":true,"href":"https:\/\/rider-tyres.eu\/ga\/wp-json\/wp\/v2\/comments?post=8874"}],"version-history":[{"count":3,"href":"https:\/\/rider-tyres.eu\/ga\/wp-json\/wp\/v2\/pages\/8874\/revisions"}],"predecessor-version":[{"id":9993,"href":"https:\/\/rider-tyres.eu\/ga\/wp-json\/wp\/v2\/pages\/8874\/revisions\/9993"}],"wp:attachment":[{"href":"https:\/\/rider-tyres.eu\/ga\/wp-json\/wp\/v2\/media?parent=8874"}],"curies":[{"name":"wp","href":"https:\/\/api.w.org\/{rel}","templated":true}]}}