{"id":8956,"date":"2024-03-18T12:22:33","date_gmt":"2024-03-18T11:22:33","guid":{"rendered":"https:\/\/rider-tyres.eu\/politique-de-confidentialite\/"},"modified":"2025-01-08T09:29:04","modified_gmt":"2025-01-08T08:29:04","slug":"politique-de-confidentialite","status":"publish","type":"page","link":"https:\/\/rider-tyres.eu\/fr\/politique-de-confidentialite\/","title":{"rendered":"Politique de confidentialit\u00e9"},"content":{"rendered":"\t\t<div data-elementor-type=\"wp-page\" data-elementor-id=\"8956\" class=\"elementor elementor-8956 elementor-599\" data-elementor-post-type=\"page\">\n\t\t\t\t<div class=\"elementor-element elementor-element-dab1aea e-flex e-con-boxed e-con e-parent\" data-id=\"dab1aea\" data-element_type=\"container\" data-e-type=\"container\" data-settings=\"{&quot;background_background&quot;:&quot;classic&quot;,&quot;jet_parallax_layout_list&quot;:[]}\">\n\t\t\t\t\t<div class=\"e-con-inner\">\n\t\t\t\t<div class=\"elementor-element elementor-element-40274cf elementor-widget elementor-widget-breadcrumbs\" data-id=\"40274cf\" data-element_type=\"widget\" data-e-type=\"widget\" data-widget_type=\"breadcrumbs.default\">\n\t\t\t\t<div class=\"elementor-widget-container\">\n\t\t\t\t\t<p id=\"breadcrumbs\"><span><span><a href=\"https:\/\/rider-tyres.eu\/fr\/\">Strona g\u0142\u00f3wna<\/a><\/span><\/span><\/p>\t\t\t\t<\/div>\n\t\t\t\t<\/div>\n\t\t\t\t<div class=\"elementor-element elementor-element-634eedf elementor-widget elementor-widget-heading\" data-id=\"634eedf\" data-element_type=\"widget\" data-e-type=\"widget\" data-widget_type=\"heading.default\">\n\t\t\t\t<div class=\"elementor-widget-container\">\n\t\t\t\t\t<h2 class=\"elementor-heading-title elementor-size-default\">Politique de confidentialit\u00e9<\/h2>\t\t\t\t<\/div>\n\t\t\t\t<\/div>\n\t\t\t\t\t<\/div>\n\t\t\t\t<\/div>\n\t\t<div class=\"elementor-element elementor-element-07ec720 e-flex e-con-boxed e-con e-parent\" data-id=\"07ec720\" data-element_type=\"container\" data-e-type=\"container\" data-settings=\"{&quot;jet_parallax_layout_list&quot;:[]}\">\n\t\t\t\t\t<div class=\"e-con-inner\">\n\t\t\t\t<div class=\"elementor-element elementor-element-7eb301f elementor-widget elementor-widget-html\" data-id=\"7eb301f\" data-element_type=\"widget\" data-e-type=\"widget\" data-widget_type=\"html.default\">\n\t\t\t\t<div class=\"elementor-widget-container\">\n\t\t\t\t\t<h1>Politique de confidentialit\u00e9<\/h1>\n    <p><br>D<strong>erni\u00e8re mise \u00e0 jour :<\/strong> 24-Jun-2024<strong>Date d'entr\u00e9e en<\/strong><strong>vigueur :<\/strong> 24-Juin-2024<\/p>\n\n    <p>La pr\u00e9sente politique de confidentialit\u00e9 d\u00e9crit la politique de Gerex s.c., Adolfa Mitery 11, Malopolska 32-700, Pologne, e-mail : contact@rider-tyres.eu, t\u00e9l\u00e9phone : 14 615 90 14, concernant la collecte, l'utilisation et la divulgation des informations que nous recueillons lorsque vous utilisez notre site web ( <a href=\"https:\/\/rider-tyres.eu\/fr\/\">https:\/\/rider-tyres.eu<\/a> ) (ci-apr\u00e8s le \"Service\"). En utilisant le Service, vous consentez \u00e0 la collecte, \u00e0 l'utilisation et \u00e0 la divulgation de vos informations conform\u00e9ment \u00e0 la pr\u00e9sente politique de confidentialit\u00e9. Si vous n'\u00eates pas d'accord, veuillez ne pas utiliser le service.  <\/p>\n\n    <p>Nous pouvons modifier la pr\u00e9sente politique de confidentialit\u00e9 \u00e0 tout moment sans pr\u00e9avis et nous publierons la politique de confidentialit\u00e9 r\u00e9vis\u00e9e sur le service.  <strong>La politique r\u00e9vis\u00e9e entrera en vigueur 180 jours apr\u00e8s sa publication sur le service, et votre utilisation continue du service apr\u00e8s ce d\u00e9lai constituera votre acceptation de la politique r\u00e9vis\u00e9e de protection de la vie priv\u00e9e.<\/strong>  Nous vous recommandons de consulter r\u00e9guli\u00e8rement cette page.<\/p>\n\n    <h2>Comment nous utilisons vos informations :<\/h2>\n    <p>Nous utiliserons les informations que nous recueillons \u00e0 votre sujet aux fins suivantes :<\/p>\n    <ul>\n        <li>Marketing\/Promotion<\/li>\n        <li>Publicit\u00e9 cibl\u00e9e<\/li>\n    <\/ul>\n    <p>Si nous voulons utiliser vos informations \u00e0 d'autres fins, nous vous demanderons votre consentement et nous n'utiliserons vos informations qu'apr\u00e8s avoir obtenu votre consentement, et uniquement aux fins pour lesquelles vous avez donn\u00e9 votre consentement, \u00e0 moins que la loi ne nous oblige \u00e0 faire autrement.<\/p>\n\n    <h2>Comment nous partageons vos informations :<\/h2>\n    <p><strong>Nous ne transmettrons pas vos donn\u00e9es \u00e0 caract\u00e8re personnel \u00e0 des tiers sans votre consentement, sauf dans les circonstances limit\u00e9es d\u00e9crites ci-dessous :<\/strong><\/p>\n    <ul>\n        <li>Services de publicit\u00e9<\/li>\n        <li>Analyses<\/li>\n    <\/ul>\n    <p>Nous exigeons de ces tiers qu'ils n'utilisent les donn\u00e9es \u00e0 caract\u00e8re personnel qui leur sont fournies qu'aux fins pour lesquelles elles ont \u00e9t\u00e9 fournies et qu'ils ne les conservent pas plus longtemps qu'il n'est n\u00e9cessaire pour atteindre ces fins.\nNous pouvons \u00e9galement divulguer vos donn\u00e9es \u00e0 caract\u00e8re personnel dans les cas suivants : (1) pour nous conformer \u00e0 la loi, \u00e0 la r\u00e9glementation, \u00e0 l'ordonnance d'un tribunal ou \u00e0 toute autre proc\u00e9dure judiciaire applicable ; (2) pour faire appliquer nos accords avec vous, y compris la pr\u00e9sente politique de confidentialit\u00e9 ; ou (3) pour r\u00e9pondre \u00e0 des r\u00e9clamations selon lesquelles votre utilisation du service viole les droits de tiers.\nSi le service ou notre soci\u00e9t\u00e9 est acquis ou fusionn\u00e9 avec une autre soci\u00e9t\u00e9, vos informations feront partie des actifs transf\u00e9r\u00e9s au nouveau propri\u00e9taire.  <\/p>\n\n    <h2>Vos droits :<\/h2>\n    <p>Selon le droit applicable, vous pouvez avoir le droit d'acc\u00e9der, de rectifier ou d'effacer vos donn\u00e9es \u00e0 caract\u00e8re personnel, d'obtenir une copie de vos donn\u00e9es \u00e0 caract\u00e8re personnel, de restreindre le traitement actif de vos donn\u00e9es ou de vous y opposer, de nous demander de transf\u00e9rer vos donn\u00e9es \u00e0 caract\u00e8re personnel \u00e0 une autre entit\u00e9, de retirer votre consentement au traitement de vos donn\u00e9es et d'introduire une r\u00e9clamation aupr\u00e8s d'une autorit\u00e9 de contr\u00f4le.\nPour exercer ces droits, vous pouvez nous \u00e9crire \u00e0 <a href=\"\">contact@rider-tyres.eu.<\/a>\nNous r\u00e9pondrons \u00e0 votre demande conform\u00e9ment \u00e0 la l\u00e9gislation applicable.\nVeuillez noter que si vous ne nous autorisez pas \u00e0 collecter ou \u00e0 traiter les donn\u00e9es \u00e0 caract\u00e8re personnel que vous avez demand\u00e9es, ou si vous retirez votre consentement \u00e0 leur traitement aux fins demand\u00e9es, il se peut que vous ne puissiez pas acc\u00e9der au service ou l'utiliser.   <\/p>\n\n    <h2>Cookies, etc.<\/h2>\n    <p>Pour en savoir plus sur la mani\u00e8re dont nous utilisons ces technologies et sur les choix qui s'offrent \u00e0 vous en ce qui concerne ces technologies de suivi, veuillez consulter notre <a href=\"#cookie-policy\">politique en mati\u00e8re de cookies.<\/a><\/p>\n\n    <h2>La s\u00e9curit\u00e9 :<\/h2>\n    <p><strong>La s\u00e9curit\u00e9 de vos informations est importante pour nous et nous utiliserons des mesures de s\u00e9curit\u00e9 raisonnables pour emp\u00eacher la perte, l'utilisation abusive ou la modification non autoris\u00e9e de vos informations qui sont sous notre contr\u00f4le.<\/strong>  Toutefois, en raison des risques inh\u00e9rents, nous ne pouvons pas garantir une s\u00e9curit\u00e9 absolue et, par cons\u00e9quent, nous ne pouvons pas assurer ou garantir la s\u00e9curit\u00e9 des informations que vous nous fournissez et vous le faites \u00e0 vos propres risques.<\/p>\n\n    <h2>Liens avec des tiers et utilisation de vos informations :<\/h2>\n    <p>Notre service peut contenir des liens vers d'autres sites web qui ne sont pas exploit\u00e9s par nous.\nLa pr\u00e9sente politique de confidentialit\u00e9 ne concerne pas les politiques de confidentialit\u00e9 ni les autres pratiques des tiers, y compris des tiers exploitant un site web ou un service accessible par un lien sur le service.\nNous vous recommandons vivement de consulter la politique de confidentialit\u00e9 de chaque site que vous visitez.\nNous n'avons aucun contr\u00f4le sur le contenu, les politiques de confidentialit\u00e9 ou les pratiques des sites ou services tiers, et nous n'en sommes pas responsables.   <\/p>\n\n    <h2>D\u00e9l\u00e9gu\u00e9 \u00e0 la protection des donn\u00e9es.\nplaintes\/protection des donn\u00e9es : <\/h2>\n    <p>Si vous avez des questions ou des pr\u00e9occupations concernant le traitement de vos informations par nos soins, vous pouvez envoyer un courriel \u00e0 notre responsable des plaintes \u00e0 Gerex s.c., 32-700 Bochnia, Adolfa Mitery 11, courriel : <a href=\"\">contact@rider-tyres.eu.<\/a> Nous r\u00e9pondrons \u00e0 vos pr\u00e9occupations conform\u00e9ment \u00e0 la loi applicable.  <\/p>\n\t\t\t\t<\/div>\n\t\t\t\t<\/div>\n\t\t\t\t\t<\/div>\n\t\t\t\t<\/div>\n\t\t<div class=\"elementor-element elementor-element-0f5ac2a e-flex e-con-boxed e-con e-parent\" data-id=\"0f5ac2a\" data-element_type=\"container\" data-e-type=\"container\" data-settings=\"{&quot;jet_parallax_layout_list&quot;:[]}\">\n\t\t\t\t\t<div class=\"e-con-inner\">\n\t\t\t\t\t<\/div>\n\t\t\t\t<\/div>\n\t\t\t\t<\/div>\n\t\t","protected":false},"excerpt":{"rendered":"<p>Politique de confidentialit\u00e9 Derni\u00e8re mise \u00e0 jour : 24-Jun-2024Date d&rsquo;entr\u00e9e envigueur : 24-Juin-2024 La pr\u00e9sente politique de confidentialit\u00e9 d\u00e9crit la politique de Gerex s.c., Adolfa Mitery 11, Malopolska 32-700, Pologne, e-mail : contact@rider-tyres.eu, t\u00e9l\u00e9phone : 14 615 90 14, concernant la collecte, l&rsquo;utilisation et la divulgation des informations que nous recueillons lorsque vous utilisez notre [&hellip;]<\/p>\n","protected":false},"author":1,"featured_media":0,"parent":0,"menu_order":0,"comment_status":"closed","ping_status":"closed","template":"elementor_header_footer","meta":{"footnotes":""},"class_list":["post-8956","page","type-page","status-publish","hentry"],"yoast_head":"<!-- This site is optimized with the Yoast SEO plugin v27.3 - https:\/\/yoast.com\/product\/yoast-seo-wordpress\/ -->\n<title>Politique de confidentialit\u00e9 - Rider Tyres<\/title>\n<meta name=\"robots\" content=\"index, follow, max-snippet:-1, max-image-preview:large, max-video-preview:-1\" \/>\n<link rel=\"canonical\" href=\"https:\/\/rider-tyres.eu\/fr\/politique-de-confidentialite\/\" \/>\n<meta property=\"og:locale\" content=\"fr_FR\" \/>\n<meta property=\"og:type\" content=\"article\" \/>\n<meta property=\"og:title\" content=\"Politique de confidentialit\u00e9 - Rider Tyres\" \/>\n<meta property=\"og:description\" content=\"Politique de confidentialit\u00e9 Derni\u00e8re mise \u00e0 jour : 24-Jun-2024Date d&rsquo;entr\u00e9e envigueur : 24-Juin-2024 La pr\u00e9sente politique de confidentialit\u00e9 d\u00e9crit la politique de Gerex s.c., Adolfa Mitery 11, Malopolska 32-700, Pologne, e-mail : contact@rider-tyres.eu, t\u00e9l\u00e9phone : 14 615 90 14, concernant la collecte, l&rsquo;utilisation et la divulgation des informations que nous recueillons lorsque vous utilisez notre [&hellip;]\" \/>\n<meta property=\"og:url\" content=\"https:\/\/rider-tyres.eu\/fr\/politique-de-confidentialite\/\" \/>\n<meta property=\"og:site_name\" content=\"Rider Tyres\" \/>\n<meta property=\"article:modified_time\" content=\"2025-01-08T08:29:04+00:00\" \/>\n<meta name=\"twitter:card\" content=\"summary_large_image\" \/>\n<meta name=\"twitter:label1\" content=\"Dur\u00e9e de lecture estim\u00e9e\" \/>\n\t<meta name=\"twitter:data1\" content=\"4 minutes\" \/>\n<script type=\"application\/ld+json\" class=\"yoast-schema-graph\">{\"@context\":\"https:\\\/\\\/schema.org\",\"@graph\":[{\"@type\":\"WebPage\",\"@id\":\"https:\\\/\\\/rider-tyres.eu\\\/fr\\\/politique-de-confidentialite\\\/\",\"url\":\"https:\\\/\\\/rider-tyres.eu\\\/fr\\\/politique-de-confidentialite\\\/\",\"name\":\"Politique de confidentialit\u00e9 - Rider Tyres\",\"isPartOf\":{\"@id\":\"https:\\\/\\\/rider-tyres.eu\\\/fr\\\/#website\"},\"datePublished\":\"2024-03-18T11:22:33+00:00\",\"dateModified\":\"2025-01-08T08:29:04+00:00\",\"breadcrumb\":{\"@id\":\"https:\\\/\\\/rider-tyres.eu\\\/fr\\\/politique-de-confidentialite\\\/#breadcrumb\"},\"inLanguage\":\"fr-FR\",\"potentialAction\":[{\"@type\":\"ReadAction\",\"target\":[\"https:\\\/\\\/rider-tyres.eu\\\/fr\\\/politique-de-confidentialite\\\/\"]}]},{\"@type\":\"BreadcrumbList\",\"@id\":\"https:\\\/\\\/rider-tyres.eu\\\/fr\\\/politique-de-confidentialite\\\/#breadcrumb\",\"itemListElement\":[{\"@type\":\"ListItem\",\"position\":1,\"name\":\"Strona g\u0142\u00f3wna\",\"item\":\"https:\\\/\\\/rider-tyres.eu\\\/fr\\\/\"},{\"@type\":\"ListItem\",\"position\":2,\"name\":\"Politique de confidentialit\u00e9\"}]},{\"@type\":\"WebSite\",\"@id\":\"https:\\\/\\\/rider-tyres.eu\\\/fr\\\/#website\",\"url\":\"https:\\\/\\\/rider-tyres.eu\\\/fr\\\/\",\"name\":\"Rider Tyres\",\"description\":\"Opony na ka\u017cdy teren\",\"publisher\":{\"@id\":\"https:\\\/\\\/rider-tyres.eu\\\/fr\\\/#organization\"},\"potentialAction\":[{\"@type\":\"SearchAction\",\"target\":{\"@type\":\"EntryPoint\",\"urlTemplate\":\"https:\\\/\\\/rider-tyres.eu\\\/fr\\\/?s={search_term_string}\"},\"query-input\":{\"@type\":\"PropertyValueSpecification\",\"valueRequired\":true,\"valueName\":\"search_term_string\"}}],\"inLanguage\":\"fr-FR\"},{\"@type\":\"Organization\",\"@id\":\"https:\\\/\\\/rider-tyres.eu\\\/fr\\\/#organization\",\"name\":\"Rider Tyres\",\"url\":\"https:\\\/\\\/rider-tyres.eu\\\/fr\\\/\",\"logo\":{\"@type\":\"ImageObject\",\"inLanguage\":\"fr-FR\",\"@id\":\"https:\\\/\\\/rider-tyres.eu\\\/fr\\\/#\\\/schema\\\/logo\\\/image\\\/\",\"url\":\"https:\\\/\\\/rider-tyres.eu\\\/wp-content\\\/uploads\\\/2024\\\/02\\\/White-logo-no-background-01.svg\",\"contentUrl\":\"https:\\\/\\\/rider-tyres.eu\\\/wp-content\\\/uploads\\\/2024\\\/02\\\/White-logo-no-background-01.svg\",\"caption\":\"Rider Tyres\"},\"image\":{\"@id\":\"https:\\\/\\\/rider-tyres.eu\\\/fr\\\/#\\\/schema\\\/logo\\\/image\\\/\"}}]}<\/script>\n<!-- \/ Yoast SEO plugin. -->","yoast_head_json":{"title":"Politique de confidentialit\u00e9 - Rider Tyres","robots":{"index":"index","follow":"follow","max-snippet":"max-snippet:-1","max-image-preview":"max-image-preview:large","max-video-preview":"max-video-preview:-1"},"canonical":"https:\/\/rider-tyres.eu\/fr\/politique-de-confidentialite\/","og_locale":"fr_FR","og_type":"article","og_title":"Politique de confidentialit\u00e9 - Rider Tyres","og_description":"Politique de confidentialit\u00e9 Derni\u00e8re mise \u00e0 jour : 24-Jun-2024Date d&rsquo;entr\u00e9e envigueur : 24-Juin-2024 La pr\u00e9sente politique de confidentialit\u00e9 d\u00e9crit la politique de Gerex s.c., Adolfa Mitery 11, Malopolska 32-700, Pologne, e-mail : contact@rider-tyres.eu, t\u00e9l\u00e9phone : 14 615 90 14, concernant la collecte, l&rsquo;utilisation et la divulgation des informations que nous recueillons lorsque vous utilisez notre [&hellip;]","og_url":"https:\/\/rider-tyres.eu\/fr\/politique-de-confidentialite\/","og_site_name":"Rider Tyres","article_modified_time":"2025-01-08T08:29:04+00:00","twitter_card":"summary_large_image","twitter_misc":{"Dur\u00e9e de lecture estim\u00e9e":"4 minutes"},"schema":{"@context":"https:\/\/schema.org","@graph":[{"@type":"WebPage","@id":"https:\/\/rider-tyres.eu\/fr\/politique-de-confidentialite\/","url":"https:\/\/rider-tyres.eu\/fr\/politique-de-confidentialite\/","name":"Politique de confidentialit\u00e9 - Rider Tyres","isPartOf":{"@id":"https:\/\/rider-tyres.eu\/fr\/#website"},"datePublished":"2024-03-18T11:22:33+00:00","dateModified":"2025-01-08T08:29:04+00:00","breadcrumb":{"@id":"https:\/\/rider-tyres.eu\/fr\/politique-de-confidentialite\/#breadcrumb"},"inLanguage":"fr-FR","potentialAction":[{"@type":"ReadAction","target":["https:\/\/rider-tyres.eu\/fr\/politique-de-confidentialite\/"]}]},{"@type":"BreadcrumbList","@id":"https:\/\/rider-tyres.eu\/fr\/politique-de-confidentialite\/#breadcrumb","itemListElement":[{"@type":"ListItem","position":1,"name":"Strona g\u0142\u00f3wna","item":"https:\/\/rider-tyres.eu\/fr\/"},{"@type":"ListItem","position":2,"name":"Politique de confidentialit\u00e9"}]},{"@type":"WebSite","@id":"https:\/\/rider-tyres.eu\/fr\/#website","url":"https:\/\/rider-tyres.eu\/fr\/","name":"Rider Tyres","description":"Opony na ka\u017cdy teren","publisher":{"@id":"https:\/\/rider-tyres.eu\/fr\/#organization"},"potentialAction":[{"@type":"SearchAction","target":{"@type":"EntryPoint","urlTemplate":"https:\/\/rider-tyres.eu\/fr\/?s={search_term_string}"},"query-input":{"@type":"PropertyValueSpecification","valueRequired":true,"valueName":"search_term_string"}}],"inLanguage":"fr-FR"},{"@type":"Organization","@id":"https:\/\/rider-tyres.eu\/fr\/#organization","name":"Rider Tyres","url":"https:\/\/rider-tyres.eu\/fr\/","logo":{"@type":"ImageObject","inLanguage":"fr-FR","@id":"https:\/\/rider-tyres.eu\/fr\/#\/schema\/logo\/image\/","url":"https:\/\/rider-tyres.eu\/wp-content\/uploads\/2024\/02\/White-logo-no-background-01.svg","contentUrl":"https:\/\/rider-tyres.eu\/wp-content\/uploads\/2024\/02\/White-logo-no-background-01.svg","caption":"Rider Tyres"},"image":{"@id":"https:\/\/rider-tyres.eu\/fr\/#\/schema\/logo\/image\/"}}]}},"_links":{"self":[{"href":"https:\/\/rider-tyres.eu\/fr\/wp-json\/wp\/v2\/pages\/8956","targetHints":{"allow":["GET"]}}],"collection":[{"href":"https:\/\/rider-tyres.eu\/fr\/wp-json\/wp\/v2\/pages"}],"about":[{"href":"https:\/\/rider-tyres.eu\/fr\/wp-json\/wp\/v2\/types\/page"}],"author":[{"embeddable":true,"href":"https:\/\/rider-tyres.eu\/fr\/wp-json\/wp\/v2\/users\/1"}],"replies":[{"embeddable":true,"href":"https:\/\/rider-tyres.eu\/fr\/wp-json\/wp\/v2\/comments?post=8956"}],"version-history":[{"count":2,"href":"https:\/\/rider-tyres.eu\/fr\/wp-json\/wp\/v2\/pages\/8956\/revisions"}],"predecessor-version":[{"id":9444,"href":"https:\/\/rider-tyres.eu\/fr\/wp-json\/wp\/v2\/pages\/8956\/revisions\/9444"}],"wp:attachment":[{"href":"https:\/\/rider-tyres.eu\/fr\/wp-json\/wp\/v2\/media?parent=8956"}],"curies":[{"name":"wp","href":"https:\/\/api.w.org\/{rel}","templated":true}]}}