{"id":9282,"date":"2024-03-18T12:22:33","date_gmt":"2024-03-18T11:22:33","guid":{"rendered":"https:\/\/rider-tyres.eu\/tietosuojakaytanto\/"},"modified":"2025-01-08T09:29:04","modified_gmt":"2025-01-08T08:29:04","slug":"tietosuojakaytanto","status":"publish","type":"page","link":"https:\/\/rider-tyres.eu\/fi\/tietosuojakaytanto\/","title":{"rendered":"Tietosuojak\u00e4yt\u00e4nt\u00f6"},"content":{"rendered":"\t\t<div data-elementor-type=\"wp-page\" data-elementor-id=\"9282\" class=\"elementor elementor-9282 elementor-599\" data-elementor-post-type=\"page\">\n\t\t\t\t<div class=\"elementor-element elementor-element-dab1aea e-flex e-con-boxed e-con e-parent\" data-id=\"dab1aea\" data-element_type=\"container\" data-e-type=\"container\" data-settings=\"{&quot;background_background&quot;:&quot;classic&quot;,&quot;jet_parallax_layout_list&quot;:[]}\">\n\t\t\t\t\t<div class=\"e-con-inner\">\n\t\t\t\t<div class=\"elementor-element elementor-element-40274cf elementor-widget elementor-widget-breadcrumbs\" data-id=\"40274cf\" data-element_type=\"widget\" data-e-type=\"widget\" data-widget_type=\"breadcrumbs.default\">\n\t\t\t\t<div class=\"elementor-widget-container\">\n\t\t\t\t\t<p id=\"breadcrumbs\"><span><span><a href=\"https:\/\/rider-tyres.eu\/fi\/\">Strona g\u0142\u00f3wna<\/a><\/span><\/span><\/p>\t\t\t\t<\/div>\n\t\t\t\t<\/div>\n\t\t\t\t<div class=\"elementor-element elementor-element-634eedf elementor-widget elementor-widget-heading\" data-id=\"634eedf\" data-element_type=\"widget\" data-e-type=\"widget\" data-widget_type=\"heading.default\">\n\t\t\t\t<div class=\"elementor-widget-container\">\n\t\t\t\t\t<h2 class=\"elementor-heading-title elementor-size-default\">Tietosuojak\u00e4yt\u00e4nt\u00f6<\/h2>\t\t\t\t<\/div>\n\t\t\t\t<\/div>\n\t\t\t\t\t<\/div>\n\t\t\t\t<\/div>\n\t\t<div class=\"elementor-element elementor-element-07ec720 e-flex e-con-boxed e-con e-parent\" data-id=\"07ec720\" data-element_type=\"container\" data-e-type=\"container\" data-settings=\"{&quot;jet_parallax_layout_list&quot;:[]}\">\n\t\t\t\t\t<div class=\"e-con-inner\">\n\t\t\t\t<div class=\"elementor-element elementor-element-7eb301f elementor-widget elementor-widget-html\" data-id=\"7eb301f\" data-element_type=\"widget\" data-e-type=\"widget\" data-widget_type=\"html.default\">\n\t\t\t\t<div class=\"elementor-widget-container\">\n\t\t\t\t\t<h1>Tietosuojak\u00e4yt\u00e4nt\u00f6<\/h1>\n    <p><br>V<strong>iimeksi p\u00e4ivitetty:<\/strong> 24-Jun-2024<strong>Voimaantulop\u00e4iv\u00e4:<\/strong> Jun-2024<\/p>\n\n    <p>T\u00e4m\u00e4 tietosuojak\u00e4yt\u00e4nt\u00f6 kuvaa Gerex s.c., Adolfa Mitery 11, Malopolska 32-700, Puola, s\u00e4hk\u00f6postiosoite: contact@rider-tyres.eu, puhelin: 14 615 90 14, koskien niiden tietojen ker\u00e4\u00e4mist\u00e4, k\u00e4ytt\u00f6\u00e4 ja luovuttamista, joita ker\u00e4\u00e4mme k\u00e4ytt\u00e4ess\u00e4si verkkosivustoamme ( <a href=\"https:\/\/rider-tyres.eu\/fi\/\">https:\/\/rider-tyres.eu<\/a> ) (j\u00e4ljemp\u00e4n\u00e4 \"palvelu\"). K\u00e4ytt\u00e4m\u00e4ll\u00e4 palvelua annat suostumuksesi tietojesi ker\u00e4\u00e4miseen, k\u00e4ytt\u00e4miseen ja luovuttamiseen t\u00e4m\u00e4n tietosuojak\u00e4yt\u00e4nn\u00f6n mukaisesti. Jos et hyv\u00e4ksy t\u00e4t\u00e4, \u00e4l\u00e4 k\u00e4yt\u00e4 Palvelua.  <\/p>\n\n    <p>Voimme muuttaa t\u00e4t\u00e4 tietosuojak\u00e4yt\u00e4nt\u00f6\u00e4 milloin tahansa ilman ennakkoilmoitusta ja julkaisemme tarkistetun tietosuojak\u00e4yt\u00e4nn\u00f6n Palvelussa.  <strong>Tarkistettu k\u00e4yt\u00e4nt\u00f6 tulee voimaan 180 p\u00e4iv\u00e4\u00e4 sen j\u00e4lkeen, kun se on julkaistu Palvelussa, ja jos jatkat Palvelun k\u00e4ytt\u00f6\u00e4 t\u00e4m\u00e4n j\u00e4lkeen, hyv\u00e4ksyt tarkistetun tietosuojak\u00e4yt\u00e4nn\u00f6n.<\/strong>  Suosittelemme t\u00e4m\u00e4n sivun tarkistamista s\u00e4\u00e4nn\u00f6llisesti.<\/p>\n\n    <h2>Miten k\u00e4yt\u00e4mme tietojasi:<\/h2>\n    <p>K\u00e4yt\u00e4mme sinusta ker\u00e4\u00e4mi\u00e4mme tietoja seuraaviin tarkoituksiin:<\/p>\n    <ul>\n        <li>Markkinointi\/edist\u00e4minen<\/li>\n        <li>Kohdennettu mainonta<\/li>\n    <\/ul>\n    <p>Jos haluamme k\u00e4ytt\u00e4\u00e4 tietojasi johonkin muuhun tarkoitukseen, pyyd\u00e4mme suostumuksesi ja k\u00e4yt\u00e4mme tietojasi vain saatuamme suostumuksesi ja vain siihen tarkoitukseen, johon annat suostumuksesi, ellei laki vaadi meit\u00e4 toimimaan toisin.<\/p>\n\n    <h2>Miten jaamme tietojasi:<\/h2>\n    <p><strong>Emme siirr\u00e4 henkil\u00f6tietojasi kolmannelle osapuolelle ilman suostumustasi, paitsi j\u00e4ljemp\u00e4n\u00e4 kuvatuissa rajoitetuissa olosuhteissa:<\/strong><\/p>\n    <ul>\n        <li>Mainospalvelut<\/li>\n        <li>Analyysit<\/li>\n    <\/ul>\n    <p>Edellyt\u00e4mme, ett\u00e4 t\u00e4llaiset kolmannet osapuolet k\u00e4ytt\u00e4v\u00e4t niille toimitettuja henkil\u00f6tietoja vain siihen tarkoitukseen, jota varten ne on toimitettu, eiv\u00e4tk\u00e4 s\u00e4ilyt\u00e4 niit\u00e4 kauemmin kuin on tarpeen kyseisen tarkoituksen t\u00e4ytt\u00e4miseksi.\nVoimme my\u00f6s luovuttaa henkil\u00f6tietojasi seuraavissa tapauksissa: (1) noudattaaksemme sovellettavaa lakia, asetusta, tuomioistuimen m\u00e4\u00e4r\u00e4yst\u00e4 tai muuta oikeudellista menettely\u00e4; (2) pannaksemme t\u00e4yt\u00e4nt\u00f6\u00f6n kanssasi tekem\u00e4mme sopimukset, mukaan lukien t\u00e4m\u00e4 tietosuojak\u00e4yt\u00e4nt\u00f6; tai (3) vastataksemme v\u00e4itteisiin, joiden mukaan Palvelun k\u00e4ytt\u00f6si loukkaa kolmansien osapuolten oikeuksia.\nJos Palvelu tai yhti\u00f6mme ostetaan tai fuusioidaan toisen yrityksen kanssa, tietosi ovat yksi uudelle omistajalle siirtyvist\u00e4 varoista.  <\/p>\n\n    <h2>Sinun oikeutesi:<\/h2>\n    <p>Sovellettavasta lains\u00e4\u00e4d\u00e4nn\u00f6st\u00e4 riippuen sinulla voi olla oikeus saada p\u00e4\u00e4sy henkil\u00f6tietoihisi, oikaista tai poistaa ne, saada kopio henkil\u00f6tiedoistasi, rajoittaa tietojesi aktiivista k\u00e4sittely\u00e4 tai vastustaa sit\u00e4, pyyt\u00e4\u00e4 meit\u00e4 siirt\u00e4m\u00e4\u00e4n henkil\u00f6tietosi toiselle taholle, peruuttaa suostumuksesi tietojesi k\u00e4sittelyyn ja oikeus tehd\u00e4 valitus valvontaviranomaiselle.\nVoit k\u00e4ytt\u00e4\u00e4 n\u00e4it\u00e4 oikeuksia kirjoittamalla meille osoitteeseen <a href=\"\">contact@rider-tyres.eu.<\/a>\nVastaamme pyynt\u00f6\u00f6si sovellettavan lains\u00e4\u00e4d\u00e4nn\u00f6n mukaisesti.\nHuomaa, ett\u00e4 jos et anna meid\u00e4n ker\u00e4t\u00e4 tai k\u00e4sitell\u00e4 pyyt\u00e4mi\u00e4si henkil\u00f6tietoja tai peruutat suostumuksesi niiden k\u00e4sittelyyn pyydettyihin tarkoituksiin, et ehk\u00e4 voi k\u00e4ytt\u00e4\u00e4 palvelua.   <\/p>\n\n    <h2>Ev\u00e4steet jne.<\/h2>\n    <p>Jos haluat lis\u00e4tietoja siit\u00e4, miten k\u00e4yt\u00e4mme n\u00e4it\u00e4 tekniikoita ja mit\u00e4 valintojasi on n\u00e4iden seurantatekniikoiden suhteen, katso <a href=\"#cookie-policy\">ev\u00e4stek\u00e4yt\u00e4nt\u00f6mme.<\/a><\/p>\n\n    <h2>Turvallisuus:<\/h2>\n    <p><strong>Tietojesi turvallisuus on meille t\u00e4rke\u00e4\u00e4, ja k\u00e4yt\u00e4mme kohtuullisia turvatoimia est\u00e4\u00e4kseen hallussamme olevien tietojesi katoamisen, v\u00e4\u00e4rink\u00e4yt\u00f6n tai luvattoman muuttamisen.<\/strong>  Luontaisten riskien vuoksi emme kuitenkaan voi taata ehdotonta turvallisuutta, emmek\u00e4 n\u00e4in ollen voi varmistaa tai taata meille antamiesi tietojen turvallisuutta, ja teet sen omalla vastuullasi.<\/p>\n\n    <h2>Linkit kolmansiin osapuoliin ja tietojesi k\u00e4ytt\u00f6:<\/h2>\n    <p>Palvelumme voi sis\u00e4lt\u00e4\u00e4 linkkej\u00e4 muille verkkosivustoille, joita me emme yll\u00e4pid\u00e4.\nT\u00e4m\u00e4 tietosuojak\u00e4yt\u00e4nt\u00f6 ei koske kolmansien osapuolten tietosuojak\u00e4yt\u00e4nt\u00f6j\u00e4 tai muita k\u00e4yt\u00e4nt\u00f6j\u00e4, mukaan lukien kolmansien osapuolten, jotka yll\u00e4pit\u00e4v\u00e4t verkkosivustoja tai palveluita, joihin voi p\u00e4\u00e4st\u00e4 Palvelun linkin kautta.\nSuosittelemme, ett\u00e4 tutustut jokaisen vierailemasi sivuston tietosuojak\u00e4yt\u00e4nt\u00f6\u00f6n.\nMeill\u00e4 ei ole m\u00e4\u00e4r\u00e4ysvaltaa kolmansien osapuolten sivustojen tai palveluiden sis\u00e4lt\u00f6\u00f6n, tietosuojak\u00e4yt\u00e4nt\u00f6ihin tai k\u00e4yt\u00e4nt\u00f6ihin, emmek\u00e4 ole niist\u00e4 vastuussa.   <\/p>\n\n    <h2>Tietosuojavastaava.\nvalitukset\/tietosuoja: <\/h2>\n    <p>Jos sinulla on kysytt\u00e4v\u00e4\u00e4 tai huolenaiheita tietojesi k\u00e4sittelyst\u00e4 meill\u00e4, voit l\u00e4hett\u00e4\u00e4 s\u00e4hk\u00f6postia valitusvastaavalle osoitteeseen Gerex s.c., 32-700 Bochnia, Adolfa Mitery 11, s\u00e4hk\u00f6postiosoite: <a href=\"\">contact@rider-tyres.eu.<\/a> Vastaamme huolenaiheisiisi sovellettavan lain mukaisesti.  <\/p>\n\t\t\t\t<\/div>\n\t\t\t\t<\/div>\n\t\t\t\t\t<\/div>\n\t\t\t\t<\/div>\n\t\t<div class=\"elementor-element elementor-element-0f5ac2a e-flex e-con-boxed e-con e-parent\" data-id=\"0f5ac2a\" data-element_type=\"container\" data-e-type=\"container\" data-settings=\"{&quot;jet_parallax_layout_list&quot;:[]}\">\n\t\t\t\t\t<div class=\"e-con-inner\">\n\t\t\t\t\t<\/div>\n\t\t\t\t<\/div>\n\t\t\t\t<\/div>\n\t\t","protected":false},"excerpt":{"rendered":"<p>Tietosuojak\u00e4yt\u00e4nt\u00f6 Viimeksi p\u00e4ivitetty: 24-Jun-2024Voimaantulop\u00e4iv\u00e4: Jun-2024 T\u00e4m\u00e4 tietosuojak\u00e4yt\u00e4nt\u00f6 kuvaa Gerex s.c., Adolfa Mitery 11, Malopolska 32-700, Puola, s\u00e4hk\u00f6postiosoite: contact@rider-tyres.eu, puhelin: 14 615 90 14, koskien niiden tietojen ker\u00e4\u00e4mist\u00e4, k\u00e4ytt\u00f6\u00e4 ja luovuttamista, joita ker\u00e4\u00e4mme k\u00e4ytt\u00e4ess\u00e4si verkkosivustoamme ( https:\/\/rider-tyres.eu ) (j\u00e4ljemp\u00e4n\u00e4 &#8221;palvelu&#8221;). K\u00e4ytt\u00e4m\u00e4ll\u00e4 palvelua annat suostumuksesi tietojesi ker\u00e4\u00e4miseen, k\u00e4ytt\u00e4miseen ja luovuttamiseen t\u00e4m\u00e4n tietosuojak\u00e4yt\u00e4nn\u00f6n mukaisesti. Jos et hyv\u00e4ksy t\u00e4t\u00e4, [&hellip;]<\/p>\n","protected":false},"author":1,"featured_media":0,"parent":0,"menu_order":0,"comment_status":"closed","ping_status":"closed","template":"elementor_header_footer","meta":{"footnotes":""},"class_list":["post-9282","page","type-page","status-publish","hentry"],"yoast_head":"<!-- This site is optimized with the Yoast SEO plugin v27.3 - https:\/\/yoast.com\/product\/yoast-seo-wordpress\/ -->\n<title>Tietosuojak\u00e4yt\u00e4nt\u00f6 - Rider Tyres<\/title>\n<meta name=\"robots\" content=\"index, follow, max-snippet:-1, max-image-preview:large, max-video-preview:-1\" \/>\n<link rel=\"canonical\" href=\"https:\/\/rider-tyres.eu\/fi\/tietosuojakaytanto\/\" \/>\n<meta property=\"og:locale\" content=\"fi_FI\" \/>\n<meta property=\"og:type\" content=\"article\" \/>\n<meta property=\"og:title\" content=\"Tietosuojak\u00e4yt\u00e4nt\u00f6 - Rider Tyres\" \/>\n<meta property=\"og:description\" content=\"Tietosuojak\u00e4yt\u00e4nt\u00f6 Viimeksi p\u00e4ivitetty: 24-Jun-2024Voimaantulop\u00e4iv\u00e4: Jun-2024 T\u00e4m\u00e4 tietosuojak\u00e4yt\u00e4nt\u00f6 kuvaa Gerex s.c., Adolfa Mitery 11, Malopolska 32-700, Puola, s\u00e4hk\u00f6postiosoite: contact@rider-tyres.eu, puhelin: 14 615 90 14, koskien niiden tietojen ker\u00e4\u00e4mist\u00e4, k\u00e4ytt\u00f6\u00e4 ja luovuttamista, joita ker\u00e4\u00e4mme k\u00e4ytt\u00e4ess\u00e4si verkkosivustoamme ( https:\/\/rider-tyres.eu ) (j\u00e4ljemp\u00e4n\u00e4 &#8221;palvelu&#8221;). K\u00e4ytt\u00e4m\u00e4ll\u00e4 palvelua annat suostumuksesi tietojesi ker\u00e4\u00e4miseen, k\u00e4ytt\u00e4miseen ja luovuttamiseen t\u00e4m\u00e4n tietosuojak\u00e4yt\u00e4nn\u00f6n mukaisesti. Jos et hyv\u00e4ksy t\u00e4t\u00e4, [&hellip;]\" \/>\n<meta property=\"og:url\" content=\"https:\/\/rider-tyres.eu\/fi\/tietosuojakaytanto\/\" \/>\n<meta property=\"og:site_name\" content=\"Rider Tyres\" \/>\n<meta property=\"article:modified_time\" content=\"2025-01-08T08:29:04+00:00\" \/>\n<meta name=\"twitter:card\" content=\"summary_large_image\" \/>\n<meta name=\"twitter:label1\" content=\"Arvioitu lukuaika\" \/>\n\t<meta name=\"twitter:data1\" content=\"3 minuuttia\" \/>\n<script type=\"application\/ld+json\" class=\"yoast-schema-graph\">{\"@context\":\"https:\\\/\\\/schema.org\",\"@graph\":[{\"@type\":\"WebPage\",\"@id\":\"https:\\\/\\\/rider-tyres.eu\\\/fi\\\/tietosuojakaytanto\\\/\",\"url\":\"https:\\\/\\\/rider-tyres.eu\\\/fi\\\/tietosuojakaytanto\\\/\",\"name\":\"Tietosuojak\u00e4yt\u00e4nt\u00f6 - Rider Tyres\",\"isPartOf\":{\"@id\":\"https:\\\/\\\/rider-tyres.eu\\\/fi\\\/#website\"},\"datePublished\":\"2024-03-18T11:22:33+00:00\",\"dateModified\":\"2025-01-08T08:29:04+00:00\",\"breadcrumb\":{\"@id\":\"https:\\\/\\\/rider-tyres.eu\\\/fi\\\/tietosuojakaytanto\\\/#breadcrumb\"},\"inLanguage\":\"fi\",\"potentialAction\":[{\"@type\":\"ReadAction\",\"target\":[\"https:\\\/\\\/rider-tyres.eu\\\/fi\\\/tietosuojakaytanto\\\/\"]}]},{\"@type\":\"BreadcrumbList\",\"@id\":\"https:\\\/\\\/rider-tyres.eu\\\/fi\\\/tietosuojakaytanto\\\/#breadcrumb\",\"itemListElement\":[{\"@type\":\"ListItem\",\"position\":1,\"name\":\"Strona g\u0142\u00f3wna\",\"item\":\"https:\\\/\\\/rider-tyres.eu\\\/fi\\\/\"},{\"@type\":\"ListItem\",\"position\":2,\"name\":\"Tietosuojak\u00e4yt\u00e4nt\u00f6\"}]},{\"@type\":\"WebSite\",\"@id\":\"https:\\\/\\\/rider-tyres.eu\\\/fi\\\/#website\",\"url\":\"https:\\\/\\\/rider-tyres.eu\\\/fi\\\/\",\"name\":\"Rider Tyres\",\"description\":\"Opony na ka\u017cdy teren\",\"publisher\":{\"@id\":\"https:\\\/\\\/rider-tyres.eu\\\/fi\\\/#organization\"},\"potentialAction\":[{\"@type\":\"SearchAction\",\"target\":{\"@type\":\"EntryPoint\",\"urlTemplate\":\"https:\\\/\\\/rider-tyres.eu\\\/fi\\\/?s={search_term_string}\"},\"query-input\":{\"@type\":\"PropertyValueSpecification\",\"valueRequired\":true,\"valueName\":\"search_term_string\"}}],\"inLanguage\":\"fi\"},{\"@type\":\"Organization\",\"@id\":\"https:\\\/\\\/rider-tyres.eu\\\/fi\\\/#organization\",\"name\":\"Rider Tyres\",\"url\":\"https:\\\/\\\/rider-tyres.eu\\\/fi\\\/\",\"logo\":{\"@type\":\"ImageObject\",\"inLanguage\":\"fi\",\"@id\":\"https:\\\/\\\/rider-tyres.eu\\\/fi\\\/#\\\/schema\\\/logo\\\/image\\\/\",\"url\":\"https:\\\/\\\/rider-tyres.eu\\\/wp-content\\\/uploads\\\/2024\\\/02\\\/White-logo-no-background-01.svg\",\"contentUrl\":\"https:\\\/\\\/rider-tyres.eu\\\/wp-content\\\/uploads\\\/2024\\\/02\\\/White-logo-no-background-01.svg\",\"caption\":\"Rider Tyres\"},\"image\":{\"@id\":\"https:\\\/\\\/rider-tyres.eu\\\/fi\\\/#\\\/schema\\\/logo\\\/image\\\/\"}}]}<\/script>\n<!-- \/ Yoast SEO plugin. -->","yoast_head_json":{"title":"Tietosuojak\u00e4yt\u00e4nt\u00f6 - Rider Tyres","robots":{"index":"index","follow":"follow","max-snippet":"max-snippet:-1","max-image-preview":"max-image-preview:large","max-video-preview":"max-video-preview:-1"},"canonical":"https:\/\/rider-tyres.eu\/fi\/tietosuojakaytanto\/","og_locale":"fi_FI","og_type":"article","og_title":"Tietosuojak\u00e4yt\u00e4nt\u00f6 - Rider Tyres","og_description":"Tietosuojak\u00e4yt\u00e4nt\u00f6 Viimeksi p\u00e4ivitetty: 24-Jun-2024Voimaantulop\u00e4iv\u00e4: Jun-2024 T\u00e4m\u00e4 tietosuojak\u00e4yt\u00e4nt\u00f6 kuvaa Gerex s.c., Adolfa Mitery 11, Malopolska 32-700, Puola, s\u00e4hk\u00f6postiosoite: contact@rider-tyres.eu, puhelin: 14 615 90 14, koskien niiden tietojen ker\u00e4\u00e4mist\u00e4, k\u00e4ytt\u00f6\u00e4 ja luovuttamista, joita ker\u00e4\u00e4mme k\u00e4ytt\u00e4ess\u00e4si verkkosivustoamme ( https:\/\/rider-tyres.eu ) (j\u00e4ljemp\u00e4n\u00e4 &#8221;palvelu&#8221;). K\u00e4ytt\u00e4m\u00e4ll\u00e4 palvelua annat suostumuksesi tietojesi ker\u00e4\u00e4miseen, k\u00e4ytt\u00e4miseen ja luovuttamiseen t\u00e4m\u00e4n tietosuojak\u00e4yt\u00e4nn\u00f6n mukaisesti. Jos et hyv\u00e4ksy t\u00e4t\u00e4, [&hellip;]","og_url":"https:\/\/rider-tyres.eu\/fi\/tietosuojakaytanto\/","og_site_name":"Rider Tyres","article_modified_time":"2025-01-08T08:29:04+00:00","twitter_card":"summary_large_image","twitter_misc":{"Arvioitu lukuaika":"3 minuuttia"},"schema":{"@context":"https:\/\/schema.org","@graph":[{"@type":"WebPage","@id":"https:\/\/rider-tyres.eu\/fi\/tietosuojakaytanto\/","url":"https:\/\/rider-tyres.eu\/fi\/tietosuojakaytanto\/","name":"Tietosuojak\u00e4yt\u00e4nt\u00f6 - Rider Tyres","isPartOf":{"@id":"https:\/\/rider-tyres.eu\/fi\/#website"},"datePublished":"2024-03-18T11:22:33+00:00","dateModified":"2025-01-08T08:29:04+00:00","breadcrumb":{"@id":"https:\/\/rider-tyres.eu\/fi\/tietosuojakaytanto\/#breadcrumb"},"inLanguage":"fi","potentialAction":[{"@type":"ReadAction","target":["https:\/\/rider-tyres.eu\/fi\/tietosuojakaytanto\/"]}]},{"@type":"BreadcrumbList","@id":"https:\/\/rider-tyres.eu\/fi\/tietosuojakaytanto\/#breadcrumb","itemListElement":[{"@type":"ListItem","position":1,"name":"Strona g\u0142\u00f3wna","item":"https:\/\/rider-tyres.eu\/fi\/"},{"@type":"ListItem","position":2,"name":"Tietosuojak\u00e4yt\u00e4nt\u00f6"}]},{"@type":"WebSite","@id":"https:\/\/rider-tyres.eu\/fi\/#website","url":"https:\/\/rider-tyres.eu\/fi\/","name":"Rider Tyres","description":"Opony na ka\u017cdy teren","publisher":{"@id":"https:\/\/rider-tyres.eu\/fi\/#organization"},"potentialAction":[{"@type":"SearchAction","target":{"@type":"EntryPoint","urlTemplate":"https:\/\/rider-tyres.eu\/fi\/?s={search_term_string}"},"query-input":{"@type":"PropertyValueSpecification","valueRequired":true,"valueName":"search_term_string"}}],"inLanguage":"fi"},{"@type":"Organization","@id":"https:\/\/rider-tyres.eu\/fi\/#organization","name":"Rider Tyres","url":"https:\/\/rider-tyres.eu\/fi\/","logo":{"@type":"ImageObject","inLanguage":"fi","@id":"https:\/\/rider-tyres.eu\/fi\/#\/schema\/logo\/image\/","url":"https:\/\/rider-tyres.eu\/wp-content\/uploads\/2024\/02\/White-logo-no-background-01.svg","contentUrl":"https:\/\/rider-tyres.eu\/wp-content\/uploads\/2024\/02\/White-logo-no-background-01.svg","caption":"Rider Tyres"},"image":{"@id":"https:\/\/rider-tyres.eu\/fi\/#\/schema\/logo\/image\/"}}]}},"_links":{"self":[{"href":"https:\/\/rider-tyres.eu\/fi\/wp-json\/wp\/v2\/pages\/9282","targetHints":{"allow":["GET"]}}],"collection":[{"href":"https:\/\/rider-tyres.eu\/fi\/wp-json\/wp\/v2\/pages"}],"about":[{"href":"https:\/\/rider-tyres.eu\/fi\/wp-json\/wp\/v2\/types\/page"}],"author":[{"embeddable":true,"href":"https:\/\/rider-tyres.eu\/fi\/wp-json\/wp\/v2\/users\/1"}],"replies":[{"embeddable":true,"href":"https:\/\/rider-tyres.eu\/fi\/wp-json\/wp\/v2\/comments?post=9282"}],"version-history":[{"count":2,"href":"https:\/\/rider-tyres.eu\/fi\/wp-json\/wp\/v2\/pages\/9282\/revisions"}],"predecessor-version":[{"id":9446,"href":"https:\/\/rider-tyres.eu\/fi\/wp-json\/wp\/v2\/pages\/9282\/revisions\/9446"}],"wp:attachment":[{"href":"https:\/\/rider-tyres.eu\/fi\/wp-json\/wp\/v2\/media?parent=9282"}],"curies":[{"name":"wp","href":"https:\/\/api.w.org\/{rel}","templated":true}]}}