{"id":8864,"date":"2024-03-17T19:09:04","date_gmt":"2024-03-17T18:09:04","guid":{"rendered":"https:\/\/rider-tyres.eu\/tietoa-meista\/"},"modified":"2024-11-20T13:20:47","modified_gmt":"2024-11-20T12:20:47","slug":"tietoa-meista","status":"publish","type":"page","link":"https:\/\/rider-tyres.eu\/fi\/tietoa-meista\/","title":{"rendered":"Tietoa meist\u00e4"},"content":{"rendered":"\t\t<div data-elementor-type=\"wp-page\" data-elementor-id=\"8864\" class=\"elementor elementor-8864 elementor-439\" data-elementor-post-type=\"page\">\n\t\t\t\t<div class=\"elementor-element elementor-element-eee23da e-flex e-con-boxed e-con e-parent\" data-id=\"eee23da\" data-element_type=\"container\" data-e-type=\"container\" data-settings=\"{&quot;background_background&quot;:&quot;classic&quot;,&quot;jet_parallax_layout_list&quot;:[]}\">\n\t\t\t\t\t<div class=\"e-con-inner\">\n\t\t\t\t<div class=\"elementor-element elementor-element-f2e7701 elementor-widget elementor-widget-breadcrumbs\" data-id=\"f2e7701\" data-element_type=\"widget\" data-e-type=\"widget\" data-widget_type=\"breadcrumbs.default\">\n\t\t\t\t<div class=\"elementor-widget-container\">\n\t\t\t\t\t<p id=\"breadcrumbs\"><span><span><a href=\"https:\/\/rider-tyres.eu\/fi\/\">Strona g\u0142\u00f3wna<\/a><\/span><\/span><\/p>\t\t\t\t<\/div>\n\t\t\t\t<\/div>\n\t\t\t\t<div class=\"elementor-element elementor-element-6fcedaa elementor-widget elementor-widget-heading\" data-id=\"6fcedaa\" data-element_type=\"widget\" data-e-type=\"widget\" data-widget_type=\"heading.default\">\n\t\t\t\t<div class=\"elementor-widget-container\">\n\t\t\t\t\t<h2 class=\"elementor-heading-title elementor-size-default\">Tietoa meist\u00e4<\/h2>\t\t\t\t<\/div>\n\t\t\t\t<\/div>\n\t\t\t\t<div class=\"elementor-element elementor-element-2882f15 elementor-widget__width-initial elementor-widget elementor-widget-heading\" data-id=\"2882f15\" data-element_type=\"widget\" data-e-type=\"widget\" data-widget_type=\"heading.default\">\n\t\t\t\t<div class=\"elementor-widget-container\">\n\t\t\t\t\t<h1 class=\"elementor-heading-title elementor-size-default\">Ratsastajan renkaat: Rengasrenkaat: Turvallisuutesi ja ekologisuutesi tiell\u00e4<\/h1>\t\t\t\t<\/div>\n\t\t\t\t<\/div>\n\t\t\t\t\t<\/div>\n\t\t\t\t<\/div>\n\t\t<div class=\"elementor-element elementor-element-6b0e893 e-flex e-con-boxed e-con e-parent\" data-id=\"6b0e893\" data-element_type=\"container\" data-e-type=\"container\" data-settings=\"{&quot;jet_parallax_layout_list&quot;:[]}\">\n\t\t\t\t\t<div class=\"e-con-inner\">\n\t\t<div class=\"elementor-element elementor-element-c40374e e-con-full e-flex e-con e-child\" data-id=\"c40374e\" data-element_type=\"container\" data-e-type=\"container\" data-settings=\"{&quot;jet_parallax_layout_list&quot;:[]}\">\n\t\t\t\t<div class=\"elementor-element elementor-element-4555f7b elementor-widget elementor-widget-heading\" data-id=\"4555f7b\" data-element_type=\"widget\" data-e-type=\"widget\" data-widget_type=\"heading.default\">\n\t\t\t\t<div class=\"elementor-widget-container\">\n\t\t\t\t\t<h2 class=\"elementor-heading-title elementor-size-default\">Missio ja visio<\/h2>\t\t\t\t<\/div>\n\t\t\t\t<\/div>\n\t\t\t\t<div class=\"elementor-element elementor-element-91b3bec elementor-widget-divider--view-line elementor-widget elementor-widget-divider\" data-id=\"91b3bec\" data-element_type=\"widget\" data-e-type=\"widget\" data-widget_type=\"divider.default\">\n\t\t\t\t<div class=\"elementor-widget-container\">\n\t\t\t\t\t\t\t<div class=\"elementor-divider\">\n\t\t\t<span class=\"elementor-divider-separator\">\n\t\t\t\t\t\t<\/span>\n\t\t<\/div>\n\t\t\t\t\t\t<\/div>\n\t\t\t\t<\/div>\n\t\t\t\t<\/div>\n\t\t<div class=\"elementor-element elementor-element-fbc0edd e-con-full e-flex e-con e-child\" data-id=\"fbc0edd\" data-element_type=\"container\" data-e-type=\"container\" data-settings=\"{&quot;jet_parallax_layout_list&quot;:[]}\">\n\t\t\t\t<div class=\"elementor-element elementor-element-54402fd elementor-widget elementor-widget-text-editor\" data-id=\"54402fd\" data-element_type=\"widget\" data-e-type=\"widget\" data-widget_type=\"text-editor.default\">\n\t\t\t\t<div class=\"elementor-widget-container\">\n\t\t\t\t\t\t\t\t\t<p>Perimm\u00e4isen\u00e4 tavoitteenamme on tarjota maasturi- ja maastokuljettajille huippulaatuisia pinnoitettuja renkaita, jotka takaavat turvallisuuden, luotettavuuden ja suorituskyvyn. Tarjoamme laajan valikoiman renkaita, maantiek\u00e4ytt\u00f6\u00f6n tarkoitetuista renkaista \u00e4\u00e4rimm\u00e4isiin maasto-olosuhteisiin suunniteltuihin malleihin, kuten All Terrain, Mud Terrain ja Extreme. Me Rider Tyresill\u00e4 olemme sitoutuneet innovointiin turvallisuuden ja ymp\u00e4rist\u00f6nsuojelun edist\u00e4miseksi.  <\/p>\n\t\t\t\t\t\t\t\t<\/div>\n\t\t\t\t<\/div>\n\t\t\t\t<\/div>\n\t\t\t\t\t<\/div>\n\t\t\t\t<\/div>\n\t\t<div class=\"elementor-element elementor-element-449ece6 e-flex e-con-boxed e-con e-parent\" data-id=\"449ece6\" data-element_type=\"container\" data-e-type=\"container\" data-settings=\"{&quot;jet_parallax_layout_list&quot;:[]}\">\n\t\t\t\t\t<div class=\"e-con-inner\">\n\t\t<div class=\"elementor-element elementor-element-8efb19e e-con-full e-flex e-con e-child\" data-id=\"8efb19e\" data-element_type=\"container\" data-e-type=\"container\" data-settings=\"{&quot;jet_parallax_layout_list&quot;:[]}\">\n\t\t\t\t<div class=\"elementor-element elementor-element-982ba5b elementor-widget elementor-widget-heading\" data-id=\"982ba5b\" data-element_type=\"widget\" data-e-type=\"widget\" data-widget_type=\"heading.default\">\n\t\t\t\t<div class=\"elementor-widget-container\">\n\t\t\t\t\t<h2 class=\"elementor-heading-title elementor-size-default\">Arvomme<\/h2>\t\t\t\t<\/div>\n\t\t\t\t<\/div>\n\t\t\t\t<div class=\"elementor-element elementor-element-254a2a6 elementor-widget-divider--view-line elementor-widget elementor-widget-divider\" data-id=\"254a2a6\" data-element_type=\"widget\" data-e-type=\"widget\" data-widget_type=\"divider.default\">\n\t\t\t\t<div class=\"elementor-widget-container\">\n\t\t\t\t\t\t\t<div class=\"elementor-divider\">\n\t\t\t<span class=\"elementor-divider-separator\">\n\t\t\t\t\t\t<\/span>\n\t\t<\/div>\n\t\t\t\t\t\t<\/div>\n\t\t\t\t<\/div>\n\t\t\t\t<\/div>\n\t\t<div class=\"elementor-element elementor-element-976b02b e-con-full e-flex e-con e-child\" data-id=\"976b02b\" data-element_type=\"container\" data-e-type=\"container\" data-settings=\"{&quot;jet_parallax_layout_list&quot;:[]}\">\n\t\t\t\t<div class=\"elementor-element elementor-element-835dc71 elementor-widget elementor-widget-text-editor\" data-id=\"835dc71\" data-element_type=\"widget\" data-e-type=\"widget\" data-widget_type=\"text-editor.default\">\n\t\t\t\t<div class=\"elementor-widget-container\">\n\t\t\t\t\t\t\t\t\t<p>Turvallisuus, ekologisuus ja korkea laatu ovat pilarit, joihin liiketoimintamme perustuu. Uskomme, ett\u00e4 ymp\u00e4rist\u00f6vastuullisuus ja tuotteidemme teknisten yksityiskohtien huomioiminen kulkevat k\u00e4si k\u00e4dess\u00e4 pinnoitettujen renkaidemme k\u00e4ytt\u00e4jien maksimaalisen turvallisuuden takaamisen kanssa. <\/p>\n\t\t\t\t\t\t\t\t<\/div>\n\t\t\t\t<\/div>\n\t\t\t\t<\/div>\n\t\t\t\t\t<\/div>\n\t\t\t\t<\/div>\n\t\t<div class=\"elementor-element elementor-element-65274c2 e-flex e-con-boxed e-con e-parent\" data-id=\"65274c2\" data-element_type=\"container\" data-e-type=\"container\" data-settings=\"{&quot;jet_parallax_layout_list&quot;:[]}\">\n\t\t\t\t\t<div class=\"e-con-inner\">\n\t\t<div class=\"elementor-element elementor-element-95e7985 e-con-full e-flex e-con e-child\" data-id=\"95e7985\" data-element_type=\"container\" data-e-type=\"container\" data-settings=\"{&quot;jet_parallax_layout_list&quot;:[]}\">\n\t\t\t\t<div class=\"elementor-element elementor-element-de9e098 elementor-widget elementor-widget-heading\" data-id=\"de9e098\" data-element_type=\"widget\" data-e-type=\"widget\" data-widget_type=\"heading.default\">\n\t\t\t\t<div class=\"elementor-widget-container\">\n\t\t\t\t\t<h2 class=\"elementor-heading-title elementor-size-default\">Mik\u00e4 erottaa meid\u00e4t muista<\/h2>\t\t\t\t<\/div>\n\t\t\t\t<\/div>\n\t\t\t\t<div class=\"elementor-element elementor-element-a4e0347 elementor-widget-divider--view-line elementor-widget elementor-widget-divider\" data-id=\"a4e0347\" data-element_type=\"widget\" data-e-type=\"widget\" data-widget_type=\"divider.default\">\n\t\t\t\t<div class=\"elementor-widget-container\">\n\t\t\t\t\t\t\t<div class=\"elementor-divider\">\n\t\t\t<span class=\"elementor-divider-separator\">\n\t\t\t\t\t\t<\/span>\n\t\t<\/div>\n\t\t\t\t\t\t<\/div>\n\t\t\t\t<\/div>\n\t\t\t\t<\/div>\n\t\t<div class=\"elementor-element elementor-element-37837f8 e-con-full e-flex e-con e-child\" data-id=\"37837f8\" data-element_type=\"container\" data-e-type=\"container\" data-settings=\"{&quot;jet_parallax_layout_list&quot;:[]}\">\n\t\t\t\t<div class=\"elementor-element elementor-element-31a8c97 elementor-widget elementor-widget-text-editor\" data-id=\"31a8c97\" data-element_type=\"widget\" data-e-type=\"widget\" data-widget_type=\"text-editor.default\">\n\t\t\t\t<div class=\"elementor-widget-container\">\n\t\t\t\t\t\t\t\t\t<p>Rider Tyresille on ominaista monivuotinen kokemus rengasteollisuudesta ja sen sitoutuminen ekologiseen tuotantoon. Tuotteemme ovat tiukan testauksen ja jatkuvan huippuosaamisen tulosta. Pyrimme jatkuvasti laajentamaan valikoimaamme, jotta voimme vastata entist\u00e4 laajemman asiakaskunnan odotuksiin, ja painotamme samalla yh\u00e4 enemm\u00e4n ymp\u00e4rist\u00f6n\u00e4k\u00f6kohtia.  <\/p>\n\t\t\t\t\t\t\t\t<\/div>\n\t\t\t\t<\/div>\n\t\t\t\t<\/div>\n\t\t\t\t\t<\/div>\n\t\t\t\t<\/div>\n\t\t<div class=\"elementor-element elementor-element-0ba5ef2 e-flex e-con-boxed e-con e-parent\" data-id=\"0ba5ef2\" data-element_type=\"container\" data-e-type=\"container\" data-settings=\"{&quot;jet_parallax_layout_list&quot;:[]}\">\n\t\t\t\t\t<div class=\"e-con-inner\">\n\t\t<div class=\"elementor-element elementor-element-9b3786d e-con-full e-flex e-con e-child\" data-id=\"9b3786d\" data-element_type=\"container\" data-e-type=\"container\" data-settings=\"{&quot;jet_parallax_layout_list&quot;:[]}\">\n\t\t\t\t<div class=\"elementor-element elementor-element-60ddcd7 elementor-widget elementor-widget-heading\" data-id=\"60ddcd7\" data-element_type=\"widget\" data-e-type=\"widget\" data-widget_type=\"heading.default\">\n\t\t\t\t<div class=\"elementor-widget-container\">\n\t\t\t\t\t<h2 class=\"elementor-heading-title elementor-size-default\">Tulevaisuutemme<\/h2>\t\t\t\t<\/div>\n\t\t\t\t<\/div>\n\t\t\t\t<div class=\"elementor-element elementor-element-36b8ed8 elementor-widget-divider--view-line elementor-widget elementor-widget-divider\" data-id=\"36b8ed8\" data-element_type=\"widget\" data-e-type=\"widget\" data-widget_type=\"divider.default\">\n\t\t\t\t<div class=\"elementor-widget-container\">\n\t\t\t\t\t\t\t<div class=\"elementor-divider\">\n\t\t\t<span class=\"elementor-divider-separator\">\n\t\t\t\t\t\t<\/span>\n\t\t<\/div>\n\t\t\t\t\t\t<\/div>\n\t\t\t\t<\/div>\n\t\t\t\t<\/div>\n\t\t<div class=\"elementor-element elementor-element-b3ad66b e-con-full e-flex e-con e-child\" data-id=\"b3ad66b\" data-element_type=\"container\" data-e-type=\"container\" data-settings=\"{&quot;jet_parallax_layout_list&quot;:[]}\">\n\t\t\t\t<div class=\"elementor-element elementor-element-61e25da elementor-widget elementor-widget-text-editor\" data-id=\"61e25da\" data-element_type=\"widget\" data-e-type=\"widget\" data-widget_type=\"text-editor.default\">\n\t\t\t\t<div class=\"elementor-widget-container\">\n\t\t\t\t\t\t\t\t\t<p>Tavoitteenamme on tehd\u00e4 renkaistamme innovaatioiden ja kest\u00e4vyyden synonyymej\u00e4. Tulevaisuuden suunnitelmissamme keskitymme laajentamaan koko- ja mallivalikoimaamme, jotta jokainen kuljettaja voi l\u00f6yt\u00e4\u00e4 tarpeisiinsa ja ajotyyliins\u00e4 sopivan renkaan. <\/p>\n\t\t\t\t\t\t\t\t<\/div>\n\t\t\t\t<\/div>\n\t\t\t\t<\/div>\n\t\t\t\t\t<\/div>\n\t\t\t\t<\/div>\n\t\t<div class=\"elementor-element elementor-element-effe6bb e-flex e-con-boxed e-con e-parent\" data-id=\"effe6bb\" data-element_type=\"container\" data-e-type=\"container\" data-settings=\"{&quot;background_background&quot;:&quot;classic&quot;,&quot;jet_parallax_layout_list&quot;:[]}\">\n\t\t\t\t\t<div class=\"e-con-inner\">\n\t\t<div class=\"elementor-element elementor-element-ad5cfa1 e-con-full e-flex e-con e-child\" data-id=\"ad5cfa1\" data-element_type=\"container\" data-e-type=\"container\" data-settings=\"{&quot;jet_parallax_layout_list&quot;:[]}\">\n\t\t\t\t<div class=\"elementor-element elementor-element-d1fe032 elementor-widget elementor-widget-heading\" data-id=\"d1fe032\" data-element_type=\"widget\" data-e-type=\"widget\" data-widget_type=\"heading.default\">\n\t\t\t\t<div class=\"elementor-widget-container\">\n\t\t\t\t\t<h2 class=\"elementor-heading-title elementor-size-default\">Sosiaali- ja ymp\u00e4rist\u00f6sitoumuksemme<\/h2>\t\t\t\t<\/div>\n\t\t\t\t<\/div>\n\t\t\t\t<div class=\"elementor-element elementor-element-5d7c864 elementor-widget-divider--view-line elementor-widget elementor-widget-divider\" data-id=\"5d7c864\" data-element_type=\"widget\" data-e-type=\"widget\" data-widget_type=\"divider.default\">\n\t\t\t\t<div class=\"elementor-widget-container\">\n\t\t\t\t\t\t\t<div class=\"elementor-divider\">\n\t\t\t<span class=\"elementor-divider-separator\">\n\t\t\t\t\t\t<\/span>\n\t\t<\/div>\n\t\t\t\t\t\t<\/div>\n\t\t\t\t<\/div>\n\t\t\t\t<div class=\"elementor-element elementor-element-63a02dd elementor-widget elementor-widget-text-editor\" data-id=\"63a02dd\" data-element_type=\"widget\" data-e-type=\"widget\" data-widget_type=\"text-editor.default\">\n\t\t\t\t<div class=\"elementor-widget-container\">\n\t\t\t\t\t\t\t\t\t<p>Rider Tyres on syv\u00e4t perhejuuret omaava yritys, ja se on syv\u00e4sti sitoutunut ymp\u00e4rist\u00f6asioihin. Pinnoitusprosessimme pident\u00e4\u00e4 renkaiden k\u00e4ytt\u00f6ik\u00e4\u00e4 ja v\u00e4hent\u00e4\u00e4 j\u00e4tteiden ja raaka-aineiden kulutusta. Olemme ylpeit\u00e4 voidessamme tarjota tuotteita, jotka ovat ymp\u00e4rist\u00f6yst\u00e4v\u00e4llisi\u00e4 tinkim\u00e4tt\u00e4 huippulaadusta ja suorituskyvyst\u00e4.  <\/p>\n\t\t\t\t\t\t\t\t<\/div>\n\t\t\t\t<\/div>\n\t\t\t\t<\/div>\n\t\t<div class=\"elementor-element elementor-element-0468247 e-con-full e-flex e-con e-child\" data-id=\"0468247\" data-element_type=\"container\" data-e-type=\"container\" data-settings=\"{&quot;jet_parallax_layout_list&quot;:[]}\">\n\t\t\t\t<\/div>\n\t\t\t\t\t<\/div>\n\t\t\t\t<\/div>\n\t\t<div class=\"elementor-element elementor-element-c5a31cb e-flex e-con-boxed e-con e-parent\" data-id=\"c5a31cb\" data-element_type=\"container\" data-e-type=\"container\" data-settings=\"{&quot;jet_parallax_layout_list&quot;:[]}\">\n\t\t\t\t\t<div class=\"e-con-inner\">\n\t\t\t\t<div class=\"elementor-element elementor-element-babb211 elementor-widget elementor-widget-heading\" data-id=\"babb211\" data-element_type=\"widget\" data-e-type=\"widget\" data-widget_type=\"heading.default\">\n\t\t\t\t<div class=\"elementor-widget-container\">\n\t\t\t\t\t<h2 class=\"elementor-heading-title elementor-size-default\">Liity matkaamme<\/h2>\t\t\t\t<\/div>\n\t\t\t\t<\/div>\n\t\t\t\t<div class=\"elementor-element elementor-element-8481e5f elementor-widget-divider--view-line elementor-widget elementor-widget-divider\" data-id=\"8481e5f\" data-element_type=\"widget\" data-e-type=\"widget\" data-widget_type=\"divider.default\">\n\t\t\t\t<div class=\"elementor-widget-container\">\n\t\t\t\t\t\t\t<div class=\"elementor-divider\">\n\t\t\t<span class=\"elementor-divider-separator\">\n\t\t\t\t\t\t<\/span>\n\t\t<\/div>\n\t\t\t\t\t\t<\/div>\n\t\t\t\t<\/div>\n\t\t\t\t<div class=\"elementor-element elementor-element-ee4f0d4 elementor-widget__width-initial elementor-widget-mobile__width-inherit elementor-widget elementor-widget-text-editor\" data-id=\"ee4f0d4\" data-element_type=\"widget\" data-e-type=\"widget\" data-widget_type=\"text-editor.default\">\n\t\t\t\t<div class=\"elementor-widget-container\">\n\t\t\t\t\t\t\t\t\t<p>Kun valitset Rider Tyresin, liityt yhteis\u00f6\u00f6n, joka arvostaa laatua, innovointia ja vastuullisuutta. Kutsumme sinut mukaan matkalle, jossa turvallisuus, ekologisuus ja luotettavuus ovat jokaisen kuljetun tien kulmakivi\u00e4. Ty\u00f6nn\u00e4 rajoja, l\u00f6yd\u00e4 uusia polkuja ja nauti vertaansa vailla olevasta kyydist\u00e4 Rider Tyresin kanssa.  <\/p>\n\t\t\t\t\t\t\t\t<\/div>\n\t\t\t\t<\/div>\n\t\t\t\t<div class=\"elementor-element elementor-element-af9b7e8 elementor-widget elementor-widget-button\" data-id=\"af9b7e8\" data-element_type=\"widget\" data-e-type=\"widget\" data-widget_type=\"button.default\">\n\t\t\t\t<div class=\"elementor-widget-container\">\n\t\t\t\t\t\t\t\t\t<div class=\"elementor-button-wrapper\">\n\t\t\t\t\t<a class=\"elementor-button elementor-button-link elementor-size-sm\" href=\"#oferta\">\n\t\t\t\t\t\t<span class=\"elementor-button-content-wrapper\">\n\t\t\t\t\t\t\t\t\t<span class=\"elementor-button-text\">Tarkista tarjouksemme<\/span>\n\t\t\t\t\t<\/span>\n\t\t\t\t\t<\/a>\n\t\t\t\t<\/div>\n\t\t\t\t\t\t\t\t<\/div>\n\t\t\t\t<\/div>\n\t\t\t\t\t<\/div>\n\t\t\t\t<\/div>\n\t\t<div class=\"elementor-element elementor-element-d6f49ad e-flex e-con-boxed e-con e-parent\" data-id=\"d6f49ad\" data-element_type=\"container\" data-e-type=\"container\" data-settings=\"{&quot;background_background&quot;:&quot;classic&quot;,&quot;jet_parallax_layout_list&quot;:[]}\">\n\t\t\t\t\t<div class=\"e-con-inner\">\n\t\t\t\t<div class=\"elementor-element elementor-element-cda92ba elementor-widget__width-initial elementor-widget-mobile__width-inherit elementor-widget elementor-widget-heading\" data-id=\"cda92ba\" data-element_type=\"widget\" data-e-type=\"widget\" data-widget_type=\"heading.default\">\n\t\t\t\t<div class=\"elementor-widget-container\">\n\t\t\t\t\t<h2 class=\"elementor-heading-title elementor-size-default\">Rider - Ty\u00f6nn\u00e4 rajoja, tutki uusia polkuja ja nauti vertaansa vailla olevasta kyydist\u00e4.<\/h2>\t\t\t\t<\/div>\n\t\t\t\t<\/div>\n\t\t\t\t\t<\/div>\n\t\t\t\t<\/div>\n\t\t\t\t<\/div>\n\t\t","protected":false},"excerpt":{"rendered":"<p>Ratsastajan renkaat: Rengasrenkaat: Turvallisuutesi ja ekologisuutesi tiell\u00e4 Missio ja visio Perimm\u00e4isen\u00e4 tavoitteenamme on tarjota maasturi- ja maastokuljettajille huippulaatuisia pinnoitettuja renkaita, jotka takaavat turvallisuuden, luotettavuuden ja suorituskyvyn. Tarjoamme laajan valikoiman renkaita, maantiek\u00e4ytt\u00f6\u00f6n tarkoitetuista renkaista \u00e4\u00e4rimm\u00e4isiin maasto-olosuhteisiin suunniteltuihin malleihin, kuten All Terrain, Mud Terrain ja Extreme. Me Rider Tyresill\u00e4 olemme sitoutuneet innovointiin turvallisuuden ja ymp\u00e4rist\u00f6nsuojelun edist\u00e4miseksi. Arvomme [&hellip;]<\/p>\n","protected":false},"author":1,"featured_media":0,"parent":0,"menu_order":0,"comment_status":"closed","ping_status":"closed","template":"elementor_header_footer","meta":{"footnotes":""},"class_list":["post-8864","page","type-page","status-publish","hentry"],"yoast_head":"<!-- This site is optimized with the Yoast SEO plugin v27.3 - https:\/\/yoast.com\/product\/yoast-seo-wordpress\/ -->\n<title>Tietoa meist\u00e4 - Rider Tyres<\/title>\n<meta name=\"robots\" content=\"index, follow, max-snippet:-1, max-image-preview:large, max-video-preview:-1\" \/>\n<link rel=\"canonical\" href=\"https:\/\/rider-tyres.eu\/fi\/tietoa-meista\/\" \/>\n<meta property=\"og:locale\" content=\"fi_FI\" \/>\n<meta property=\"og:type\" content=\"article\" \/>\n<meta property=\"og:title\" content=\"Tietoa meist\u00e4 - Rider Tyres\" \/>\n<meta property=\"og:description\" content=\"Ratsastajan renkaat: Rengasrenkaat: Turvallisuutesi ja ekologisuutesi tiell\u00e4 Missio ja visio Perimm\u00e4isen\u00e4 tavoitteenamme on tarjota maasturi- ja maastokuljettajille huippulaatuisia pinnoitettuja renkaita, jotka takaavat turvallisuuden, luotettavuuden ja suorituskyvyn. Tarjoamme laajan valikoiman renkaita, maantiek\u00e4ytt\u00f6\u00f6n tarkoitetuista renkaista \u00e4\u00e4rimm\u00e4isiin maasto-olosuhteisiin suunniteltuihin malleihin, kuten All Terrain, Mud Terrain ja Extreme. Me Rider Tyresill\u00e4 olemme sitoutuneet innovointiin turvallisuuden ja ymp\u00e4rist\u00f6nsuojelun edist\u00e4miseksi. Arvomme [&hellip;]\" \/>\n<meta property=\"og:url\" content=\"https:\/\/rider-tyres.eu\/fi\/tietoa-meista\/\" \/>\n<meta property=\"og:site_name\" content=\"Rider Tyres\" \/>\n<meta property=\"article:modified_time\" content=\"2024-11-20T12:20:47+00:00\" \/>\n<meta name=\"twitter:card\" content=\"summary_large_image\" \/>\n<meta name=\"twitter:label1\" content=\"Arvioitu lukuaika\" \/>\n\t<meta name=\"twitter:data1\" content=\"1 minuutti\" \/>\n<script type=\"application\/ld+json\" class=\"yoast-schema-graph\">{\"@context\":\"https:\\\/\\\/schema.org\",\"@graph\":[{\"@type\":\"WebPage\",\"@id\":\"https:\\\/\\\/rider-tyres.eu\\\/fi\\\/tietoa-meista\\\/\",\"url\":\"https:\\\/\\\/rider-tyres.eu\\\/fi\\\/tietoa-meista\\\/\",\"name\":\"Tietoa meist\u00e4 - Rider Tyres\",\"isPartOf\":{\"@id\":\"https:\\\/\\\/rider-tyres.eu\\\/fi\\\/#website\"},\"datePublished\":\"2024-03-17T18:09:04+00:00\",\"dateModified\":\"2024-11-20T12:20:47+00:00\",\"breadcrumb\":{\"@id\":\"https:\\\/\\\/rider-tyres.eu\\\/fi\\\/tietoa-meista\\\/#breadcrumb\"},\"inLanguage\":\"fi\",\"potentialAction\":[{\"@type\":\"ReadAction\",\"target\":[\"https:\\\/\\\/rider-tyres.eu\\\/fi\\\/tietoa-meista\\\/\"]}]},{\"@type\":\"BreadcrumbList\",\"@id\":\"https:\\\/\\\/rider-tyres.eu\\\/fi\\\/tietoa-meista\\\/#breadcrumb\",\"itemListElement\":[{\"@type\":\"ListItem\",\"position\":1,\"name\":\"Strona g\u0142\u00f3wna\",\"item\":\"https:\\\/\\\/rider-tyres.eu\\\/fi\\\/\"},{\"@type\":\"ListItem\",\"position\":2,\"name\":\"Tietoa meist\u00e4\"}]},{\"@type\":\"WebSite\",\"@id\":\"https:\\\/\\\/rider-tyres.eu\\\/fi\\\/#website\",\"url\":\"https:\\\/\\\/rider-tyres.eu\\\/fi\\\/\",\"name\":\"Rider Tyres\",\"description\":\"Opony na ka\u017cdy teren\",\"publisher\":{\"@id\":\"https:\\\/\\\/rider-tyres.eu\\\/fi\\\/#organization\"},\"potentialAction\":[{\"@type\":\"SearchAction\",\"target\":{\"@type\":\"EntryPoint\",\"urlTemplate\":\"https:\\\/\\\/rider-tyres.eu\\\/fi\\\/?s={search_term_string}\"},\"query-input\":{\"@type\":\"PropertyValueSpecification\",\"valueRequired\":true,\"valueName\":\"search_term_string\"}}],\"inLanguage\":\"fi\"},{\"@type\":\"Organization\",\"@id\":\"https:\\\/\\\/rider-tyres.eu\\\/fi\\\/#organization\",\"name\":\"Rider Tyres\",\"url\":\"https:\\\/\\\/rider-tyres.eu\\\/fi\\\/\",\"logo\":{\"@type\":\"ImageObject\",\"inLanguage\":\"fi\",\"@id\":\"https:\\\/\\\/rider-tyres.eu\\\/fi\\\/#\\\/schema\\\/logo\\\/image\\\/\",\"url\":\"https:\\\/\\\/rider-tyres.eu\\\/wp-content\\\/uploads\\\/2024\\\/02\\\/White-logo-no-background-01.svg\",\"contentUrl\":\"https:\\\/\\\/rider-tyres.eu\\\/wp-content\\\/uploads\\\/2024\\\/02\\\/White-logo-no-background-01.svg\",\"caption\":\"Rider Tyres\"},\"image\":{\"@id\":\"https:\\\/\\\/rider-tyres.eu\\\/fi\\\/#\\\/schema\\\/logo\\\/image\\\/\"}}]}<\/script>\n<!-- \/ Yoast SEO plugin. -->","yoast_head_json":{"title":"Tietoa meist\u00e4 - Rider Tyres","robots":{"index":"index","follow":"follow","max-snippet":"max-snippet:-1","max-image-preview":"max-image-preview:large","max-video-preview":"max-video-preview:-1"},"canonical":"https:\/\/rider-tyres.eu\/fi\/tietoa-meista\/","og_locale":"fi_FI","og_type":"article","og_title":"Tietoa meist\u00e4 - Rider Tyres","og_description":"Ratsastajan renkaat: Rengasrenkaat: Turvallisuutesi ja ekologisuutesi tiell\u00e4 Missio ja visio Perimm\u00e4isen\u00e4 tavoitteenamme on tarjota maasturi- ja maastokuljettajille huippulaatuisia pinnoitettuja renkaita, jotka takaavat turvallisuuden, luotettavuuden ja suorituskyvyn. Tarjoamme laajan valikoiman renkaita, maantiek\u00e4ytt\u00f6\u00f6n tarkoitetuista renkaista \u00e4\u00e4rimm\u00e4isiin maasto-olosuhteisiin suunniteltuihin malleihin, kuten All Terrain, Mud Terrain ja Extreme. Me Rider Tyresill\u00e4 olemme sitoutuneet innovointiin turvallisuuden ja ymp\u00e4rist\u00f6nsuojelun edist\u00e4miseksi. Arvomme [&hellip;]","og_url":"https:\/\/rider-tyres.eu\/fi\/tietoa-meista\/","og_site_name":"Rider Tyres","article_modified_time":"2024-11-20T12:20:47+00:00","twitter_card":"summary_large_image","twitter_misc":{"Arvioitu lukuaika":"1 minuutti"},"schema":{"@context":"https:\/\/schema.org","@graph":[{"@type":"WebPage","@id":"https:\/\/rider-tyres.eu\/fi\/tietoa-meista\/","url":"https:\/\/rider-tyres.eu\/fi\/tietoa-meista\/","name":"Tietoa meist\u00e4 - Rider Tyres","isPartOf":{"@id":"https:\/\/rider-tyres.eu\/fi\/#website"},"datePublished":"2024-03-17T18:09:04+00:00","dateModified":"2024-11-20T12:20:47+00:00","breadcrumb":{"@id":"https:\/\/rider-tyres.eu\/fi\/tietoa-meista\/#breadcrumb"},"inLanguage":"fi","potentialAction":[{"@type":"ReadAction","target":["https:\/\/rider-tyres.eu\/fi\/tietoa-meista\/"]}]},{"@type":"BreadcrumbList","@id":"https:\/\/rider-tyres.eu\/fi\/tietoa-meista\/#breadcrumb","itemListElement":[{"@type":"ListItem","position":1,"name":"Strona g\u0142\u00f3wna","item":"https:\/\/rider-tyres.eu\/fi\/"},{"@type":"ListItem","position":2,"name":"Tietoa meist\u00e4"}]},{"@type":"WebSite","@id":"https:\/\/rider-tyres.eu\/fi\/#website","url":"https:\/\/rider-tyres.eu\/fi\/","name":"Rider Tyres","description":"Opony na ka\u017cdy teren","publisher":{"@id":"https:\/\/rider-tyres.eu\/fi\/#organization"},"potentialAction":[{"@type":"SearchAction","target":{"@type":"EntryPoint","urlTemplate":"https:\/\/rider-tyres.eu\/fi\/?s={search_term_string}"},"query-input":{"@type":"PropertyValueSpecification","valueRequired":true,"valueName":"search_term_string"}}],"inLanguage":"fi"},{"@type":"Organization","@id":"https:\/\/rider-tyres.eu\/fi\/#organization","name":"Rider Tyres","url":"https:\/\/rider-tyres.eu\/fi\/","logo":{"@type":"ImageObject","inLanguage":"fi","@id":"https:\/\/rider-tyres.eu\/fi\/#\/schema\/logo\/image\/","url":"https:\/\/rider-tyres.eu\/wp-content\/uploads\/2024\/02\/White-logo-no-background-01.svg","contentUrl":"https:\/\/rider-tyres.eu\/wp-content\/uploads\/2024\/02\/White-logo-no-background-01.svg","caption":"Rider Tyres"},"image":{"@id":"https:\/\/rider-tyres.eu\/fi\/#\/schema\/logo\/image\/"}}]}},"_links":{"self":[{"href":"https:\/\/rider-tyres.eu\/fi\/wp-json\/wp\/v2\/pages\/8864","targetHints":{"allow":["GET"]}}],"collection":[{"href":"https:\/\/rider-tyres.eu\/fi\/wp-json\/wp\/v2\/pages"}],"about":[{"href":"https:\/\/rider-tyres.eu\/fi\/wp-json\/wp\/v2\/types\/page"}],"author":[{"embeddable":true,"href":"https:\/\/rider-tyres.eu\/fi\/wp-json\/wp\/v2\/users\/1"}],"replies":[{"embeddable":true,"href":"https:\/\/rider-tyres.eu\/fi\/wp-json\/wp\/v2\/comments?post=8864"}],"version-history":[{"count":1,"href":"https:\/\/rider-tyres.eu\/fi\/wp-json\/wp\/v2\/pages\/8864\/revisions"}],"predecessor-version":[{"id":8866,"href":"https:\/\/rider-tyres.eu\/fi\/wp-json\/wp\/v2\/pages\/8864\/revisions\/8866"}],"wp:attachment":[{"href":"https:\/\/rider-tyres.eu\/fi\/wp-json\/wp\/v2\/media?parent=8864"}],"curies":[{"name":"wp","href":"https:\/\/api.w.org\/{rel}","templated":true}]}}