{"id":4237,"date":"2024-03-25T10:42:15","date_gmt":"2024-03-25T09:42:15","guid":{"rendered":"https:\/\/rider-tyres.eu\/opona\/245-70r16-107q-rider-good-rider-a-t-245-70r16-107q-rider-good-rider-a-t\/"},"modified":"2024-07-30T07:46:50","modified_gmt":"2024-07-30T06:46:50","slug":"245-70r16-107q-rider-good-rider-a-t-245-70r16-107q-rider-good-rider-a-t","status":"publish","type":"product","link":"https:\/\/rider-tyres.eu\/et\/opona\/245-70r16-107q-rider-good-rider-a-t-245-70r16-107q-rider-good-rider-a-t\/","title":{"rendered":"245\/70R16 107Q Rider GOOD RIDER A\/T 245\/70R16 107Q Rider GOOD RIDER A\/T"},"content":{"rendered":"","protected":false},"excerpt":{"rendered":"<p>&nbsp;<\/p>\n<p>&nbsp;<\/p>\n","protected":false},"featured_media":4076,"comment_status":"open","ping_status":"closed","template":"","meta":[],"product_brand":[],"product_cat":[1376,1375],"product_tag":[],"class_list":{"0":"post-4237","1":"product","2":"type-product","3":"status-publish","4":"has-post-thumbnail","6":"product_cat-good-rider-a-t-et","7":"product_cat-koikjal-maastikul","9":"first","10":"outofstock","11":"taxable","12":"shipping-taxable","13":"purchasable","14":"product-type-simple"},"yoast_head":"<!-- This site is optimized with the Yoast SEO plugin v27.3 - https:\/\/yoast.com\/product\/yoast-seo-wordpress\/ -->\n<title>245\/70R16 107Q Rider GOOD RIDER A\/T 245\/70R16 107Q Rider GOOD RIDER A\/T - Rider Tyres<\/title>\n<meta name=\"description\" content=\"Pingutage piiride \u00fcletamiseks mitmek\u00fclgse maastikurehviga 245\/70R16 107Q Rider GOOD RIDER A\/T 245\/70R16 107Q Rider GOOD RIDER A\/T, mis on m\u00f5eldud k\u00f5ikv\u00f5imalikeks seiklusteks.\" \/>\n<meta name=\"robots\" content=\"index, follow, max-snippet:-1, max-image-preview:large, max-video-preview:-1\" \/>\n<link rel=\"canonical\" href=\"https:\/\/rider-tyres.eu\/et\/opona\/245-70r16-107q-rider-good-rider-a-t-245-70r16-107q-rider-good-rider-a-t\/\" \/>\n<meta property=\"og:locale\" content=\"et_EE\" \/>\n<meta property=\"og:type\" content=\"article\" \/>\n<meta property=\"og:title\" content=\"245\/70R16 107Q Rider GOOD RIDER A\/T 245\/70R16 107Q Rider GOOD RIDER A\/T - Rider Tyres\" \/>\n<meta property=\"og:description\" content=\"Pingutage piiride \u00fcletamiseks mitmek\u00fclgse maastikurehviga 245\/70R16 107Q Rider GOOD RIDER A\/T 245\/70R16 107Q Rider GOOD RIDER A\/T, mis on m\u00f5eldud k\u00f5ikv\u00f5imalikeks seiklusteks.\" \/>\n<meta property=\"og:url\" content=\"https:\/\/rider-tyres.eu\/et\/opona\/245-70r16-107q-rider-good-rider-a-t-245-70r16-107q-rider-good-rider-a-t\/\" \/>\n<meta property=\"og:site_name\" content=\"Rider Tyres\" \/>\n<meta property=\"article:modified_time\" content=\"2024-07-30T06:46:50+00:00\" \/>\n<meta property=\"og:image\" content=\"https:\/\/rider-tyres.eu\/wp-content\/uploads\/2024\/03\/P1155262s.png\" \/>\n\t<meta property=\"og:image:width\" content=\"486\" \/>\n\t<meta property=\"og:image:height\" content=\"800\" \/>\n\t<meta property=\"og:image:type\" content=\"image\/png\" \/>\n<meta name=\"twitter:card\" content=\"summary_large_image\" \/>\n<script type=\"application\/ld+json\" class=\"yoast-schema-graph\">{\"@context\":\"https:\\\/\\\/schema.org\",\"@graph\":[{\"@type\":\"WebPage\",\"@id\":\"https:\\\/\\\/rider-tyres.eu\\\/et\\\/opona\\\/245-70r16-107q-rider-good-rider-a-t-245-70r16-107q-rider-good-rider-a-t\\\/\",\"url\":\"https:\\\/\\\/rider-tyres.eu\\\/et\\\/opona\\\/245-70r16-107q-rider-good-rider-a-t-245-70r16-107q-rider-good-rider-a-t\\\/\",\"name\":\"245\\\/70R16 107Q Rider GOOD RIDER A\\\/T 245\\\/70R16 107Q Rider GOOD RIDER A\\\/T - Rider Tyres\",\"isPartOf\":{\"@id\":\"https:\\\/\\\/rider-tyres.eu\\\/et\\\/#website\"},\"primaryImageOfPage\":{\"@id\":\"https:\\\/\\\/rider-tyres.eu\\\/et\\\/opona\\\/245-70r16-107q-rider-good-rider-a-t-245-70r16-107q-rider-good-rider-a-t\\\/#primaryimage\"},\"image\":{\"@id\":\"https:\\\/\\\/rider-tyres.eu\\\/et\\\/opona\\\/245-70r16-107q-rider-good-rider-a-t-245-70r16-107q-rider-good-rider-a-t\\\/#primaryimage\"},\"thumbnailUrl\":\"https:\\\/\\\/rider-tyres.eu\\\/wp-content\\\/uploads\\\/2024\\\/03\\\/P1155262s.png\",\"datePublished\":\"2024-03-25T09:42:15+00:00\",\"dateModified\":\"2024-07-30T06:46:50+00:00\",\"description\":\"Pingutage piiride \u00fcletamiseks mitmek\u00fclgse maastikurehviga 245\\\/70R16 107Q Rider GOOD RIDER A\\\/T 245\\\/70R16 107Q Rider GOOD RIDER A\\\/T, mis on m\u00f5eldud k\u00f5ikv\u00f5imalikeks seiklusteks.\",\"breadcrumb\":{\"@id\":\"https:\\\/\\\/rider-tyres.eu\\\/et\\\/opona\\\/245-70r16-107q-rider-good-rider-a-t-245-70r16-107q-rider-good-rider-a-t\\\/#breadcrumb\"},\"inLanguage\":\"et\",\"potentialAction\":[{\"@type\":\"ReadAction\",\"target\":[\"https:\\\/\\\/rider-tyres.eu\\\/et\\\/opona\\\/245-70r16-107q-rider-good-rider-a-t-245-70r16-107q-rider-good-rider-a-t\\\/\"]}]},{\"@type\":\"ImageObject\",\"inLanguage\":\"et\",\"@id\":\"https:\\\/\\\/rider-tyres.eu\\\/et\\\/opona\\\/245-70r16-107q-rider-good-rider-a-t-245-70r16-107q-rider-good-rider-a-t\\\/#primaryimage\",\"url\":\"https:\\\/\\\/rider-tyres.eu\\\/wp-content\\\/uploads\\\/2024\\\/03\\\/P1155262s.png\",\"contentUrl\":\"https:\\\/\\\/rider-tyres.eu\\\/wp-content\\\/uploads\\\/2024\\\/03\\\/P1155262s.png\",\"width\":486,\"height\":800},{\"@type\":\"BreadcrumbList\",\"@id\":\"https:\\\/\\\/rider-tyres.eu\\\/et\\\/opona\\\/245-70r16-107q-rider-good-rider-a-t-245-70r16-107q-rider-good-rider-a-t\\\/#breadcrumb\",\"itemListElement\":[{\"@type\":\"ListItem\",\"position\":1,\"name\":\"Strona g\u0142\u00f3wna\",\"item\":\"https:\\\/\\\/rider-tyres.eu\\\/et\\\/\"},{\"@type\":\"ListItem\",\"position\":2,\"name\":\"Rehvid\",\"item\":\"https:\\\/\\\/rider-tyres.eu\\\/et\\\/kauplus\\\/\"},{\"@type\":\"ListItem\",\"position\":3,\"name\":\"245\\\/70R16 107Q Rider GOOD RIDER A\\\/T 245\\\/70R16 107Q Rider GOOD RIDER A\\\/T\"}]},{\"@type\":\"WebSite\",\"@id\":\"https:\\\/\\\/rider-tyres.eu\\\/et\\\/#website\",\"url\":\"https:\\\/\\\/rider-tyres.eu\\\/et\\\/\",\"name\":\"Rider Tyres\",\"description\":\"Opony na ka\u017cdy teren\",\"publisher\":{\"@id\":\"https:\\\/\\\/rider-tyres.eu\\\/et\\\/#organization\"},\"potentialAction\":[{\"@type\":\"SearchAction\",\"target\":{\"@type\":\"EntryPoint\",\"urlTemplate\":\"https:\\\/\\\/rider-tyres.eu\\\/et\\\/?s={search_term_string}\"},\"query-input\":{\"@type\":\"PropertyValueSpecification\",\"valueRequired\":true,\"valueName\":\"search_term_string\"}}],\"inLanguage\":\"et\"},{\"@type\":\"Organization\",\"@id\":\"https:\\\/\\\/rider-tyres.eu\\\/et\\\/#organization\",\"name\":\"Rider Tyres\",\"url\":\"https:\\\/\\\/rider-tyres.eu\\\/et\\\/\",\"logo\":{\"@type\":\"ImageObject\",\"inLanguage\":\"et\",\"@id\":\"https:\\\/\\\/rider-tyres.eu\\\/et\\\/#\\\/schema\\\/logo\\\/image\\\/\",\"url\":\"https:\\\/\\\/rider-tyres.eu\\\/wp-content\\\/uploads\\\/2024\\\/02\\\/White-logo-no-background-01.svg\",\"contentUrl\":\"https:\\\/\\\/rider-tyres.eu\\\/wp-content\\\/uploads\\\/2024\\\/02\\\/White-logo-no-background-01.svg\",\"caption\":\"Rider Tyres\"},\"image\":{\"@id\":\"https:\\\/\\\/rider-tyres.eu\\\/et\\\/#\\\/schema\\\/logo\\\/image\\\/\"}}]}<\/script>\n<!-- \/ Yoast SEO plugin. -->","yoast_head_json":{"title":"245\/70R16 107Q Rider GOOD RIDER A\/T 245\/70R16 107Q Rider GOOD RIDER A\/T - Rider Tyres","description":"Pingutage piiride \u00fcletamiseks mitmek\u00fclgse maastikurehviga 245\/70R16 107Q Rider GOOD RIDER A\/T 245\/70R16 107Q Rider GOOD RIDER A\/T, mis on m\u00f5eldud k\u00f5ikv\u00f5imalikeks seiklusteks.","robots":{"index":"index","follow":"follow","max-snippet":"max-snippet:-1","max-image-preview":"max-image-preview:large","max-video-preview":"max-video-preview:-1"},"canonical":"https:\/\/rider-tyres.eu\/et\/opona\/245-70r16-107q-rider-good-rider-a-t-245-70r16-107q-rider-good-rider-a-t\/","og_locale":"et_EE","og_type":"article","og_title":"245\/70R16 107Q Rider GOOD RIDER A\/T 245\/70R16 107Q Rider GOOD RIDER A\/T - Rider Tyres","og_description":"Pingutage piiride \u00fcletamiseks mitmek\u00fclgse maastikurehviga 245\/70R16 107Q Rider GOOD RIDER A\/T 245\/70R16 107Q Rider GOOD RIDER A\/T, mis on m\u00f5eldud k\u00f5ikv\u00f5imalikeks seiklusteks.","og_url":"https:\/\/rider-tyres.eu\/et\/opona\/245-70r16-107q-rider-good-rider-a-t-245-70r16-107q-rider-good-rider-a-t\/","og_site_name":"Rider Tyres","article_modified_time":"2024-07-30T06:46:50+00:00","og_image":[{"width":486,"height":800,"url":"https:\/\/rider-tyres.eu\/wp-content\/uploads\/2024\/03\/P1155262s.png","type":"image\/png"}],"twitter_card":"summary_large_image","schema":{"@context":"https:\/\/schema.org","@graph":[{"@type":"WebPage","@id":"https:\/\/rider-tyres.eu\/et\/opona\/245-70r16-107q-rider-good-rider-a-t-245-70r16-107q-rider-good-rider-a-t\/","url":"https:\/\/rider-tyres.eu\/et\/opona\/245-70r16-107q-rider-good-rider-a-t-245-70r16-107q-rider-good-rider-a-t\/","name":"245\/70R16 107Q Rider GOOD RIDER A\/T 245\/70R16 107Q Rider GOOD RIDER A\/T - Rider Tyres","isPartOf":{"@id":"https:\/\/rider-tyres.eu\/et\/#website"},"primaryImageOfPage":{"@id":"https:\/\/rider-tyres.eu\/et\/opona\/245-70r16-107q-rider-good-rider-a-t-245-70r16-107q-rider-good-rider-a-t\/#primaryimage"},"image":{"@id":"https:\/\/rider-tyres.eu\/et\/opona\/245-70r16-107q-rider-good-rider-a-t-245-70r16-107q-rider-good-rider-a-t\/#primaryimage"},"thumbnailUrl":"https:\/\/rider-tyres.eu\/wp-content\/uploads\/2024\/03\/P1155262s.png","datePublished":"2024-03-25T09:42:15+00:00","dateModified":"2024-07-30T06:46:50+00:00","description":"Pingutage piiride \u00fcletamiseks mitmek\u00fclgse maastikurehviga 245\/70R16 107Q Rider GOOD RIDER A\/T 245\/70R16 107Q Rider GOOD RIDER A\/T, mis on m\u00f5eldud k\u00f5ikv\u00f5imalikeks seiklusteks.","breadcrumb":{"@id":"https:\/\/rider-tyres.eu\/et\/opona\/245-70r16-107q-rider-good-rider-a-t-245-70r16-107q-rider-good-rider-a-t\/#breadcrumb"},"inLanguage":"et","potentialAction":[{"@type":"ReadAction","target":["https:\/\/rider-tyres.eu\/et\/opona\/245-70r16-107q-rider-good-rider-a-t-245-70r16-107q-rider-good-rider-a-t\/"]}]},{"@type":"ImageObject","inLanguage":"et","@id":"https:\/\/rider-tyres.eu\/et\/opona\/245-70r16-107q-rider-good-rider-a-t-245-70r16-107q-rider-good-rider-a-t\/#primaryimage","url":"https:\/\/rider-tyres.eu\/wp-content\/uploads\/2024\/03\/P1155262s.png","contentUrl":"https:\/\/rider-tyres.eu\/wp-content\/uploads\/2024\/03\/P1155262s.png","width":486,"height":800},{"@type":"BreadcrumbList","@id":"https:\/\/rider-tyres.eu\/et\/opona\/245-70r16-107q-rider-good-rider-a-t-245-70r16-107q-rider-good-rider-a-t\/#breadcrumb","itemListElement":[{"@type":"ListItem","position":1,"name":"Strona g\u0142\u00f3wna","item":"https:\/\/rider-tyres.eu\/et\/"},{"@type":"ListItem","position":2,"name":"Rehvid","item":"https:\/\/rider-tyres.eu\/et\/kauplus\/"},{"@type":"ListItem","position":3,"name":"245\/70R16 107Q Rider GOOD RIDER A\/T 245\/70R16 107Q Rider GOOD RIDER A\/T"}]},{"@type":"WebSite","@id":"https:\/\/rider-tyres.eu\/et\/#website","url":"https:\/\/rider-tyres.eu\/et\/","name":"Rider Tyres","description":"Opony na ka\u017cdy teren","publisher":{"@id":"https:\/\/rider-tyres.eu\/et\/#organization"},"potentialAction":[{"@type":"SearchAction","target":{"@type":"EntryPoint","urlTemplate":"https:\/\/rider-tyres.eu\/et\/?s={search_term_string}"},"query-input":{"@type":"PropertyValueSpecification","valueRequired":true,"valueName":"search_term_string"}}],"inLanguage":"et"},{"@type":"Organization","@id":"https:\/\/rider-tyres.eu\/et\/#organization","name":"Rider Tyres","url":"https:\/\/rider-tyres.eu\/et\/","logo":{"@type":"ImageObject","inLanguage":"et","@id":"https:\/\/rider-tyres.eu\/et\/#\/schema\/logo\/image\/","url":"https:\/\/rider-tyres.eu\/wp-content\/uploads\/2024\/02\/White-logo-no-background-01.svg","contentUrl":"https:\/\/rider-tyres.eu\/wp-content\/uploads\/2024\/02\/White-logo-no-background-01.svg","caption":"Rider Tyres"},"image":{"@id":"https:\/\/rider-tyres.eu\/et\/#\/schema\/logo\/image\/"}}]}},"_links":{"self":[{"href":"https:\/\/rider-tyres.eu\/et\/wp-json\/wp\/v2\/product\/4237","targetHints":{"allow":["GET"]}}],"collection":[{"href":"https:\/\/rider-tyres.eu\/et\/wp-json\/wp\/v2\/product"}],"about":[{"href":"https:\/\/rider-tyres.eu\/et\/wp-json\/wp\/v2\/types\/product"}],"replies":[{"embeddable":true,"href":"https:\/\/rider-tyres.eu\/et\/wp-json\/wp\/v2\/comments?post=4237"}],"wp:featuredmedia":[{"embeddable":true,"href":"https:\/\/rider-tyres.eu\/et\/wp-json\/wp\/v2\/media\/4076"}],"wp:attachment":[{"href":"https:\/\/rider-tyres.eu\/et\/wp-json\/wp\/v2\/media?parent=4237"}],"wp:term":[{"taxonomy":"product_brand","embeddable":true,"href":"https:\/\/rider-tyres.eu\/et\/wp-json\/wp\/v2\/product_brand?post=4237"},{"taxonomy":"product_cat","embeddable":true,"href":"https:\/\/rider-tyres.eu\/et\/wp-json\/wp\/v2\/product_cat?post=4237"},{"taxonomy":"product_tag","embeddable":true,"href":"https:\/\/rider-tyres.eu\/et\/wp-json\/wp\/v2\/product_tag?post=4237"}],"curies":[{"name":"wp","href":"https:\/\/api.w.org\/{rel}","templated":true}]}}