{"id":4463,"date":"2024-03-18T12:22:33","date_gmt":"2024-03-18T11:22:33","guid":{"rendered":"https:\/\/rider-tyres.eu\/privaatsuspoliitika\/"},"modified":"2025-01-08T09:29:04","modified_gmt":"2025-01-08T08:29:04","slug":"privaatsuspoliitika","status":"publish","type":"page","link":"https:\/\/rider-tyres.eu\/et\/privaatsuspoliitika\/","title":{"rendered":"Privaatsuspoliitika"},"content":{"rendered":"\t\t<div data-elementor-type=\"wp-page\" data-elementor-id=\"4463\" class=\"elementor elementor-4463 elementor-599\" data-elementor-post-type=\"page\">\n\t\t\t\t<div class=\"elementor-element elementor-element-dab1aea e-flex e-con-boxed e-con e-parent\" data-id=\"dab1aea\" data-element_type=\"container\" data-e-type=\"container\" data-settings=\"{&quot;background_background&quot;:&quot;classic&quot;,&quot;jet_parallax_layout_list&quot;:[]}\">\n\t\t\t\t\t<div class=\"e-con-inner\">\n\t\t\t\t<div class=\"elementor-element elementor-element-40274cf elementor-widget elementor-widget-breadcrumbs\" data-id=\"40274cf\" data-element_type=\"widget\" data-e-type=\"widget\" data-widget_type=\"breadcrumbs.default\">\n\t\t\t\t<div class=\"elementor-widget-container\">\n\t\t\t\t\t<p id=\"breadcrumbs\"><span><span><a href=\"https:\/\/rider-tyres.eu\/et\/\">Strona g\u0142\u00f3wna<\/a><\/span><\/span><\/p>\t\t\t\t<\/div>\n\t\t\t\t<\/div>\n\t\t\t\t<div class=\"elementor-element elementor-element-634eedf elementor-widget elementor-widget-heading\" data-id=\"634eedf\" data-element_type=\"widget\" data-e-type=\"widget\" data-widget_type=\"heading.default\">\n\t\t\t\t<div class=\"elementor-widget-container\">\n\t\t\t\t\t<h2 class=\"elementor-heading-title elementor-size-default\">Privaatsuspoliitika<\/h2>\t\t\t\t<\/div>\n\t\t\t\t<\/div>\n\t\t\t\t\t<\/div>\n\t\t\t\t<\/div>\n\t\t<div class=\"elementor-element elementor-element-07ec720 e-flex e-con-boxed e-con e-parent\" data-id=\"07ec720\" data-element_type=\"container\" data-e-type=\"container\" data-settings=\"{&quot;jet_parallax_layout_list&quot;:[]}\">\n\t\t\t\t\t<div class=\"e-con-inner\">\n\t\t\t\t<div class=\"elementor-element elementor-element-7eb301f elementor-widget elementor-widget-html\" data-id=\"7eb301f\" data-element_type=\"widget\" data-e-type=\"widget\" data-widget_type=\"html.default\">\n\t\t\t\t<div class=\"elementor-widget-container\">\n\t\t\t\t\t<h1>Privaatsuspoliitika<\/h1>\n    <p><br>V<strong>iimati uuendatud:<\/strong> 24-Jun-2024<strong>J\u00f5ustumiskuup\u00e4ev<\/strong>: juuni-2024<\/p>\n\n    <p>K\u00e4esolev privaatsuspoliitika kirjeldab Gerex s.c., Adolfa Mitery 11, Malopolska 32-700, Poola, e-post: contact@rider-tyres.eu, telefon: 14 615 90 14 seoses meie veebilehe ( <a href=\"https:\/\/rider-tyres.eu\/et\/\">https:\/\/rider-tyres.eu<\/a> ) (edaspidi \"teenus\") kasutamisel kogutud teabe kogumise, kasutamise ja avalikustamisega. Teenust kasutades n\u00f5ustute oma andmete kogumise, kasutamise ja avaldamisega vastavalt k\u00e4esolevale privaatsuspoliitikale. Kui te ei n\u00f5ustu, \u00e4rge kasutage Teenust.  <\/p>\n\n    <p>Me v\u00f5ime k\u00e4esolevat privaatsuspoliitikat igal ajal ilma eelneva etteteatamiseta muuta ja avaldame muudetud privaatsuspoliitikat Teenuses.  <strong>Muudetud poliitika j\u00f5ustub 180 p\u00e4eva p\u00e4rast selle avaldamist Teenuses ja kui te j\u00e4tkate Teenuse kasutamist p\u00e4rast seda aega, siis n\u00f5ustute muudetud privaatsuspoliitikaga.<\/strong>  Soovitame seda lehek\u00fclge regulaarselt \u00fcle vaadata.<\/p>\n\n    <h2>Kuidas me teie andmeid kasutame:<\/h2>\n    <p>Me kasutame teie kohta kogutud teavet j\u00e4rgmistel eesm\u00e4rkidel:<\/p>\n    <ul>\n        <li>Turundus\/turundus<\/li>\n        <li>Sihtotstarbeline reklaam<\/li>\n    <\/ul>\n    <p>Kui me soovime kasutada teie andmeid mis tahes muul eesm\u00e4rgil, k\u00fcsime teie n\u00f5usolekut ja kasutame teie andmeid ainult teie n\u00f5usolekul ja ainult selleks, milleks te olete andnud oma n\u00f5usoleku, v\u00e4lja arvatud juhul, kui seadus n\u00f5uab meilt teisiti.<\/p>\n\n    <h2>Kuidas me teie andmeid jagame:<\/h2>\n    <p><strong>Me ei edasta teie isikuandmeid kolmandatele isikutele ilma teie n\u00f5usolekuta, v\u00e4lja arvatud allpool kirjeldatud piiratud juhtudel:<\/strong><\/p>\n    <ul>\n        <li>Reklaamiteenused<\/li>\n        <li>Anal\u00fc\u00fcsid<\/li>\n    <\/ul>\n    <p>N\u00f5uame sellistelt kolmandatelt isikutelt, et nad kasutaksid neile esitatud isikuandmeid ainult sel eesm\u00e4rgil, milleks need on esitatud, ja et nad ei s\u00e4ilitaks neid kauem, kui on vaja selle eesm\u00e4rgi t\u00e4itmiseks.\nV\u00f5ime teie isikuandmeid avaldada ka j\u00e4rgmistel juhtudel: (1) kohaldatava seaduse, m\u00e4\u00e4ruse, kohtum\u00e4\u00e4ruse v\u00f5i muu \u00f5igusliku menetluse t\u00e4itmiseks; (2) meie ja teie vahel s\u00f5lmitud lepingute, sealhulgas k\u00e4esoleva privaatsuspoliitika j\u00f5ustamiseks; v\u00f5i (3) vastuseks v\u00e4idetele, et teiepoolne teenuse kasutamine rikub kolmandate isikute \u00f5igusi.\nKui Teenus v\u00f5i meie ettev\u00f5te omandatakse v\u00f5i liidetakse teise ettev\u00f5ttega, on teie andmed \u00fcks uuele omanikule \u00fcleantavatest varadest.  <\/p>\n\n    <h2>Teie \u00f5igused:<\/h2>\n    <p>S\u00f5ltuvalt kohaldatavast \u00f5igusest v\u00f5ib teil olla \u00f5igus tutvuda oma isikuandmetega, neid parandada v\u00f5i kustutada, saada koopia oma isikuandmetest, piirata v\u00f5i vaidlustada teie andmete aktiivset t\u00f6\u00f6tlemist, paluda meil edastada teie isikuandmed teisele \u00fcksusele, v\u00f5tta tagasi oma n\u00f5usolek andmete t\u00f6\u00f6tlemiseks ning \u00f5igus esitada kaebus j\u00e4relevalveasutusele.\nNende \u00f5iguste kasutamiseks v\u00f5ite kirjutada meile aadressil <a href=\"\">contact@rider-tyres.eu<\/a>.\nMe vastame teie taotlusele koosk\u00f5las kehtiva \u00f5igusega.\nPange t\u00e4hele, et kui te ei luba meil koguda v\u00f5i t\u00f6\u00f6delda teie poolt soovitud isikuandmeid v\u00f5i v\u00f5tate tagasi oma n\u00f5usoleku nende t\u00f6\u00f6tlemiseks soovitud eesm\u00e4rkidel, ei pruugi teil olla v\u00f5imalik teenusele juurde p\u00e4\u00e4seda v\u00f5i seda kasutada.   <\/p>\n\n    <h2>K\u00fcpsised jne.<\/h2>\n    <p>Lisateavet selle kohta, kuidas me neid tehnoloogiaid kasutame ja teie valikute kohta seoses nende j\u00e4lgimistehnoloogiatega, leiate meie <a href=\"#cookie-policy\">k\u00fcpsiste poliitikast<\/a>.<\/p>\n\n    <h2>Ohutus:<\/h2>\n    <p><strong>Teie andmete turvalisus on meile oluline ja me kasutame m\u00f5istlikke turvameetmeid, et v\u00e4ltida meie kontrolli all olevate andmete kadumist, v\u00e4\u00e4rkasutamist v\u00f5i loata muutmist.<\/strong>  Siiski ei saa me neile omaste riskide t\u00f5ttu tagada absoluutset turvalisust ja j\u00e4relikult ei saa me tagada ega garanteerida meile edastatud teabe turvalisust ning teete seda omal vastutusel.<\/p>\n\n    <h2>Lingid kolmandate osapooltega ja teie andmete kasutamine:<\/h2>\n    <p>Meie teenus v\u00f5ib sisaldada linke teistele veebisaitidele, mida me ei halda.\nK\u00e4esolev privaatsuspoliitika ei k\u00e4sitle kolmandate isikute privaatsuspoliitikat ega muid tavasid, sealhulgas kolmandate isikute, kes haldavad veebisaite v\u00f5i teenuseid, mis v\u00f5ivad olla juurdep\u00e4\u00e4setavad Teenuse lingi kaudu.\nSoovitame tungivalt tutvuda iga k\u00fclastatava veebisaidi privaatsuspoliitikaga.\nMe ei kontrolli ega vastuta kolmandate osapoolte veebisaitide v\u00f5i teenuste sisu, privaatsuspoliitikate v\u00f5i tavade eest.   <\/p>\n\n    <h2>Kaebuste\/andmekaitseametnik: <\/h2>\n    <p>Kui teil on k\u00fcsimusi v\u00f5i muresid seoses teie andmete t\u00f6\u00f6tlemisega meie juures, v\u00f5ite kirjutada meie kaebuste eest vastutavale ametnikule aadressil Gerex s.c., 32-700 Bochnia, Adolfa Mitery 11, e-post: <a href=\"\">contact@rider-tyres.eu.<\/a> Me vastame teie muredele vastavalt kohaldatavale seadusele.  <\/p>\n\t\t\t\t<\/div>\n\t\t\t\t<\/div>\n\t\t\t\t\t<\/div>\n\t\t\t\t<\/div>\n\t\t<div class=\"elementor-element elementor-element-0f5ac2a e-flex e-con-boxed e-con e-parent\" data-id=\"0f5ac2a\" data-element_type=\"container\" data-e-type=\"container\" data-settings=\"{&quot;jet_parallax_layout_list&quot;:[]}\">\n\t\t\t\t\t<div class=\"e-con-inner\">\n\t\t\t\t\t<\/div>\n\t\t\t\t<\/div>\n\t\t\t\t<\/div>\n\t\t","protected":false},"excerpt":{"rendered":"<p>Privaatsuspoliitika Viimati uuendatud: 24-Jun-2024J\u00f5ustumiskuup\u00e4ev: juuni-2024 K\u00e4esolev privaatsuspoliitika kirjeldab Gerex s.c., Adolfa Mitery 11, Malopolska 32-700, Poola, e-post: contact@rider-tyres.eu, telefon: 14 615 90 14 seoses meie veebilehe ( https:\/\/rider-tyres.eu ) (edaspidi &#8220;teenus&#8221;) kasutamisel kogutud teabe kogumise, kasutamise ja avalikustamisega. Teenust kasutades n\u00f5ustute oma andmete kogumise, kasutamise ja avaldamisega vastavalt k\u00e4esolevale privaatsuspoliitikale. Kui te ei n\u00f5ustu, \u00e4rge [&hellip;]<\/p>\n","protected":false},"author":1,"featured_media":0,"parent":0,"menu_order":0,"comment_status":"closed","ping_status":"closed","template":"elementor_header_footer","meta":{"footnotes":""},"class_list":["post-4463","page","type-page","status-publish","hentry"],"yoast_head":"<!-- This site is optimized with the Yoast SEO plugin v27.3 - https:\/\/yoast.com\/product\/yoast-seo-wordpress\/ -->\n<title>Privaatsuspoliitika - Rider Tyres<\/title>\n<meta name=\"robots\" content=\"index, follow, max-snippet:-1, max-image-preview:large, max-video-preview:-1\" \/>\n<link rel=\"canonical\" href=\"https:\/\/rider-tyres.eu\/et\/privaatsuspoliitika\/\" \/>\n<meta property=\"og:locale\" content=\"et_EE\" \/>\n<meta property=\"og:type\" content=\"article\" \/>\n<meta property=\"og:title\" content=\"Privaatsuspoliitika - Rider Tyres\" \/>\n<meta property=\"og:description\" content=\"Privaatsuspoliitika Viimati uuendatud: 24-Jun-2024J\u00f5ustumiskuup\u00e4ev: juuni-2024 K\u00e4esolev privaatsuspoliitika kirjeldab Gerex s.c., Adolfa Mitery 11, Malopolska 32-700, Poola, e-post: contact@rider-tyres.eu, telefon: 14 615 90 14 seoses meie veebilehe ( https:\/\/rider-tyres.eu ) (edaspidi &#8220;teenus&#8221;) kasutamisel kogutud teabe kogumise, kasutamise ja avalikustamisega. Teenust kasutades n\u00f5ustute oma andmete kogumise, kasutamise ja avaldamisega vastavalt k\u00e4esolevale privaatsuspoliitikale. Kui te ei n\u00f5ustu, \u00e4rge [&hellip;]\" \/>\n<meta property=\"og:url\" content=\"https:\/\/rider-tyres.eu\/et\/privaatsuspoliitika\/\" \/>\n<meta property=\"og:site_name\" content=\"Rider Tyres\" \/>\n<meta property=\"article:modified_time\" content=\"2025-01-08T08:29:04+00:00\" \/>\n<meta name=\"twitter:card\" content=\"summary_large_image\" \/>\n<meta name=\"twitter:label1\" content=\"Est. reading time\" \/>\n\t<meta name=\"twitter:data1\" content=\"3 minutit\" \/>\n<script type=\"application\/ld+json\" class=\"yoast-schema-graph\">{\"@context\":\"https:\\\/\\\/schema.org\",\"@graph\":[{\"@type\":\"WebPage\",\"@id\":\"https:\\\/\\\/rider-tyres.eu\\\/et\\\/privaatsuspoliitika\\\/\",\"url\":\"https:\\\/\\\/rider-tyres.eu\\\/et\\\/privaatsuspoliitika\\\/\",\"name\":\"Privaatsuspoliitika - Rider Tyres\",\"isPartOf\":{\"@id\":\"https:\\\/\\\/rider-tyres.eu\\\/et\\\/#website\"},\"datePublished\":\"2024-03-18T11:22:33+00:00\",\"dateModified\":\"2025-01-08T08:29:04+00:00\",\"breadcrumb\":{\"@id\":\"https:\\\/\\\/rider-tyres.eu\\\/et\\\/privaatsuspoliitika\\\/#breadcrumb\"},\"inLanguage\":\"et\",\"potentialAction\":[{\"@type\":\"ReadAction\",\"target\":[\"https:\\\/\\\/rider-tyres.eu\\\/et\\\/privaatsuspoliitika\\\/\"]}]},{\"@type\":\"BreadcrumbList\",\"@id\":\"https:\\\/\\\/rider-tyres.eu\\\/et\\\/privaatsuspoliitika\\\/#breadcrumb\",\"itemListElement\":[{\"@type\":\"ListItem\",\"position\":1,\"name\":\"Strona g\u0142\u00f3wna\",\"item\":\"https:\\\/\\\/rider-tyres.eu\\\/et\\\/\"},{\"@type\":\"ListItem\",\"position\":2,\"name\":\"Privaatsuspoliitika\"}]},{\"@type\":\"WebSite\",\"@id\":\"https:\\\/\\\/rider-tyres.eu\\\/et\\\/#website\",\"url\":\"https:\\\/\\\/rider-tyres.eu\\\/et\\\/\",\"name\":\"Rider Tyres\",\"description\":\"Opony na ka\u017cdy teren\",\"publisher\":{\"@id\":\"https:\\\/\\\/rider-tyres.eu\\\/et\\\/#organization\"},\"potentialAction\":[{\"@type\":\"SearchAction\",\"target\":{\"@type\":\"EntryPoint\",\"urlTemplate\":\"https:\\\/\\\/rider-tyres.eu\\\/et\\\/?s={search_term_string}\"},\"query-input\":{\"@type\":\"PropertyValueSpecification\",\"valueRequired\":true,\"valueName\":\"search_term_string\"}}],\"inLanguage\":\"et\"},{\"@type\":\"Organization\",\"@id\":\"https:\\\/\\\/rider-tyres.eu\\\/et\\\/#organization\",\"name\":\"Rider Tyres\",\"url\":\"https:\\\/\\\/rider-tyres.eu\\\/et\\\/\",\"logo\":{\"@type\":\"ImageObject\",\"inLanguage\":\"et\",\"@id\":\"https:\\\/\\\/rider-tyres.eu\\\/et\\\/#\\\/schema\\\/logo\\\/image\\\/\",\"url\":\"https:\\\/\\\/rider-tyres.eu\\\/wp-content\\\/uploads\\\/2024\\\/02\\\/White-logo-no-background-01.svg\",\"contentUrl\":\"https:\\\/\\\/rider-tyres.eu\\\/wp-content\\\/uploads\\\/2024\\\/02\\\/White-logo-no-background-01.svg\",\"caption\":\"Rider Tyres\"},\"image\":{\"@id\":\"https:\\\/\\\/rider-tyres.eu\\\/et\\\/#\\\/schema\\\/logo\\\/image\\\/\"}}]}<\/script>\n<!-- \/ Yoast SEO plugin. -->","yoast_head_json":{"title":"Privaatsuspoliitika - Rider Tyres","robots":{"index":"index","follow":"follow","max-snippet":"max-snippet:-1","max-image-preview":"max-image-preview:large","max-video-preview":"max-video-preview:-1"},"canonical":"https:\/\/rider-tyres.eu\/et\/privaatsuspoliitika\/","og_locale":"et_EE","og_type":"article","og_title":"Privaatsuspoliitika - Rider Tyres","og_description":"Privaatsuspoliitika Viimati uuendatud: 24-Jun-2024J\u00f5ustumiskuup\u00e4ev: juuni-2024 K\u00e4esolev privaatsuspoliitika kirjeldab Gerex s.c., Adolfa Mitery 11, Malopolska 32-700, Poola, e-post: contact@rider-tyres.eu, telefon: 14 615 90 14 seoses meie veebilehe ( https:\/\/rider-tyres.eu ) (edaspidi &#8220;teenus&#8221;) kasutamisel kogutud teabe kogumise, kasutamise ja avalikustamisega. Teenust kasutades n\u00f5ustute oma andmete kogumise, kasutamise ja avaldamisega vastavalt k\u00e4esolevale privaatsuspoliitikale. Kui te ei n\u00f5ustu, \u00e4rge [&hellip;]","og_url":"https:\/\/rider-tyres.eu\/et\/privaatsuspoliitika\/","og_site_name":"Rider Tyres","article_modified_time":"2025-01-08T08:29:04+00:00","twitter_card":"summary_large_image","twitter_misc":{"Est. reading time":"3 minutit"},"schema":{"@context":"https:\/\/schema.org","@graph":[{"@type":"WebPage","@id":"https:\/\/rider-tyres.eu\/et\/privaatsuspoliitika\/","url":"https:\/\/rider-tyres.eu\/et\/privaatsuspoliitika\/","name":"Privaatsuspoliitika - Rider Tyres","isPartOf":{"@id":"https:\/\/rider-tyres.eu\/et\/#website"},"datePublished":"2024-03-18T11:22:33+00:00","dateModified":"2025-01-08T08:29:04+00:00","breadcrumb":{"@id":"https:\/\/rider-tyres.eu\/et\/privaatsuspoliitika\/#breadcrumb"},"inLanguage":"et","potentialAction":[{"@type":"ReadAction","target":["https:\/\/rider-tyres.eu\/et\/privaatsuspoliitika\/"]}]},{"@type":"BreadcrumbList","@id":"https:\/\/rider-tyres.eu\/et\/privaatsuspoliitika\/#breadcrumb","itemListElement":[{"@type":"ListItem","position":1,"name":"Strona g\u0142\u00f3wna","item":"https:\/\/rider-tyres.eu\/et\/"},{"@type":"ListItem","position":2,"name":"Privaatsuspoliitika"}]},{"@type":"WebSite","@id":"https:\/\/rider-tyres.eu\/et\/#website","url":"https:\/\/rider-tyres.eu\/et\/","name":"Rider Tyres","description":"Opony na ka\u017cdy teren","publisher":{"@id":"https:\/\/rider-tyres.eu\/et\/#organization"},"potentialAction":[{"@type":"SearchAction","target":{"@type":"EntryPoint","urlTemplate":"https:\/\/rider-tyres.eu\/et\/?s={search_term_string}"},"query-input":{"@type":"PropertyValueSpecification","valueRequired":true,"valueName":"search_term_string"}}],"inLanguage":"et"},{"@type":"Organization","@id":"https:\/\/rider-tyres.eu\/et\/#organization","name":"Rider Tyres","url":"https:\/\/rider-tyres.eu\/et\/","logo":{"@type":"ImageObject","inLanguage":"et","@id":"https:\/\/rider-tyres.eu\/et\/#\/schema\/logo\/image\/","url":"https:\/\/rider-tyres.eu\/wp-content\/uploads\/2024\/02\/White-logo-no-background-01.svg","contentUrl":"https:\/\/rider-tyres.eu\/wp-content\/uploads\/2024\/02\/White-logo-no-background-01.svg","caption":"Rider Tyres"},"image":{"@id":"https:\/\/rider-tyres.eu\/et\/#\/schema\/logo\/image\/"}}]}},"_links":{"self":[{"href":"https:\/\/rider-tyres.eu\/et\/wp-json\/wp\/v2\/pages\/4463","targetHints":{"allow":["GET"]}}],"collection":[{"href":"https:\/\/rider-tyres.eu\/et\/wp-json\/wp\/v2\/pages"}],"about":[{"href":"https:\/\/rider-tyres.eu\/et\/wp-json\/wp\/v2\/types\/page"}],"author":[{"embeddable":true,"href":"https:\/\/rider-tyres.eu\/et\/wp-json\/wp\/v2\/users\/1"}],"replies":[{"embeddable":true,"href":"https:\/\/rider-tyres.eu\/et\/wp-json\/wp\/v2\/comments?post=4463"}],"version-history":[{"count":4,"href":"https:\/\/rider-tyres.eu\/et\/wp-json\/wp\/v2\/pages\/4463\/revisions"}],"predecessor-version":[{"id":9447,"href":"https:\/\/rider-tyres.eu\/et\/wp-json\/wp\/v2\/pages\/4463\/revisions\/9447"}],"wp:attachment":[{"href":"https:\/\/rider-tyres.eu\/et\/wp-json\/wp\/v2\/media?parent=4463"}],"curies":[{"name":"wp","href":"https:\/\/api.w.org\/{rel}","templated":true}]}}