{"id":8967,"date":"2024-03-18T12:22:33","date_gmt":"2024-03-18T11:22:33","guid":{"rendered":"https:\/\/rider-tyres.eu\/politica-de-privacidad\/"},"modified":"2025-01-08T09:28:27","modified_gmt":"2025-01-08T08:28:27","slug":"politica-de-privacidad","status":"publish","type":"page","link":"https:\/\/rider-tyres.eu\/es\/politica-de-privacidad\/","title":{"rendered":"Pol\u00edtica de privacidad"},"content":{"rendered":"\t\t<div data-elementor-type=\"wp-page\" data-elementor-id=\"8967\" class=\"elementor elementor-8967 elementor-599\" data-elementor-post-type=\"page\">\n\t\t\t\t<div class=\"elementor-element elementor-element-dab1aea e-flex e-con-boxed e-con e-parent\" data-id=\"dab1aea\" data-element_type=\"container\" data-e-type=\"container\" data-settings=\"{&quot;background_background&quot;:&quot;classic&quot;,&quot;jet_parallax_layout_list&quot;:[]}\">\n\t\t\t\t\t<div class=\"e-con-inner\">\n\t\t\t\t<div class=\"elementor-element elementor-element-40274cf elementor-widget elementor-widget-breadcrumbs\" data-id=\"40274cf\" data-element_type=\"widget\" data-e-type=\"widget\" data-widget_type=\"breadcrumbs.default\">\n\t\t\t\t<div class=\"elementor-widget-container\">\n\t\t\t\t\t<p id=\"breadcrumbs\"><span><span><a href=\"https:\/\/rider-tyres.eu\/es\/\">Strona g\u0142\u00f3wna<\/a><\/span><\/span><\/p>\t\t\t\t<\/div>\n\t\t\t\t<\/div>\n\t\t\t\t<div class=\"elementor-element elementor-element-634eedf elementor-widget elementor-widget-heading\" data-id=\"634eedf\" data-element_type=\"widget\" data-e-type=\"widget\" data-widget_type=\"heading.default\">\n\t\t\t\t<div class=\"elementor-widget-container\">\n\t\t\t\t\t<h2 class=\"elementor-heading-title elementor-size-default\">Pol\u00edtica de privacidad<\/h2>\t\t\t\t<\/div>\n\t\t\t\t<\/div>\n\t\t\t\t\t<\/div>\n\t\t\t\t<\/div>\n\t\t<div class=\"elementor-element elementor-element-07ec720 e-flex e-con-boxed e-con e-parent\" data-id=\"07ec720\" data-element_type=\"container\" data-e-type=\"container\" data-settings=\"{&quot;jet_parallax_layout_list&quot;:[]}\">\n\t\t\t\t\t<div class=\"e-con-inner\">\n\t\t\t\t<div class=\"elementor-element elementor-element-7eb301f elementor-widget elementor-widget-html\" data-id=\"7eb301f\" data-element_type=\"widget\" data-e-type=\"widget\" data-widget_type=\"html.default\">\n\t\t\t\t<div class=\"elementor-widget-container\">\n\t\t\t\t\t<h1>Pol\u00edtica de privacidad<\/h1>\n    <p><br>\u00daltima actualizaci\u00f3n: <strong> 24-jun-2024<strong>Fecha de<\/strong><strong>entrada en vigor:<\/strong> 24-jun-2024<\/strong><\/p>\n\n    <p>Esta Pol\u00edtica de Privacidad describe la pol\u00edtica de Gerex s.c., Adolfa Mitery 11, Malopolska 32-700, Polonia, e-mail: contact@rider-tyres.eu, tel\u00e9fono: 14 615 90 14 en relaci\u00f3n con la recogida, uso y divulgaci\u00f3n de la informaci\u00f3n que recogemos cuando utilizas nuestro sitio web ( <a href=\"https:\/\/rider-tyres.eu\/es\/\">https:\/\/rider-tyres.eu<\/a> ) (en adelante, el \"Servicio\"). Al utilizar el Servicio, das tu consentimiento a la recogida, uso y divulgaci\u00f3n de tu informaci\u00f3n de acuerdo con esta Pol\u00edtica de Privacidad. Si no est\u00e1s de acuerdo, no utilices el Servicio.  <\/p>\n\n    <p>Podemos cambiar esta Pol\u00edtica de Privacidad en cualquier momento sin previo aviso y publicaremos la Pol\u00edtica de Privacidad revisada en el Servicio.  <strong>La Pol\u00edtica revisada entrar\u00e1 en vigor 180 d\u00edas despu\u00e9s de su publicaci\u00f3n en el Servicio, y tu uso continuado del Servicio despu\u00e9s de ese momento constituir\u00e1 tu aceptaci\u00f3n de la Pol\u00edtica de Privacidad revisada.<\/strong>  Te recomendamos que revises esta p\u00e1gina peri\u00f3dicamente.<\/p>\n\n    <h2>C\u00f3mo utilizamos tu informaci\u00f3n:<\/h2>\n    <p>Utilizaremos la informaci\u00f3n que recopilemos sobre ti para los siguientes fines:<\/p>\n    <ul>\n        <li>Marketing\/Promoci\u00f3n<\/li>\n        <li>Publicidad dirigida<\/li>\n    <\/ul>\n    <p>Si queremos utilizar tus datos para cualquier otro fin, te pediremos tu consentimiento y s\u00f3lo utilizaremos tus datos despu\u00e9s de obtener tu consentimiento, y s\u00f3lo para el fin para el que consientas, a menos que la ley nos obligue a hacer otra cosa.<\/p>\n\n    <h2>C\u00f3mo compartimos tu informaci\u00f3n:<\/h2>\n    <p><strong>No transferiremos tus datos personales a terceros sin obtener tu consentimiento, excepto en las circunstancias limitadas que se describen a continuaci\u00f3n:<\/strong><\/p>\n    <ul>\n        <li>Servicios de publicidad<\/li>\n        <li>An\u00e1lisis<\/li>\n    <\/ul>\n    <p>Exigimos a dichos terceros que utilicen los datos personales que se les faciliten \u00fanicamente para el fin para el que se les proporcionaron y que no los conserven durante m\u00e1s tiempo del necesario para cumplir dicho fin.\nTambi\u00e9n podemos revelar tus datos personales en los siguientes casos (1) para cumplir la legislaci\u00f3n, normativa, orden judicial u otro proceso legal aplicable; (2) para hacer cumplir nuestros acuerdos contigo, incluida esta Pol\u00edtica de Privacidad; o (3) para responder a reclamaciones de que tu uso del Servicio viola los derechos de terceros.\nSi el Servicio o nuestra empresa es adquirida o fusionada con otra empresa, tu informaci\u00f3n ser\u00e1 uno de los activos transferidos al nuevo propietario.  <\/p>\n\n    <h2>Tus derechos:<\/h2>\n    <p>En funci\u00f3n de la legislaci\u00f3n aplicable, puedes tener derecho a acceder a tus datos personales, rectificarlos o borrarlos, obtener una copia de tus datos personales, limitar el tratamiento activo de tus datos u oponerte a \u00e9l, pedirnos que transfiramos tus datos personales a otra entidad, retirar tu consentimiento al tratamiento de tus datos y derecho a presentar una reclamaci\u00f3n ante una autoridad supervisora.\nPara ejercer estos derechos, puedes escribirnos a <a href=\"\">contact@rider-tyres.eu.<\/a>\nResponderemos a tu solicitud de conformidad con la legislaci\u00f3n aplicable.\nTen en cuenta que si no nos permites recopilar o procesar los datos personales que has solicitado, o retiras tu consentimiento para procesarlos con los fines solicitados, es posible que no puedas acceder al Servicio ni utilizarlo.   <\/p>\n\n    <h2>Cookies, etc.<\/h2>\n    <p>Para obtener m\u00e1s informaci\u00f3n sobre c\u00f3mo utilizamos estas tecnolog\u00edas y tus opciones en relaci\u00f3n con estas tecnolog\u00edas de rastreo, consulta nuestra <a href=\"#cookie-policy\">Pol\u00edtica de Cookies.<\/a><\/p>\n\n    <h2>Seguridad:<\/h2>\n    <p><strong>La seguridad de tu informaci\u00f3n es importante para nosotros y utilizaremos medidas de seguridad razonables para evitar la p\u00e9rdida, el uso indebido o la alteraci\u00f3n no autorizada de tu informaci\u00f3n que est\u00e9 bajo nuestro control.<\/strong>  Sin embargo, debido a los riesgos inherentes, no podemos garantizar una seguridad absoluta y, en consecuencia, no podemos asegurar ni garantizar la seguridad de ninguna informaci\u00f3n que nos proporciones, por lo que lo haces por tu cuenta y riesgo.<\/p>\n\n    <h2>Enlaces a terceros y uso de tu informaci\u00f3n:<\/h2>\n    <p>Nuestro Servicio puede contener enlaces a otros sitios web que no son operados por nosotros.\nEsta Pol\u00edtica de Privacidad no aborda las pol\u00edticas de privacidad u otras pr\u00e1cticas de terceros, incluyendo cualquier tercero que opere cualquier sitio web o servicio que pueda ser accesible a trav\u00e9s de un enlace en el Servicio.\nTe recomendamos encarecidamente que revises la pol\u00edtica de privacidad de cada sitio que visites.\nNo tenemos control sobre el contenido, las pol\u00edticas de privacidad o las pr\u00e1cticas de los sitios o servicios de terceros, ni somos responsables de ellos.   <\/p>\n\n    <h2>Responsable de Protecci\u00f3n de Datos.\nreclamaciones\/protecci\u00f3n de datos: <\/h2>\n    <p>Si tienes alguna pregunta o duda sobre el tratamiento de tu informaci\u00f3n con nosotros, puedes enviar un correo electr\u00f3nico a nuestro Responsable de Reclamaciones a Gerex s.c., 32-700 Bochnia, Adolfa Mitery 11, correo electr\u00f3nico: <a href=\"\">contact@rider-tyres.eu.<\/a> Responderemos a tus dudas de acuerdo con la legislaci\u00f3n aplicable.  <\/p>\n\t\t\t\t<\/div>\n\t\t\t\t<\/div>\n\t\t\t\t\t<\/div>\n\t\t\t\t<\/div>\n\t\t<div class=\"elementor-element elementor-element-0f5ac2a e-flex e-con-boxed e-con e-parent\" data-id=\"0f5ac2a\" data-element_type=\"container\" data-e-type=\"container\" data-settings=\"{&quot;jet_parallax_layout_list&quot;:[]}\">\n\t\t\t\t\t<div class=\"e-con-inner\">\n\t\t\t\t\t<\/div>\n\t\t\t\t<\/div>\n\t\t\t\t<\/div>\n\t\t","protected":false},"excerpt":{"rendered":"<p>Pol\u00edtica de privacidad \u00daltima actualizaci\u00f3n: 24-jun-2024Fecha deentrada en vigor: 24-jun-2024 Esta Pol\u00edtica de Privacidad describe la pol\u00edtica de Gerex s.c., Adolfa Mitery 11, Malopolska 32-700, Polonia, e-mail: contact@rider-tyres.eu, tel\u00e9fono: 14 615 90 14 en relaci\u00f3n con la recogida, uso y divulgaci\u00f3n de la informaci\u00f3n que recogemos cuando utilizas nuestro sitio web ( https:\/\/rider-tyres.eu ) (en [&hellip;]<\/p>\n","protected":false},"author":1,"featured_media":0,"parent":0,"menu_order":0,"comment_status":"closed","ping_status":"closed","template":"elementor_header_footer","meta":{"footnotes":""},"class_list":["post-8967","page","type-page","status-publish","hentry"],"yoast_head":"<!-- This site is optimized with the Yoast SEO plugin v27.3 - https:\/\/yoast.com\/product\/yoast-seo-wordpress\/ -->\n<title>Pol\u00edtica de privacidad - Rider Tyres<\/title>\n<meta name=\"robots\" content=\"index, follow, max-snippet:-1, max-image-preview:large, max-video-preview:-1\" \/>\n<link rel=\"canonical\" href=\"https:\/\/rider-tyres.eu\/es\/politica-de-privacidad\/\" \/>\n<meta property=\"og:locale\" content=\"es_ES\" \/>\n<meta property=\"og:type\" content=\"article\" \/>\n<meta property=\"og:title\" content=\"Pol\u00edtica de privacidad - Rider Tyres\" \/>\n<meta property=\"og:description\" content=\"Pol\u00edtica de privacidad \u00daltima actualizaci\u00f3n: 24-jun-2024Fecha deentrada en vigor: 24-jun-2024 Esta Pol\u00edtica de Privacidad describe la pol\u00edtica de Gerex s.c., Adolfa Mitery 11, Malopolska 32-700, Polonia, e-mail: contact@rider-tyres.eu, tel\u00e9fono: 14 615 90 14 en relaci\u00f3n con la recogida, uso y divulgaci\u00f3n de la informaci\u00f3n que recogemos cuando utilizas nuestro sitio web ( https:\/\/rider-tyres.eu ) (en [&hellip;]\" \/>\n<meta property=\"og:url\" content=\"https:\/\/rider-tyres.eu\/es\/politica-de-privacidad\/\" \/>\n<meta property=\"og:site_name\" content=\"Rider Tyres\" \/>\n<meta property=\"article:modified_time\" content=\"2025-01-08T08:28:27+00:00\" \/>\n<meta name=\"twitter:card\" content=\"summary_large_image\" \/>\n<meta name=\"twitter:label1\" content=\"Tiempo de lectura\" \/>\n\t<meta name=\"twitter:data1\" content=\"4 minutos\" \/>\n<script type=\"application\/ld+json\" class=\"yoast-schema-graph\">{\"@context\":\"https:\\\/\\\/schema.org\",\"@graph\":[{\"@type\":\"WebPage\",\"@id\":\"https:\\\/\\\/rider-tyres.eu\\\/es\\\/politica-de-privacidad\\\/\",\"url\":\"https:\\\/\\\/rider-tyres.eu\\\/es\\\/politica-de-privacidad\\\/\",\"name\":\"Pol\u00edtica de privacidad - Rider Tyres\",\"isPartOf\":{\"@id\":\"https:\\\/\\\/rider-tyres.eu\\\/es\\\/#website\"},\"datePublished\":\"2024-03-18T11:22:33+00:00\",\"dateModified\":\"2025-01-08T08:28:27+00:00\",\"breadcrumb\":{\"@id\":\"https:\\\/\\\/rider-tyres.eu\\\/es\\\/politica-de-privacidad\\\/#breadcrumb\"},\"inLanguage\":\"es\",\"potentialAction\":[{\"@type\":\"ReadAction\",\"target\":[\"https:\\\/\\\/rider-tyres.eu\\\/es\\\/politica-de-privacidad\\\/\"]}]},{\"@type\":\"BreadcrumbList\",\"@id\":\"https:\\\/\\\/rider-tyres.eu\\\/es\\\/politica-de-privacidad\\\/#breadcrumb\",\"itemListElement\":[{\"@type\":\"ListItem\",\"position\":1,\"name\":\"Strona g\u0142\u00f3wna\",\"item\":\"https:\\\/\\\/rider-tyres.eu\\\/es\\\/\"},{\"@type\":\"ListItem\",\"position\":2,\"name\":\"Pol\u00edtica de privacidad\"}]},{\"@type\":\"WebSite\",\"@id\":\"https:\\\/\\\/rider-tyres.eu\\\/es\\\/#website\",\"url\":\"https:\\\/\\\/rider-tyres.eu\\\/es\\\/\",\"name\":\"Rider Tyres\",\"description\":\"Opony na ka\u017cdy teren\",\"publisher\":{\"@id\":\"https:\\\/\\\/rider-tyres.eu\\\/es\\\/#organization\"},\"potentialAction\":[{\"@type\":\"SearchAction\",\"target\":{\"@type\":\"EntryPoint\",\"urlTemplate\":\"https:\\\/\\\/rider-tyres.eu\\\/es\\\/?s={search_term_string}\"},\"query-input\":{\"@type\":\"PropertyValueSpecification\",\"valueRequired\":true,\"valueName\":\"search_term_string\"}}],\"inLanguage\":\"es\"},{\"@type\":\"Organization\",\"@id\":\"https:\\\/\\\/rider-tyres.eu\\\/es\\\/#organization\",\"name\":\"Rider Tyres\",\"url\":\"https:\\\/\\\/rider-tyres.eu\\\/es\\\/\",\"logo\":{\"@type\":\"ImageObject\",\"inLanguage\":\"es\",\"@id\":\"https:\\\/\\\/rider-tyres.eu\\\/es\\\/#\\\/schema\\\/logo\\\/image\\\/\",\"url\":\"https:\\\/\\\/rider-tyres.eu\\\/wp-content\\\/uploads\\\/2024\\\/02\\\/White-logo-no-background-01.svg\",\"contentUrl\":\"https:\\\/\\\/rider-tyres.eu\\\/wp-content\\\/uploads\\\/2024\\\/02\\\/White-logo-no-background-01.svg\",\"caption\":\"Rider Tyres\"},\"image\":{\"@id\":\"https:\\\/\\\/rider-tyres.eu\\\/es\\\/#\\\/schema\\\/logo\\\/image\\\/\"}}]}<\/script>\n<!-- \/ Yoast SEO plugin. -->","yoast_head_json":{"title":"Pol\u00edtica de privacidad - Rider Tyres","robots":{"index":"index","follow":"follow","max-snippet":"max-snippet:-1","max-image-preview":"max-image-preview:large","max-video-preview":"max-video-preview:-1"},"canonical":"https:\/\/rider-tyres.eu\/es\/politica-de-privacidad\/","og_locale":"es_ES","og_type":"article","og_title":"Pol\u00edtica de privacidad - Rider Tyres","og_description":"Pol\u00edtica de privacidad \u00daltima actualizaci\u00f3n: 24-jun-2024Fecha deentrada en vigor: 24-jun-2024 Esta Pol\u00edtica de Privacidad describe la pol\u00edtica de Gerex s.c., Adolfa Mitery 11, Malopolska 32-700, Polonia, e-mail: contact@rider-tyres.eu, tel\u00e9fono: 14 615 90 14 en relaci\u00f3n con la recogida, uso y divulgaci\u00f3n de la informaci\u00f3n que recogemos cuando utilizas nuestro sitio web ( https:\/\/rider-tyres.eu ) (en [&hellip;]","og_url":"https:\/\/rider-tyres.eu\/es\/politica-de-privacidad\/","og_site_name":"Rider Tyres","article_modified_time":"2025-01-08T08:28:27+00:00","twitter_card":"summary_large_image","twitter_misc":{"Tiempo de lectura":"4 minutos"},"schema":{"@context":"https:\/\/schema.org","@graph":[{"@type":"WebPage","@id":"https:\/\/rider-tyres.eu\/es\/politica-de-privacidad\/","url":"https:\/\/rider-tyres.eu\/es\/politica-de-privacidad\/","name":"Pol\u00edtica de privacidad - Rider Tyres","isPartOf":{"@id":"https:\/\/rider-tyres.eu\/es\/#website"},"datePublished":"2024-03-18T11:22:33+00:00","dateModified":"2025-01-08T08:28:27+00:00","breadcrumb":{"@id":"https:\/\/rider-tyres.eu\/es\/politica-de-privacidad\/#breadcrumb"},"inLanguage":"es","potentialAction":[{"@type":"ReadAction","target":["https:\/\/rider-tyres.eu\/es\/politica-de-privacidad\/"]}]},{"@type":"BreadcrumbList","@id":"https:\/\/rider-tyres.eu\/es\/politica-de-privacidad\/#breadcrumb","itemListElement":[{"@type":"ListItem","position":1,"name":"Strona g\u0142\u00f3wna","item":"https:\/\/rider-tyres.eu\/es\/"},{"@type":"ListItem","position":2,"name":"Pol\u00edtica de privacidad"}]},{"@type":"WebSite","@id":"https:\/\/rider-tyres.eu\/es\/#website","url":"https:\/\/rider-tyres.eu\/es\/","name":"Rider Tyres","description":"Opony na ka\u017cdy teren","publisher":{"@id":"https:\/\/rider-tyres.eu\/es\/#organization"},"potentialAction":[{"@type":"SearchAction","target":{"@type":"EntryPoint","urlTemplate":"https:\/\/rider-tyres.eu\/es\/?s={search_term_string}"},"query-input":{"@type":"PropertyValueSpecification","valueRequired":true,"valueName":"search_term_string"}}],"inLanguage":"es"},{"@type":"Organization","@id":"https:\/\/rider-tyres.eu\/es\/#organization","name":"Rider Tyres","url":"https:\/\/rider-tyres.eu\/es\/","logo":{"@type":"ImageObject","inLanguage":"es","@id":"https:\/\/rider-tyres.eu\/es\/#\/schema\/logo\/image\/","url":"https:\/\/rider-tyres.eu\/wp-content\/uploads\/2024\/02\/White-logo-no-background-01.svg","contentUrl":"https:\/\/rider-tyres.eu\/wp-content\/uploads\/2024\/02\/White-logo-no-background-01.svg","caption":"Rider Tyres"},"image":{"@id":"https:\/\/rider-tyres.eu\/es\/#\/schema\/logo\/image\/"}}]}},"_links":{"self":[{"href":"https:\/\/rider-tyres.eu\/es\/wp-json\/wp\/v2\/pages\/8967","targetHints":{"allow":["GET"]}}],"collection":[{"href":"https:\/\/rider-tyres.eu\/es\/wp-json\/wp\/v2\/pages"}],"about":[{"href":"https:\/\/rider-tyres.eu\/es\/wp-json\/wp\/v2\/types\/page"}],"author":[{"embeddable":true,"href":"https:\/\/rider-tyres.eu\/es\/wp-json\/wp\/v2\/users\/1"}],"replies":[{"embeddable":true,"href":"https:\/\/rider-tyres.eu\/es\/wp-json\/wp\/v2\/comments?post=8967"}],"version-history":[{"count":1,"href":"https:\/\/rider-tyres.eu\/es\/wp-json\/wp\/v2\/pages\/8967\/revisions"}],"predecessor-version":[{"id":8969,"href":"https:\/\/rider-tyres.eu\/es\/wp-json\/wp\/v2\/pages\/8967\/revisions\/8969"}],"wp:attachment":[{"href":"https:\/\/rider-tyres.eu\/es\/wp-json\/wp\/v2\/media?parent=8967"}],"curies":[{"name":"wp","href":"https:\/\/api.w.org\/{rel}","templated":true}]}}