{"id":4534,"date":"2024-03-17T19:09:27","date_gmt":"2024-03-17T18:09:27","guid":{"rendered":"https:\/\/rider-tyres.eu\/zusammenarbeit\/"},"modified":"2025-01-08T09:29:03","modified_gmt":"2025-01-08T08:29:03","slug":"zusammenarbeit","status":"publish","type":"page","link":"https:\/\/rider-tyres.eu\/de\/zusammenarbeit\/","title":{"rendered":"Zusammenarbeit"},"content":{"rendered":"\t\t<div data-elementor-type=\"wp-page\" data-elementor-id=\"4534\" class=\"elementor elementor-4534 elementor-441\" data-elementor-post-type=\"page\">\n\t\t\t\t<div class=\"elementor-element elementor-element-1653e5a e-flex e-con-boxed e-con e-parent\" data-id=\"1653e5a\" data-element_type=\"container\" data-e-type=\"container\" data-settings=\"{&quot;background_background&quot;:&quot;classic&quot;,&quot;jet_parallax_layout_list&quot;:[]}\">\n\t\t\t\t\t<div class=\"e-con-inner\">\n\t\t\t\t<div class=\"elementor-element elementor-element-140ef20 elementor-widget elementor-widget-breadcrumbs\" data-id=\"140ef20\" data-element_type=\"widget\" data-e-type=\"widget\" data-widget_type=\"breadcrumbs.default\">\n\t\t\t\t<div class=\"elementor-widget-container\">\n\t\t\t\t\t<p id=\"breadcrumbs\"><span><span><a href=\"https:\/\/rider-tyres.eu\/de\/\">Strona g\u0142\u00f3wna<\/a><\/span><\/span><\/p>\t\t\t\t<\/div>\n\t\t\t\t<\/div>\n\t\t\t\t<div class=\"elementor-element elementor-element-db28b3b elementor-widget elementor-widget-heading\" data-id=\"db28b3b\" data-element_type=\"widget\" data-e-type=\"widget\" data-widget_type=\"heading.default\">\n\t\t\t\t<div class=\"elementor-widget-container\">\n\t\t\t\t\t<h2 class=\"elementor-heading-title elementor-size-default\">Zusammenarbeit<\/h2>\t\t\t\t<\/div>\n\t\t\t\t<\/div>\n\t\t\t\t\t<\/div>\n\t\t\t\t<\/div>\n\t\t<div class=\"elementor-element elementor-element-1a2ec2a e-flex e-con-boxed e-con e-parent\" data-id=\"1a2ec2a\" data-element_type=\"container\" data-e-type=\"container\" data-settings=\"{&quot;jet_parallax_layout_list&quot;:[]}\">\n\t\t\t\t\t<div class=\"e-con-inner\">\n\t\t\t\t<div class=\"elementor-element elementor-element-69e5ff7 elementor-widget elementor-widget-heading\" data-id=\"69e5ff7\" data-element_type=\"widget\" data-e-type=\"widget\" data-widget_type=\"heading.default\">\n\t\t\t\t<div class=\"elementor-widget-container\">\n\t\t\t\t\t<h2 class=\"elementor-heading-title elementor-size-default\">Wir laden Unternehmen, die auf der Suche nach qualitativ hochwertigen Produkten sind, zu einer langfristigen Partnerschaft ein.<\/h2>\t\t\t\t<\/div>\n\t\t\t\t<\/div>\n\t\t\t\t<div class=\"elementor-element elementor-element-4c9f0ce elementor-widget-divider--view-line elementor-widget elementor-widget-divider\" data-id=\"4c9f0ce\" data-element_type=\"widget\" data-e-type=\"widget\" data-widget_type=\"divider.default\">\n\t\t\t\t<div class=\"elementor-widget-container\">\n\t\t\t\t\t\t\t<div class=\"elementor-divider\">\n\t\t\t<span class=\"elementor-divider-separator\">\n\t\t\t\t\t\t<\/span>\n\t\t<\/div>\n\t\t\t\t\t\t<\/div>\n\t\t\t\t<\/div>\n\t\t\t\t<div class=\"elementor-element elementor-element-045d888 elementor-widget elementor-widget-text-editor\" data-id=\"045d888\" data-element_type=\"widget\" data-e-type=\"widget\" data-widget_type=\"text-editor.default\">\n\t\t\t\t<div class=\"elementor-widget-container\">\n\t\t\t\t\t\t\t\t\t<p>Wir sind auf der Suche nach engagierten Gesch\u00e4ftspartnern, darunter Distributoren, Einzelh\u00e4ndler und Unternehmen, die einen zuverl\u00e4ssigen Lieferanten suchen und ihr Gesch\u00e4ft gemeinsam mit uns ausbauen m\u00f6chten.<\/p>\n\t\t\t\t\t\t\t\t<\/div>\n\t\t\t\t<\/div>\n\t\t\t\t\t<\/div>\n\t\t\t\t<\/div>\n\t\t<div class=\"elementor-element elementor-element-5b7c791 e-flex e-con-boxed e-con e-parent\" data-id=\"5b7c791\" data-element_type=\"container\" data-e-type=\"container\" data-settings=\"{&quot;jet_parallax_layout_list&quot;:[]}\">\n\t\t\t\t\t<div class=\"e-con-inner\">\n\t\t\t\t<div class=\"elementor-element elementor-element-0ed5078 elementor-widget elementor-widget-heading\" data-id=\"0ed5078\" data-element_type=\"widget\" data-e-type=\"widget\" data-widget_type=\"heading.default\">\n\t\t\t\t<div class=\"elementor-widget-container\">\n\t\t\t\t\t<h2 class=\"elementor-heading-title elementor-size-default\">Warum mit uns arbeiten?<\/h2>\t\t\t\t<\/div>\n\t\t\t\t<\/div>\n\t\t\t\t<div class=\"elementor-element elementor-element-caae973 elementor-widget-divider--view-line elementor-widget elementor-widget-divider\" data-id=\"caae973\" data-element_type=\"widget\" data-e-type=\"widget\" data-widget_type=\"divider.default\">\n\t\t\t\t<div class=\"elementor-widget-container\">\n\t\t\t\t\t\t\t<div class=\"elementor-divider\">\n\t\t\t<span class=\"elementor-divider-separator\">\n\t\t\t\t\t\t<\/span>\n\t\t<\/div>\n\t\t\t\t\t\t<\/div>\n\t\t\t\t<\/div>\n\t\t<div class=\"elementor-element elementor-element-2d0a343 e-flex e-con-boxed e-con e-child\" data-id=\"2d0a343\" data-element_type=\"container\" data-e-type=\"container\" data-settings=\"{&quot;jet_parallax_layout_list&quot;:[]}\">\n\t\t\t\t\t<div class=\"e-con-inner\">\n\t\t<div class=\"elementor-element elementor-element-84e99e0 e-flex e-con-boxed e-con e-child\" data-id=\"84e99e0\" data-element_type=\"container\" data-e-type=\"container\" data-settings=\"{&quot;jet_parallax_layout_list&quot;:[]}\">\n\t\t\t\t\t<div class=\"e-con-inner\">\n\t\t\t\t<div class=\"elementor-element elementor-element-064923d elementor-position-inline-start elementor-view-default elementor-mobile-position-block-start elementor-widget elementor-widget-icon-box\" data-id=\"064923d\" data-element_type=\"widget\" data-e-type=\"widget\" data-widget_type=\"icon-box.default\">\n\t\t\t\t<div class=\"elementor-widget-container\">\n\t\t\t\t\t\t\t<div class=\"elementor-icon-box-wrapper\">\n\n\t\t\t\t\t\t<div class=\"elementor-icon-box-icon\">\n\t\t\t\t<span  class=\"elementor-icon\">\n\t\t\t\t<svg aria-hidden=\"true\" class=\"e-font-icon-svg e-fas-check\" viewBox=\"0 0 512 512\" xmlns=\"http:\/\/www.w3.org\/2000\/svg\"><path d=\"M173.898 439.404l-166.4-166.4c-9.997-9.997-9.997-26.206 0-36.204l36.203-36.204c9.997-9.998 26.207-9.998 36.204 0L192 312.69 432.095 72.596c9.997-9.997 26.207-9.997 36.204 0l36.203 36.204c9.997 9.997 9.997 26.206 0 36.204l-294.4 294.401c-9.998 9.997-26.207 9.997-36.204-.001z\"><\/path><\/svg>\t\t\t\t<\/span>\n\t\t\t<\/div>\n\t\t\t\n\t\t\t\t\t\t<div class=\"elementor-icon-box-content\">\n\n\t\t\t\t\t\t\t\t\t<h3 class=\"elementor-icon-box-title\">\n\t\t\t\t\t\t<span  >\n\t\t\t\t\t\t\tQualit\u00e4t und Innovation\t\t\t\t\t\t<\/span>\n\t\t\t\t\t<\/h3>\n\t\t\t\t\n\t\t\t\t\t\t\t\t\t<p class=\"elementor-icon-box-description\">\n\t\t\t\t\t\tWir verwenden die neueste Runderneuerungs-Technologie, die die hohe Qualit\u00e4t und langfristige Nutzbarkeit unserer Reifen garantiert.\t\t\t\t\t<\/p>\n\t\t\t\t\n\t\t\t<\/div>\n\t\t\t\n\t\t<\/div>\n\t\t\t\t\t\t<\/div>\n\t\t\t\t<\/div>\n\t\t\t\t\t<\/div>\n\t\t\t\t<\/div>\n\t\t<div class=\"elementor-element elementor-element-27ab8e9 e-flex e-con-boxed e-con e-child\" data-id=\"27ab8e9\" data-element_type=\"container\" data-e-type=\"container\" data-settings=\"{&quot;jet_parallax_layout_list&quot;:[]}\">\n\t\t\t\t\t<div class=\"e-con-inner\">\n\t\t\t\t<div class=\"elementor-element elementor-element-f8cf524 elementor-position-inline-start elementor-view-default elementor-mobile-position-block-start elementor-widget elementor-widget-icon-box\" data-id=\"f8cf524\" data-element_type=\"widget\" data-e-type=\"widget\" data-widget_type=\"icon-box.default\">\n\t\t\t\t<div class=\"elementor-widget-container\">\n\t\t\t\t\t\t\t<div class=\"elementor-icon-box-wrapper\">\n\n\t\t\t\t\t\t<div class=\"elementor-icon-box-icon\">\n\t\t\t\t<span  class=\"elementor-icon\">\n\t\t\t\t<svg aria-hidden=\"true\" class=\"e-font-icon-svg e-fas-check\" viewBox=\"0 0 512 512\" xmlns=\"http:\/\/www.w3.org\/2000\/svg\"><path d=\"M173.898 439.404l-166.4-166.4c-9.997-9.997-9.997-26.206 0-36.204l36.203-36.204c9.997-9.998 26.207-9.998 36.204 0L192 312.69 432.095 72.596c9.997-9.997 26.207-9.997 36.204 0l36.203 36.204c9.997 9.997 9.997 26.206 0 36.204l-294.4 294.401c-9.998 9.997-26.207 9.997-36.204-.001z\"><\/path><\/svg>\t\t\t\t<\/span>\n\t\t\t<\/div>\n\t\t\t\n\t\t\t\t\t\t<div class=\"elementor-icon-box-content\">\n\n\t\t\t\t\t\t\t\t\t<h3 class=\"elementor-icon-box-title\">\n\t\t\t\t\t\t<span  >\n\t\t\t\t\t\t\tTechnische und Marketing-Unterst\u00fctzung\t\t\t\t\t\t<\/span>\n\t\t\t\t\t<\/h3>\n\t\t\t\t\n\t\t\t\t\t\t\t\t\t<p class=\"elementor-icon-box-description\">\n\t\t\t\t\t\tWir bieten Ihnen umfassende technische Unterst\u00fctzung und Marketingmaterialien, damit Sie Ihre Kunden effektiv erreichen k\u00f6nnen.\t\t\t\t\t<\/p>\n\t\t\t\t\n\t\t\t<\/div>\n\t\t\t\n\t\t<\/div>\n\t\t\t\t\t\t<\/div>\n\t\t\t\t<\/div>\n\t\t\t\t\t<\/div>\n\t\t\t\t<\/div>\n\t\t<div class=\"elementor-element elementor-element-281e7b5 e-flex e-con-boxed e-con e-child\" data-id=\"281e7b5\" data-element_type=\"container\" data-e-type=\"container\" data-settings=\"{&quot;jet_parallax_layout_list&quot;:[]}\">\n\t\t\t\t\t<div class=\"e-con-inner\">\n\t\t\t\t<div class=\"elementor-element elementor-element-7ce83ba elementor-position-inline-start elementor-view-default elementor-mobile-position-block-start elementor-widget elementor-widget-icon-box\" data-id=\"7ce83ba\" data-element_type=\"widget\" data-e-type=\"widget\" data-widget_type=\"icon-box.default\">\n\t\t\t\t<div class=\"elementor-widget-container\">\n\t\t\t\t\t\t\t<div class=\"elementor-icon-box-wrapper\">\n\n\t\t\t\t\t\t<div class=\"elementor-icon-box-icon\">\n\t\t\t\t<span  class=\"elementor-icon\">\n\t\t\t\t<svg aria-hidden=\"true\" class=\"e-font-icon-svg e-fas-check\" viewBox=\"0 0 512 512\" xmlns=\"http:\/\/www.w3.org\/2000\/svg\"><path d=\"M173.898 439.404l-166.4-166.4c-9.997-9.997-9.997-26.206 0-36.204l36.203-36.204c9.997-9.998 26.207-9.998 36.204 0L192 312.69 432.095 72.596c9.997-9.997 26.207-9.997 36.204 0l36.203 36.204c9.997 9.997 9.997 26.206 0 36.204l-294.4 294.401c-9.998 9.997-26.207 9.997-36.204-.001z\"><\/path><\/svg>\t\t\t\t<\/span>\n\t\t\t<\/div>\n\t\t\t\n\t\t\t\t\t\t<div class=\"elementor-icon-box-content\">\n\n\t\t\t\t\t\t\t\t\t<h3 class=\"elementor-icon-box-title\">\n\t\t\t\t\t\t<span  >\n\t\t\t\t\t\t\tFlexible Bedingungen f\u00fcr die Zusammenarbeit\t\t\t\t\t\t<\/span>\n\t\t\t\t\t<\/h3>\n\t\t\t\t\n\t\t\t\t\t\t\t\t\t<p class=\"elementor-icon-box-description\">\n\t\t\t\t\t\tWir bieten attraktive Konditionen f\u00fcr eine Zusammenarbeit.\t\t\t\t\t<\/p>\n\t\t\t\t\n\t\t\t<\/div>\n\t\t\t\n\t\t<\/div>\n\t\t\t\t\t\t<\/div>\n\t\t\t\t<\/div>\n\t\t\t\t\t<\/div>\n\t\t\t\t<\/div>\n\t\t\t\t\t<\/div>\n\t\t\t\t<\/div>\n\t\t\t\t<div class=\"elementor-element elementor-element-15b8e98 elementor-align-center elementor-widget elementor-widget-button\" data-id=\"15b8e98\" data-element_type=\"widget\" data-e-type=\"widget\" data-widget_type=\"button.default\">\n\t\t\t\t<div class=\"elementor-widget-container\">\n\t\t\t\t\t\t\t\t\t<div class=\"elementor-button-wrapper\">\n\t\t\t\t\t<a class=\"elementor-button elementor-button-link elementor-size-sm\" href=\"https:\/\/rider-tyres.eu\/wp-content\/uploads\/2024\/12\/rider_materialy_marketingowe.zip\">\n\t\t\t\t\t\t<span class=\"elementor-button-content-wrapper\">\n\t\t\t\t\t\t\t\t\t<span class=\"elementor-button-text\">Marketingmaterial herunterladen<\/span>\n\t\t\t\t\t<\/span>\n\t\t\t\t\t<\/a>\n\t\t\t\t<\/div>\n\t\t\t\t\t\t\t\t<\/div>\n\t\t\t\t<\/div>\n\t\t\t\t\t<\/div>\n\t\t\t\t<\/div>\n\t\t<div class=\"elementor-element elementor-element-50aca3d e-flex e-con-boxed e-con e-parent\" data-id=\"50aca3d\" data-element_type=\"container\" data-e-type=\"container\" data-settings=\"{&quot;background_background&quot;:&quot;classic&quot;,&quot;jet_parallax_layout_list&quot;:[]}\">\n\t\t\t\t\t<div class=\"e-con-inner\">\n\t\t<div class=\"elementor-element elementor-element-ce3011e e-con-full e-flex e-con e-child\" data-id=\"ce3011e\" data-element_type=\"container\" data-e-type=\"container\" data-settings=\"{&quot;jet_parallax_layout_list&quot;:[]}\">\n\t\t\t\t<div class=\"elementor-element elementor-element-2fccd86 elementor-widget elementor-widget-heading\" data-id=\"2fccd86\" data-element_type=\"widget\" data-e-type=\"widget\" data-widget_type=\"heading.default\">\n\t\t\t\t<div class=\"elementor-widget-container\">\n\t\t\t\t\t<h2 class=\"elementor-heading-title elementor-size-default\">Sind Sie an einer Zusammenarbeit interessiert?\n<\/h2>\t\t\t\t<\/div>\n\t\t\t\t<\/div>\n\t\t\t\t<\/div>\n\t\t<div class=\"elementor-element elementor-element-6c8f69e e-con-full e-flex e-con e-child\" data-id=\"6c8f69e\" data-element_type=\"container\" data-e-type=\"container\" data-settings=\"{&quot;jet_parallax_layout_list&quot;:[]}\">\n\t\t\t\t<div class=\"elementor-element elementor-element-f714c10 elementor-widget elementor-widget-heading\" data-id=\"f714c10\" data-element_type=\"widget\" data-e-type=\"widget\" data-widget_type=\"heading.default\">\n\t\t\t\t<div class=\"elementor-widget-container\">\n\t\t\t\t\t<h4 class=\"elementor-heading-title elementor-size-default\">Kontaktieren Sie uns:<\/h4>\t\t\t\t<\/div>\n\t\t\t\t<\/div>\n\t\t\t\t<div class=\"elementor-element elementor-element-6cea0e2 elementor-icon-list--layout-traditional elementor-list-item-link-full_width elementor-widget elementor-widget-icon-list\" data-id=\"6cea0e2\" data-element_type=\"widget\" data-e-type=\"widget\" data-widget_type=\"icon-list.default\">\n\t\t\t\t<div class=\"elementor-widget-container\">\n\t\t\t\t\t\t\t<ul class=\"elementor-icon-list-items\">\n\t\t\t\t\t\t\t<li class=\"elementor-icon-list-item\">\n\t\t\t\t\t\t\t\t\t\t\t<a href=\"mailto:contact@rider-tyres.eu\">\n\n\t\t\t\t\t\t\t\t\t\t\t\t<span class=\"elementor-icon-list-icon\">\n\t\t\t\t\t\t\t<svg aria-hidden=\"true\" class=\"e-font-icon-svg e-fas-envelope\" viewBox=\"0 0 512 512\" xmlns=\"http:\/\/www.w3.org\/2000\/svg\"><path d=\"M502.3 190.8c3.9-3.1 9.7-.2 9.7 4.7V400c0 26.5-21.5 48-48 48H48c-26.5 0-48-21.5-48-48V195.6c0-5 5.7-7.8 9.7-4.7 22.4 17.4 52.1 39.5 154.1 113.6 21.1 15.4 56.7 47.8 92.2 47.6 35.7.3 72-32.8 92.3-47.6 102-74.1 131.6-96.3 154-113.7zM256 320c23.2.4 56.6-29.2 73.4-41.4 132.7-96.3 142.8-104.7 173.4-128.7 5.8-4.5 9.2-11.5 9.2-18.9v-19c0-26.5-21.5-48-48-48H48C21.5 64 0 85.5 0 112v19c0 7.4 3.4 14.3 9.2 18.9 30.6 23.9 40.7 32.4 173.4 128.7 16.8 12.2 50.2 41.8 73.4 41.4z\"><\/path><\/svg>\t\t\t\t\t\t<\/span>\n\t\t\t\t\t\t\t\t\t\t<span class=\"elementor-icon-list-text\">contact@rider-tyres.eu<\/span>\n\t\t\t\t\t\t\t\t\t\t\t<\/a>\n\t\t\t\t\t\t\t\t\t<\/li>\n\t\t\t\t\t\t<\/ul>\n\t\t\t\t\t\t<\/div>\n\t\t\t\t<\/div>\n\t\t\t\t<\/div>\n\t\t\t\t\t<\/div>\n\t\t\t\t<\/div>\n\t\t\t\t<\/div>\n\t\t","protected":false},"excerpt":{"rendered":"<p>Wir laden Unternehmen, die auf der Suche nach qualitativ hochwertigen Produkten sind, zu einer langfristigen Partnerschaft ein. Wir sind auf der Suche nach engagierten Gesch\u00e4ftspartnern, darunter Distributoren, Einzelh\u00e4ndler und Unternehmen, die einen zuverl\u00e4ssigen Lieferanten suchen und ihr Gesch\u00e4ft gemeinsam mit uns ausbauen m\u00f6chten. Warum mit uns arbeiten? Qualit\u00e4t und Innovation Wir verwenden die neueste Runderneuerungs-Technologie, [&hellip;]<\/p>\n","protected":false},"author":1,"featured_media":0,"parent":0,"menu_order":0,"comment_status":"closed","ping_status":"closed","template":"elementor_header_footer","meta":{"footnotes":""},"class_list":["post-4534","page","type-page","status-publish","hentry"],"yoast_head":"<!-- This site is optimized with the Yoast SEO plugin v27.3 - https:\/\/yoast.com\/product\/yoast-seo-wordpress\/ -->\n<title>Zusammenarbeit - Rider Tyres<\/title>\n<meta name=\"robots\" content=\"index, follow, max-snippet:-1, max-image-preview:large, max-video-preview:-1\" \/>\n<link rel=\"canonical\" href=\"https:\/\/rider-tyres.eu\/de\/zusammenarbeit\/\" \/>\n<meta property=\"og:locale\" content=\"de_DE\" \/>\n<meta property=\"og:type\" content=\"article\" \/>\n<meta property=\"og:title\" content=\"Zusammenarbeit - Rider Tyres\" \/>\n<meta property=\"og:description\" content=\"Wir laden Unternehmen, die auf der Suche nach qualitativ hochwertigen Produkten sind, zu einer langfristigen Partnerschaft ein. Wir sind auf der Suche nach engagierten Gesch\u00e4ftspartnern, darunter Distributoren, Einzelh\u00e4ndler und Unternehmen, die einen zuverl\u00e4ssigen Lieferanten suchen und ihr Gesch\u00e4ft gemeinsam mit uns ausbauen m\u00f6chten. Warum mit uns arbeiten? Qualit\u00e4t und Innovation Wir verwenden die neueste Runderneuerungs-Technologie, [&hellip;]\" \/>\n<meta property=\"og:url\" content=\"https:\/\/rider-tyres.eu\/de\/zusammenarbeit\/\" \/>\n<meta property=\"og:site_name\" content=\"Rider Tyres\" \/>\n<meta property=\"article:modified_time\" content=\"2025-01-08T08:29:03+00:00\" \/>\n<meta name=\"twitter:card\" content=\"summary_large_image\" \/>\n<meta name=\"twitter:label1\" content=\"Gesch\u00e4tzte Lesezeit\" \/>\n\t<meta name=\"twitter:data1\" content=\"1\u00a0Minute\" \/>\n<script type=\"application\/ld+json\" class=\"yoast-schema-graph\">{\"@context\":\"https:\\\/\\\/schema.org\",\"@graph\":[{\"@type\":\"WebPage\",\"@id\":\"https:\\\/\\\/rider-tyres.eu\\\/de\\\/zusammenarbeit\\\/\",\"url\":\"https:\\\/\\\/rider-tyres.eu\\\/de\\\/zusammenarbeit\\\/\",\"name\":\"Zusammenarbeit - Rider Tyres\",\"isPartOf\":{\"@id\":\"https:\\\/\\\/rider-tyres.eu\\\/de\\\/#website\"},\"datePublished\":\"2024-03-17T18:09:27+00:00\",\"dateModified\":\"2025-01-08T08:29:03+00:00\",\"breadcrumb\":{\"@id\":\"https:\\\/\\\/rider-tyres.eu\\\/de\\\/zusammenarbeit\\\/#breadcrumb\"},\"inLanguage\":\"de\",\"potentialAction\":[{\"@type\":\"ReadAction\",\"target\":[\"https:\\\/\\\/rider-tyres.eu\\\/de\\\/zusammenarbeit\\\/\"]}]},{\"@type\":\"BreadcrumbList\",\"@id\":\"https:\\\/\\\/rider-tyres.eu\\\/de\\\/zusammenarbeit\\\/#breadcrumb\",\"itemListElement\":[{\"@type\":\"ListItem\",\"position\":1,\"name\":\"Strona g\u0142\u00f3wna\",\"item\":\"https:\\\/\\\/rider-tyres.eu\\\/de\\\/\"},{\"@type\":\"ListItem\",\"position\":2,\"name\":\"Zusammenarbeit\"}]},{\"@type\":\"WebSite\",\"@id\":\"https:\\\/\\\/rider-tyres.eu\\\/de\\\/#website\",\"url\":\"https:\\\/\\\/rider-tyres.eu\\\/de\\\/\",\"name\":\"Rider Tyres\",\"description\":\"Opony na ka\u017cdy teren\",\"publisher\":{\"@id\":\"https:\\\/\\\/rider-tyres.eu\\\/de\\\/#organization\"},\"potentialAction\":[{\"@type\":\"SearchAction\",\"target\":{\"@type\":\"EntryPoint\",\"urlTemplate\":\"https:\\\/\\\/rider-tyres.eu\\\/de\\\/?s={search_term_string}\"},\"query-input\":{\"@type\":\"PropertyValueSpecification\",\"valueRequired\":true,\"valueName\":\"search_term_string\"}}],\"inLanguage\":\"de\"},{\"@type\":\"Organization\",\"@id\":\"https:\\\/\\\/rider-tyres.eu\\\/de\\\/#organization\",\"name\":\"Rider Tyres\",\"url\":\"https:\\\/\\\/rider-tyres.eu\\\/de\\\/\",\"logo\":{\"@type\":\"ImageObject\",\"inLanguage\":\"de\",\"@id\":\"https:\\\/\\\/rider-tyres.eu\\\/de\\\/#\\\/schema\\\/logo\\\/image\\\/\",\"url\":\"https:\\\/\\\/rider-tyres.eu\\\/wp-content\\\/uploads\\\/2024\\\/02\\\/White-logo-no-background-01.svg\",\"contentUrl\":\"https:\\\/\\\/rider-tyres.eu\\\/wp-content\\\/uploads\\\/2024\\\/02\\\/White-logo-no-background-01.svg\",\"caption\":\"Rider Tyres\"},\"image\":{\"@id\":\"https:\\\/\\\/rider-tyres.eu\\\/de\\\/#\\\/schema\\\/logo\\\/image\\\/\"}}]}<\/script>\n<!-- \/ Yoast SEO plugin. -->","yoast_head_json":{"title":"Zusammenarbeit - Rider Tyres","robots":{"index":"index","follow":"follow","max-snippet":"max-snippet:-1","max-image-preview":"max-image-preview:large","max-video-preview":"max-video-preview:-1"},"canonical":"https:\/\/rider-tyres.eu\/de\/zusammenarbeit\/","og_locale":"de_DE","og_type":"article","og_title":"Zusammenarbeit - Rider Tyres","og_description":"Wir laden Unternehmen, die auf der Suche nach qualitativ hochwertigen Produkten sind, zu einer langfristigen Partnerschaft ein. Wir sind auf der Suche nach engagierten Gesch\u00e4ftspartnern, darunter Distributoren, Einzelh\u00e4ndler und Unternehmen, die einen zuverl\u00e4ssigen Lieferanten suchen und ihr Gesch\u00e4ft gemeinsam mit uns ausbauen m\u00f6chten. Warum mit uns arbeiten? Qualit\u00e4t und Innovation Wir verwenden die neueste Runderneuerungs-Technologie, [&hellip;]","og_url":"https:\/\/rider-tyres.eu\/de\/zusammenarbeit\/","og_site_name":"Rider Tyres","article_modified_time":"2025-01-08T08:29:03+00:00","twitter_card":"summary_large_image","twitter_misc":{"Gesch\u00e4tzte Lesezeit":"1\u00a0Minute"},"schema":{"@context":"https:\/\/schema.org","@graph":[{"@type":"WebPage","@id":"https:\/\/rider-tyres.eu\/de\/zusammenarbeit\/","url":"https:\/\/rider-tyres.eu\/de\/zusammenarbeit\/","name":"Zusammenarbeit - Rider Tyres","isPartOf":{"@id":"https:\/\/rider-tyres.eu\/de\/#website"},"datePublished":"2024-03-17T18:09:27+00:00","dateModified":"2025-01-08T08:29:03+00:00","breadcrumb":{"@id":"https:\/\/rider-tyres.eu\/de\/zusammenarbeit\/#breadcrumb"},"inLanguage":"de","potentialAction":[{"@type":"ReadAction","target":["https:\/\/rider-tyres.eu\/de\/zusammenarbeit\/"]}]},{"@type":"BreadcrumbList","@id":"https:\/\/rider-tyres.eu\/de\/zusammenarbeit\/#breadcrumb","itemListElement":[{"@type":"ListItem","position":1,"name":"Strona g\u0142\u00f3wna","item":"https:\/\/rider-tyres.eu\/de\/"},{"@type":"ListItem","position":2,"name":"Zusammenarbeit"}]},{"@type":"WebSite","@id":"https:\/\/rider-tyres.eu\/de\/#website","url":"https:\/\/rider-tyres.eu\/de\/","name":"Rider Tyres","description":"Opony na ka\u017cdy teren","publisher":{"@id":"https:\/\/rider-tyres.eu\/de\/#organization"},"potentialAction":[{"@type":"SearchAction","target":{"@type":"EntryPoint","urlTemplate":"https:\/\/rider-tyres.eu\/de\/?s={search_term_string}"},"query-input":{"@type":"PropertyValueSpecification","valueRequired":true,"valueName":"search_term_string"}}],"inLanguage":"de"},{"@type":"Organization","@id":"https:\/\/rider-tyres.eu\/de\/#organization","name":"Rider Tyres","url":"https:\/\/rider-tyres.eu\/de\/","logo":{"@type":"ImageObject","inLanguage":"de","@id":"https:\/\/rider-tyres.eu\/de\/#\/schema\/logo\/image\/","url":"https:\/\/rider-tyres.eu\/wp-content\/uploads\/2024\/02\/White-logo-no-background-01.svg","contentUrl":"https:\/\/rider-tyres.eu\/wp-content\/uploads\/2024\/02\/White-logo-no-background-01.svg","caption":"Rider Tyres"},"image":{"@id":"https:\/\/rider-tyres.eu\/de\/#\/schema\/logo\/image\/"}}]}},"_links":{"self":[{"href":"https:\/\/rider-tyres.eu\/de\/wp-json\/wp\/v2\/pages\/4534","targetHints":{"allow":["GET"]}}],"collection":[{"href":"https:\/\/rider-tyres.eu\/de\/wp-json\/wp\/v2\/pages"}],"about":[{"href":"https:\/\/rider-tyres.eu\/de\/wp-json\/wp\/v2\/types\/page"}],"author":[{"embeddable":true,"href":"https:\/\/rider-tyres.eu\/de\/wp-json\/wp\/v2\/users\/1"}],"replies":[{"embeddable":true,"href":"https:\/\/rider-tyres.eu\/de\/wp-json\/wp\/v2\/comments?post=4534"}],"version-history":[{"count":3,"href":"https:\/\/rider-tyres.eu\/de\/wp-json\/wp\/v2\/pages\/4534\/revisions"}],"predecessor-version":[{"id":9363,"href":"https:\/\/rider-tyres.eu\/de\/wp-json\/wp\/v2\/pages\/4534\/revisions\/9363"}],"wp:attachment":[{"href":"https:\/\/rider-tyres.eu\/de\/wp-json\/wp\/v2\/media?parent=4534"}],"curies":[{"name":"wp","href":"https:\/\/api.w.org\/{rel}","templated":true}]}}