{"id":4493,"date":"2024-03-18T12:22:33","date_gmt":"2024-03-18T11:22:33","guid":{"rendered":"https:\/\/rider-tyres.eu\/zasady-ochrany-osobnich-udaju\/"},"modified":"2025-01-08T09:29:46","modified_gmt":"2025-01-08T08:29:46","slug":"zasady-ochrany-osobnich-udaju","status":"publish","type":"page","link":"https:\/\/rider-tyres.eu\/cs\/zasady-ochrany-osobnich-udaju\/","title":{"rendered":"Z\u00e1sady ochrany osobn\u00edch \u00fadaj\u016f"},"content":{"rendered":"\t\t<div data-elementor-type=\"wp-page\" data-elementor-id=\"4493\" class=\"elementor elementor-4493 elementor-599\" data-elementor-post-type=\"page\">\n\t\t\t\t<div class=\"elementor-element elementor-element-dab1aea e-flex e-con-boxed e-con e-parent\" data-id=\"dab1aea\" data-element_type=\"container\" data-e-type=\"container\" data-settings=\"{&quot;background_background&quot;:&quot;classic&quot;,&quot;jet_parallax_layout_list&quot;:[]}\">\n\t\t\t\t\t<div class=\"e-con-inner\">\n\t\t\t\t<div class=\"elementor-element elementor-element-40274cf elementor-widget elementor-widget-breadcrumbs\" data-id=\"40274cf\" data-element_type=\"widget\" data-e-type=\"widget\" data-widget_type=\"breadcrumbs.default\">\n\t\t\t\t<div class=\"elementor-widget-container\">\n\t\t\t\t\t<p id=\"breadcrumbs\"><span><span><a href=\"https:\/\/rider-tyres.eu\/cs\/\">Strona g\u0142\u00f3wna<\/a><\/span><\/span><\/p>\t\t\t\t<\/div>\n\t\t\t\t<\/div>\n\t\t\t\t<div class=\"elementor-element elementor-element-634eedf elementor-widget elementor-widget-heading\" data-id=\"634eedf\" data-element_type=\"widget\" data-e-type=\"widget\" data-widget_type=\"heading.default\">\n\t\t\t\t<div class=\"elementor-widget-container\">\n\t\t\t\t\t<h2 class=\"elementor-heading-title elementor-size-default\">Z\u00e1sady ochrany osobn\u00edch \u00fadaj\u016f<\/h2>\t\t\t\t<\/div>\n\t\t\t\t<\/div>\n\t\t\t\t\t<\/div>\n\t\t\t\t<\/div>\n\t\t<div class=\"elementor-element elementor-element-07ec720 e-flex e-con-boxed e-con e-parent\" data-id=\"07ec720\" data-element_type=\"container\" data-e-type=\"container\" data-settings=\"{&quot;jet_parallax_layout_list&quot;:[]}\">\n\t\t\t\t\t<div class=\"e-con-inner\">\n\t\t\t\t<div class=\"elementor-element elementor-element-7eb301f elementor-widget elementor-widget-html\" data-id=\"7eb301f\" data-element_type=\"widget\" data-e-type=\"widget\" data-widget_type=\"html.default\">\n\t\t\t\t<div class=\"elementor-widget-container\">\n\t\t\t\t\t<h1>Z\u00e1sady ochrany osobn\u00edch \u00fadaj\u016f<\/h1>\n    <p><br><strong>Datum<\/strong> <strong>posledn\u00ed aktualizace:<\/strong> 24. \u010dervna 2024<strong>Datum<\/strong><strong>\u00fa\u010dinnosti:<\/strong> 24. \u010dervna 2024<\/p>\n\n    <p>Tyto z\u00e1sady ochrany osobn\u00edch \u00fadaj\u016f popisuj\u00ed z\u00e1sady spole\u010dnosti Gerex s.c., Adolfa Mitery 11, Malopolska 32-700, Polsko, e-mail: contact@rider-tyres.eu, telefon: 14 615 90 14 ohledn\u011b shroma\u017e\u010fov\u00e1n\u00ed, pou\u017e\u00edv\u00e1n\u00ed a zve\u0159ej\u0148ov\u00e1n\u00ed informac\u00ed, kter\u00e9 shroma\u017e\u010fujeme, kdy\u017e pou\u017e\u00edv\u00e1te na\u0161e webov\u00e9 str\u00e1nky ( <a href=\"https:\/\/rider-tyres.eu\/cs\/\">https:\/\/rider-tyres.eu<\/a> ) (d\u00e1le jen \"slu\u017eba\"). Pou\u017e\u00edv\u00e1n\u00edm Slu\u017eby souhlas\u00edte se shroma\u017e\u010fov\u00e1n\u00edm, pou\u017e\u00edv\u00e1n\u00edm a zve\u0159ej\u0148ov\u00e1n\u00edm va\u0161ich informac\u00ed v souladu s t\u011bmito Z\u00e1sadami ochrany osobn\u00edch \u00fadaj\u016f. Pokud s t\u00edm nesouhlas\u00edte, nepou\u017e\u00edvejte pros\u00edm Slu\u017ebu.  <\/p>\n\n    <p>Tyto Z\u00e1sady ochrany osobn\u00edch \u00fadaj\u016f m\u016f\u017eeme kdykoli zm\u011bnit bez p\u0159edchoz\u00edho upozorn\u011bn\u00ed a revidovan\u00e9 Z\u00e1sady ochrany osobn\u00edch \u00fadaj\u016f zve\u0159ejn\u00edme ve Slu\u017eb\u011b.  <strong>Revidovan\u00e9 Z\u00e1sady budou \u00fa\u010dinn\u00e9 180 dn\u00ed po zve\u0159ejn\u011bn\u00ed ve Slu\u017eb\u011b a va\u0161e dal\u0161\u00ed pou\u017e\u00edv\u00e1n\u00ed Slu\u017eby po t\u00e9to dob\u011b bude znamenat, \u017ee s revidovan\u00fdmi Z\u00e1sadami ochrany osobn\u00edch \u00fadaj\u016f souhlas\u00edte.<\/strong>  Doporu\u010dujeme tuto str\u00e1nku pravideln\u011b kontrolovat.<\/p>\n\n    <h2>Jak va\u0161e \u00fadaje pou\u017e\u00edv\u00e1me:<\/h2>\n    <p>Informace, kter\u00e9 o v\u00e1s shrom\u00e1\u017ed\u00edme, pou\u017eijeme k n\u00e1sleduj\u00edc\u00edm \u00fa\u010del\u016fm:<\/p>\n    <ul>\n        <li>Marketing\/propagace<\/li>\n        <li>C\u00edlen\u00e1 reklama<\/li>\n    <\/ul>\n    <p>Pokud budeme cht\u00edt va\u0161e \u00fadaje pou\u017e\u00edt k jin\u00e9mu \u00fa\u010delu, po\u017e\u00e1d\u00e1me v\u00e1s o souhlas a va\u0161e \u00fadaje pou\u017eijeme pouze po z\u00edsk\u00e1n\u00ed va\u0161eho souhlasu, a to pouze k \u00fa\u010delu, ke kter\u00e9mu jste dali souhlas, pokud n\u00e1m z\u00e1kon neukl\u00e1d\u00e1 jinak.<\/p>\n\n    <h2>Jak sd\u00edl\u00edme va\u0161e informace:<\/h2>\n    <p><strong>Va\u0161e osobn\u00ed \u00fadaje nep\u0159ed\u00e1v\u00e1me \u017e\u00e1dn\u00e9 t\u0159et\u00ed stran\u011b bez va\u0161eho souhlasu, s v\u00fdjimkou omezen\u00fdch p\u0159\u00edpad\u016f popsan\u00fdch n\u00ed\u017ee:<\/strong><\/p>\n    <ul>\n        <li>Reklamn\u00ed slu\u017eby<\/li>\n        <li>Anal\u00fdzy<\/li>\n    <\/ul>\n    <p>Po\u017eadujeme, aby tyto t\u0159et\u00ed strany pou\u017e\u00edvaly poskytnut\u00e9 osobn\u00ed \u00fadaje pouze k \u00fa\u010delu, pro kter\u00fd jim byly poskytnuty, a aby je neuchov\u00e1valy d\u00e9le, ne\u017e je nutn\u00e9 k napln\u011bn\u00ed tohoto \u00fa\u010delu.\nVa\u0161e osobn\u00ed \u00fadaje m\u016f\u017eeme zve\u0159ejnit tak\u00e9 v n\u00e1sleduj\u00edc\u00edch p\u0159\u00edpadech: (1) v souladu s platn\u00fdmi z\u00e1kony, na\u0159\u00edzen\u00edmi, soudn\u00edmi p\u0159\u00edkazy nebo jin\u00fdmi pr\u00e1vn\u00edmi postupy; (2) za \u00fa\u010delem vym\u00e1h\u00e1n\u00ed na\u0161ich smluv s v\u00e1mi, v\u010detn\u011b t\u011bchto Z\u00e1sad ochrany osobn\u00edch \u00fadaj\u016f; nebo (3) v reakci na tvrzen\u00ed, \u017ee va\u0161e pou\u017e\u00edv\u00e1n\u00ed Slu\u017eby poru\u0161uje pr\u00e1va t\u0159et\u00edch stran.\nPokud dojde k akvizici nebo f\u00fazi Slu\u017eby nebo na\u0161\u00ed spole\u010dnosti s jinou spole\u010dnost\u00ed, budou va\u0161e \u00fadaje jedn\u00edm z aktiv p\u0159eveden\u00fdch na nov\u00e9ho vlastn\u00edka.  <\/p>\n\n    <h2>Va\u0161e pr\u00e1va:<\/h2>\n    <p>V z\u00e1vislosti na platn\u00fdch pr\u00e1vn\u00edch p\u0159edpisech m\u016f\u017eete m\u00edt pr\u00e1vo na p\u0159\u00edstup ke sv\u00fdm osobn\u00edm \u00fadaj\u016fm, jejich opravu nebo v\u00fdmaz, pr\u00e1vo z\u00edskat kopii sv\u00fdch osobn\u00edch \u00fadaj\u016f, pr\u00e1vo omezit nebo vzn\u00e9st n\u00e1mitku proti aktivn\u00edmu zpracov\u00e1n\u00ed sv\u00fdch \u00fadaj\u016f, pr\u00e1vo po\u017e\u00e1dat n\u00e1s o p\u0159ed\u00e1n\u00ed sv\u00fdch osobn\u00edch \u00fadaj\u016f jin\u00e9mu subjektu, pr\u00e1vo odvolat sv\u016fj souhlas se zpracov\u00e1n\u00edm sv\u00fdch \u00fadaj\u016f a pr\u00e1vo podat st\u00ed\u017enost u dozorov\u00e9ho \u00fa\u0159adu.\nChcete-li uplatnit tato pr\u00e1va, m\u016f\u017eete n\u00e1m napsat na adresu <a href=\"\">contact@rider-tyres.eu<\/a>.\nNa va\u0161i \u017e\u00e1dost odpov\u00edme v souladu s platn\u00fdmi pr\u00e1vn\u00edmi p\u0159edpisy.\nUpozor\u0148ujeme, \u017ee pokud n\u00e1m nepovol\u00edte shroma\u017e\u010fovat nebo zpracov\u00e1vat po\u017eadovan\u00e9 osobn\u00ed \u00fadaje nebo odvol\u00e1te sv\u016fj souhlas s jejich zpracov\u00e1n\u00edm pro po\u017eadovan\u00e9 \u00fa\u010dely, je mo\u017en\u00e9, \u017ee nebudete m\u00edt p\u0159\u00edstup ke slu\u017eb\u011b nebo ji nebudete moci pou\u017e\u00edvat.   <\/p>\n\n    <h2>Soubory cookie atd.<\/h2>\n    <p>Dal\u0161\u00ed informace o tom, jak tyto technologie pou\u017e\u00edv\u00e1me, a o va\u0161ich mo\u017enostech v souvislosti s t\u011bmito technologiemi sledov\u00e1n\u00ed naleznete v na\u0161ich <a href=\"#cookie-policy\">Z\u00e1sad\u00e1ch pou\u017e\u00edv\u00e1n\u00ed soubor\u016f cookie<\/a>.<\/p>\n\n    <h2>Bezpe\u010dnost:<\/h2>\n    <p><strong>Bezpe\u010dnost va\u0161ich informac\u00ed je pro n\u00e1s d\u016fle\u017eit\u00e1 a budeme pou\u017e\u00edvat p\u0159im\u011b\u0159en\u00e1 bezpe\u010dnostn\u00ed opat\u0159en\u00ed, abychom zabr\u00e1nili ztr\u00e1t\u011b, zneu\u017eit\u00ed nebo neopr\u00e1vn\u011bn\u00e9 zm\u011bn\u011b va\u0161ich informac\u00ed, kter\u00e9 m\u00e1me pod kontrolou.<\/strong>  Vzhledem k rizik\u016fm, kter\u00e1 jsou s t\u00edm spojena, v\u0161ak nem\u016f\u017eeme zaru\u010dit absolutn\u00ed bezpe\u010dnost, a proto nem\u016f\u017eeme zajistit ani zaru\u010dit bezpe\u010dnost jak\u00fdchkoli informac\u00ed, kter\u00e9 n\u00e1m poskytnete, a \u010din\u00edte tak na vlastn\u00ed nebezpe\u010d\u00ed.<\/p>\n\n    <h2>Odkazy na t\u0159et\u00ed strany a pou\u017eit\u00ed va\u0161ich informac\u00ed:<\/h2>\n    <p>Na\u0161e slu\u017eba m\u016f\u017ee obsahovat odkazy na jin\u00e9 webov\u00e9 str\u00e1nky, kter\u00e9 neprovozujeme.\nTyto Z\u00e1sady ochrany osobn\u00edch \u00fadaj\u016f se nezab\u00fdvaj\u00ed z\u00e1sadami ochrany osobn\u00edch \u00fadaj\u016f ani jin\u00fdmi postupy t\u0159et\u00edch stran, v\u010detn\u011b t\u0159et\u00edch stran provozuj\u00edc\u00edch jak\u00e9koli webov\u00e9 str\u00e1nky nebo slu\u017eby, kter\u00e9 mohou b\u00fdt p\u0159\u00edstupn\u00e9 prost\u0159ednictv\u00edm odkazu ve Slu\u017eb\u011b.\nD\u016frazn\u011b doporu\u010dujeme, abyste si prostudovali z\u00e1sady ochrany osobn\u00edch \u00fadaj\u016f ka\u017ed\u00e9 nav\u0161t\u00edven\u00e9 str\u00e1nky.\nNem\u00e1me \u017e\u00e1dnou kontrolu nad obsahem, z\u00e1sadami ochrany osobn\u00edch \u00fadaj\u016f nebo postupy jak\u00fdchkoli str\u00e1nek nebo slu\u017eeb t\u0159et\u00edch stran a nejsme za n\u011b zodpov\u011bdn\u00ed.   <\/p>\n\n    <h2>\u00da\u0159edn\u00edk pro st\u00ed\u017enosti\/ochranu \u00fadaj\u016f: <\/h2>\n    <p>Pokud m\u00e1te jak\u00e9koli dotazy nebo obavy ohledn\u011b zpracov\u00e1n\u00ed va\u0161ich \u00fadaj\u016f u n\u00e1s, m\u016f\u017eete se obr\u00e1tit na na\u0161eho pracovn\u00edka pro st\u00ed\u017enosti na adrese Gerex s.c., 32-700 Bochnia, Adolfa Mitery 11, e-mail: <a href=\"\">contact@rider-tyres.eu.<\/a> Na va\u0161e obavy odpov\u00edme v souladu s platn\u00fdmi pr\u00e1vn\u00edmi p\u0159edpisy.  <\/p>\n\t\t\t\t<\/div>\n\t\t\t\t<\/div>\n\t\t\t\t\t<\/div>\n\t\t\t\t<\/div>\n\t\t<div class=\"elementor-element elementor-element-0f5ac2a e-flex e-con-boxed e-con e-parent\" data-id=\"0f5ac2a\" data-element_type=\"container\" data-e-type=\"container\" data-settings=\"{&quot;jet_parallax_layout_list&quot;:[]}\">\n\t\t\t\t\t<div class=\"e-con-inner\">\n\t\t\t\t\t<\/div>\n\t\t\t\t<\/div>\n\t\t\t\t<\/div>\n\t\t","protected":false},"excerpt":{"rendered":"<p>Z\u00e1sady ochrany osobn\u00edch \u00fadaj\u016f Datum posledn\u00ed aktualizace: 24. \u010dervna 2024Datum\u00fa\u010dinnosti: 24. \u010dervna 2024 Tyto z\u00e1sady ochrany osobn\u00edch \u00fadaj\u016f popisuj\u00ed z\u00e1sady spole\u010dnosti Gerex s.c., Adolfa Mitery 11, Malopolska 32-700, Polsko, e-mail: contact@rider-tyres.eu, telefon: 14 615 90 14 ohledn\u011b shroma\u017e\u010fov\u00e1n\u00ed, pou\u017e\u00edv\u00e1n\u00ed a zve\u0159ej\u0148ov\u00e1n\u00ed informac\u00ed, kter\u00e9 shroma\u017e\u010fujeme, kdy\u017e pou\u017e\u00edv\u00e1te na\u0161e webov\u00e9 str\u00e1nky ( https:\/\/rider-tyres.eu ) (d\u00e1le jen &#8222;slu\u017eba&#8220;). [&hellip;]<\/p>\n","protected":false},"author":1,"featured_media":0,"parent":0,"menu_order":0,"comment_status":"closed","ping_status":"closed","template":"elementor_header_footer","meta":{"footnotes":""},"class_list":["post-4493","page","type-page","status-publish","hentry"],"yoast_head":"<!-- This site is optimized with the Yoast SEO plugin v27.3 - https:\/\/yoast.com\/product\/yoast-seo-wordpress\/ -->\n<title>Z\u00e1sady ochrany osobn\u00edch \u00fadaj\u016f - Rider Tyres<\/title>\n<meta name=\"robots\" content=\"index, follow, max-snippet:-1, max-image-preview:large, max-video-preview:-1\" \/>\n<link rel=\"canonical\" href=\"https:\/\/rider-tyres.eu\/cs\/zasady-ochrany-osobnich-udaju\/\" \/>\n<meta property=\"og:locale\" content=\"cs_CZ\" \/>\n<meta property=\"og:type\" content=\"article\" \/>\n<meta property=\"og:title\" content=\"Z\u00e1sady ochrany osobn\u00edch \u00fadaj\u016f - Rider Tyres\" \/>\n<meta property=\"og:description\" content=\"Z\u00e1sady ochrany osobn\u00edch \u00fadaj\u016f Datum posledn\u00ed aktualizace: 24. \u010dervna 2024Datum\u00fa\u010dinnosti: 24. \u010dervna 2024 Tyto z\u00e1sady ochrany osobn\u00edch \u00fadaj\u016f popisuj\u00ed z\u00e1sady spole\u010dnosti Gerex s.c., Adolfa Mitery 11, Malopolska 32-700, Polsko, e-mail: contact@rider-tyres.eu, telefon: 14 615 90 14 ohledn\u011b shroma\u017e\u010fov\u00e1n\u00ed, pou\u017e\u00edv\u00e1n\u00ed a zve\u0159ej\u0148ov\u00e1n\u00ed informac\u00ed, kter\u00e9 shroma\u017e\u010fujeme, kdy\u017e pou\u017e\u00edv\u00e1te na\u0161e webov\u00e9 str\u00e1nky ( https:\/\/rider-tyres.eu ) (d\u00e1le jen &#8222;slu\u017eba&#8220;). [&hellip;]\" \/>\n<meta property=\"og:url\" content=\"https:\/\/rider-tyres.eu\/cs\/zasady-ochrany-osobnich-udaju\/\" \/>\n<meta property=\"og:site_name\" content=\"Rider Tyres\" \/>\n<meta property=\"article:modified_time\" content=\"2025-01-08T08:29:46+00:00\" \/>\n<meta name=\"twitter:card\" content=\"summary_large_image\" \/>\n<meta name=\"twitter:label1\" content=\"Odhadovan\u00e1 doba \u010dten\u00ed\" \/>\n\t<meta name=\"twitter:data1\" content=\"5 minut\" \/>\n<script type=\"application\/ld+json\" class=\"yoast-schema-graph\">{\"@context\":\"https:\\\/\\\/schema.org\",\"@graph\":[{\"@type\":\"WebPage\",\"@id\":\"https:\\\/\\\/rider-tyres.eu\\\/cs\\\/zasady-ochrany-osobnich-udaju\\\/\",\"url\":\"https:\\\/\\\/rider-tyres.eu\\\/cs\\\/zasady-ochrany-osobnich-udaju\\\/\",\"name\":\"Z\u00e1sady ochrany osobn\u00edch \u00fadaj\u016f - Rider Tyres\",\"isPartOf\":{\"@id\":\"https:\\\/\\\/rider-tyres.eu\\\/cs\\\/#website\"},\"datePublished\":\"2024-03-18T11:22:33+00:00\",\"dateModified\":\"2025-01-08T08:29:46+00:00\",\"breadcrumb\":{\"@id\":\"https:\\\/\\\/rider-tyres.eu\\\/cs\\\/zasady-ochrany-osobnich-udaju\\\/#breadcrumb\"},\"inLanguage\":\"cs\",\"potentialAction\":[{\"@type\":\"ReadAction\",\"target\":[\"https:\\\/\\\/rider-tyres.eu\\\/cs\\\/zasady-ochrany-osobnich-udaju\\\/\"]}]},{\"@type\":\"BreadcrumbList\",\"@id\":\"https:\\\/\\\/rider-tyres.eu\\\/cs\\\/zasady-ochrany-osobnich-udaju\\\/#breadcrumb\",\"itemListElement\":[{\"@type\":\"ListItem\",\"position\":1,\"name\":\"Strona g\u0142\u00f3wna\",\"item\":\"https:\\\/\\\/rider-tyres.eu\\\/cs\\\/\"},{\"@type\":\"ListItem\",\"position\":2,\"name\":\"Z\u00e1sady ochrany osobn\u00edch \u00fadaj\u016f\"}]},{\"@type\":\"WebSite\",\"@id\":\"https:\\\/\\\/rider-tyres.eu\\\/cs\\\/#website\",\"url\":\"https:\\\/\\\/rider-tyres.eu\\\/cs\\\/\",\"name\":\"Rider Tyres\",\"description\":\"Opony na ka\u017cdy teren\",\"publisher\":{\"@id\":\"https:\\\/\\\/rider-tyres.eu\\\/cs\\\/#organization\"},\"potentialAction\":[{\"@type\":\"SearchAction\",\"target\":{\"@type\":\"EntryPoint\",\"urlTemplate\":\"https:\\\/\\\/rider-tyres.eu\\\/cs\\\/?s={search_term_string}\"},\"query-input\":{\"@type\":\"PropertyValueSpecification\",\"valueRequired\":true,\"valueName\":\"search_term_string\"}}],\"inLanguage\":\"cs\"},{\"@type\":\"Organization\",\"@id\":\"https:\\\/\\\/rider-tyres.eu\\\/cs\\\/#organization\",\"name\":\"Rider Tyres\",\"url\":\"https:\\\/\\\/rider-tyres.eu\\\/cs\\\/\",\"logo\":{\"@type\":\"ImageObject\",\"inLanguage\":\"cs\",\"@id\":\"https:\\\/\\\/rider-tyres.eu\\\/cs\\\/#\\\/schema\\\/logo\\\/image\\\/\",\"url\":\"https:\\\/\\\/rider-tyres.eu\\\/wp-content\\\/uploads\\\/2024\\\/02\\\/White-logo-no-background-01.svg\",\"contentUrl\":\"https:\\\/\\\/rider-tyres.eu\\\/wp-content\\\/uploads\\\/2024\\\/02\\\/White-logo-no-background-01.svg\",\"caption\":\"Rider Tyres\"},\"image\":{\"@id\":\"https:\\\/\\\/rider-tyres.eu\\\/cs\\\/#\\\/schema\\\/logo\\\/image\\\/\"}}]}<\/script>\n<!-- \/ Yoast SEO plugin. -->","yoast_head_json":{"title":"Z\u00e1sady ochrany osobn\u00edch \u00fadaj\u016f - Rider Tyres","robots":{"index":"index","follow":"follow","max-snippet":"max-snippet:-1","max-image-preview":"max-image-preview:large","max-video-preview":"max-video-preview:-1"},"canonical":"https:\/\/rider-tyres.eu\/cs\/zasady-ochrany-osobnich-udaju\/","og_locale":"cs_CZ","og_type":"article","og_title":"Z\u00e1sady ochrany osobn\u00edch \u00fadaj\u016f - Rider Tyres","og_description":"Z\u00e1sady ochrany osobn\u00edch \u00fadaj\u016f Datum posledn\u00ed aktualizace: 24. \u010dervna 2024Datum\u00fa\u010dinnosti: 24. \u010dervna 2024 Tyto z\u00e1sady ochrany osobn\u00edch \u00fadaj\u016f popisuj\u00ed z\u00e1sady spole\u010dnosti Gerex s.c., Adolfa Mitery 11, Malopolska 32-700, Polsko, e-mail: contact@rider-tyres.eu, telefon: 14 615 90 14 ohledn\u011b shroma\u017e\u010fov\u00e1n\u00ed, pou\u017e\u00edv\u00e1n\u00ed a zve\u0159ej\u0148ov\u00e1n\u00ed informac\u00ed, kter\u00e9 shroma\u017e\u010fujeme, kdy\u017e pou\u017e\u00edv\u00e1te na\u0161e webov\u00e9 str\u00e1nky ( https:\/\/rider-tyres.eu ) (d\u00e1le jen &#8222;slu\u017eba&#8220;). [&hellip;]","og_url":"https:\/\/rider-tyres.eu\/cs\/zasady-ochrany-osobnich-udaju\/","og_site_name":"Rider Tyres","article_modified_time":"2025-01-08T08:29:46+00:00","twitter_card":"summary_large_image","twitter_misc":{"Odhadovan\u00e1 doba \u010dten\u00ed":"5 minut"},"schema":{"@context":"https:\/\/schema.org","@graph":[{"@type":"WebPage","@id":"https:\/\/rider-tyres.eu\/cs\/zasady-ochrany-osobnich-udaju\/","url":"https:\/\/rider-tyres.eu\/cs\/zasady-ochrany-osobnich-udaju\/","name":"Z\u00e1sady ochrany osobn\u00edch \u00fadaj\u016f - Rider Tyres","isPartOf":{"@id":"https:\/\/rider-tyres.eu\/cs\/#website"},"datePublished":"2024-03-18T11:22:33+00:00","dateModified":"2025-01-08T08:29:46+00:00","breadcrumb":{"@id":"https:\/\/rider-tyres.eu\/cs\/zasady-ochrany-osobnich-udaju\/#breadcrumb"},"inLanguage":"cs","potentialAction":[{"@type":"ReadAction","target":["https:\/\/rider-tyres.eu\/cs\/zasady-ochrany-osobnich-udaju\/"]}]},{"@type":"BreadcrumbList","@id":"https:\/\/rider-tyres.eu\/cs\/zasady-ochrany-osobnich-udaju\/#breadcrumb","itemListElement":[{"@type":"ListItem","position":1,"name":"Strona g\u0142\u00f3wna","item":"https:\/\/rider-tyres.eu\/cs\/"},{"@type":"ListItem","position":2,"name":"Z\u00e1sady ochrany osobn\u00edch \u00fadaj\u016f"}]},{"@type":"WebSite","@id":"https:\/\/rider-tyres.eu\/cs\/#website","url":"https:\/\/rider-tyres.eu\/cs\/","name":"Rider Tyres","description":"Opony na ka\u017cdy teren","publisher":{"@id":"https:\/\/rider-tyres.eu\/cs\/#organization"},"potentialAction":[{"@type":"SearchAction","target":{"@type":"EntryPoint","urlTemplate":"https:\/\/rider-tyres.eu\/cs\/?s={search_term_string}"},"query-input":{"@type":"PropertyValueSpecification","valueRequired":true,"valueName":"search_term_string"}}],"inLanguage":"cs"},{"@type":"Organization","@id":"https:\/\/rider-tyres.eu\/cs\/#organization","name":"Rider Tyres","url":"https:\/\/rider-tyres.eu\/cs\/","logo":{"@type":"ImageObject","inLanguage":"cs","@id":"https:\/\/rider-tyres.eu\/cs\/#\/schema\/logo\/image\/","url":"https:\/\/rider-tyres.eu\/wp-content\/uploads\/2024\/02\/White-logo-no-background-01.svg","contentUrl":"https:\/\/rider-tyres.eu\/wp-content\/uploads\/2024\/02\/White-logo-no-background-01.svg","caption":"Rider Tyres"},"image":{"@id":"https:\/\/rider-tyres.eu\/cs\/#\/schema\/logo\/image\/"}}]}},"_links":{"self":[{"href":"https:\/\/rider-tyres.eu\/cs\/wp-json\/wp\/v2\/pages\/4493","targetHints":{"allow":["GET"]}}],"collection":[{"href":"https:\/\/rider-tyres.eu\/cs\/wp-json\/wp\/v2\/pages"}],"about":[{"href":"https:\/\/rider-tyres.eu\/cs\/wp-json\/wp\/v2\/types\/page"}],"author":[{"embeddable":true,"href":"https:\/\/rider-tyres.eu\/cs\/wp-json\/wp\/v2\/users\/1"}],"replies":[{"embeddable":true,"href":"https:\/\/rider-tyres.eu\/cs\/wp-json\/wp\/v2\/comments?post=4493"}],"version-history":[{"count":6,"href":"https:\/\/rider-tyres.eu\/cs\/wp-json\/wp\/v2\/pages\/4493\/revisions"}],"predecessor-version":[{"id":9441,"href":"https:\/\/rider-tyres.eu\/cs\/wp-json\/wp\/v2\/pages\/4493\/revisions\/9441"}],"wp:attachment":[{"href":"https:\/\/rider-tyres.eu\/cs\/wp-json\/wp\/v2\/media?parent=4493"}],"curies":[{"name":"wp","href":"https:\/\/api.w.org\/{rel}","templated":true}]}}