{"id":1155,"date":"2024-03-17T19:09:04","date_gmt":"2024-03-17T18:09:04","guid":{"rendered":"https:\/\/rider-tyres.eu\/o-nas\/"},"modified":"2024-04-22T21:10:09","modified_gmt":"2024-04-22T20:10:09","slug":"o-nas","status":"publish","type":"page","link":"https:\/\/rider-tyres.eu\/cs\/o-nas\/","title":{"rendered":"O n\u00e1s"},"content":{"rendered":"\t\t<div data-elementor-type=\"wp-page\" data-elementor-id=\"1155\" class=\"elementor elementor-1155 elementor-439\" data-elementor-post-type=\"page\">\n\t\t\t\t<div class=\"elementor-element elementor-element-eee23da e-flex e-con-boxed e-con e-parent\" data-id=\"eee23da\" data-element_type=\"container\" data-e-type=\"container\" data-settings=\"{&quot;background_background&quot;:&quot;classic&quot;,&quot;jet_parallax_layout_list&quot;:[]}\">\n\t\t\t\t\t<div class=\"e-con-inner\">\n\t\t\t\t<div class=\"elementor-element elementor-element-f2e7701 elementor-widget elementor-widget-breadcrumbs\" data-id=\"f2e7701\" data-element_type=\"widget\" data-e-type=\"widget\" data-widget_type=\"breadcrumbs.default\">\n\t\t\t\t<div class=\"elementor-widget-container\">\n\t\t\t\t\t<p id=\"breadcrumbs\"><span><span><a href=\"https:\/\/rider-tyres.eu\/cs\/\">Strona g\u0142\u00f3wna<\/a><\/span><\/span><\/p>\t\t\t\t<\/div>\n\t\t\t\t<\/div>\n\t\t\t\t<div class=\"elementor-element elementor-element-6fcedaa elementor-widget elementor-widget-heading\" data-id=\"6fcedaa\" data-element_type=\"widget\" data-e-type=\"widget\" data-widget_type=\"heading.default\">\n\t\t\t\t<div class=\"elementor-widget-container\">\n\t\t\t\t\t<h2 class=\"elementor-heading-title elementor-size-default\">O n\u00e1s<\/h2>\t\t\t\t<\/div>\n\t\t\t\t<\/div>\n\t\t\t\t<div class=\"elementor-element elementor-element-2882f15 elementor-widget__width-initial elementor-widget elementor-widget-heading\" data-id=\"2882f15\" data-element_type=\"widget\" data-e-type=\"widget\" data-widget_type=\"heading.default\">\n\t\t\t\t<div class=\"elementor-widget-container\">\n\t\t\t\t\t<h1 class=\"elementor-heading-title elementor-size-default\">Pneumatiky pro jezdce: Va\u0161e bezpe\u010dnost a ekologie na silnici<\/h1>\t\t\t\t<\/div>\n\t\t\t\t<\/div>\n\t\t\t\t\t<\/div>\n\t\t\t\t<\/div>\n\t\t<div class=\"elementor-element elementor-element-6b0e893 e-flex e-con-boxed e-con e-parent\" data-id=\"6b0e893\" data-element_type=\"container\" data-e-type=\"container\" data-settings=\"{&quot;jet_parallax_layout_list&quot;:[]}\">\n\t\t\t\t\t<div class=\"e-con-inner\">\n\t\t<div class=\"elementor-element elementor-element-c40374e e-con-full e-flex e-con e-child\" data-id=\"c40374e\" data-element_type=\"container\" data-e-type=\"container\" data-settings=\"{&quot;jet_parallax_layout_list&quot;:[]}\">\n\t\t\t\t<div class=\"elementor-element elementor-element-4555f7b elementor-widget elementor-widget-heading\" data-id=\"4555f7b\" data-element_type=\"widget\" data-e-type=\"widget\" data-widget_type=\"heading.default\">\n\t\t\t\t<div class=\"elementor-widget-container\">\n\t\t\t\t\t<h2 class=\"elementor-heading-title elementor-size-default\">Posl\u00e1n\u00ed a vize<\/h2>\t\t\t\t<\/div>\n\t\t\t\t<\/div>\n\t\t\t\t<div class=\"elementor-element elementor-element-91b3bec elementor-widget-divider--view-line elementor-widget elementor-widget-divider\" data-id=\"91b3bec\" data-element_type=\"widget\" data-e-type=\"widget\" data-widget_type=\"divider.default\">\n\t\t\t\t<div class=\"elementor-widget-container\">\n\t\t\t\t\t\t\t<div class=\"elementor-divider\">\n\t\t\t<span class=\"elementor-divider-separator\">\n\t\t\t\t\t\t<\/span>\n\t\t<\/div>\n\t\t\t\t\t\t<\/div>\n\t\t\t\t<\/div>\n\t\t\t\t<\/div>\n\t\t<div class=\"elementor-element elementor-element-fbc0edd e-con-full e-flex e-con e-child\" data-id=\"fbc0edd\" data-element_type=\"container\" data-e-type=\"container\" data-settings=\"{&quot;jet_parallax_layout_list&quot;:[]}\">\n\t\t\t\t<div class=\"elementor-element elementor-element-54402fd elementor-widget elementor-widget-text-editor\" data-id=\"54402fd\" data-element_type=\"widget\" data-e-type=\"widget\" data-widget_type=\"text-editor.default\">\n\t\t\t\t<div class=\"elementor-widget-container\">\n\t\t\t\t\t\t\t\t\t<p>Na\u0161\u00edm hlavn\u00edm c\u00edlem je poskytovat \u0159idi\u010d\u016fm voz\u016f SUV a ter\u00e9nn\u00edch voz\u016f protektorovan\u00e9 pneumatiky nejvy\u0161\u0161\u00ed kvality, kter\u00e9 zaru\u010duj\u00ed bezpe\u010dnost, spolehlivost a v\u00fdkon. Nab\u00edz\u00edme \u0161irokou \u0161k\u00e1lu pneumatik, od silni\u010dn\u00edch a\u017e po modely ur\u010den\u00e9 do extr\u00e9mn\u00edch ter\u00e9nn\u00edch podm\u00ednek, jako jsou All Terrain, Mud Terrain a Extreme. Ve spole\u010dnosti Rider Tyres se v\u011bnujeme inovac\u00edm, kter\u00e9 slou\u017e\u00ed bezpe\u010dnosti a ochran\u011b \u017eivotn\u00edho prost\u0159ed\u00ed.<\/p>\n\t\t\t\t\t\t\t\t<\/div>\n\t\t\t\t<\/div>\n\t\t\t\t<\/div>\n\t\t\t\t\t<\/div>\n\t\t\t\t<\/div>\n\t\t<div class=\"elementor-element elementor-element-449ece6 e-flex e-con-boxed e-con e-parent\" data-id=\"449ece6\" data-element_type=\"container\" data-e-type=\"container\" data-settings=\"{&quot;jet_parallax_layout_list&quot;:[]}\">\n\t\t\t\t\t<div class=\"e-con-inner\">\n\t\t<div class=\"elementor-element elementor-element-8efb19e e-con-full e-flex e-con e-child\" data-id=\"8efb19e\" data-element_type=\"container\" data-e-type=\"container\" data-settings=\"{&quot;jet_parallax_layout_list&quot;:[]}\">\n\t\t\t\t<div class=\"elementor-element elementor-element-982ba5b elementor-widget elementor-widget-heading\" data-id=\"982ba5b\" data-element_type=\"widget\" data-e-type=\"widget\" data-widget_type=\"heading.default\">\n\t\t\t\t<div class=\"elementor-widget-container\">\n\t\t\t\t\t<h2 class=\"elementor-heading-title elementor-size-default\">Na\u0161e hodnoty<\/h2>\t\t\t\t<\/div>\n\t\t\t\t<\/div>\n\t\t\t\t<div class=\"elementor-element elementor-element-254a2a6 elementor-widget-divider--view-line elementor-widget elementor-widget-divider\" data-id=\"254a2a6\" data-element_type=\"widget\" data-e-type=\"widget\" data-widget_type=\"divider.default\">\n\t\t\t\t<div class=\"elementor-widget-container\">\n\t\t\t\t\t\t\t<div class=\"elementor-divider\">\n\t\t\t<span class=\"elementor-divider-separator\">\n\t\t\t\t\t\t<\/span>\n\t\t<\/div>\n\t\t\t\t\t\t<\/div>\n\t\t\t\t<\/div>\n\t\t\t\t<\/div>\n\t\t<div class=\"elementor-element elementor-element-976b02b e-con-full e-flex e-con e-child\" data-id=\"976b02b\" data-element_type=\"container\" data-e-type=\"container\" data-settings=\"{&quot;jet_parallax_layout_list&quot;:[]}\">\n\t\t\t\t<div class=\"elementor-element elementor-element-835dc71 elementor-widget elementor-widget-text-editor\" data-id=\"835dc71\" data-element_type=\"widget\" data-e-type=\"widget\" data-widget_type=\"text-editor.default\">\n\t\t\t\t<div class=\"elementor-widget-container\">\n\t\t\t\t\t\t\t\t\t<p>Bezpe\u010dnost, ekologie a nejvy\u0161\u0161\u00ed kvalita jsou pil\u00ed\u0159e, na kter\u00fdch stoj\u00ed na\u0161e podnik\u00e1n\u00ed. V\u011b\u0159\u00edme, \u017ee odpov\u011bdnost k \u017eivotn\u00edmu prost\u0159ed\u00ed a pozornost v\u011bnovan\u00e1 technick\u00fdm detail\u016fm na\u0161ich v\u00fdrobk\u016f jdou ruku v ruce se zaji\u0161t\u011bn\u00edm maxim\u00e1ln\u00ed bezpe\u010dnosti u\u017eivatel\u016f na\u0161ich protektorovan\u00fdch pneumatik.<\/p>\n\t\t\t\t\t\t\t\t<\/div>\n\t\t\t\t<\/div>\n\t\t\t\t<\/div>\n\t\t\t\t\t<\/div>\n\t\t\t\t<\/div>\n\t\t<div class=\"elementor-element elementor-element-65274c2 e-flex e-con-boxed e-con e-parent\" data-id=\"65274c2\" data-element_type=\"container\" data-e-type=\"container\" data-settings=\"{&quot;jet_parallax_layout_list&quot;:[]}\">\n\t\t\t\t\t<div class=\"e-con-inner\">\n\t\t<div class=\"elementor-element elementor-element-95e7985 e-con-full e-flex e-con e-child\" data-id=\"95e7985\" data-element_type=\"container\" data-e-type=\"container\" data-settings=\"{&quot;jet_parallax_layout_list&quot;:[]}\">\n\t\t\t\t<div class=\"elementor-element elementor-element-de9e098 elementor-widget elementor-widget-heading\" data-id=\"de9e098\" data-element_type=\"widget\" data-e-type=\"widget\" data-widget_type=\"heading.default\">\n\t\t\t\t<div class=\"elementor-widget-container\">\n\t\t\t\t\t<h2 class=\"elementor-heading-title elementor-size-default\">Co n\u00e1s odli\u0161uje<\/h2>\t\t\t\t<\/div>\n\t\t\t\t<\/div>\n\t\t\t\t<div class=\"elementor-element elementor-element-a4e0347 elementor-widget-divider--view-line elementor-widget elementor-widget-divider\" data-id=\"a4e0347\" data-element_type=\"widget\" data-e-type=\"widget\" data-widget_type=\"divider.default\">\n\t\t\t\t<div class=\"elementor-widget-container\">\n\t\t\t\t\t\t\t<div class=\"elementor-divider\">\n\t\t\t<span class=\"elementor-divider-separator\">\n\t\t\t\t\t\t<\/span>\n\t\t<\/div>\n\t\t\t\t\t\t<\/div>\n\t\t\t\t<\/div>\n\t\t\t\t<\/div>\n\t\t<div class=\"elementor-element elementor-element-37837f8 e-con-full e-flex e-con e-child\" data-id=\"37837f8\" data-element_type=\"container\" data-e-type=\"container\" data-settings=\"{&quot;jet_parallax_layout_list&quot;:[]}\">\n\t\t\t\t<div class=\"elementor-element elementor-element-31a8c97 elementor-widget elementor-widget-text-editor\" data-id=\"31a8c97\" data-element_type=\"widget\" data-e-type=\"widget\" data-widget_type=\"text-editor.default\">\n\t\t\t\t<div class=\"elementor-widget-container\">\n\t\t\t\t\t\t\t\t\t<p>Spole\u010dnost Rider Tyres se vyzna\u010duje dlouholet\u00fdmi zku\u0161enostmi v oboru v\u00fdroby pneumatik a sv\u00fdm z\u00e1vazkem k ekologick\u00e9 v\u00fdrob\u011b. Na\u0161e v\u00fdrobky jsou v\u00fdsledkem p\u0159\u00edsn\u00e9ho testov\u00e1n\u00ed a neust\u00e1l\u00e9 snahy o dokonalost. Neust\u00e1le se sna\u017e\u00edme roz\u0161i\u0159ovat sortiment na\u0161ich v\u00fdrobk\u016f, abychom splnili o\u010dek\u00e1v\u00e1n\u00ed je\u0161t\u011b \u0161ir\u0161\u00edho okruhu z\u00e1kazn\u00edk\u016f, a z\u00e1rove\u0148 klademe st\u00e1le v\u011bt\u0161\u00ed d\u016fraz na ekologick\u00e9 aspekty.<\/p>\n\t\t\t\t\t\t\t\t<\/div>\n\t\t\t\t<\/div>\n\t\t\t\t<\/div>\n\t\t\t\t\t<\/div>\n\t\t\t\t<\/div>\n\t\t<div class=\"elementor-element elementor-element-0ba5ef2 e-flex e-con-boxed e-con e-parent\" data-id=\"0ba5ef2\" data-element_type=\"container\" data-e-type=\"container\" data-settings=\"{&quot;jet_parallax_layout_list&quot;:[]}\">\n\t\t\t\t\t<div class=\"e-con-inner\">\n\t\t<div class=\"elementor-element elementor-element-9b3786d e-con-full e-flex e-con e-child\" data-id=\"9b3786d\" data-element_type=\"container\" data-e-type=\"container\" data-settings=\"{&quot;jet_parallax_layout_list&quot;:[]}\">\n\t\t\t\t<div class=\"elementor-element elementor-element-60ddcd7 elementor-widget elementor-widget-heading\" data-id=\"60ddcd7\" data-element_type=\"widget\" data-e-type=\"widget\" data-widget_type=\"heading.default\">\n\t\t\t\t<div class=\"elementor-widget-container\">\n\t\t\t\t\t<h2 class=\"elementor-heading-title elementor-size-default\">Na\u0161e budoucnost<\/h2>\t\t\t\t<\/div>\n\t\t\t\t<\/div>\n\t\t\t\t<div class=\"elementor-element elementor-element-36b8ed8 elementor-widget-divider--view-line elementor-widget elementor-widget-divider\" data-id=\"36b8ed8\" data-element_type=\"widget\" data-e-type=\"widget\" data-widget_type=\"divider.default\">\n\t\t\t\t<div class=\"elementor-widget-container\">\n\t\t\t\t\t\t\t<div class=\"elementor-divider\">\n\t\t\t<span class=\"elementor-divider-separator\">\n\t\t\t\t\t\t<\/span>\n\t\t<\/div>\n\t\t\t\t\t\t<\/div>\n\t\t\t\t<\/div>\n\t\t\t\t<\/div>\n\t\t<div class=\"elementor-element elementor-element-b3ad66b e-con-full e-flex e-con e-child\" data-id=\"b3ad66b\" data-element_type=\"container\" data-e-type=\"container\" data-settings=\"{&quot;jet_parallax_layout_list&quot;:[]}\">\n\t\t\t\t<div class=\"elementor-element elementor-element-61e25da elementor-widget elementor-widget-text-editor\" data-id=\"61e25da\" data-element_type=\"widget\" data-e-type=\"widget\" data-widget_type=\"text-editor.default\">\n\t\t\t\t<div class=\"elementor-widget-container\">\n\t\t\t\t\t\t\t\t\t<p>Sna\u017e\u00edme se, aby na\u0161e pneumatiky byly synonymem pro inovace a udr\u017eitelnost. Na\u0161e pl\u00e1ny do budoucna se zam\u011b\u0159uj\u00ed na roz\u0161i\u0159ov\u00e1n\u00ed nab\u00eddky rozm\u011br\u016f a model\u016f, aby si ka\u017ed\u00fd \u0159idi\u010d mohl vybrat pneumatiku, kter\u00e1 bude dokonale vyhovovat jeho pot\u0159eb\u00e1m a stylu j\u00edzdy.<\/p>\n\t\t\t\t\t\t\t\t<\/div>\n\t\t\t\t<\/div>\n\t\t\t\t<\/div>\n\t\t\t\t\t<\/div>\n\t\t\t\t<\/div>\n\t\t<div class=\"elementor-element elementor-element-effe6bb e-flex e-con-boxed e-con e-parent\" data-id=\"effe6bb\" data-element_type=\"container\" data-e-type=\"container\" data-settings=\"{&quot;background_background&quot;:&quot;classic&quot;,&quot;jet_parallax_layout_list&quot;:[]}\">\n\t\t\t\t\t<div class=\"e-con-inner\">\n\t\t<div class=\"elementor-element elementor-element-ad5cfa1 e-con-full e-flex e-con e-child\" data-id=\"ad5cfa1\" data-element_type=\"container\" data-e-type=\"container\" data-settings=\"{&quot;jet_parallax_layout_list&quot;:[]}\">\n\t\t\t\t<div class=\"elementor-element elementor-element-d1fe032 elementor-widget elementor-widget-heading\" data-id=\"d1fe032\" data-element_type=\"widget\" data-e-type=\"widget\" data-widget_type=\"heading.default\">\n\t\t\t\t<div class=\"elementor-widget-container\">\n\t\t\t\t\t<h2 class=\"elementor-heading-title elementor-size-default\">N\u00e1\u0161 soci\u00e1ln\u00ed a environment\u00e1ln\u00ed z\u00e1vazek<\/h2>\t\t\t\t<\/div>\n\t\t\t\t<\/div>\n\t\t\t\t<div class=\"elementor-element elementor-element-5d7c864 elementor-widget-divider--view-line elementor-widget elementor-widget-divider\" data-id=\"5d7c864\" data-element_type=\"widget\" data-e-type=\"widget\" data-widget_type=\"divider.default\">\n\t\t\t\t<div class=\"elementor-widget-container\">\n\t\t\t\t\t\t\t<div class=\"elementor-divider\">\n\t\t\t<span class=\"elementor-divider-separator\">\n\t\t\t\t\t\t<\/span>\n\t\t<\/div>\n\t\t\t\t\t\t<\/div>\n\t\t\t\t<\/div>\n\t\t\t\t<div class=\"elementor-element elementor-element-63a02dd elementor-widget elementor-widget-text-editor\" data-id=\"63a02dd\" data-element_type=\"widget\" data-e-type=\"widget\" data-widget_type=\"text-editor.default\">\n\t\t\t\t<div class=\"elementor-widget-container\">\n\t\t\t\t\t\t\t\t\t<p>Jako spole\u010dnost s hlubok\u00fdmi rodinn\u00fdmi ko\u0159eny se Rider Tyres hluboce anga\u017euje v oblasti ochrany \u017eivotn\u00edho prost\u0159ed\u00ed. N\u00e1\u0161 proces protektorov\u00e1n\u00ed nejen prodlu\u017euje \u017eivotnost pneumatik, ale tak\u00e9 sni\u017euje mno\u017estv\u00ed odpadu a spot\u0159ebu surovin. Jsme hrd\u00ed na to, \u017ee m\u016f\u017eeme nab\u00edzet v\u00fdrobky, kter\u00e9 jsou \u0161etrn\u00e9 k \u017eivotn\u00edmu prost\u0159ed\u00ed, ani\u017e bychom ob\u011btovali \u0161pi\u010dkovou kvalitu a v\u00fdkon.<\/p>\n\t\t\t\t\t\t\t\t<\/div>\n\t\t\t\t<\/div>\n\t\t\t\t<\/div>\n\t\t<div class=\"elementor-element elementor-element-0468247 e-con-full e-flex e-con e-child\" data-id=\"0468247\" data-element_type=\"container\" data-e-type=\"container\" data-settings=\"{&quot;jet_parallax_layout_list&quot;:[]}\">\n\t\t\t\t<\/div>\n\t\t\t\t\t<\/div>\n\t\t\t\t<\/div>\n\t\t<div class=\"elementor-element elementor-element-c5a31cb e-flex e-con-boxed e-con e-parent\" data-id=\"c5a31cb\" data-element_type=\"container\" data-e-type=\"container\" data-settings=\"{&quot;jet_parallax_layout_list&quot;:[]}\">\n\t\t\t\t\t<div class=\"e-con-inner\">\n\t\t\t\t<div class=\"elementor-element elementor-element-babb211 elementor-widget elementor-widget-heading\" data-id=\"babb211\" data-element_type=\"widget\" data-e-type=\"widget\" data-widget_type=\"heading.default\">\n\t\t\t\t<div class=\"elementor-widget-container\">\n\t\t\t\t\t<h2 class=\"elementor-heading-title elementor-size-default\">P\u0159ipojte se k na\u0161\u00ed cest\u011b<\/h2>\t\t\t\t<\/div>\n\t\t\t\t<\/div>\n\t\t\t\t<div class=\"elementor-element elementor-element-8481e5f elementor-widget-divider--view-line elementor-widget elementor-widget-divider\" data-id=\"8481e5f\" data-element_type=\"widget\" data-e-type=\"widget\" data-widget_type=\"divider.default\">\n\t\t\t\t<div class=\"elementor-widget-container\">\n\t\t\t\t\t\t\t<div class=\"elementor-divider\">\n\t\t\t<span class=\"elementor-divider-separator\">\n\t\t\t\t\t\t<\/span>\n\t\t<\/div>\n\t\t\t\t\t\t<\/div>\n\t\t\t\t<\/div>\n\t\t\t\t<div class=\"elementor-element elementor-element-ee4f0d4 elementor-widget__width-initial elementor-widget-mobile__width-inherit elementor-widget elementor-widget-text-editor\" data-id=\"ee4f0d4\" data-element_type=\"widget\" data-e-type=\"widget\" data-widget_type=\"text-editor.default\">\n\t\t\t\t<div class=\"elementor-widget-container\">\n\t\t\t\t\t\t\t\t\t<p>Kdy\u017e si vyberete pneumatiky Rider Tyres, p\u0159ipoj\u00edte se ke komunit\u011b, kter\u00e1 si cen\u00ed kvality, inovac\u00ed a odpov\u011bdnosti. Zveme v\u00e1s, abyste se s n\u00e1mi vydali na cestu, p\u0159i n\u00ed\u017e jsou bezpe\u010dnost, ekologie a spolehlivost z\u00e1kladn\u00edmi kameny ka\u017ed\u00e9 cesty. Posu\u0148te hranice, objevujte nov\u00e9 cesty a u\u017eijte si jedine\u010dnou j\u00edzdu s pneumatikami Rider.<\/p>\n\t\t\t\t\t\t\t\t<\/div>\n\t\t\t\t<\/div>\n\t\t\t\t<div class=\"elementor-element elementor-element-af9b7e8 elementor-widget elementor-widget-button\" data-id=\"af9b7e8\" data-element_type=\"widget\" data-e-type=\"widget\" data-widget_type=\"button.default\">\n\t\t\t\t<div class=\"elementor-widget-container\">\n\t\t\t\t\t\t\t\t\t<div class=\"elementor-button-wrapper\">\n\t\t\t\t\t<a class=\"elementor-button elementor-button-link elementor-size-sm\" href=\"#oferta\">\n\t\t\t\t\t\t<span class=\"elementor-button-content-wrapper\">\n\t\t\t\t\t\t\t\t\t<span class=\"elementor-button-text\">Pod\u00edvejte se na na\u0161i nab\u00eddku<\/span>\n\t\t\t\t\t<\/span>\n\t\t\t\t\t<\/a>\n\t\t\t\t<\/div>\n\t\t\t\t\t\t\t\t<\/div>\n\t\t\t\t<\/div>\n\t\t\t\t\t<\/div>\n\t\t\t\t<\/div>\n\t\t<div class=\"elementor-element elementor-element-d6f49ad e-flex e-con-boxed e-con e-parent\" data-id=\"d6f49ad\" data-element_type=\"container\" data-e-type=\"container\" data-settings=\"{&quot;background_background&quot;:&quot;classic&quot;,&quot;jet_parallax_layout_list&quot;:[]}\">\n\t\t\t\t\t<div class=\"e-con-inner\">\n\t\t\t\t<div class=\"elementor-element elementor-element-cda92ba elementor-widget__width-initial elementor-widget-mobile__width-inherit elementor-widget elementor-widget-heading\" data-id=\"cda92ba\" data-element_type=\"widget\" data-e-type=\"widget\" data-widget_type=\"heading.default\">\n\t\t\t\t<div class=\"elementor-widget-container\">\n\t\t\t\t\t<h2 class=\"elementor-heading-title elementor-size-default\">Jezdec - Posouvejte hranice, objevujte nov\u00e9 cesty, u\u017e\u00edvejte si jedine\u010dnou j\u00edzdu.<\/h2>\t\t\t\t<\/div>\n\t\t\t\t<\/div>\n\t\t\t\t\t<\/div>\n\t\t\t\t<\/div>\n\t\t\t\t<\/div>\n\t\t","protected":false},"excerpt":{"rendered":"<p>Pneumatiky pro jezdce: Va\u0161e bezpe\u010dnost a ekologie na silnici Posl\u00e1n\u00ed a vize Na\u0161\u00edm hlavn\u00edm c\u00edlem je poskytovat \u0159idi\u010d\u016fm voz\u016f SUV a ter\u00e9nn\u00edch voz\u016f protektorovan\u00e9 pneumatiky nejvy\u0161\u0161\u00ed kvality, kter\u00e9 zaru\u010duj\u00ed bezpe\u010dnost, spolehlivost a v\u00fdkon. Nab\u00edz\u00edme \u0161irokou \u0161k\u00e1lu pneumatik, od silni\u010dn\u00edch a\u017e po modely ur\u010den\u00e9 do extr\u00e9mn\u00edch ter\u00e9nn\u00edch podm\u00ednek, jako jsou All Terrain, Mud Terrain a Extreme. [&hellip;]<\/p>\n","protected":false},"author":1,"featured_media":0,"parent":0,"menu_order":0,"comment_status":"closed","ping_status":"closed","template":"elementor_header_footer","meta":{"footnotes":""},"class_list":["post-1155","page","type-page","status-publish","hentry"],"yoast_head":"<!-- This site is optimized with the Yoast SEO plugin v27.3 - https:\/\/yoast.com\/product\/yoast-seo-wordpress\/ -->\n<title>O n\u00e1s - Rider Tyres<\/title>\n<meta name=\"robots\" content=\"index, follow, max-snippet:-1, max-image-preview:large, max-video-preview:-1\" \/>\n<link rel=\"canonical\" href=\"https:\/\/rider-tyres.eu\/cs\/o-nas\/\" \/>\n<meta property=\"og:locale\" content=\"cs_CZ\" \/>\n<meta property=\"og:type\" content=\"article\" \/>\n<meta property=\"og:title\" content=\"O n\u00e1s - Rider Tyres\" \/>\n<meta property=\"og:description\" content=\"Pneumatiky pro jezdce: Va\u0161e bezpe\u010dnost a ekologie na silnici Posl\u00e1n\u00ed a vize Na\u0161\u00edm hlavn\u00edm c\u00edlem je poskytovat \u0159idi\u010d\u016fm voz\u016f SUV a ter\u00e9nn\u00edch voz\u016f protektorovan\u00e9 pneumatiky nejvy\u0161\u0161\u00ed kvality, kter\u00e9 zaru\u010duj\u00ed bezpe\u010dnost, spolehlivost a v\u00fdkon. Nab\u00edz\u00edme \u0161irokou \u0161k\u00e1lu pneumatik, od silni\u010dn\u00edch a\u017e po modely ur\u010den\u00e9 do extr\u00e9mn\u00edch ter\u00e9nn\u00edch podm\u00ednek, jako jsou All Terrain, Mud Terrain a Extreme. [&hellip;]\" \/>\n<meta property=\"og:url\" content=\"https:\/\/rider-tyres.eu\/cs\/o-nas\/\" \/>\n<meta property=\"og:site_name\" content=\"Rider Tyres\" \/>\n<meta property=\"article:modified_time\" content=\"2024-04-22T20:10:09+00:00\" \/>\n<meta name=\"twitter:card\" content=\"summary_large_image\" \/>\n<meta name=\"twitter:label1\" content=\"Odhadovan\u00e1 doba \u010dten\u00ed\" \/>\n\t<meta name=\"twitter:data1\" content=\"2 minuty\" \/>\n<script type=\"application\/ld+json\" class=\"yoast-schema-graph\">{\"@context\":\"https:\\\/\\\/schema.org\",\"@graph\":[{\"@type\":\"WebPage\",\"@id\":\"https:\\\/\\\/rider-tyres.eu\\\/cs\\\/o-nas\\\/\",\"url\":\"https:\\\/\\\/rider-tyres.eu\\\/cs\\\/o-nas\\\/\",\"name\":\"O n\u00e1s - Rider Tyres\",\"isPartOf\":{\"@id\":\"https:\\\/\\\/rider-tyres.eu\\\/cs\\\/#website\"},\"datePublished\":\"2024-03-17T18:09:04+00:00\",\"dateModified\":\"2024-04-22T20:10:09+00:00\",\"breadcrumb\":{\"@id\":\"https:\\\/\\\/rider-tyres.eu\\\/cs\\\/o-nas\\\/#breadcrumb\"},\"inLanguage\":\"cs\",\"potentialAction\":[{\"@type\":\"ReadAction\",\"target\":[\"https:\\\/\\\/rider-tyres.eu\\\/cs\\\/o-nas\\\/\"]}]},{\"@type\":\"BreadcrumbList\",\"@id\":\"https:\\\/\\\/rider-tyres.eu\\\/cs\\\/o-nas\\\/#breadcrumb\",\"itemListElement\":[{\"@type\":\"ListItem\",\"position\":1,\"name\":\"Strona g\u0142\u00f3wna\",\"item\":\"https:\\\/\\\/rider-tyres.eu\\\/cs\\\/\"},{\"@type\":\"ListItem\",\"position\":2,\"name\":\"O n\u00e1s\"}]},{\"@type\":\"WebSite\",\"@id\":\"https:\\\/\\\/rider-tyres.eu\\\/cs\\\/#website\",\"url\":\"https:\\\/\\\/rider-tyres.eu\\\/cs\\\/\",\"name\":\"Rider Tyres\",\"description\":\"Opony na ka\u017cdy teren\",\"publisher\":{\"@id\":\"https:\\\/\\\/rider-tyres.eu\\\/cs\\\/#organization\"},\"potentialAction\":[{\"@type\":\"SearchAction\",\"target\":{\"@type\":\"EntryPoint\",\"urlTemplate\":\"https:\\\/\\\/rider-tyres.eu\\\/cs\\\/?s={search_term_string}\"},\"query-input\":{\"@type\":\"PropertyValueSpecification\",\"valueRequired\":true,\"valueName\":\"search_term_string\"}}],\"inLanguage\":\"cs\"},{\"@type\":\"Organization\",\"@id\":\"https:\\\/\\\/rider-tyres.eu\\\/cs\\\/#organization\",\"name\":\"Rider Tyres\",\"url\":\"https:\\\/\\\/rider-tyres.eu\\\/cs\\\/\",\"logo\":{\"@type\":\"ImageObject\",\"inLanguage\":\"cs\",\"@id\":\"https:\\\/\\\/rider-tyres.eu\\\/cs\\\/#\\\/schema\\\/logo\\\/image\\\/\",\"url\":\"https:\\\/\\\/rider-tyres.eu\\\/wp-content\\\/uploads\\\/2024\\\/02\\\/White-logo-no-background-01.svg\",\"contentUrl\":\"https:\\\/\\\/rider-tyres.eu\\\/wp-content\\\/uploads\\\/2024\\\/02\\\/White-logo-no-background-01.svg\",\"caption\":\"Rider Tyres\"},\"image\":{\"@id\":\"https:\\\/\\\/rider-tyres.eu\\\/cs\\\/#\\\/schema\\\/logo\\\/image\\\/\"}}]}<\/script>\n<!-- \/ Yoast SEO plugin. -->","yoast_head_json":{"title":"O n\u00e1s - Rider Tyres","robots":{"index":"index","follow":"follow","max-snippet":"max-snippet:-1","max-image-preview":"max-image-preview:large","max-video-preview":"max-video-preview:-1"},"canonical":"https:\/\/rider-tyres.eu\/cs\/o-nas\/","og_locale":"cs_CZ","og_type":"article","og_title":"O n\u00e1s - Rider Tyres","og_description":"Pneumatiky pro jezdce: Va\u0161e bezpe\u010dnost a ekologie na silnici Posl\u00e1n\u00ed a vize Na\u0161\u00edm hlavn\u00edm c\u00edlem je poskytovat \u0159idi\u010d\u016fm voz\u016f SUV a ter\u00e9nn\u00edch voz\u016f protektorovan\u00e9 pneumatiky nejvy\u0161\u0161\u00ed kvality, kter\u00e9 zaru\u010duj\u00ed bezpe\u010dnost, spolehlivost a v\u00fdkon. Nab\u00edz\u00edme \u0161irokou \u0161k\u00e1lu pneumatik, od silni\u010dn\u00edch a\u017e po modely ur\u010den\u00e9 do extr\u00e9mn\u00edch ter\u00e9nn\u00edch podm\u00ednek, jako jsou All Terrain, Mud Terrain a Extreme. [&hellip;]","og_url":"https:\/\/rider-tyres.eu\/cs\/o-nas\/","og_site_name":"Rider Tyres","article_modified_time":"2024-04-22T20:10:09+00:00","twitter_card":"summary_large_image","twitter_misc":{"Odhadovan\u00e1 doba \u010dten\u00ed":"2 minuty"},"schema":{"@context":"https:\/\/schema.org","@graph":[{"@type":"WebPage","@id":"https:\/\/rider-tyres.eu\/cs\/o-nas\/","url":"https:\/\/rider-tyres.eu\/cs\/o-nas\/","name":"O n\u00e1s - Rider Tyres","isPartOf":{"@id":"https:\/\/rider-tyres.eu\/cs\/#website"},"datePublished":"2024-03-17T18:09:04+00:00","dateModified":"2024-04-22T20:10:09+00:00","breadcrumb":{"@id":"https:\/\/rider-tyres.eu\/cs\/o-nas\/#breadcrumb"},"inLanguage":"cs","potentialAction":[{"@type":"ReadAction","target":["https:\/\/rider-tyres.eu\/cs\/o-nas\/"]}]},{"@type":"BreadcrumbList","@id":"https:\/\/rider-tyres.eu\/cs\/o-nas\/#breadcrumb","itemListElement":[{"@type":"ListItem","position":1,"name":"Strona g\u0142\u00f3wna","item":"https:\/\/rider-tyres.eu\/cs\/"},{"@type":"ListItem","position":2,"name":"O n\u00e1s"}]},{"@type":"WebSite","@id":"https:\/\/rider-tyres.eu\/cs\/#website","url":"https:\/\/rider-tyres.eu\/cs\/","name":"Rider Tyres","description":"Opony na ka\u017cdy teren","publisher":{"@id":"https:\/\/rider-tyres.eu\/cs\/#organization"},"potentialAction":[{"@type":"SearchAction","target":{"@type":"EntryPoint","urlTemplate":"https:\/\/rider-tyres.eu\/cs\/?s={search_term_string}"},"query-input":{"@type":"PropertyValueSpecification","valueRequired":true,"valueName":"search_term_string"}}],"inLanguage":"cs"},{"@type":"Organization","@id":"https:\/\/rider-tyres.eu\/cs\/#organization","name":"Rider Tyres","url":"https:\/\/rider-tyres.eu\/cs\/","logo":{"@type":"ImageObject","inLanguage":"cs","@id":"https:\/\/rider-tyres.eu\/cs\/#\/schema\/logo\/image\/","url":"https:\/\/rider-tyres.eu\/wp-content\/uploads\/2024\/02\/White-logo-no-background-01.svg","contentUrl":"https:\/\/rider-tyres.eu\/wp-content\/uploads\/2024\/02\/White-logo-no-background-01.svg","caption":"Rider Tyres"},"image":{"@id":"https:\/\/rider-tyres.eu\/cs\/#\/schema\/logo\/image\/"}}]}},"_links":{"self":[{"href":"https:\/\/rider-tyres.eu\/cs\/wp-json\/wp\/v2\/pages\/1155","targetHints":{"allow":["GET"]}}],"collection":[{"href":"https:\/\/rider-tyres.eu\/cs\/wp-json\/wp\/v2\/pages"}],"about":[{"href":"https:\/\/rider-tyres.eu\/cs\/wp-json\/wp\/v2\/types\/page"}],"author":[{"embeddable":true,"href":"https:\/\/rider-tyres.eu\/cs\/wp-json\/wp\/v2\/users\/1"}],"replies":[{"embeddable":true,"href":"https:\/\/rider-tyres.eu\/cs\/wp-json\/wp\/v2\/comments?post=1155"}],"version-history":[{"count":7,"href":"https:\/\/rider-tyres.eu\/cs\/wp-json\/wp\/v2\/pages\/1155\/revisions"}],"predecessor-version":[{"id":2184,"href":"https:\/\/rider-tyres.eu\/cs\/wp-json\/wp\/v2\/pages\/1155\/revisions\/2184"}],"wp:attachment":[{"href":"https:\/\/rider-tyres.eu\/cs\/wp-json\/wp\/v2\/media?parent=1155"}],"curies":[{"name":"wp","href":"https:\/\/api.w.org\/{rel}","templated":true}]}}